
{"id":24193,"date":"2025-02-25T11:37:44","date_gmt":"2025-02-25T10:37:44","guid":{"rendered":"https:\/\/www.comercialanma.es\/?post_type=product&#038;p=24193"},"modified":"2025-02-25T11:45:31","modified_gmt":"2025-02-25T10:45:31","slug":"magnetic-blanco","status":"publish","type":"product","link":"https:\/\/www.comercialanma.es\/?product=magnetic-blanco","title":{"rendered":"Magnetic blanco 75cl."},"content":{"rendered":"<h3>D.O.:<\/h3>\n<ul>\n<li>Catalu\u00f1a<\/li>\n<\/ul>\n<h3>Variedades de uva:<\/h3>\n<ul>\n<li>Garnacha blanca, Sauvignon blanc.<\/li>\n<\/ul>\n<h3>Graduaci\u00f3n:<\/h3>\n<ul>\n<li>Graduaci\u00f3n: 12,0% vol.<\/li>\n<\/ul>\n<h3>Nota de cata:<\/h3>\n<div data-id=\"d559774\" data-element_type=\"widget\" data-settings=\"{}\" data-widget_type=\"image-box.default\">\n<ul>\n<li>Presenta con un color dorado p\u00e1lido, brillante y luminoso. De acidez media, fresco, vivo y frutal.<\/li>\n<li>Con delicados aromas de fruta blanca como manzana y pera junto con notas herb\u00e1ceas.<\/li>\n<li>Suave y envolvente en boca, con un fino ribete de acidez frutal y un final seco y delicioso. Cada sorbo de Magnetic es un tributo a la m\u00edstica conexi\u00f3n entre la naturaleza y el esp\u00edritu de la regi\u00f3n, ofreciendo una experiencia que va m\u00e1s all\u00e1 del gusto para tocar el alma de quien lo degusta.<\/li>\n<\/ul>\n<\/div>\n","protected":false},"excerpt":{"rendered":"<p>Magnetic captura la esencia de los vi\u00f1edos situados en el coraz\u00f3n de Catalu\u00f1a, donde la sombra de las monta\u00f1as de Montserrat ha tejido historias de un magnetismo ancestral que impregna la tierra.<\/p>\n","protected":false},"featured_media":24194,"template":"","meta":{"spay_email":""},"yoast_head":"<!-- This site is optimized with the Yoast SEO plugin v15.9 - https:\/\/yoast.com\/wordpress\/plugins\/seo\/ -->\n<title>Magnetic blanco 75cl. - Comercial de Hosteleria Anma<\/title>\n<meta name=\"description\" content=\"Magnetic blanco | 75cl.| 12,0% Vol. | Magnetic captura la esencia de los vi\u00f1edos situados en el coraz\u00f3n de Catalu\u00f1a.\" \/>\n<meta name=\"robots\" content=\"index, follow, max-snippet:-1, max-image-preview:large, max-video-preview:-1\" \/>\n<link rel=\"canonical\" href=\"https:\/\/www.comercialanma.es\/?product=magnetic-blanco\" \/>\n<meta property=\"og:locale\" content=\"es_ES\" \/>\n<meta property=\"og:type\" content=\"article\" \/>\n<meta property=\"og:title\" content=\"Magnetic blanco 75cl. - Comercial de Hosteleria Anma\" \/>\n<meta property=\"og:description\" content=\"Magnetic blanco | 75cl.| 12,0% Vol. | Magnetic captura la esencia de los vi\u00f1edos situados en el coraz\u00f3n de Catalu\u00f1a.\" \/>\n<meta property=\"og:url\" content=\"https:\/\/www.comercialanma.es\/?product=magnetic-blanco\" \/>\n<meta property=\"og:site_name\" content=\"Comercial de Hosteleria Anma\" \/>\n<meta property=\"article:publisher\" content=\"https:\/\/www.facebook.com\/AnmaHosteleria\" \/>\n<meta property=\"article:modified_time\" content=\"2025-02-25T10:45:31+00:00\" \/>\n<meta property=\"og:image\" content=\"https:\/\/i0.wp.com\/www.comercialanma.es\/wp-content\/uploads\/2025\/02\/magnetic-blanco.jpg?fit=1080%2C1080&#038;ssl=1\" \/>\n\t<meta property=\"og:image:width\" content=\"1080\" \/>\n\t<meta property=\"og:image:height\" content=\"1080\" \/>\n<meta name=\"twitter:card\" content=\"summary_large_image\" \/>\n<meta name=\"twitter:label1\" content=\"Tiempo de lectura\">\n\t<meta name=\"twitter:data1\" content=\"1 minuto\">\n<script type=\"application\/ld+json\" class=\"yoast-schema-graph\">{\"@context\":\"https:\/\/schema.org\",\"@graph\":[{\"@type\":\"Organization\",\"@id\":\"https:\/\/www.comercialanma.es\/#organization\",\"name\":\"Comercial Anma\",\"url\":\"https:\/\/www.comercialanma.es\/\",\"sameAs\":[\"https:\/\/www.facebook.com\/AnmaHosteleria\",\"https:\/\/www.instagram.com\/anmahosteleria\/?hl=es\",\"https:\/\/www.youtube.com\/channel\/UCT2nmn08Ntks0hmpZPnDgCA\"],\"logo\":{\"@type\":\"ImageObject\",\"@id\":\"https:\/\/www.comercialanma.es\/#logo\",\"inLanguage\":\"es\",\"url\":\"https:\/\/i2.wp.com\/www.comercialanma.es\/wp-content\/uploads\/2019\/06\/logo-anma-color.png?fit=247%2C101&ssl=1\",\"width\":247,\"height\":101,\"caption\":\"Comercial Anma\"},\"image\":{\"@id\":\"https:\/\/www.comercialanma.es\/#logo\"}},{\"@type\":\"WebSite\",\"@id\":\"https:\/\/www.comercialanma.es\/#website\",\"url\":\"https:\/\/www.comercialanma.es\/\",\"name\":\"Comercial de Hosteleria Anma\",\"description\":\"\",\"publisher\":{\"@id\":\"https:\/\/www.comercialanma.es\/#organization\"},\"potentialAction\":[{\"@type\":\"SearchAction\",\"target\":\"https:\/\/www.comercialanma.es\/?s={search_term_string}\",\"query-input\":\"required name=search_term_string\"}],\"inLanguage\":\"es\"},{\"@type\":\"ImageObject\",\"@id\":\"https:\/\/www.comercialanma.es\/?product=magnetic-blanco#primaryimage\",\"inLanguage\":\"es\",\"url\":\"https:\/\/i0.wp.com\/www.comercialanma.es\/wp-content\/uploads\/2025\/02\/magnetic-blanco.jpg?fit=1080%2C1080&ssl=1\",\"width\":1080,\"height\":1080},{\"@type\":\"WebPage\",\"@id\":\"https:\/\/www.comercialanma.es\/?product=magnetic-blanco#webpage\",\"url\":\"https:\/\/www.comercialanma.es\/?product=magnetic-blanco\",\"name\":\"Magnetic blanco 75cl. - Comercial de Hosteleria Anma\",\"isPartOf\":{\"@id\":\"https:\/\/www.comercialanma.es\/#website\"},\"primaryImageOfPage\":{\"@id\":\"https:\/\/www.comercialanma.es\/?product=magnetic-blanco#primaryimage\"},\"datePublished\":\"2025-02-25T10:37:44+00:00\",\"dateModified\":\"2025-02-25T10:45:31+00:00\",\"description\":\"Magnetic blanco | 75cl.| 12,0% Vol. | Magnetic captura la esencia de los vi\\u00f1edos situados en el coraz\\u00f3n de Catalu\\u00f1a.\",\"breadcrumb\":{\"@id\":\"https:\/\/www.comercialanma.es\/?product=magnetic-blanco#breadcrumb\"},\"inLanguage\":\"es\",\"potentialAction\":[{\"@type\":\"ReadAction\",\"target\":[\"https:\/\/www.comercialanma.es\/?product=magnetic-blanco\"]}]},{\"@type\":\"BreadcrumbList\",\"@id\":\"https:\/\/www.comercialanma.es\/?product=magnetic-blanco#breadcrumb\",\"itemListElement\":[{\"@type\":\"ListItem\",\"position\":1,\"item\":{\"@type\":\"WebPage\",\"@id\":\"https:\/\/www.comercialanma.es\/\",\"url\":\"https:\/\/www.comercialanma.es\/\",\"name\":\"Portada\"}},{\"@type\":\"ListItem\",\"position\":2,\"item\":{\"@type\":\"WebPage\",\"@id\":\"https:\/\/www.comercialanma.es\/?page_id=3963\",\"url\":\"https:\/\/www.comercialanma.es\/?page_id=3963\",\"name\":\"Cat\\u00e1logo de Productos\"}},{\"@type\":\"ListItem\",\"position\":3,\"item\":{\"@type\":\"WebPage\",\"@id\":\"https:\/\/www.comercialanma.es\/?product=magnetic-blanco\",\"url\":\"https:\/\/www.comercialanma.es\/?product=magnetic-blanco\",\"name\":\"Magnetic blanco 75cl.\"}}]}]}<\/script>\n<!-- \/ Yoast SEO plugin. -->","_links":{"self":[{"href":"https:\/\/www.comercialanma.es\/index.php?rest_route=\/wp\/v2\/product\/24193"}],"collection":[{"href":"https:\/\/www.comercialanma.es\/index.php?rest_route=\/wp\/v2\/product"}],"about":[{"href":"https:\/\/www.comercialanma.es\/index.php?rest_route=\/wp\/v2\/types\/product"}],"version-history":[{"count":1,"href":"https:\/\/www.comercialanma.es\/index.php?rest_route=\/wp\/v2\/product\/24193\/revisions"}],"predecessor-version":[{"id":24196,"href":"https:\/\/www.comercialanma.es\/index.php?rest_route=\/wp\/v2\/product\/24193\/revisions\/24196"}],"wp:featuredmedia":[{"embeddable":true,"href":"https:\/\/www.comercialanma.es\/index.php?rest_route=\/wp\/v2\/media\/24194"}],"wp:attachment":[{"href":"https:\/\/www.comercialanma.es\/index.php?rest_route=%2Fwp%2Fv2%2Fmedia&parent=24193"}],"curies":[{"name":"wp","href":"https:\/\/api.w.org\/{rel}","templated":true}]}}