
{"id":24238,"date":"2025-05-08T17:27:27","date_gmt":"2025-05-08T15:27:27","guid":{"rendered":"https:\/\/www.comercialanma.es\/?post_type=product&#038;p=24238"},"modified":"2025-05-08T17:38:42","modified_gmt":"2025-05-08T15:38:42","slug":"sangarida-attis","status":"publish","type":"product","link":"https:\/\/www.comercialanma.es\/?product=sangarida-attis","title":{"rendered":"Sangarida Menc\u00eda Attis 75cl."},"content":{"rendered":"<h3>D.O:<\/h3>\n<ul>\n<li>Bierzo<\/li>\n<\/ul>\n<h3>Variedades de uva:<\/h3>\n<ul>\n<li>100% Menc\u00eda<\/li>\n<\/ul>\n<h3>Graduaci\u00f3n:<\/h3>\n<ul>\n<li>Graduaci\u00f3n: 13,5% vol.<\/li>\n<\/ul>\n<h3>Nota de cata:<\/h3>\n<ul>\n<li>A la vista luce un bonito color purpura intenso.<\/li>\n<li>Presenta una nariz intensa y atractiva, donde destacan las frutas rojas frescas junto a toques especiados<\/li>\n<li>La entrada en boca es golosa, bien estructurada y con recuerdos a los aromas percibidos en la fase olfativa.<\/li>\n<\/ul>\n<h3><strong>Maridaje:<\/strong><\/h3>\n<ul>\n<li>El Attis Sangarida Menc\u00eda es un vino vers\u00e1til que se adapta a una amplia variedad de platos, desde carnes rojas hasta quesos y embutidos, lo que lo convierte en una excelente opci\u00f3n para cualquier ocasi\u00f3n.<\/li>\n<\/ul>\n","protected":false},"excerpt":{"rendered":"<p>Un vino tan desenfadado como su imagen. Fruta y juventud para tu d\u00eda a d\u00eda.<\/p>\n","protected":false},"featured_media":24239,"template":"","meta":{"spay_email":""},"yoast_head":"<!-- This site is optimized with the Yoast SEO plugin v15.9 - https:\/\/yoast.com\/wordpress\/plugins\/seo\/ -->\n<title>Sangarida Menc\u00eda Attis 75cl. - Comercial de Hosteleria Anma<\/title>\n<meta name=\"description\" content=\"Sangarida Menc\u00eda Attis | 75cl. | D.O Bierzo | 13,5% | Un vino tan desenfadado como su imagen. Fruta y juventud para tu d\u00eda a d\u00eda.\" \/>\n<meta name=\"robots\" content=\"index, follow, max-snippet:-1, max-image-preview:large, max-video-preview:-1\" \/>\n<link rel=\"canonical\" href=\"https:\/\/www.comercialanma.es\/?product=sangarida-attis\" \/>\n<meta property=\"og:locale\" content=\"es_ES\" \/>\n<meta property=\"og:type\" content=\"article\" \/>\n<meta property=\"og:title\" content=\"Sangarida Menc\u00eda Attis 75cl. - Comercial de Hosteleria Anma\" \/>\n<meta property=\"og:description\" content=\"Sangarida Menc\u00eda Attis | 75cl. | D.O Bierzo | 13,5% | Un vino tan desenfadado como su imagen. Fruta y juventud para tu d\u00eda a d\u00eda.\" \/>\n<meta property=\"og:url\" content=\"https:\/\/www.comercialanma.es\/?product=sangarida-attis\" \/>\n<meta property=\"og:site_name\" content=\"Comercial de Hosteleria Anma\" \/>\n<meta property=\"article:publisher\" content=\"https:\/\/www.facebook.com\/AnmaHosteleria\" \/>\n<meta property=\"article:modified_time\" content=\"2025-05-08T15:38:42+00:00\" \/>\n<meta property=\"og:image\" content=\"https:\/\/i2.wp.com\/www.comercialanma.es\/wp-content\/uploads\/2025\/05\/SANGARIDA-MENCIA-ATTIS.jpg?fit=1080%2C1080&#038;ssl=1\" \/>\n\t<meta property=\"og:image:width\" content=\"1080\" \/>\n\t<meta property=\"og:image:height\" content=\"1080\" \/>\n<meta name=\"twitter:card\" content=\"summary_large_image\" \/>\n<meta name=\"twitter:label1\" content=\"Tiempo de lectura\">\n\t<meta name=\"twitter:data1\" content=\"1 minuto\">\n<script type=\"application\/ld+json\" class=\"yoast-schema-graph\">{\"@context\":\"https:\/\/schema.org\",\"@graph\":[{\"@type\":\"Organization\",\"@id\":\"https:\/\/www.comercialanma.es\/#organization\",\"name\":\"Comercial Anma\",\"url\":\"https:\/\/www.comercialanma.es\/\",\"sameAs\":[\"https:\/\/www.facebook.com\/AnmaHosteleria\",\"https:\/\/www.instagram.com\/anmahosteleria\/?hl=es\",\"https:\/\/www.youtube.com\/channel\/UCT2nmn08Ntks0hmpZPnDgCA\"],\"logo\":{\"@type\":\"ImageObject\",\"@id\":\"https:\/\/www.comercialanma.es\/#logo\",\"inLanguage\":\"es\",\"url\":\"https:\/\/i2.wp.com\/www.comercialanma.es\/wp-content\/uploads\/2019\/06\/logo-anma-color.png?fit=247%2C101&ssl=1\",\"width\":247,\"height\":101,\"caption\":\"Comercial Anma\"},\"image\":{\"@id\":\"https:\/\/www.comercialanma.es\/#logo\"}},{\"@type\":\"WebSite\",\"@id\":\"https:\/\/www.comercialanma.es\/#website\",\"url\":\"https:\/\/www.comercialanma.es\/\",\"name\":\"Comercial de Hosteleria Anma\",\"description\":\"\",\"publisher\":{\"@id\":\"https:\/\/www.comercialanma.es\/#organization\"},\"potentialAction\":[{\"@type\":\"SearchAction\",\"target\":\"https:\/\/www.comercialanma.es\/?s={search_term_string}\",\"query-input\":\"required name=search_term_string\"}],\"inLanguage\":\"es\"},{\"@type\":\"ImageObject\",\"@id\":\"https:\/\/www.comercialanma.es\/?product=sangarida-attis#primaryimage\",\"inLanguage\":\"es\",\"url\":\"https:\/\/i2.wp.com\/www.comercialanma.es\/wp-content\/uploads\/2025\/05\/SANGARIDA-MENCIA-ATTIS.jpg?fit=1080%2C1080&ssl=1\",\"width\":1080,\"height\":1080},{\"@type\":\"WebPage\",\"@id\":\"https:\/\/www.comercialanma.es\/?product=sangarida-attis#webpage\",\"url\":\"https:\/\/www.comercialanma.es\/?product=sangarida-attis\",\"name\":\"Sangarida Menc\\u00eda Attis 75cl. - Comercial de Hosteleria Anma\",\"isPartOf\":{\"@id\":\"https:\/\/www.comercialanma.es\/#website\"},\"primaryImageOfPage\":{\"@id\":\"https:\/\/www.comercialanma.es\/?product=sangarida-attis#primaryimage\"},\"datePublished\":\"2025-05-08T15:27:27+00:00\",\"dateModified\":\"2025-05-08T15:38:42+00:00\",\"description\":\"Sangarida Menc\\u00eda Attis | 75cl. | D.O Bierzo | 13,5% | Un vino tan desenfadado como su imagen. Fruta y juventud para tu d\\u00eda a d\\u00eda.\",\"breadcrumb\":{\"@id\":\"https:\/\/www.comercialanma.es\/?product=sangarida-attis#breadcrumb\"},\"inLanguage\":\"es\",\"potentialAction\":[{\"@type\":\"ReadAction\",\"target\":[\"https:\/\/www.comercialanma.es\/?product=sangarida-attis\"]}]},{\"@type\":\"BreadcrumbList\",\"@id\":\"https:\/\/www.comercialanma.es\/?product=sangarida-attis#breadcrumb\",\"itemListElement\":[{\"@type\":\"ListItem\",\"position\":1,\"item\":{\"@type\":\"WebPage\",\"@id\":\"https:\/\/www.comercialanma.es\/\",\"url\":\"https:\/\/www.comercialanma.es\/\",\"name\":\"Portada\"}},{\"@type\":\"ListItem\",\"position\":2,\"item\":{\"@type\":\"WebPage\",\"@id\":\"https:\/\/www.comercialanma.es\/?page_id=3963\",\"url\":\"https:\/\/www.comercialanma.es\/?page_id=3963\",\"name\":\"Cat\\u00e1logo de Productos\"}},{\"@type\":\"ListItem\",\"position\":3,\"item\":{\"@type\":\"WebPage\",\"@id\":\"https:\/\/www.comercialanma.es\/?product=sangarida-attis\",\"url\":\"https:\/\/www.comercialanma.es\/?product=sangarida-attis\",\"name\":\"Sangarida Menc\\u00eda Attis 75cl.\"}}]}]}<\/script>\n<!-- \/ Yoast SEO plugin. -->","_links":{"self":[{"href":"https:\/\/www.comercialanma.es\/index.php?rest_route=\/wp\/v2\/product\/24238"}],"collection":[{"href":"https:\/\/www.comercialanma.es\/index.php?rest_route=\/wp\/v2\/product"}],"about":[{"href":"https:\/\/www.comercialanma.es\/index.php?rest_route=\/wp\/v2\/types\/product"}],"version-history":[{"count":1,"href":"https:\/\/www.comercialanma.es\/index.php?rest_route=\/wp\/v2\/product\/24238\/revisions"}],"predecessor-version":[{"id":24240,"href":"https:\/\/www.comercialanma.es\/index.php?rest_route=\/wp\/v2\/product\/24238\/revisions\/24240"}],"wp:featuredmedia":[{"embeddable":true,"href":"https:\/\/www.comercialanma.es\/index.php?rest_route=\/wp\/v2\/media\/24239"}],"wp:attachment":[{"href":"https:\/\/www.comercialanma.es\/index.php?rest_route=%2Fwp%2Fv2%2Fmedia&parent=24238"}],"curies":[{"name":"wp","href":"https:\/\/api.w.org\/{rel}","templated":true}]}}