
{"id":24242,"date":"2025-05-08T17:44:22","date_gmt":"2025-05-08T15:44:22","guid":{"rendered":"https:\/\/www.comercialanma.es\/?post_type=product&#038;p=24242"},"modified":"2025-05-08T17:57:44","modified_gmt":"2025-05-08T15:57:44","slug":"tamiz-roble-teofilo-reyes","status":"publish","type":"product","link":"https:\/\/www.comercialanma.es\/?product=tamiz-roble-teofilo-reyes","title":{"rendered":"Tamiz Roble Teofilo Reyes 75cl."},"content":{"rendered":"<h3>D.O.:<\/h3>\n<ul>\n<li>Ribera del Duero<\/li>\n<\/ul>\n<h3>Variedades de uva:<\/h3>\n<ul>\n<li><span class=\"tlid-translation translation\" lang=\"es\"><span title=\"\"><span class=\"tablaValorContenido\">Tempranillo<\/span><\/span><\/span><\/li>\n<\/ul>\n<h3>Graduaci\u00f3n:<\/h3>\n<ul>\n<li>Graduaci\u00f3n: 14% vol.<\/li>\n<\/ul>\n<h3>Nota de Cata:<\/h3>\n<ul>\n<li>A la vista, color rojo cereza, limpio, con ribetes viol\u00e1ceos.<\/li>\n<li>En nariz es intenso, frutos rojos del bosque, vainilla propia de una madera bien integrada.<\/li>\n<li>En boca es un vino redondo de taninos maduros con expresi\u00f3n de los aromas que se aprecian en la fase olfativa, incrementados con matices bals\u00e1micos, sedoso.<\/li>\n<\/ul>\n<h3>Maridaje:<\/h3>\n<ul>\n<li>\n<div class=\"WaaZC\">\n<div class=\"RJPOee EIJn2\">\n<div class=\"rPeykc\" data-hveid=\"CAUQAQ\" data-ved=\"2ahUKEwjI_errnJSNAxXWK_sDHQfKCFcQo_EKegQIBRAB\">\n<p><span data-huuid=\"9702906973269110794\">El maridaje ideal para el Tamiz Roble de Te\u00f3filo Reyes es con carnes rojas a la parrilla, guisos de legumbres y platos de carne en general.\u00a0<\/span><span data-huuid=\"9702906973269112839\">Tambi\u00e9n puede combinarse con quesos de curaci\u00f3n media y alta.<span class=\"pjBG2e\" data-cid=\"c6a08fa8-4582-4599-aefc-8909ff3b50dd\"><span class=\"UV3uM\">\u00a0<\/span><\/span><\/span><\/p>\n<div class=\"NPrrbc\" data-cid=\"c6a08fa8-4582-4599-aefc-8909ff3b50dd\" data-uuids=\"9702906973269110794,9702906973269112839\">\n<div class=\"BMebGe btku5b fCrZyc LwdV0e FR7ZSc OJeuxf\" tabindex=\"0\" role=\"button\" aria-label=\"Ver enlaces relacionados\" data-hveid=\"CAYQAQ\" data-ved=\"2ahUKEwjI_errnJSNAxXWK_sDHQfKCFcQ3fYKegQIBhAB\"><\/div>\n<\/div>\n<\/div>\n<\/div>\n<\/div>\n<\/li>\n<\/ul>\n","protected":false},"excerpt":{"rendered":"<p>Vino Tamiz Roble Tinto es un vino Ribera del Duero elaborado a partir de uva 100% Tempranillo procedentes de vi\u00f1edos propios de la bodega situados en la comarca de Pe\u00f1afiel (Valladolid), en plena milla de oro de Ribera del Duero. Posee una crianza de 6 meses en barricas de roble franc\u00e9s y americano.<\/p>\n","protected":false},"featured_media":24243,"template":"","meta":{"spay_email":""},"yoast_head":"<!-- This site is optimized with the Yoast SEO plugin v15.9 - https:\/\/yoast.com\/wordpress\/plugins\/seo\/ -->\n<title>Tamiz Roble Teofilo Reyes 75cl. - Comercial de Hosteleria Anma<\/title>\n<meta name=\"description\" content=\"Tamiz Roble Teofilo Reyes | 75cl. | D.O Rivera del Duero | Vino Tamiz Roble Tinto es un vino Ribera del Duero elaborado 100% Tempranillo.\" \/>\n<meta name=\"robots\" content=\"index, follow, max-snippet:-1, max-image-preview:large, max-video-preview:-1\" \/>\n<link rel=\"canonical\" href=\"https:\/\/www.comercialanma.es\/?product=tamiz-roble-teofilo-reyes\" \/>\n<meta property=\"og:locale\" content=\"es_ES\" \/>\n<meta property=\"og:type\" content=\"article\" \/>\n<meta property=\"og:title\" content=\"Tamiz Roble Teofilo Reyes 75cl. - Comercial de Hosteleria Anma\" \/>\n<meta property=\"og:description\" content=\"Tamiz Roble Teofilo Reyes | 75cl. | D.O Rivera del Duero | Vino Tamiz Roble Tinto es un vino Ribera del Duero elaborado 100% Tempranillo.\" \/>\n<meta property=\"og:url\" content=\"https:\/\/www.comercialanma.es\/?product=tamiz-roble-teofilo-reyes\" \/>\n<meta property=\"og:site_name\" content=\"Comercial de Hosteleria Anma\" \/>\n<meta property=\"article:publisher\" content=\"https:\/\/www.facebook.com\/AnmaHosteleria\" \/>\n<meta property=\"article:modified_time\" content=\"2025-05-08T15:57:44+00:00\" \/>\n<meta property=\"og:image\" content=\"https:\/\/i0.wp.com\/www.comercialanma.es\/wp-content\/uploads\/2025\/05\/tamiz-roble-teofilo-reyes.jpg?fit=1080%2C1080&#038;ssl=1\" \/>\n\t<meta property=\"og:image:width\" content=\"1080\" \/>\n\t<meta property=\"og:image:height\" content=\"1080\" \/>\n<meta name=\"twitter:card\" content=\"summary_large_image\" \/>\n<meta name=\"twitter:label1\" content=\"Tiempo de lectura\">\n\t<meta name=\"twitter:data1\" content=\"1 minuto\">\n<script type=\"application\/ld+json\" class=\"yoast-schema-graph\">{\"@context\":\"https:\/\/schema.org\",\"@graph\":[{\"@type\":\"Organization\",\"@id\":\"https:\/\/www.comercialanma.es\/#organization\",\"name\":\"Comercial Anma\",\"url\":\"https:\/\/www.comercialanma.es\/\",\"sameAs\":[\"https:\/\/www.facebook.com\/AnmaHosteleria\",\"https:\/\/www.instagram.com\/anmahosteleria\/?hl=es\",\"https:\/\/www.youtube.com\/channel\/UCT2nmn08Ntks0hmpZPnDgCA\"],\"logo\":{\"@type\":\"ImageObject\",\"@id\":\"https:\/\/www.comercialanma.es\/#logo\",\"inLanguage\":\"es\",\"url\":\"https:\/\/i2.wp.com\/www.comercialanma.es\/wp-content\/uploads\/2019\/06\/logo-anma-color.png?fit=247%2C101&ssl=1\",\"width\":247,\"height\":101,\"caption\":\"Comercial Anma\"},\"image\":{\"@id\":\"https:\/\/www.comercialanma.es\/#logo\"}},{\"@type\":\"WebSite\",\"@id\":\"https:\/\/www.comercialanma.es\/#website\",\"url\":\"https:\/\/www.comercialanma.es\/\",\"name\":\"Comercial de Hosteleria Anma\",\"description\":\"\",\"publisher\":{\"@id\":\"https:\/\/www.comercialanma.es\/#organization\"},\"potentialAction\":[{\"@type\":\"SearchAction\",\"target\":\"https:\/\/www.comercialanma.es\/?s={search_term_string}\",\"query-input\":\"required name=search_term_string\"}],\"inLanguage\":\"es\"},{\"@type\":\"ImageObject\",\"@id\":\"https:\/\/www.comercialanma.es\/?product=tamiz-roble-teofilo-reyes#primaryimage\",\"inLanguage\":\"es\",\"url\":\"https:\/\/i0.wp.com\/www.comercialanma.es\/wp-content\/uploads\/2025\/05\/tamiz-roble-teofilo-reyes.jpg?fit=1080%2C1080&ssl=1\",\"width\":1080,\"height\":1080},{\"@type\":\"WebPage\",\"@id\":\"https:\/\/www.comercialanma.es\/?product=tamiz-roble-teofilo-reyes#webpage\",\"url\":\"https:\/\/www.comercialanma.es\/?product=tamiz-roble-teofilo-reyes\",\"name\":\"Tamiz Roble Teofilo Reyes 75cl. - Comercial de Hosteleria Anma\",\"isPartOf\":{\"@id\":\"https:\/\/www.comercialanma.es\/#website\"},\"primaryImageOfPage\":{\"@id\":\"https:\/\/www.comercialanma.es\/?product=tamiz-roble-teofilo-reyes#primaryimage\"},\"datePublished\":\"2025-05-08T15:44:22+00:00\",\"dateModified\":\"2025-05-08T15:57:44+00:00\",\"description\":\"Tamiz Roble Teofilo Reyes | 75cl. | D.O Rivera del Duero | Vino Tamiz Roble Tinto es un vino Ribera del Duero elaborado 100% Tempranillo.\",\"breadcrumb\":{\"@id\":\"https:\/\/www.comercialanma.es\/?product=tamiz-roble-teofilo-reyes#breadcrumb\"},\"inLanguage\":\"es\",\"potentialAction\":[{\"@type\":\"ReadAction\",\"target\":[\"https:\/\/www.comercialanma.es\/?product=tamiz-roble-teofilo-reyes\"]}]},{\"@type\":\"BreadcrumbList\",\"@id\":\"https:\/\/www.comercialanma.es\/?product=tamiz-roble-teofilo-reyes#breadcrumb\",\"itemListElement\":[{\"@type\":\"ListItem\",\"position\":1,\"item\":{\"@type\":\"WebPage\",\"@id\":\"https:\/\/www.comercialanma.es\/\",\"url\":\"https:\/\/www.comercialanma.es\/\",\"name\":\"Portada\"}},{\"@type\":\"ListItem\",\"position\":2,\"item\":{\"@type\":\"WebPage\",\"@id\":\"https:\/\/www.comercialanma.es\/?page_id=3963\",\"url\":\"https:\/\/www.comercialanma.es\/?page_id=3963\",\"name\":\"Cat\\u00e1logo de Productos\"}},{\"@type\":\"ListItem\",\"position\":3,\"item\":{\"@type\":\"WebPage\",\"@id\":\"https:\/\/www.comercialanma.es\/?product=tamiz-roble-teofilo-reyes\",\"url\":\"https:\/\/www.comercialanma.es\/?product=tamiz-roble-teofilo-reyes\",\"name\":\"Tamiz Roble Teofilo Reyes 75cl.\"}}]}]}<\/script>\n<!-- \/ Yoast SEO plugin. -->","_links":{"self":[{"href":"https:\/\/www.comercialanma.es\/index.php?rest_route=\/wp\/v2\/product\/24242"}],"collection":[{"href":"https:\/\/www.comercialanma.es\/index.php?rest_route=\/wp\/v2\/product"}],"about":[{"href":"https:\/\/www.comercialanma.es\/index.php?rest_route=\/wp\/v2\/types\/product"}],"version-history":[{"count":2,"href":"https:\/\/www.comercialanma.es\/index.php?rest_route=\/wp\/v2\/product\/24242\/revisions"}],"predecessor-version":[{"id":24245,"href":"https:\/\/www.comercialanma.es\/index.php?rest_route=\/wp\/v2\/product\/24242\/revisions\/24245"}],"wp:featuredmedia":[{"embeddable":true,"href":"https:\/\/www.comercialanma.es\/index.php?rest_route=\/wp\/v2\/media\/24243"}],"wp:attachment":[{"href":"https:\/\/www.comercialanma.es\/index.php?rest_route=%2Fwp%2Fv2%2Fmedia&parent=24242"}],"curies":[{"name":"wp","href":"https:\/\/api.w.org\/{rel}","templated":true}]}}