
{"id":24253,"date":"2025-05-15T16:47:36","date_gmt":"2025-05-15T14:47:36","guid":{"rendered":"https:\/\/www.comercialanma.es\/?post_type=product&#038;p=24253"},"modified":"2025-05-15T16:56:13","modified_gmt":"2025-05-15T14:56:13","slug":"lejia-conejo-2","status":"publish","type":"product","link":"https:\/\/www.comercialanma.es\/?product=lejia-conejo-2","title":{"rendered":"Lej\u00eda Conejo 2L."},"content":{"rendered":"<ul>\n<li>La lej\u00eda (hipoclorito de sodio)\u00a0es uno de los desinfectantes m\u00e1s eficaces y seguros.<br \/>\nAct\u00faa sobre virus (como los responsables del resfriado com\u00fan), bacterias (como la salmonella) y hongos.<\/li>\n<\/ul>\n","protected":false},"excerpt":{"rendered":"<p>Lej\u00eda | Conejo | 2L.|<\/p>\n<p>La lej\u00eda es el desinfectante universal por excelencia. Es una sustancia qu\u00edmica que debido a su composici\u00f3n, es capaz de destruir microorganismos.<br \/>\nLa lej\u00eda posee una excelente combinaci\u00f3n de eficacia, disponibilidad, facilidad de uso y seguridad.<\/p>\n","protected":false},"featured_media":24254,"template":"","meta":{"spay_email":""},"yoast_head":"<!-- This site is optimized with the Yoast SEO plugin v15.9 - https:\/\/yoast.com\/wordpress\/plugins\/seo\/ -->\n<title>Lej\u00eda Conejo 2L. - Comercial de Hosteleria Anma<\/title>\n<meta name=\"description\" content=\"Lej\u00eda | Conejo | 2L.|La lej\u00eda es el desinfectante universal. La lej\u00eda posee una excelente combinaci\u00f3n de eficacia\" \/>\n<meta name=\"robots\" content=\"index, follow, max-snippet:-1, max-image-preview:large, max-video-preview:-1\" \/>\n<link rel=\"canonical\" href=\"https:\/\/www.comercialanma.es\/?product=lejia-conejo-2\" \/>\n<meta property=\"og:locale\" content=\"es_ES\" \/>\n<meta property=\"og:type\" content=\"article\" \/>\n<meta property=\"og:title\" content=\"Lej\u00eda Conejo 2L. - Comercial de Hosteleria Anma\" \/>\n<meta property=\"og:description\" content=\"Lej\u00eda | Conejo | 2L.|La lej\u00eda es el desinfectante universal. La lej\u00eda posee una excelente combinaci\u00f3n de eficacia\" \/>\n<meta property=\"og:url\" content=\"https:\/\/www.comercialanma.es\/?product=lejia-conejo-2\" \/>\n<meta property=\"og:site_name\" content=\"Comercial de Hosteleria Anma\" \/>\n<meta property=\"article:publisher\" content=\"https:\/\/www.facebook.com\/AnmaHosteleria\" \/>\n<meta property=\"article:modified_time\" content=\"2025-05-15T14:56:13+00:00\" \/>\n<meta property=\"og:image\" content=\"https:\/\/i2.wp.com\/www.comercialanma.es\/wp-content\/uploads\/2025\/05\/Lejia-conejo-2l.jpg?fit=1080%2C1080&#038;ssl=1\" \/>\n\t<meta property=\"og:image:width\" content=\"1080\" \/>\n\t<meta property=\"og:image:height\" content=\"1080\" \/>\n<meta name=\"twitter:card\" content=\"summary_large_image\" \/>\n<meta name=\"twitter:label1\" content=\"Tiempo de lectura\">\n\t<meta name=\"twitter:data1\" content=\"1 minuto\">\n<script type=\"application\/ld+json\" class=\"yoast-schema-graph\">{\"@context\":\"https:\/\/schema.org\",\"@graph\":[{\"@type\":\"Organization\",\"@id\":\"https:\/\/www.comercialanma.es\/#organization\",\"name\":\"Comercial Anma\",\"url\":\"https:\/\/www.comercialanma.es\/\",\"sameAs\":[\"https:\/\/www.facebook.com\/AnmaHosteleria\",\"https:\/\/www.instagram.com\/anmahosteleria\/?hl=es\",\"https:\/\/www.youtube.com\/channel\/UCT2nmn08Ntks0hmpZPnDgCA\"],\"logo\":{\"@type\":\"ImageObject\",\"@id\":\"https:\/\/www.comercialanma.es\/#logo\",\"inLanguage\":\"es\",\"url\":\"https:\/\/i2.wp.com\/www.comercialanma.es\/wp-content\/uploads\/2019\/06\/logo-anma-color.png?fit=247%2C101&ssl=1\",\"width\":247,\"height\":101,\"caption\":\"Comercial Anma\"},\"image\":{\"@id\":\"https:\/\/www.comercialanma.es\/#logo\"}},{\"@type\":\"WebSite\",\"@id\":\"https:\/\/www.comercialanma.es\/#website\",\"url\":\"https:\/\/www.comercialanma.es\/\",\"name\":\"Comercial de Hosteleria Anma\",\"description\":\"\",\"publisher\":{\"@id\":\"https:\/\/www.comercialanma.es\/#organization\"},\"potentialAction\":[{\"@type\":\"SearchAction\",\"target\":\"https:\/\/www.comercialanma.es\/?s={search_term_string}\",\"query-input\":\"required name=search_term_string\"}],\"inLanguage\":\"es\"},{\"@type\":\"ImageObject\",\"@id\":\"https:\/\/www.comercialanma.es\/?product=lejia-conejo-2#primaryimage\",\"inLanguage\":\"es\",\"url\":\"https:\/\/i2.wp.com\/www.comercialanma.es\/wp-content\/uploads\/2025\/05\/Lejia-conejo-2l.jpg?fit=1080%2C1080&ssl=1\",\"width\":1080,\"height\":1080},{\"@type\":\"WebPage\",\"@id\":\"https:\/\/www.comercialanma.es\/?product=lejia-conejo-2#webpage\",\"url\":\"https:\/\/www.comercialanma.es\/?product=lejia-conejo-2\",\"name\":\"Lej\\u00eda Conejo 2L. - Comercial de Hosteleria Anma\",\"isPartOf\":{\"@id\":\"https:\/\/www.comercialanma.es\/#website\"},\"primaryImageOfPage\":{\"@id\":\"https:\/\/www.comercialanma.es\/?product=lejia-conejo-2#primaryimage\"},\"datePublished\":\"2025-05-15T14:47:36+00:00\",\"dateModified\":\"2025-05-15T14:56:13+00:00\",\"description\":\"Lej\\u00eda | Conejo | 2L.|La lej\\u00eda es el desinfectante universal. La lej\\u00eda posee una excelente combinaci\\u00f3n de eficacia\",\"breadcrumb\":{\"@id\":\"https:\/\/www.comercialanma.es\/?product=lejia-conejo-2#breadcrumb\"},\"inLanguage\":\"es\",\"potentialAction\":[{\"@type\":\"ReadAction\",\"target\":[\"https:\/\/www.comercialanma.es\/?product=lejia-conejo-2\"]}]},{\"@type\":\"BreadcrumbList\",\"@id\":\"https:\/\/www.comercialanma.es\/?product=lejia-conejo-2#breadcrumb\",\"itemListElement\":[{\"@type\":\"ListItem\",\"position\":1,\"item\":{\"@type\":\"WebPage\",\"@id\":\"https:\/\/www.comercialanma.es\/\",\"url\":\"https:\/\/www.comercialanma.es\/\",\"name\":\"Portada\"}},{\"@type\":\"ListItem\",\"position\":2,\"item\":{\"@type\":\"WebPage\",\"@id\":\"https:\/\/www.comercialanma.es\/?page_id=3963\",\"url\":\"https:\/\/www.comercialanma.es\/?page_id=3963\",\"name\":\"Cat\\u00e1logo de Productos\"}},{\"@type\":\"ListItem\",\"position\":3,\"item\":{\"@type\":\"WebPage\",\"@id\":\"https:\/\/www.comercialanma.es\/?product=lejia-conejo-2\",\"url\":\"https:\/\/www.comercialanma.es\/?product=lejia-conejo-2\",\"name\":\"Lej\\u00eda Conejo 2L.\"}}]}]}<\/script>\n<!-- \/ Yoast SEO plugin. -->","_links":{"self":[{"href":"https:\/\/www.comercialanma.es\/index.php?rest_route=\/wp\/v2\/product\/24253"}],"collection":[{"href":"https:\/\/www.comercialanma.es\/index.php?rest_route=\/wp\/v2\/product"}],"about":[{"href":"https:\/\/www.comercialanma.es\/index.php?rest_route=\/wp\/v2\/types\/product"}],"version-history":[{"count":1,"href":"https:\/\/www.comercialanma.es\/index.php?rest_route=\/wp\/v2\/product\/24253\/revisions"}],"predecessor-version":[{"id":24255,"href":"https:\/\/www.comercialanma.es\/index.php?rest_route=\/wp\/v2\/product\/24253\/revisions\/24255"}],"wp:featuredmedia":[{"embeddable":true,"href":"https:\/\/www.comercialanma.es\/index.php?rest_route=\/wp\/v2\/media\/24254"}],"wp:attachment":[{"href":"https:\/\/www.comercialanma.es\/index.php?rest_route=%2Fwp%2Fv2%2Fmedia&parent=24253"}],"curies":[{"name":"wp","href":"https:\/\/api.w.org\/{rel}","templated":true}]}}