
{"id":24336,"date":"2025-09-18T10:24:31","date_gmt":"2025-09-18T08:24:31","guid":{"rendered":"https:\/\/www.comercialanma.es\/?post_type=product&#038;p=24336"},"modified":"2025-09-18T10:31:18","modified_gmt":"2025-09-18T08:31:18","slug":"solpost-origen","status":"publish","type":"product","link":"https:\/\/www.comercialanma.es\/?product=solpost-origen","title":{"rendered":"Solpost Origen 75cl."},"content":{"rendered":"<h3>D.O.:<\/h3>\n<ul>\n<li>Montsant.<\/li>\n<\/ul>\n<h3>Variedades de uva:<\/h3>\n<ul>\n<li>Garnacha tinta, Cari\u00f1ena, Cabernet Sauvignon.<\/li>\n<\/ul>\n<h3>Graduaci\u00f3n:<\/h3>\n<ul>\n<li>14,0% vol.<\/li>\n<\/ul>\n<h3>Nota de cata:<\/h3>\n<ul>\n<li>Solpost es un vino de color vivo. En nariz, la fruta y las notas especiadas se acompa\u00f1an de una agradable frescura. En boca, estos aromas placenteros vuelven a estar presentes, y revelan un vino complejo, sedoso y extremadamente elegante. Amable, redondo y largo, Solpost es un vino que invita a ser disfrutado con todos los sentidos.<\/li>\n<\/ul>\n","protected":false},"excerpt":{"rendered":"<p>Desde que empezamos a elaborarlo, hemos querido que Solpost, nuestro primer vino, responda fielmente a la vi\u00f1a, el territorio y el entorno natural que nos rodea. Solpost es la m\u00e1xima expresi\u00f3n de nuestras garnacha y cari\u00f1ena. Es frescura y equilibrio. Pero tambi\u00e9n es respeto, honestidad y gratitud por esta tierra en la que vivimos. La garnacha tinta predomina en este vino, que ha sido envejecido doce meses en barricas de roble franc\u00e9s y americano. El resultado es un vino voluptuoso y complejo, que combina sedosidad y estrcutura. Es nuestro cl\u00e1sico por antonomasia, que ha recibido numerosos elogios de la cr\u00edtica ya sea por su mineralidad o su largo final.<\/p>\n","protected":false},"featured_media":24339,"template":"","meta":{"spay_email":""},"yoast_head":"<!-- This site is optimized with the Yoast SEO plugin v15.9 - https:\/\/yoast.com\/wordpress\/plugins\/seo\/ -->\n<title>Solpost Origen 75cl. - Comercial de Hosteleria Anma<\/title>\n<meta name=\"description\" content=\"Solpost Origen | 75cl. | D.O Montsant | Solpost es la m\u00e1xima expresi\u00f3n de nuestras garnacha y cari\u00f1ena. Es frescura y equilibrio.\" \/>\n<meta name=\"robots\" content=\"index, follow, max-snippet:-1, max-image-preview:large, max-video-preview:-1\" \/>\n<link rel=\"canonical\" href=\"https:\/\/www.comercialanma.es\/?product=solpost-origen\" \/>\n<meta property=\"og:locale\" content=\"es_ES\" \/>\n<meta property=\"og:type\" content=\"article\" \/>\n<meta property=\"og:title\" content=\"Solpost Origen 75cl. - Comercial de Hosteleria Anma\" \/>\n<meta property=\"og:description\" content=\"Solpost Origen | 75cl. | D.O Montsant | Solpost es la m\u00e1xima expresi\u00f3n de nuestras garnacha y cari\u00f1ena. Es frescura y equilibrio.\" \/>\n<meta property=\"og:url\" content=\"https:\/\/www.comercialanma.es\/?product=solpost-origen\" \/>\n<meta property=\"og:site_name\" content=\"Comercial de Hosteleria Anma\" \/>\n<meta property=\"article:publisher\" content=\"https:\/\/www.facebook.com\/AnmaHosteleria\" \/>\n<meta property=\"article:modified_time\" content=\"2025-09-18T08:31:18+00:00\" \/>\n<meta property=\"og:image\" content=\"https:\/\/i2.wp.com\/www.comercialanma.es\/wp-content\/uploads\/2025\/09\/SOLPOST-ORIGEN.jpg?fit=1080%2C1080&#038;ssl=1\" \/>\n\t<meta property=\"og:image:width\" content=\"1080\" \/>\n\t<meta property=\"og:image:height\" content=\"1080\" \/>\n<meta name=\"twitter:card\" content=\"summary_large_image\" \/>\n<meta name=\"twitter:label1\" content=\"Tiempo de lectura\">\n\t<meta name=\"twitter:data1\" content=\"1 minuto\">\n<script type=\"application\/ld+json\" class=\"yoast-schema-graph\">{\"@context\":\"https:\/\/schema.org\",\"@graph\":[{\"@type\":\"Organization\",\"@id\":\"https:\/\/www.comercialanma.es\/#organization\",\"name\":\"Comercial Anma\",\"url\":\"https:\/\/www.comercialanma.es\/\",\"sameAs\":[\"https:\/\/www.facebook.com\/AnmaHosteleria\",\"https:\/\/www.instagram.com\/anmahosteleria\/?hl=es\",\"https:\/\/www.youtube.com\/channel\/UCT2nmn08Ntks0hmpZPnDgCA\"],\"logo\":{\"@type\":\"ImageObject\",\"@id\":\"https:\/\/www.comercialanma.es\/#logo\",\"inLanguage\":\"es\",\"url\":\"https:\/\/i2.wp.com\/www.comercialanma.es\/wp-content\/uploads\/2019\/06\/logo-anma-color.png?fit=247%2C101&ssl=1\",\"width\":247,\"height\":101,\"caption\":\"Comercial Anma\"},\"image\":{\"@id\":\"https:\/\/www.comercialanma.es\/#logo\"}},{\"@type\":\"WebSite\",\"@id\":\"https:\/\/www.comercialanma.es\/#website\",\"url\":\"https:\/\/www.comercialanma.es\/\",\"name\":\"Comercial de Hosteleria Anma\",\"description\":\"\",\"publisher\":{\"@id\":\"https:\/\/www.comercialanma.es\/#organization\"},\"potentialAction\":[{\"@type\":\"SearchAction\",\"target\":\"https:\/\/www.comercialanma.es\/?s={search_term_string}\",\"query-input\":\"required name=search_term_string\"}],\"inLanguage\":\"es\"},{\"@type\":\"ImageObject\",\"@id\":\"https:\/\/www.comercialanma.es\/?product=solpost-origen#primaryimage\",\"inLanguage\":\"es\",\"url\":\"https:\/\/i2.wp.com\/www.comercialanma.es\/wp-content\/uploads\/2025\/09\/SOLPOST-ORIGEN.jpg?fit=1080%2C1080&ssl=1\",\"width\":1080,\"height\":1080},{\"@type\":\"WebPage\",\"@id\":\"https:\/\/www.comercialanma.es\/?product=solpost-origen#webpage\",\"url\":\"https:\/\/www.comercialanma.es\/?product=solpost-origen\",\"name\":\"Solpost Origen 75cl. - Comercial de Hosteleria Anma\",\"isPartOf\":{\"@id\":\"https:\/\/www.comercialanma.es\/#website\"},\"primaryImageOfPage\":{\"@id\":\"https:\/\/www.comercialanma.es\/?product=solpost-origen#primaryimage\"},\"datePublished\":\"2025-09-18T08:24:31+00:00\",\"dateModified\":\"2025-09-18T08:31:18+00:00\",\"description\":\"Solpost Origen | 75cl. | D.O Montsant | Solpost es la m\\u00e1xima expresi\\u00f3n de nuestras garnacha y cari\\u00f1ena. Es frescura y equilibrio.\",\"breadcrumb\":{\"@id\":\"https:\/\/www.comercialanma.es\/?product=solpost-origen#breadcrumb\"},\"inLanguage\":\"es\",\"potentialAction\":[{\"@type\":\"ReadAction\",\"target\":[\"https:\/\/www.comercialanma.es\/?product=solpost-origen\"]}]},{\"@type\":\"BreadcrumbList\",\"@id\":\"https:\/\/www.comercialanma.es\/?product=solpost-origen#breadcrumb\",\"itemListElement\":[{\"@type\":\"ListItem\",\"position\":1,\"item\":{\"@type\":\"WebPage\",\"@id\":\"https:\/\/www.comercialanma.es\/\",\"url\":\"https:\/\/www.comercialanma.es\/\",\"name\":\"Portada\"}},{\"@type\":\"ListItem\",\"position\":2,\"item\":{\"@type\":\"WebPage\",\"@id\":\"https:\/\/www.comercialanma.es\/?page_id=3963\",\"url\":\"https:\/\/www.comercialanma.es\/?page_id=3963\",\"name\":\"Cat\\u00e1logo de Productos\"}},{\"@type\":\"ListItem\",\"position\":3,\"item\":{\"@type\":\"WebPage\",\"@id\":\"https:\/\/www.comercialanma.es\/?product=solpost-origen\",\"url\":\"https:\/\/www.comercialanma.es\/?product=solpost-origen\",\"name\":\"Solpost Origen 75cl.\"}}]}]}<\/script>\n<!-- \/ Yoast SEO plugin. -->","_links":{"self":[{"href":"https:\/\/www.comercialanma.es\/index.php?rest_route=\/wp\/v2\/product\/24336"}],"collection":[{"href":"https:\/\/www.comercialanma.es\/index.php?rest_route=\/wp\/v2\/product"}],"about":[{"href":"https:\/\/www.comercialanma.es\/index.php?rest_route=\/wp\/v2\/types\/product"}],"version-history":[{"count":4,"href":"https:\/\/www.comercialanma.es\/index.php?rest_route=\/wp\/v2\/product\/24336\/revisions"}],"predecessor-version":[{"id":24341,"href":"https:\/\/www.comercialanma.es\/index.php?rest_route=\/wp\/v2\/product\/24336\/revisions\/24341"}],"wp:featuredmedia":[{"embeddable":true,"href":"https:\/\/www.comercialanma.es\/index.php?rest_route=\/wp\/v2\/media\/24339"}],"wp:attachment":[{"href":"https:\/\/www.comercialanma.es\/index.php?rest_route=%2Fwp%2Fv2%2Fmedia&parent=24336"}],"curies":[{"name":"wp","href":"https:\/\/api.w.org\/{rel}","templated":true}]}}