
{"id":24353,"date":"2025-09-18T12:21:05","date_gmt":"2025-09-18T10:21:05","guid":{"rendered":"https:\/\/www.comercialanma.es\/?post_type=product&#038;p=24353"},"modified":"2025-09-18T12:33:42","modified_gmt":"2025-09-18T10:33:42","slug":"sisquella","status":"publish","type":"product","link":"https:\/\/www.comercialanma.es\/?product=sisquella","title":{"rendered":"Sisquella Clos Pons 75cl."},"content":{"rendered":"<h3>D.O.:<\/h3>\n<ul>\n<li>Costers de Segre<\/li>\n<\/ul>\n<h3>Variedades de uva:<\/h3>\n<ul>\n<li>Garnacha blanca, Albari\u00f1o.<\/li>\n<\/ul>\n<h3>Graduaci\u00f3n:<\/h3>\n<ul>\n<li>Graduaci\u00f3n: 12,5% vol.<\/li>\n<\/ul>\n<h3>Nota de cata:<\/h3>\n<div id=\"tab_cata_2012\" class=\"tab_content catas_review_container\">\n<ul>\n<li class=\"sp catas_review col-xs-12 nopadding\">Vino dorado p\u00e1lido con toques verdosos, un vino de nariz fresca y floral con toques tostados procedentes de su crianza.<\/li>\n<li class=\"sp catas_review col-xs-12 nopadding\">En boca es ligero, refrescante y elegante, con notas especiadas y c\u00edtricas. Su gama de aplicaciones es amplia, resaltando para arroces, pescados ahumados y asados, pastas italianas, queso de cabra, mariscos, crust\u00e1ceos, caviar y verduras asadas.<\/li>\n<\/ul>\n<h3>Maridaje:<\/h3>\n<ul>\n<li>Aperitivos, mariscos, crust\u00e1ceos, cocina oriental, pescados ahumados o con marinados ligeros, ensaladas de todo tipo.<\/li>\n<\/ul>\n<\/div>\n","protected":false},"excerpt":{"rendered":"<p>Vino blanco ecol\u00f3gico DO Costers del Segre. Una base de garnacha blanca con albari\u00f1o. Cupage in\u00e9dito de mediterr\u00e1neo y atl\u00e1ntico magistralmente equilibrado y con m\u00e1xima expresi\u00f3n del car\u00e1cter de nuestro pago en L\u2019Albag\u00e9s.<\/p>\n","protected":false},"featured_media":24354,"template":"","meta":{"spay_email":""},"yoast_head":"<!-- This site is optimized with the Yoast SEO plugin v15.9 - https:\/\/yoast.com\/wordpress\/plugins\/seo\/ -->\n<title>Sisquella Clos Pons 75cl. - Comercial de Hosteleria Anma<\/title>\n<meta name=\"description\" content=\"Sisquella Clos Pons | 75cl. | Costers de Segre | Un blanco perfumado, frutado, floral, vivo y fluido.\" \/>\n<meta name=\"robots\" content=\"index, follow, max-snippet:-1, max-image-preview:large, max-video-preview:-1\" \/>\n<link rel=\"canonical\" href=\"https:\/\/www.comercialanma.es\/?product=sisquella\" \/>\n<meta property=\"og:locale\" content=\"es_ES\" \/>\n<meta property=\"og:type\" content=\"article\" \/>\n<meta property=\"og:title\" content=\"Sisquella Clos Pons 75cl. - Comercial de Hosteleria Anma\" \/>\n<meta property=\"og:description\" content=\"Sisquella Clos Pons | 75cl. | Costers de Segre | Un blanco perfumado, frutado, floral, vivo y fluido.\" \/>\n<meta property=\"og:url\" content=\"https:\/\/www.comercialanma.es\/?product=sisquella\" \/>\n<meta property=\"og:site_name\" content=\"Comercial de Hosteleria Anma\" \/>\n<meta property=\"article:publisher\" content=\"https:\/\/www.facebook.com\/AnmaHosteleria\" \/>\n<meta property=\"article:modified_time\" content=\"2025-09-18T10:33:42+00:00\" \/>\n<meta property=\"og:image\" content=\"https:\/\/i0.wp.com\/www.comercialanma.es\/wp-content\/uploads\/2025\/09\/Sisquella.jpg?fit=1080%2C1080&#038;ssl=1\" \/>\n\t<meta property=\"og:image:width\" content=\"1080\" \/>\n\t<meta property=\"og:image:height\" content=\"1080\" \/>\n<meta name=\"twitter:card\" content=\"summary_large_image\" \/>\n<meta name=\"twitter:label1\" content=\"Tiempo de lectura\">\n\t<meta name=\"twitter:data1\" content=\"1 minuto\">\n<script type=\"application\/ld+json\" class=\"yoast-schema-graph\">{\"@context\":\"https:\/\/schema.org\",\"@graph\":[{\"@type\":\"Organization\",\"@id\":\"https:\/\/www.comercialanma.es\/#organization\",\"name\":\"Comercial Anma\",\"url\":\"https:\/\/www.comercialanma.es\/\",\"sameAs\":[\"https:\/\/www.facebook.com\/AnmaHosteleria\",\"https:\/\/www.instagram.com\/anmahosteleria\/?hl=es\",\"https:\/\/www.youtube.com\/channel\/UCT2nmn08Ntks0hmpZPnDgCA\"],\"logo\":{\"@type\":\"ImageObject\",\"@id\":\"https:\/\/www.comercialanma.es\/#logo\",\"inLanguage\":\"es\",\"url\":\"https:\/\/i2.wp.com\/www.comercialanma.es\/wp-content\/uploads\/2019\/06\/logo-anma-color.png?fit=247%2C101&ssl=1\",\"width\":247,\"height\":101,\"caption\":\"Comercial Anma\"},\"image\":{\"@id\":\"https:\/\/www.comercialanma.es\/#logo\"}},{\"@type\":\"WebSite\",\"@id\":\"https:\/\/www.comercialanma.es\/#website\",\"url\":\"https:\/\/www.comercialanma.es\/\",\"name\":\"Comercial de Hosteleria Anma\",\"description\":\"\",\"publisher\":{\"@id\":\"https:\/\/www.comercialanma.es\/#organization\"},\"potentialAction\":[{\"@type\":\"SearchAction\",\"target\":\"https:\/\/www.comercialanma.es\/?s={search_term_string}\",\"query-input\":\"required name=search_term_string\"}],\"inLanguage\":\"es\"},{\"@type\":\"ImageObject\",\"@id\":\"https:\/\/www.comercialanma.es\/?product=sisquella#primaryimage\",\"inLanguage\":\"es\",\"url\":\"https:\/\/i0.wp.com\/www.comercialanma.es\/wp-content\/uploads\/2025\/09\/Sisquella.jpg?fit=1080%2C1080&ssl=1\",\"width\":1080,\"height\":1080},{\"@type\":\"WebPage\",\"@id\":\"https:\/\/www.comercialanma.es\/?product=sisquella#webpage\",\"url\":\"https:\/\/www.comercialanma.es\/?product=sisquella\",\"name\":\"Sisquella Clos Pons 75cl. - Comercial de Hosteleria Anma\",\"isPartOf\":{\"@id\":\"https:\/\/www.comercialanma.es\/#website\"},\"primaryImageOfPage\":{\"@id\":\"https:\/\/www.comercialanma.es\/?product=sisquella#primaryimage\"},\"datePublished\":\"2025-09-18T10:21:05+00:00\",\"dateModified\":\"2025-09-18T10:33:42+00:00\",\"description\":\"Sisquella Clos Pons | 75cl. | Costers de Segre | Un blanco perfumado, frutado, floral, vivo y fluido.\",\"breadcrumb\":{\"@id\":\"https:\/\/www.comercialanma.es\/?product=sisquella#breadcrumb\"},\"inLanguage\":\"es\",\"potentialAction\":[{\"@type\":\"ReadAction\",\"target\":[\"https:\/\/www.comercialanma.es\/?product=sisquella\"]}]},{\"@type\":\"BreadcrumbList\",\"@id\":\"https:\/\/www.comercialanma.es\/?product=sisquella#breadcrumb\",\"itemListElement\":[{\"@type\":\"ListItem\",\"position\":1,\"item\":{\"@type\":\"WebPage\",\"@id\":\"https:\/\/www.comercialanma.es\/\",\"url\":\"https:\/\/www.comercialanma.es\/\",\"name\":\"Portada\"}},{\"@type\":\"ListItem\",\"position\":2,\"item\":{\"@type\":\"WebPage\",\"@id\":\"https:\/\/www.comercialanma.es\/?page_id=3963\",\"url\":\"https:\/\/www.comercialanma.es\/?page_id=3963\",\"name\":\"Cat\\u00e1logo de Productos\"}},{\"@type\":\"ListItem\",\"position\":3,\"item\":{\"@type\":\"WebPage\",\"@id\":\"https:\/\/www.comercialanma.es\/?product=sisquella\",\"url\":\"https:\/\/www.comercialanma.es\/?product=sisquella\",\"name\":\"Sisquella Clos Pons 75cl.\"}}]}]}<\/script>\n<!-- \/ Yoast SEO plugin. -->","_links":{"self":[{"href":"https:\/\/www.comercialanma.es\/index.php?rest_route=\/wp\/v2\/product\/24353"}],"collection":[{"href":"https:\/\/www.comercialanma.es\/index.php?rest_route=\/wp\/v2\/product"}],"about":[{"href":"https:\/\/www.comercialanma.es\/index.php?rest_route=\/wp\/v2\/types\/product"}],"version-history":[{"count":1,"href":"https:\/\/www.comercialanma.es\/index.php?rest_route=\/wp\/v2\/product\/24353\/revisions"}],"predecessor-version":[{"id":24355,"href":"https:\/\/www.comercialanma.es\/index.php?rest_route=\/wp\/v2\/product\/24353\/revisions\/24355"}],"wp:featuredmedia":[{"embeddable":true,"href":"https:\/\/www.comercialanma.es\/index.php?rest_route=\/wp\/v2\/media\/24354"}],"wp:attachment":[{"href":"https:\/\/www.comercialanma.es\/index.php?rest_route=%2Fwp%2Fv2%2Fmedia&parent=24353"}],"curies":[{"name":"wp","href":"https:\/\/api.w.org\/{rel}","templated":true}]}}