
{"id":24356,"date":"2025-09-18T12:35:21","date_gmt":"2025-09-18T10:35:21","guid":{"rendered":"https:\/\/www.comercialanma.es\/?post_type=product&#038;p=24356"},"modified":"2025-09-18T12:50:16","modified_gmt":"2025-09-18T10:50:16","slug":"alges","status":"publish","type":"product","link":"https:\/\/www.comercialanma.es\/?product=alges","title":{"rendered":"Alges Clos Pons 75cl."},"content":{"rendered":"<h3>D.O.:<\/h3>\n<ul>\n<li>Costers de Segre<\/li>\n<\/ul>\n<h3>Variedades de uva:<\/h3>\n<ul>\n<li>Tempranillo, Garnacha, Syrah.<\/li>\n<\/ul>\n<h3>Graduaci\u00f3n:<\/h3>\n<ul>\n<li>Graduaci\u00f3n: 14,5% vol.<\/li>\n<\/ul>\n<h3>Nota de cata:<\/h3>\n<div id=\"tab_cata_2012\" class=\"tab_content catas_review_container\">\n<ul>\n<li class=\"sp catas_review col-xs-12 nopadding\">Intenso color rojo rub\u00ed, con sutiles aromas de fruta madura y elegantes notas de roble.<\/li>\n<li class=\"sp catas_review col-xs-12 nopadding\">En boca, Alges es concentrado y potente, a la vez que redondo y amable. Destaca su notable bouquet de mermelada de frutos rojos, especias y notas ahumadas, todo sobre un fondo mineral. Su paso es sedoso, y su final, persistente y sabroso.<\/li>\n<\/ul>\n<h3>Maridaje:<\/h3>\n<ul>\n<li>Carnes blancas, asados, estofados, cordero, paella, quesos cremosos, potajes, caza menor, pat\u00e9s.<\/li>\n<\/ul>\n<\/div>\n","protected":false},"excerpt":{"rendered":"<p>Vino tinto crianza ecol\u00f3gico DO Costers del Segre. Elaborado con una base de garnacha armonizada con syrah y cari\u00f1ena, este vino es un destacado representante de la viticultura extrema del sur de Lleida. Alges es un vino gourmand y seductor, un aut\u00e9ntico placer de la naturaleza. Su nombre, Alges, conecta directamente con el territorio, ya que es una contracci\u00f3n de L&#8217;Albag\u00e9s, el nombre de la localidad donde se encuentra el vi\u00f1edo. Las condiciones clim\u00e1ticas extremas y la baja producci\u00f3n de esta zona se reflejan en este vino, que presenta un intenso color rojo rub\u00ed, con sutiles aromas de fruta madura y elegantes notas de roble. En boca, Alges es concentrado y potente, a la vez que redondo y amable. Destaca su notable bouquet de mermelada de frutos rojos, especias y notas ahumadas, todo sobre un fondo mineral. Su paso es sedoso, y su final, persistente y sabroso. Verdaderamente Gourmand para Cordero y en general para todo tipo de carnes blancas y rojas de intensidad media, tambi\u00e9n con quesos cremosos de vaca.<\/p>\n","protected":false},"featured_media":24357,"template":"","meta":{"spay_email":""},"yoast_head":"<!-- This site is optimized with the Yoast SEO plugin v15.9 - https:\/\/yoast.com\/wordpress\/plugins\/seo\/ -->\n<title>Alges Clos Pons 75cl. - Comercial de Hosteleria Anma<\/title>\n<meta name=\"description\" content=\"Alges Clos Pons | 75cl. | Costers de Segre | Fresco, vital e intenso, textura equilibrada, suave y deja una sensaci\u00f3n muy agradable.\" \/>\n<meta name=\"robots\" content=\"index, follow, max-snippet:-1, max-image-preview:large, max-video-preview:-1\" \/>\n<link rel=\"canonical\" href=\"https:\/\/www.comercialanma.es\/?product=alges\" \/>\n<meta property=\"og:locale\" content=\"es_ES\" \/>\n<meta property=\"og:type\" content=\"article\" \/>\n<meta property=\"og:title\" content=\"Alges Clos Pons 75cl. - Comercial de Hosteleria Anma\" \/>\n<meta property=\"og:description\" content=\"Alges Clos Pons | 75cl. | Costers de Segre | Fresco, vital e intenso, textura equilibrada, suave y deja una sensaci\u00f3n muy agradable.\" \/>\n<meta property=\"og:url\" content=\"https:\/\/www.comercialanma.es\/?product=alges\" \/>\n<meta property=\"og:site_name\" content=\"Comercial de Hosteleria Anma\" \/>\n<meta property=\"article:publisher\" content=\"https:\/\/www.facebook.com\/AnmaHosteleria\" \/>\n<meta property=\"article:modified_time\" content=\"2025-09-18T10:50:16+00:00\" \/>\n<meta property=\"og:image\" content=\"https:\/\/i0.wp.com\/www.comercialanma.es\/wp-content\/uploads\/2025\/09\/Alges-Clos-Pons.jpg?fit=1080%2C1080&#038;ssl=1\" \/>\n\t<meta property=\"og:image:width\" content=\"1080\" \/>\n\t<meta property=\"og:image:height\" content=\"1080\" \/>\n<meta name=\"twitter:card\" content=\"summary_large_image\" \/>\n<meta name=\"twitter:label1\" content=\"Tiempo de lectura\">\n\t<meta name=\"twitter:data1\" content=\"1 minuto\">\n<script type=\"application\/ld+json\" class=\"yoast-schema-graph\">{\"@context\":\"https:\/\/schema.org\",\"@graph\":[{\"@type\":\"Organization\",\"@id\":\"https:\/\/www.comercialanma.es\/#organization\",\"name\":\"Comercial Anma\",\"url\":\"https:\/\/www.comercialanma.es\/\",\"sameAs\":[\"https:\/\/www.facebook.com\/AnmaHosteleria\",\"https:\/\/www.instagram.com\/anmahosteleria\/?hl=es\",\"https:\/\/www.youtube.com\/channel\/UCT2nmn08Ntks0hmpZPnDgCA\"],\"logo\":{\"@type\":\"ImageObject\",\"@id\":\"https:\/\/www.comercialanma.es\/#logo\",\"inLanguage\":\"es\",\"url\":\"https:\/\/i2.wp.com\/www.comercialanma.es\/wp-content\/uploads\/2019\/06\/logo-anma-color.png?fit=247%2C101&ssl=1\",\"width\":247,\"height\":101,\"caption\":\"Comercial Anma\"},\"image\":{\"@id\":\"https:\/\/www.comercialanma.es\/#logo\"}},{\"@type\":\"WebSite\",\"@id\":\"https:\/\/www.comercialanma.es\/#website\",\"url\":\"https:\/\/www.comercialanma.es\/\",\"name\":\"Comercial de Hosteleria Anma\",\"description\":\"\",\"publisher\":{\"@id\":\"https:\/\/www.comercialanma.es\/#organization\"},\"potentialAction\":[{\"@type\":\"SearchAction\",\"target\":\"https:\/\/www.comercialanma.es\/?s={search_term_string}\",\"query-input\":\"required name=search_term_string\"}],\"inLanguage\":\"es\"},{\"@type\":\"ImageObject\",\"@id\":\"https:\/\/www.comercialanma.es\/?product=alges#primaryimage\",\"inLanguage\":\"es\",\"url\":\"https:\/\/i0.wp.com\/www.comercialanma.es\/wp-content\/uploads\/2025\/09\/Alges-Clos-Pons.jpg?fit=1080%2C1080&ssl=1\",\"width\":1080,\"height\":1080},{\"@type\":\"WebPage\",\"@id\":\"https:\/\/www.comercialanma.es\/?product=alges#webpage\",\"url\":\"https:\/\/www.comercialanma.es\/?product=alges\",\"name\":\"Alges Clos Pons 75cl. - Comercial de Hosteleria Anma\",\"isPartOf\":{\"@id\":\"https:\/\/www.comercialanma.es\/#website\"},\"primaryImageOfPage\":{\"@id\":\"https:\/\/www.comercialanma.es\/?product=alges#primaryimage\"},\"datePublished\":\"2025-09-18T10:35:21+00:00\",\"dateModified\":\"2025-09-18T10:50:16+00:00\",\"description\":\"Alges Clos Pons | 75cl. | Costers de Segre | Fresco, vital e intenso, textura equilibrada, suave y deja una sensaci\\u00f3n muy agradable.\",\"breadcrumb\":{\"@id\":\"https:\/\/www.comercialanma.es\/?product=alges#breadcrumb\"},\"inLanguage\":\"es\",\"potentialAction\":[{\"@type\":\"ReadAction\",\"target\":[\"https:\/\/www.comercialanma.es\/?product=alges\"]}]},{\"@type\":\"BreadcrumbList\",\"@id\":\"https:\/\/www.comercialanma.es\/?product=alges#breadcrumb\",\"itemListElement\":[{\"@type\":\"ListItem\",\"position\":1,\"item\":{\"@type\":\"WebPage\",\"@id\":\"https:\/\/www.comercialanma.es\/\",\"url\":\"https:\/\/www.comercialanma.es\/\",\"name\":\"Portada\"}},{\"@type\":\"ListItem\",\"position\":2,\"item\":{\"@type\":\"WebPage\",\"@id\":\"https:\/\/www.comercialanma.es\/?page_id=3963\",\"url\":\"https:\/\/www.comercialanma.es\/?page_id=3963\",\"name\":\"Cat\\u00e1logo de Productos\"}},{\"@type\":\"ListItem\",\"position\":3,\"item\":{\"@type\":\"WebPage\",\"@id\":\"https:\/\/www.comercialanma.es\/?product=alges\",\"url\":\"https:\/\/www.comercialanma.es\/?product=alges\",\"name\":\"Alges Clos Pons 75cl.\"}}]}]}<\/script>\n<!-- \/ Yoast SEO plugin. -->","_links":{"self":[{"href":"https:\/\/www.comercialanma.es\/index.php?rest_route=\/wp\/v2\/product\/24356"}],"collection":[{"href":"https:\/\/www.comercialanma.es\/index.php?rest_route=\/wp\/v2\/product"}],"about":[{"href":"https:\/\/www.comercialanma.es\/index.php?rest_route=\/wp\/v2\/types\/product"}],"version-history":[{"count":3,"href":"https:\/\/www.comercialanma.es\/index.php?rest_route=\/wp\/v2\/product\/24356\/revisions"}],"predecessor-version":[{"id":24360,"href":"https:\/\/www.comercialanma.es\/index.php?rest_route=\/wp\/v2\/product\/24356\/revisions\/24360"}],"wp:featuredmedia":[{"embeddable":true,"href":"https:\/\/www.comercialanma.es\/index.php?rest_route=\/wp\/v2\/media\/24357"}],"wp:attachment":[{"href":"https:\/\/www.comercialanma.es\/index.php?rest_route=%2Fwp%2Fv2%2Fmedia&parent=24356"}],"curies":[{"name":"wp","href":"https:\/\/api.w.org\/{rel}","templated":true}]}}