
{"id":24365,"date":"2025-09-18T16:32:16","date_gmt":"2025-09-18T14:32:16","guid":{"rendered":"https:\/\/www.comercialanma.es\/?post_type=product&#038;p=24365"},"modified":"2025-09-18T16:48:02","modified_gmt":"2025-09-18T14:48:02","slug":"pla-del-tet-clos-pons-75cl","status":"publish","type":"product","link":"https:\/\/www.comercialanma.es\/?product=pla-del-tet-clos-pons-75cl","title":{"rendered":"Pla del Tet Clos Pons 75cl."},"content":{"rendered":"<h3>D.O.:<\/h3>\n<ul>\n<li>Costers de Segre<\/li>\n<\/ul>\n<h3>Variedades de uva:<\/h3>\n<ul>\n<li>Syrah.<\/li>\n<\/ul>\n<h3>Graduaci\u00f3n:<\/h3>\n<ul>\n<li>Graduaci\u00f3n: 14,0% vol.<\/li>\n<\/ul>\n<h3>Nota de cata:<\/h3>\n<div id=\"tab_cata_2012\" class=\"tab_content catas_review_container\">\n<ul>\n<li class=\"sp catas_review col-xs-12 nopadding\">Vino de Colecci\u00f3n tinto ecol\u00f3gico de 17 meses de crianza elaborado en nuestro pago de la Pobla de C\u00e9rvoles en el sur de Lleida.<\/li>\n<li class=\"sp catas_review col-xs-12 nopadding\">Poco m\u00e1s de una hect\u00e1rea de viejos vi\u00f1edos de secano cultivados en la finca &#8220;Pla del Tet&#8221;, situada a 680 metros de altura. Esta joya, nacida a los pies de la Sierra de la Llena, constituye el primer vino Colecci\u00f3n de Clos Pons.<\/li>\n<li class=\"sp catas_review col-xs-12 nopadding\">Dotado de una extraordinaria finura y elegancia, posee un atractivo car\u00e0cter especiado. Ideal para acompa\u00f1ar guisos, quesos curados, ib\u00e9ricos, carnes de caza y carnes rojas.<\/li>\n<\/ul>\n<h3>Maridaje:<\/h3>\n<ul>\n<li>Guisos, quesos curados, ib\u00e9ricos, carnes de caza y carnes rojas.<\/li>\n<\/ul>\n<\/div>\n","protected":false},"excerpt":{"rendered":"<p>Vino tinto Crianza ecol\u00f3gico DO Costers del Segre . Edici\u00f3n limitada de 4.124 botellas de Colecci\u00f3n 001 fruto exclusivo de Syrah de la partida Pla del Tet de Clos Pons en La Pobla de C\u00e9rvoles. Un vino de altura que expresa todo el potencial de su terru\u00f1o y de su variedad.<\/p>\n","protected":false},"featured_media":24366,"template":"","meta":{"spay_email":""},"yoast_head":"<!-- This site is optimized with the Yoast SEO plugin v15.9 - https:\/\/yoast.com\/wordpress\/plugins\/seo\/ -->\n<title>Pla del Tet Clos Pons 75cl. - Comercial de Hosteleria Anma<\/title>\n<meta name=\"description\" content=\"PLa del tet | 75cl. | Costers de Segre | Vino de Colecci\u00f3n tinto ecol\u00f3gico de 17 meses de crianza elaborado.\" \/>\n<meta name=\"robots\" content=\"index, follow, max-snippet:-1, max-image-preview:large, max-video-preview:-1\" \/>\n<link rel=\"canonical\" href=\"https:\/\/www.comercialanma.es\/?product=pla-del-tet-clos-pons-75cl\" \/>\n<meta property=\"og:locale\" content=\"es_ES\" \/>\n<meta property=\"og:type\" content=\"article\" \/>\n<meta property=\"og:title\" content=\"Pla del Tet Clos Pons 75cl. - Comercial de Hosteleria Anma\" \/>\n<meta property=\"og:description\" content=\"PLa del tet | 75cl. | Costers de Segre | Vino de Colecci\u00f3n tinto ecol\u00f3gico de 17 meses de crianza elaborado.\" \/>\n<meta property=\"og:url\" content=\"https:\/\/www.comercialanma.es\/?product=pla-del-tet-clos-pons-75cl\" \/>\n<meta property=\"og:site_name\" content=\"Comercial de Hosteleria Anma\" \/>\n<meta property=\"article:publisher\" content=\"https:\/\/www.facebook.com\/AnmaHosteleria\" \/>\n<meta property=\"article:modified_time\" content=\"2025-09-18T14:48:02+00:00\" \/>\n<meta property=\"og:image\" content=\"https:\/\/i0.wp.com\/www.comercialanma.es\/wp-content\/uploads\/2025\/09\/Pla-del-tet-Clos-Pons.jpg?fit=1080%2C1080&#038;ssl=1\" \/>\n\t<meta property=\"og:image:width\" content=\"1080\" \/>\n\t<meta property=\"og:image:height\" content=\"1080\" \/>\n<meta name=\"twitter:card\" content=\"summary_large_image\" \/>\n<meta name=\"twitter:label1\" content=\"Tiempo de lectura\">\n\t<meta name=\"twitter:data1\" content=\"1 minuto\">\n<script type=\"application\/ld+json\" class=\"yoast-schema-graph\">{\"@context\":\"https:\/\/schema.org\",\"@graph\":[{\"@type\":\"Organization\",\"@id\":\"https:\/\/www.comercialanma.es\/#organization\",\"name\":\"Comercial Anma\",\"url\":\"https:\/\/www.comercialanma.es\/\",\"sameAs\":[\"https:\/\/www.facebook.com\/AnmaHosteleria\",\"https:\/\/www.instagram.com\/anmahosteleria\/?hl=es\",\"https:\/\/www.youtube.com\/channel\/UCT2nmn08Ntks0hmpZPnDgCA\"],\"logo\":{\"@type\":\"ImageObject\",\"@id\":\"https:\/\/www.comercialanma.es\/#logo\",\"inLanguage\":\"es\",\"url\":\"https:\/\/i2.wp.com\/www.comercialanma.es\/wp-content\/uploads\/2019\/06\/logo-anma-color.png?fit=247%2C101&ssl=1\",\"width\":247,\"height\":101,\"caption\":\"Comercial Anma\"},\"image\":{\"@id\":\"https:\/\/www.comercialanma.es\/#logo\"}},{\"@type\":\"WebSite\",\"@id\":\"https:\/\/www.comercialanma.es\/#website\",\"url\":\"https:\/\/www.comercialanma.es\/\",\"name\":\"Comercial de Hosteleria Anma\",\"description\":\"\",\"publisher\":{\"@id\":\"https:\/\/www.comercialanma.es\/#organization\"},\"potentialAction\":[{\"@type\":\"SearchAction\",\"target\":\"https:\/\/www.comercialanma.es\/?s={search_term_string}\",\"query-input\":\"required name=search_term_string\"}],\"inLanguage\":\"es\"},{\"@type\":\"ImageObject\",\"@id\":\"https:\/\/www.comercialanma.es\/?product=pla-del-tet-clos-pons-75cl#primaryimage\",\"inLanguage\":\"es\",\"url\":\"https:\/\/i0.wp.com\/www.comercialanma.es\/wp-content\/uploads\/2025\/09\/Pla-del-tet-Clos-Pons.jpg?fit=1080%2C1080&ssl=1\",\"width\":1080,\"height\":1080},{\"@type\":\"WebPage\",\"@id\":\"https:\/\/www.comercialanma.es\/?product=pla-del-tet-clos-pons-75cl#webpage\",\"url\":\"https:\/\/www.comercialanma.es\/?product=pla-del-tet-clos-pons-75cl\",\"name\":\"Pla del Tet Clos Pons 75cl. - Comercial de Hosteleria Anma\",\"isPartOf\":{\"@id\":\"https:\/\/www.comercialanma.es\/#website\"},\"primaryImageOfPage\":{\"@id\":\"https:\/\/www.comercialanma.es\/?product=pla-del-tet-clos-pons-75cl#primaryimage\"},\"datePublished\":\"2025-09-18T14:32:16+00:00\",\"dateModified\":\"2025-09-18T14:48:02+00:00\",\"description\":\"PLa del tet | 75cl. | Costers de Segre | Vino de Colecci\\u00f3n tinto ecol\\u00f3gico de 17 meses de crianza elaborado.\",\"breadcrumb\":{\"@id\":\"https:\/\/www.comercialanma.es\/?product=pla-del-tet-clos-pons-75cl#breadcrumb\"},\"inLanguage\":\"es\",\"potentialAction\":[{\"@type\":\"ReadAction\",\"target\":[\"https:\/\/www.comercialanma.es\/?product=pla-del-tet-clos-pons-75cl\"]}]},{\"@type\":\"BreadcrumbList\",\"@id\":\"https:\/\/www.comercialanma.es\/?product=pla-del-tet-clos-pons-75cl#breadcrumb\",\"itemListElement\":[{\"@type\":\"ListItem\",\"position\":1,\"item\":{\"@type\":\"WebPage\",\"@id\":\"https:\/\/www.comercialanma.es\/\",\"url\":\"https:\/\/www.comercialanma.es\/\",\"name\":\"Portada\"}},{\"@type\":\"ListItem\",\"position\":2,\"item\":{\"@type\":\"WebPage\",\"@id\":\"https:\/\/www.comercialanma.es\/?page_id=3963\",\"url\":\"https:\/\/www.comercialanma.es\/?page_id=3963\",\"name\":\"Cat\\u00e1logo de Productos\"}},{\"@type\":\"ListItem\",\"position\":3,\"item\":{\"@type\":\"WebPage\",\"@id\":\"https:\/\/www.comercialanma.es\/?product=pla-del-tet-clos-pons-75cl\",\"url\":\"https:\/\/www.comercialanma.es\/?product=pla-del-tet-clos-pons-75cl\",\"name\":\"Pla del Tet Clos Pons 75cl.\"}}]}]}<\/script>\n<!-- \/ Yoast SEO plugin. -->","_links":{"self":[{"href":"https:\/\/www.comercialanma.es\/index.php?rest_route=\/wp\/v2\/product\/24365"}],"collection":[{"href":"https:\/\/www.comercialanma.es\/index.php?rest_route=\/wp\/v2\/product"}],"about":[{"href":"https:\/\/www.comercialanma.es\/index.php?rest_route=\/wp\/v2\/types\/product"}],"version-history":[{"count":1,"href":"https:\/\/www.comercialanma.es\/index.php?rest_route=\/wp\/v2\/product\/24365\/revisions"}],"predecessor-version":[{"id":24367,"href":"https:\/\/www.comercialanma.es\/index.php?rest_route=\/wp\/v2\/product\/24365\/revisions\/24367"}],"wp:featuredmedia":[{"embeddable":true,"href":"https:\/\/www.comercialanma.es\/index.php?rest_route=\/wp\/v2\/media\/24366"}],"wp:attachment":[{"href":"https:\/\/www.comercialanma.es\/index.php?rest_route=%2Fwp%2Fv2%2Fmedia&parent=24365"}],"curies":[{"name":"wp","href":"https:\/\/api.w.org\/{rel}","templated":true}]}}