
{"id":24371,"date":"2025-09-18T17:01:26","date_gmt":"2025-09-18T15:01:26","guid":{"rendered":"https:\/\/www.comercialanma.es\/?post_type=product&#038;p=24371"},"modified":"2025-09-18T17:22:11","modified_gmt":"2025-09-18T15:22:11","slug":"roc-nu","status":"publish","type":"product","link":"https:\/\/www.comercialanma.es\/?product=roc-nu","title":{"rendered":"Roc Nu Clos Pons 75cl."},"content":{"rendered":"<h3>D.O.:<\/h3>\n<ul>\n<li>Costers de Segre<\/li>\n<\/ul>\n<h3>Variedades de uva:<\/h3>\n<ul>\n<li>Syrah.<\/li>\n<\/ul>\n<h3>Graduaci\u00f3n:<\/h3>\n<ul>\n<li>Graduaci\u00f3n: 14,0% vol.<\/li>\n<\/ul>\n<h3>Nota de cata:<\/h3>\n<div id=\"tab_cata_2012\" class=\"tab_content catas_review_container\">\n<ul>\n<li class=\"sp catas_review col-xs-12 nopadding\">Vino tinto ecol\u00f3gico de larga crianza elaborado en nuestras finca de la Pobla de Cervoles en el sur de Lleida. 9 Hect\u00e1reas de viejos vi\u00f1edos de secano cultivados a 700 metros de altura que descansan a los pies de la Sierra de la Llena.<\/li>\n<li class=\"sp catas_review col-xs-12 nopadding\">Poderoso, con marcada tanicidad, graso y aterciopelado, vivo y fresco. Roc Nu presenta notas de fruta madura, compotas, torrefactos y anisados, una amalgama de aromas y sabores que lo acompa\u00f1an largamente en boca. Un gran vino para acompa\u00f1ar carnes de caza, carnes rojas, guisos, quesos curados, ib\u00e9ricos.<\/li>\n<\/ul>\n<h3>Maridaje:<\/h3>\n<ul>\n<li>Quesos, arroces mixtos, aves de corral, carne blanca, pescados grasos, cocina asi\u00e1tica.<\/li>\n<\/ul>\n<\/div>\n","protected":false},"excerpt":{"rendered":"<p>Vino tinto Reserva ecol\u00f3gico DO Costers del Segre. Una base de Cabernet Sauvignon harmonizada con Garnacha. Vino poderoso y elegante, pura expresi\u00f3n de la tierra de la que proviene.<\/p>\n","protected":false},"featured_media":24372,"template":"","meta":{"spay_email":""},"yoast_head":"<!-- This site is optimized with the Yoast SEO plugin v15.9 - https:\/\/yoast.com\/wordpress\/plugins\/seo\/ -->\n<title>Roc Nu Clos Pons 75cl. - Comercial de Hosteleria Anma<\/title>\n<meta name=\"description\" content=\"Roc Nu Clos Pons | 75cl.. | Costers de Segre | Vino de Colecci\u00f3n tinto ecol\u00f3gico de 17 meses de crianza elaborado.\" \/>\n<meta name=\"robots\" content=\"index, follow, max-snippet:-1, max-image-preview:large, max-video-preview:-1\" \/>\n<link rel=\"canonical\" href=\"https:\/\/www.comercialanma.es\/?product=roc-nu\" \/>\n<meta property=\"og:locale\" content=\"es_ES\" \/>\n<meta property=\"og:type\" content=\"article\" \/>\n<meta property=\"og:title\" content=\"Roc Nu Clos Pons 75cl. - Comercial de Hosteleria Anma\" \/>\n<meta property=\"og:description\" content=\"Roc Nu Clos Pons | 75cl.. | Costers de Segre | Vino de Colecci\u00f3n tinto ecol\u00f3gico de 17 meses de crianza elaborado.\" \/>\n<meta property=\"og:url\" content=\"https:\/\/www.comercialanma.es\/?product=roc-nu\" \/>\n<meta property=\"og:site_name\" content=\"Comercial de Hosteleria Anma\" \/>\n<meta property=\"article:publisher\" content=\"https:\/\/www.facebook.com\/AnmaHosteleria\" \/>\n<meta property=\"article:modified_time\" content=\"2025-09-18T15:22:11+00:00\" \/>\n<meta property=\"og:image\" content=\"https:\/\/i0.wp.com\/www.comercialanma.es\/wp-content\/uploads\/2025\/09\/Roc-Nu-Clos-Pons.jpg?fit=1080%2C1080&#038;ssl=1\" \/>\n\t<meta property=\"og:image:width\" content=\"1080\" \/>\n\t<meta property=\"og:image:height\" content=\"1080\" \/>\n<meta name=\"twitter:card\" content=\"summary_large_image\" \/>\n<meta name=\"twitter:label1\" content=\"Tiempo de lectura\">\n\t<meta name=\"twitter:data1\" content=\"1 minuto\">\n<script type=\"application\/ld+json\" class=\"yoast-schema-graph\">{\"@context\":\"https:\/\/schema.org\",\"@graph\":[{\"@type\":\"Organization\",\"@id\":\"https:\/\/www.comercialanma.es\/#organization\",\"name\":\"Comercial Anma\",\"url\":\"https:\/\/www.comercialanma.es\/\",\"sameAs\":[\"https:\/\/www.facebook.com\/AnmaHosteleria\",\"https:\/\/www.instagram.com\/anmahosteleria\/?hl=es\",\"https:\/\/www.youtube.com\/channel\/UCT2nmn08Ntks0hmpZPnDgCA\"],\"logo\":{\"@type\":\"ImageObject\",\"@id\":\"https:\/\/www.comercialanma.es\/#logo\",\"inLanguage\":\"es\",\"url\":\"https:\/\/i2.wp.com\/www.comercialanma.es\/wp-content\/uploads\/2019\/06\/logo-anma-color.png?fit=247%2C101&ssl=1\",\"width\":247,\"height\":101,\"caption\":\"Comercial Anma\"},\"image\":{\"@id\":\"https:\/\/www.comercialanma.es\/#logo\"}},{\"@type\":\"WebSite\",\"@id\":\"https:\/\/www.comercialanma.es\/#website\",\"url\":\"https:\/\/www.comercialanma.es\/\",\"name\":\"Comercial de Hosteleria Anma\",\"description\":\"\",\"publisher\":{\"@id\":\"https:\/\/www.comercialanma.es\/#organization\"},\"potentialAction\":[{\"@type\":\"SearchAction\",\"target\":\"https:\/\/www.comercialanma.es\/?s={search_term_string}\",\"query-input\":\"required name=search_term_string\"}],\"inLanguage\":\"es\"},{\"@type\":\"ImageObject\",\"@id\":\"https:\/\/www.comercialanma.es\/?product=roc-nu#primaryimage\",\"inLanguage\":\"es\",\"url\":\"https:\/\/i0.wp.com\/www.comercialanma.es\/wp-content\/uploads\/2025\/09\/Roc-Nu-Clos-Pons.jpg?fit=1080%2C1080&ssl=1\",\"width\":1080,\"height\":1080},{\"@type\":\"WebPage\",\"@id\":\"https:\/\/www.comercialanma.es\/?product=roc-nu#webpage\",\"url\":\"https:\/\/www.comercialanma.es\/?product=roc-nu\",\"name\":\"Roc Nu Clos Pons 75cl. - Comercial de Hosteleria Anma\",\"isPartOf\":{\"@id\":\"https:\/\/www.comercialanma.es\/#website\"},\"primaryImageOfPage\":{\"@id\":\"https:\/\/www.comercialanma.es\/?product=roc-nu#primaryimage\"},\"datePublished\":\"2025-09-18T15:01:26+00:00\",\"dateModified\":\"2025-09-18T15:22:11+00:00\",\"description\":\"Roc Nu Clos Pons | 75cl.. | Costers de Segre | Vino de Colecci\\u00f3n tinto ecol\\u00f3gico de 17 meses de crianza elaborado.\",\"breadcrumb\":{\"@id\":\"https:\/\/www.comercialanma.es\/?product=roc-nu#breadcrumb\"},\"inLanguage\":\"es\",\"potentialAction\":[{\"@type\":\"ReadAction\",\"target\":[\"https:\/\/www.comercialanma.es\/?product=roc-nu\"]}]},{\"@type\":\"BreadcrumbList\",\"@id\":\"https:\/\/www.comercialanma.es\/?product=roc-nu#breadcrumb\",\"itemListElement\":[{\"@type\":\"ListItem\",\"position\":1,\"item\":{\"@type\":\"WebPage\",\"@id\":\"https:\/\/www.comercialanma.es\/\",\"url\":\"https:\/\/www.comercialanma.es\/\",\"name\":\"Portada\"}},{\"@type\":\"ListItem\",\"position\":2,\"item\":{\"@type\":\"WebPage\",\"@id\":\"https:\/\/www.comercialanma.es\/?page_id=3963\",\"url\":\"https:\/\/www.comercialanma.es\/?page_id=3963\",\"name\":\"Cat\\u00e1logo de Productos\"}},{\"@type\":\"ListItem\",\"position\":3,\"item\":{\"@type\":\"WebPage\",\"@id\":\"https:\/\/www.comercialanma.es\/?product=roc-nu\",\"url\":\"https:\/\/www.comercialanma.es\/?product=roc-nu\",\"name\":\"Roc Nu Clos Pons 75cl.\"}}]}]}<\/script>\n<!-- \/ Yoast SEO plugin. -->","_links":{"self":[{"href":"https:\/\/www.comercialanma.es\/index.php?rest_route=\/wp\/v2\/product\/24371"}],"collection":[{"href":"https:\/\/www.comercialanma.es\/index.php?rest_route=\/wp\/v2\/product"}],"about":[{"href":"https:\/\/www.comercialanma.es\/index.php?rest_route=\/wp\/v2\/types\/product"}],"version-history":[{"count":1,"href":"https:\/\/www.comercialanma.es\/index.php?rest_route=\/wp\/v2\/product\/24371\/revisions"}],"predecessor-version":[{"id":24373,"href":"https:\/\/www.comercialanma.es\/index.php?rest_route=\/wp\/v2\/product\/24371\/revisions\/24373"}],"wp:featuredmedia":[{"embeddable":true,"href":"https:\/\/www.comercialanma.es\/index.php?rest_route=\/wp\/v2\/media\/24372"}],"wp:attachment":[{"href":"https:\/\/www.comercialanma.es\/index.php?rest_route=%2Fwp%2Fv2%2Fmedia&parent=24371"}],"curies":[{"name":"wp","href":"https:\/\/api.w.org\/{rel}","templated":true}]}}