
{"id":24380,"date":"2025-09-19T17:27:34","date_gmt":"2025-09-19T15:27:34","guid":{"rendered":"https:\/\/www.comercialanma.es\/?post_type=product&#038;p=24380"},"modified":"2025-09-19T17:59:07","modified_gmt":"2025-09-19T15:59:07","slug":"tros-nou-bellmunt-vi-de-vila","status":"publish","type":"product","link":"https:\/\/www.comercialanma.es\/?product=tros-nou-bellmunt-vi-de-vila","title":{"rendered":"Tros Nou Bellmunt Vi de Vila 75cl."},"content":{"rendered":"<h3>D.O.Q:<\/h3>\n<ul>\n<li>Priorat.<\/li>\n<\/ul>\n<h3>Variedades de uva:<\/h3>\n<ul>\n<li>Garnacha negra.<\/li>\n<\/ul>\n<h3>Graduaci\u00f3n:<\/h3>\n<ul>\n<li>Graduaci\u00f3n: 14,5% vol.<\/li>\n<\/ul>\n<h3>Nota de cata:<\/h3>\n<div class=\"field\">\n<div class=\"field-items\">\n<div class=\"field field--name-field-nose field--type-string-long field--label-above\">\n<ul>\n<li class=\"field__item\">Limpio, l\u00edmpido y brillante. Color cereza picota con reflejos granates, y donde presenta una intensidad de capa media.<\/li>\n<li class=\"field__item\">Primer contacto en copa donde la Garnacha se expresa con toda su esencia. Aromas de frutos rojos (frambuesa y fresas silvestres), fruta negra madura (moras y grosella) y peque\u00f1os toques bals\u00e1micos de regaliz. A los minutos en copa, la complejidad del vino se apodera de la copa ofreci\u00e9ndonos las notas m\u00e1s representativas del Priorat, donde la mineralidad seguida de toques ligeramente especiados cierran el abanico arom\u00e1tico.<\/li>\n<li class=\"field__item\">Entrada en boca en la que su graduaci\u00f3n (caracter\u00edstica de la variedad) es imperceptible. Se presenta con una frescura y elegancia memorable, y en donde los taninos, en su paso por boca consiguen fundirse con una pulcritud inmejorable.<\/li>\n<\/ul>\n<\/div>\n<h3>Maridaje:<\/h3>\n<ul>\n<li>Arroces de carne, Langosta a la brasa, Pastas con carne, Vegetales.<\/li>\n<\/ul>\n<\/div>\n<\/div>\n","protected":false},"excerpt":{"rendered":"<div id=\"tw-target-text-container\">\n<p dir=\"ltr\" data-placeholder=\"Traducci\u00f3n\">Tros Nou\u00a0es el nuevo vino del Celler Joan Sim\u00f3 de Porrera, un vino de guarda elaborado principalmente a partir de Garnacha Peluda y Carinyena, uvas procedentes de una sola finca, la finca centenaria\u00a0&#8220;Tros Nou&#8221;,\u00a0propiedad del abuelo de Gerard, Joan Sim\u00f3, que se encuentra situada cerca del pueblo de Bellmunt del Priorat, en una parcela con unas 3800 cepas plantadas hace m\u00e1s de 87 a\u00f1os, principalmente con Garnacha Peluda. El vino est\u00e1 clasificado como\u00a0&#8220;Vi de Vila&#8221;\u00a0de Bellmunt.<\/p>\n<\/div>\n","protected":false},"featured_media":24381,"template":"","meta":{"spay_email":""},"yoast_head":"<!-- This site is optimized with the Yoast SEO plugin v15.9 - https:\/\/yoast.com\/wordpress\/plugins\/seo\/ -->\n<title>Tros Nou Bellmunt Vi de Vila 75cl. - Comercial de Hosteleria Anma<\/title>\n<meta name=\"description\" content=\"Tros Nou Bellmunt Vi de Vila | 75cl. | D.O.Q Priorat | El vino est\u00e1 clasificado como\u00a0&quot;Vi de Vila&quot;\u00a0de Bellmunt.\" \/>\n<meta name=\"robots\" content=\"index, follow, max-snippet:-1, max-image-preview:large, max-video-preview:-1\" \/>\n<link rel=\"canonical\" href=\"https:\/\/www.comercialanma.es\/?product=tros-nou-bellmunt-vi-de-vila\" \/>\n<meta property=\"og:locale\" content=\"es_ES\" \/>\n<meta property=\"og:type\" content=\"article\" \/>\n<meta property=\"og:title\" content=\"Tros Nou Bellmunt Vi de Vila 75cl. - Comercial de Hosteleria Anma\" \/>\n<meta property=\"og:description\" content=\"Tros Nou Bellmunt Vi de Vila | 75cl. | D.O.Q Priorat | El vino est\u00e1 clasificado como\u00a0&quot;Vi de Vila&quot;\u00a0de Bellmunt.\" \/>\n<meta property=\"og:url\" content=\"https:\/\/www.comercialanma.es\/?product=tros-nou-bellmunt-vi-de-vila\" \/>\n<meta property=\"og:site_name\" content=\"Comercial de Hosteleria Anma\" \/>\n<meta property=\"article:publisher\" content=\"https:\/\/www.facebook.com\/AnmaHosteleria\" \/>\n<meta property=\"article:modified_time\" content=\"2025-09-19T15:59:07+00:00\" \/>\n<meta property=\"og:image\" content=\"https:\/\/i1.wp.com\/www.comercialanma.es\/wp-content\/uploads\/2025\/09\/tros-nou-bellmunt-vi-de-vila.jpg?fit=1080%2C1080&#038;ssl=1\" \/>\n\t<meta property=\"og:image:width\" content=\"1080\" \/>\n\t<meta property=\"og:image:height\" content=\"1080\" \/>\n<meta name=\"twitter:card\" content=\"summary_large_image\" \/>\n<meta name=\"twitter:label1\" content=\"Tiempo de lectura\">\n\t<meta name=\"twitter:data1\" content=\"1 minuto\">\n<script type=\"application\/ld+json\" class=\"yoast-schema-graph\">{\"@context\":\"https:\/\/schema.org\",\"@graph\":[{\"@type\":\"Organization\",\"@id\":\"https:\/\/www.comercialanma.es\/#organization\",\"name\":\"Comercial Anma\",\"url\":\"https:\/\/www.comercialanma.es\/\",\"sameAs\":[\"https:\/\/www.facebook.com\/AnmaHosteleria\",\"https:\/\/www.instagram.com\/anmahosteleria\/?hl=es\",\"https:\/\/www.youtube.com\/channel\/UCT2nmn08Ntks0hmpZPnDgCA\"],\"logo\":{\"@type\":\"ImageObject\",\"@id\":\"https:\/\/www.comercialanma.es\/#logo\",\"inLanguage\":\"es\",\"url\":\"https:\/\/i2.wp.com\/www.comercialanma.es\/wp-content\/uploads\/2019\/06\/logo-anma-color.png?fit=247%2C101&ssl=1\",\"width\":247,\"height\":101,\"caption\":\"Comercial Anma\"},\"image\":{\"@id\":\"https:\/\/www.comercialanma.es\/#logo\"}},{\"@type\":\"WebSite\",\"@id\":\"https:\/\/www.comercialanma.es\/#website\",\"url\":\"https:\/\/www.comercialanma.es\/\",\"name\":\"Comercial de Hosteleria Anma\",\"description\":\"\",\"publisher\":{\"@id\":\"https:\/\/www.comercialanma.es\/#organization\"},\"potentialAction\":[{\"@type\":\"SearchAction\",\"target\":\"https:\/\/www.comercialanma.es\/?s={search_term_string}\",\"query-input\":\"required name=search_term_string\"}],\"inLanguage\":\"es\"},{\"@type\":\"ImageObject\",\"@id\":\"https:\/\/www.comercialanma.es\/?product=tros-nou-bellmunt-vi-de-vila#primaryimage\",\"inLanguage\":\"es\",\"url\":\"https:\/\/i1.wp.com\/www.comercialanma.es\/wp-content\/uploads\/2025\/09\/tros-nou-bellmunt-vi-de-vila.jpg?fit=1080%2C1080&ssl=1\",\"width\":1080,\"height\":1080},{\"@type\":\"WebPage\",\"@id\":\"https:\/\/www.comercialanma.es\/?product=tros-nou-bellmunt-vi-de-vila#webpage\",\"url\":\"https:\/\/www.comercialanma.es\/?product=tros-nou-bellmunt-vi-de-vila\",\"name\":\"Tros Nou Bellmunt Vi de Vila 75cl. - Comercial de Hosteleria Anma\",\"isPartOf\":{\"@id\":\"https:\/\/www.comercialanma.es\/#website\"},\"primaryImageOfPage\":{\"@id\":\"https:\/\/www.comercialanma.es\/?product=tros-nou-bellmunt-vi-de-vila#primaryimage\"},\"datePublished\":\"2025-09-19T15:27:34+00:00\",\"dateModified\":\"2025-09-19T15:59:07+00:00\",\"description\":\"Tros Nou Bellmunt Vi de Vila | 75cl. | D.O.Q Priorat | El vino est\\u00e1 clasificado como\\u00a0\\\"Vi de Vila\\\"\\u00a0de Bellmunt.\",\"breadcrumb\":{\"@id\":\"https:\/\/www.comercialanma.es\/?product=tros-nou-bellmunt-vi-de-vila#breadcrumb\"},\"inLanguage\":\"es\",\"potentialAction\":[{\"@type\":\"ReadAction\",\"target\":[\"https:\/\/www.comercialanma.es\/?product=tros-nou-bellmunt-vi-de-vila\"]}]},{\"@type\":\"BreadcrumbList\",\"@id\":\"https:\/\/www.comercialanma.es\/?product=tros-nou-bellmunt-vi-de-vila#breadcrumb\",\"itemListElement\":[{\"@type\":\"ListItem\",\"position\":1,\"item\":{\"@type\":\"WebPage\",\"@id\":\"https:\/\/www.comercialanma.es\/\",\"url\":\"https:\/\/www.comercialanma.es\/\",\"name\":\"Portada\"}},{\"@type\":\"ListItem\",\"position\":2,\"item\":{\"@type\":\"WebPage\",\"@id\":\"https:\/\/www.comercialanma.es\/?page_id=3963\",\"url\":\"https:\/\/www.comercialanma.es\/?page_id=3963\",\"name\":\"Cat\\u00e1logo de Productos\"}},{\"@type\":\"ListItem\",\"position\":3,\"item\":{\"@type\":\"WebPage\",\"@id\":\"https:\/\/www.comercialanma.es\/?product=tros-nou-bellmunt-vi-de-vila\",\"url\":\"https:\/\/www.comercialanma.es\/?product=tros-nou-bellmunt-vi-de-vila\",\"name\":\"Tros Nou Bellmunt Vi de Vila 75cl.\"}}]}]}<\/script>\n<!-- \/ Yoast SEO plugin. -->","_links":{"self":[{"href":"https:\/\/www.comercialanma.es\/index.php?rest_route=\/wp\/v2\/product\/24380"}],"collection":[{"href":"https:\/\/www.comercialanma.es\/index.php?rest_route=\/wp\/v2\/product"}],"about":[{"href":"https:\/\/www.comercialanma.es\/index.php?rest_route=\/wp\/v2\/types\/product"}],"version-history":[{"count":1,"href":"https:\/\/www.comercialanma.es\/index.php?rest_route=\/wp\/v2\/product\/24380\/revisions"}],"predecessor-version":[{"id":24382,"href":"https:\/\/www.comercialanma.es\/index.php?rest_route=\/wp\/v2\/product\/24380\/revisions\/24382"}],"wp:featuredmedia":[{"embeddable":true,"href":"https:\/\/www.comercialanma.es\/index.php?rest_route=\/wp\/v2\/media\/24381"}],"wp:attachment":[{"href":"https:\/\/www.comercialanma.es\/index.php?rest_route=%2Fwp%2Fv2%2Fmedia&parent=24380"}],"curies":[{"name":"wp","href":"https:\/\/api.w.org\/{rel}","templated":true}]}}