
{"id":24411,"date":"2025-09-23T11:58:28","date_gmt":"2025-09-23T09:58:28","guid":{"rendered":"https:\/\/www.comercialanma.es\/?post_type=product&#038;p=24411"},"modified":"2025-09-23T12:05:32","modified_gmt":"2025-09-23T10:05:32","slug":"luz-millar-lleiros-roble","status":"publish","type":"product","link":"https:\/\/www.comercialanma.es\/?product=luz-millar-lleiros-roble","title":{"rendered":"Luz Millar Lleiros Roble 75cl."},"content":{"rendered":"<h3>D.O.:<\/h3>\n<ul>\n<li>Ribera del Duero<\/li>\n<\/ul>\n<h3>Variedades de uva:<\/h3>\n<ul>\n<li><span class=\"tlid-translation translation\" lang=\"es\"><span title=\"\"><span class=\"tablaValorContenido\">Tempranillo<\/span><\/span><\/span><\/li>\n<\/ul>\n<h3>Graduaci\u00f3n:<\/h3>\n<ul>\n<li>Graduaci\u00f3n: 14,0% vol.<\/li>\n<\/ul>\n<h3>Nota de Cata:<\/h3>\n<ul>\n<li>De color rojo intenso con irisaciones viol\u00e1ceas y capa media.<\/li>\n<li>En nariz destacan los aromas a fruta roja, muy bien ensamblados con tonos de especias, canela y vainilla.<\/li>\n<li>En boca es carnoso, amplio, equilibrado, de largo final y agradable posgusto.<\/li>\n<\/ul>\n<h3>Maridaje:<\/h3>\n<ul>\n<li>\n<div class=\"WaaZC\">\n<div class=\"RJPOee EIJn2\">\n<div class=\"rPeykc\" data-hveid=\"CAUQAQ\" data-ved=\"2ahUKEwjI_errnJSNAxXWK_sDHQfKCFcQo_EKegQIBRAB\">\n<p>: Frutos secos, quesos, embutidos, pescados azules, arroces y pasta.<\/p>\n<div class=\"NPrrbc\" data-cid=\"c6a08fa8-4582-4599-aefc-8909ff3b50dd\" data-uuids=\"9702906973269110794,9702906973269112839\">\n<div class=\"BMebGe btku5b fCrZyc LwdV0e FR7ZSc OJeuxf\" tabindex=\"0\" role=\"button\" aria-label=\"Ver enlaces relacionados\" data-hveid=\"CAYQAQ\" data-ved=\"2ahUKEwjI_errnJSNAxXWK_sDHQfKCFcQ3fYKegQIBhAB\"><\/div>\n<\/div>\n<\/div>\n<\/div>\n<\/div>\n<\/li>\n<\/ul>\n","protected":false},"excerpt":{"rendered":"<p>\u00bfPuedes verlas? Parece que s\u00f3lo existen de noche, pero en realidad esos peque\u00f1os destellos fueron ya vistos por nuestros antepasados. Ellos, como t\u00fa ahora, tambi\u00e9n vieron esta misma luz en el cielo, la gu\u00eda de las estrellas.<\/p>\n","protected":false},"featured_media":24412,"template":"","meta":{"spay_email":""},"yoast_head":"<!-- This site is optimized with the Yoast SEO plugin v15.9 - https:\/\/yoast.com\/wordpress\/plugins\/seo\/ -->\n<title>Luz Millar Lleiros Roble 75cl. - Comercial de Hosteleria Anma<\/title>\n<meta name=\"description\" content=\"Luz Millar Lleiros Roble | 75cl. | D.O Rivera del Duero | 100% Tempranillo. Crianza de doce meses en barricas de roble franc\u00e9s.\" \/>\n<meta name=\"robots\" content=\"index, follow, max-snippet:-1, max-image-preview:large, max-video-preview:-1\" \/>\n<link rel=\"canonical\" href=\"https:\/\/www.comercialanma.es\/?product=luz-millar-lleiros-roble\" \/>\n<meta property=\"og:locale\" content=\"es_ES\" \/>\n<meta property=\"og:type\" content=\"article\" \/>\n<meta property=\"og:title\" content=\"Luz Millar Lleiros Roble 75cl. - Comercial de Hosteleria Anma\" \/>\n<meta property=\"og:description\" content=\"Luz Millar Lleiros Roble | 75cl. | D.O Rivera del Duero | 100% Tempranillo. Crianza de doce meses en barricas de roble franc\u00e9s.\" \/>\n<meta property=\"og:url\" content=\"https:\/\/www.comercialanma.es\/?product=luz-millar-lleiros-roble\" \/>\n<meta property=\"og:site_name\" content=\"Comercial de Hosteleria Anma\" \/>\n<meta property=\"article:publisher\" content=\"https:\/\/www.facebook.com\/AnmaHosteleria\" \/>\n<meta property=\"article:modified_time\" content=\"2025-09-23T10:05:32+00:00\" \/>\n<meta property=\"og:image\" content=\"https:\/\/i0.wp.com\/www.comercialanma.es\/wp-content\/uploads\/2025\/09\/luz-millar-lleiroso-crianza.jpg?fit=1080%2C1080&#038;ssl=1\" \/>\n\t<meta property=\"og:image:width\" content=\"1080\" \/>\n\t<meta property=\"og:image:height\" content=\"1080\" \/>\n<meta name=\"twitter:card\" content=\"summary_large_image\" \/>\n<meta name=\"twitter:label1\" content=\"Tiempo de lectura\">\n\t<meta name=\"twitter:data1\" content=\"1 minuto\">\n<script type=\"application\/ld+json\" class=\"yoast-schema-graph\">{\"@context\":\"https:\/\/schema.org\",\"@graph\":[{\"@type\":\"Organization\",\"@id\":\"https:\/\/www.comercialanma.es\/#organization\",\"name\":\"Comercial Anma\",\"url\":\"https:\/\/www.comercialanma.es\/\",\"sameAs\":[\"https:\/\/www.facebook.com\/AnmaHosteleria\",\"https:\/\/www.instagram.com\/anmahosteleria\/?hl=es\",\"https:\/\/www.youtube.com\/channel\/UCT2nmn08Ntks0hmpZPnDgCA\"],\"logo\":{\"@type\":\"ImageObject\",\"@id\":\"https:\/\/www.comercialanma.es\/#logo\",\"inLanguage\":\"es\",\"url\":\"https:\/\/i2.wp.com\/www.comercialanma.es\/wp-content\/uploads\/2019\/06\/logo-anma-color.png?fit=247%2C101&ssl=1\",\"width\":247,\"height\":101,\"caption\":\"Comercial Anma\"},\"image\":{\"@id\":\"https:\/\/www.comercialanma.es\/#logo\"}},{\"@type\":\"WebSite\",\"@id\":\"https:\/\/www.comercialanma.es\/#website\",\"url\":\"https:\/\/www.comercialanma.es\/\",\"name\":\"Comercial de Hosteleria Anma\",\"description\":\"\",\"publisher\":{\"@id\":\"https:\/\/www.comercialanma.es\/#organization\"},\"potentialAction\":[{\"@type\":\"SearchAction\",\"target\":\"https:\/\/www.comercialanma.es\/?s={search_term_string}\",\"query-input\":\"required name=search_term_string\"}],\"inLanguage\":\"es\"},{\"@type\":\"ImageObject\",\"@id\":\"https:\/\/www.comercialanma.es\/?product=luz-millar-lleiros-roble#primaryimage\",\"inLanguage\":\"es\",\"url\":\"https:\/\/i0.wp.com\/www.comercialanma.es\/wp-content\/uploads\/2025\/09\/luz-millar-lleiroso-crianza.jpg?fit=1080%2C1080&ssl=1\",\"width\":1080,\"height\":1080},{\"@type\":\"WebPage\",\"@id\":\"https:\/\/www.comercialanma.es\/?product=luz-millar-lleiros-roble#webpage\",\"url\":\"https:\/\/www.comercialanma.es\/?product=luz-millar-lleiros-roble\",\"name\":\"Luz Millar Lleiros Roble 75cl. - Comercial de Hosteleria Anma\",\"isPartOf\":{\"@id\":\"https:\/\/www.comercialanma.es\/#website\"},\"primaryImageOfPage\":{\"@id\":\"https:\/\/www.comercialanma.es\/?product=luz-millar-lleiros-roble#primaryimage\"},\"datePublished\":\"2025-09-23T09:58:28+00:00\",\"dateModified\":\"2025-09-23T10:05:32+00:00\",\"description\":\"Luz Millar Lleiros Roble | 75cl. | D.O Rivera del Duero | 100% Tempranillo. Crianza de doce meses en barricas de roble franc\\u00e9s.\",\"breadcrumb\":{\"@id\":\"https:\/\/www.comercialanma.es\/?product=luz-millar-lleiros-roble#breadcrumb\"},\"inLanguage\":\"es\",\"potentialAction\":[{\"@type\":\"ReadAction\",\"target\":[\"https:\/\/www.comercialanma.es\/?product=luz-millar-lleiros-roble\"]}]},{\"@type\":\"BreadcrumbList\",\"@id\":\"https:\/\/www.comercialanma.es\/?product=luz-millar-lleiros-roble#breadcrumb\",\"itemListElement\":[{\"@type\":\"ListItem\",\"position\":1,\"item\":{\"@type\":\"WebPage\",\"@id\":\"https:\/\/www.comercialanma.es\/\",\"url\":\"https:\/\/www.comercialanma.es\/\",\"name\":\"Portada\"}},{\"@type\":\"ListItem\",\"position\":2,\"item\":{\"@type\":\"WebPage\",\"@id\":\"https:\/\/www.comercialanma.es\/?page_id=3963\",\"url\":\"https:\/\/www.comercialanma.es\/?page_id=3963\",\"name\":\"Cat\\u00e1logo de Productos\"}},{\"@type\":\"ListItem\",\"position\":3,\"item\":{\"@type\":\"WebPage\",\"@id\":\"https:\/\/www.comercialanma.es\/?product=luz-millar-lleiros-roble\",\"url\":\"https:\/\/www.comercialanma.es\/?product=luz-millar-lleiros-roble\",\"name\":\"Luz Millar Lleiros Roble 75cl.\"}}]}]}<\/script>\n<!-- \/ Yoast SEO plugin. -->","_links":{"self":[{"href":"https:\/\/www.comercialanma.es\/index.php?rest_route=\/wp\/v2\/product\/24411"}],"collection":[{"href":"https:\/\/www.comercialanma.es\/index.php?rest_route=\/wp\/v2\/product"}],"about":[{"href":"https:\/\/www.comercialanma.es\/index.php?rest_route=\/wp\/v2\/types\/product"}],"version-history":[{"count":2,"href":"https:\/\/www.comercialanma.es\/index.php?rest_route=\/wp\/v2\/product\/24411\/revisions"}],"predecessor-version":[{"id":24414,"href":"https:\/\/www.comercialanma.es\/index.php?rest_route=\/wp\/v2\/product\/24411\/revisions\/24414"}],"wp:featuredmedia":[{"embeddable":true,"href":"https:\/\/www.comercialanma.es\/index.php?rest_route=\/wp\/v2\/media\/24412"}],"wp:attachment":[{"href":"https:\/\/www.comercialanma.es\/index.php?rest_route=%2Fwp%2Fv2%2Fmedia&parent=24411"}],"curies":[{"name":"wp","href":"https:\/\/api.w.org\/{rel}","templated":true}]}}