
{"id":24432,"date":"2025-09-24T12:35:18","date_gmt":"2025-09-24T10:35:18","guid":{"rendered":"https:\/\/www.comercialanma.es\/?post_type=product&#038;p=24432"},"modified":"2026-01-30T10:17:00","modified_gmt":"2026-01-30T09:17:00","slug":"parvus","status":"publish","type":"product","link":"https:\/\/www.comercialanma.es\/?product=parvus","title":{"rendered":"Parvus Syrah 75cl."},"content":{"rendered":"<h3>D.O.:<\/h3>\n<ul>\n<li>Alella<\/li>\n<\/ul>\n<h3>Variedades de uva:<\/h3>\n<ul>\n<li>Syrah Art Laiet\u00e0 d\u2019Alta Alella<\/li>\n<\/ul>\n<h3>Graduaci\u00f3n:<\/h3>\n<ul>\n<li>Graduaci\u00f3n: 14% vol.<\/li>\n<\/ul>\n<h3>Nota de cata:<\/h3>\n<div id=\"tab_cata_2009\" class=\"tab_content catas_review_container\">\n<ul>\n<li class=\"sp catas_review col-xs-12 nopadding\">Color cereza con reflejos viol\u00e1ceos.<\/li>\n<li class=\"sp catas_review col-xs-12 nopadding\">Buena intensidad arom\u00e1tica donde resaltan los aromes de violeta, fruta negra madura (mora, ciruela) con bals\u00e1micos y especiados caracter\u00edsticos de la misma variedad Syrah y del envejecimiento en barrica.<\/li>\n<li class=\"sp catas_review col-xs-12 nopadding\">Recordamos los aromas de fruta madura con un punto salobre y atrevido. Vino muy gastron\u00f3mico con un final fresco y moderno.<\/li>\n<\/ul>\n<\/div>\n<p>&nbsp;<\/p>\n","protected":false},"excerpt":{"rendered":"<p><img loading=\"lazy\" class=\"alignnone wp-image-24593\" src=\"https:\/\/www.comercialanma.es\/wp-content\/uploads\/2026\/01\/ETIQUETAS-ECO.png\" alt=\"\" width=\"50\" height=\"50\" srcset=\"https:\/\/i0.wp.com\/www.comercialanma.es\/wp-content\/uploads\/2026\/01\/ETIQUETAS-ECO.png?w=300&amp;ssl=1 300w, https:\/\/i0.wp.com\/www.comercialanma.es\/wp-content\/uploads\/2026\/01\/ETIQUETAS-ECO.png?resize=150%2C150&amp;ssl=1 150w, https:\/\/i0.wp.com\/www.comercialanma.es\/wp-content\/uploads\/2026\/01\/ETIQUETAS-ECO.png?resize=104%2C104&amp;ssl=1 104w, https:\/\/i0.wp.com\/www.comercialanma.es\/wp-content\/uploads\/2026\/01\/ETIQUETAS-ECO.png?resize=260%2C260&amp;ssl=1 260w, https:\/\/i0.wp.com\/www.comercialanma.es\/wp-content\/uploads\/2026\/01\/ETIQUETAS-ECO.png?resize=78%2C78&amp;ssl=1 78w, https:\/\/i0.wp.com\/www.comercialanma.es\/wp-content\/uploads\/2026\/01\/ETIQUETAS-ECO.png?resize=100%2C100&amp;ssl=1 100w, https:\/\/i0.wp.com\/www.comercialanma.es\/wp-content\/uploads\/2026\/01\/ETIQUETAS-ECO.png?resize=64%2C64&amp;ssl=1 64w\" sizes=\"(max-width: 50px) 100vw, 50px\" \/> <img loading=\"lazy\" class=\"alignnone wp-image-24595\" src=\"https:\/\/www.comercialanma.es\/wp-content\/uploads\/2026\/01\/ETIQUETAS-VEGANO.png\" alt=\"\" width=\"50\" height=\"50\" srcset=\"https:\/\/i1.wp.com\/www.comercialanma.es\/wp-content\/uploads\/2026\/01\/ETIQUETAS-VEGANO.png?w=300&amp;ssl=1 300w, https:\/\/i1.wp.com\/www.comercialanma.es\/wp-content\/uploads\/2026\/01\/ETIQUETAS-VEGANO.png?resize=150%2C150&amp;ssl=1 150w, https:\/\/i1.wp.com\/www.comercialanma.es\/wp-content\/uploads\/2026\/01\/ETIQUETAS-VEGANO.png?resize=104%2C104&amp;ssl=1 104w, https:\/\/i1.wp.com\/www.comercialanma.es\/wp-content\/uploads\/2026\/01\/ETIQUETAS-VEGANO.png?resize=260%2C260&amp;ssl=1 260w, https:\/\/i1.wp.com\/www.comercialanma.es\/wp-content\/uploads\/2026\/01\/ETIQUETAS-VEGANO.png?resize=78%2C78&amp;ssl=1 78w, https:\/\/i1.wp.com\/www.comercialanma.es\/wp-content\/uploads\/2026\/01\/ETIQUETAS-VEGANO.png?resize=100%2C100&amp;ssl=1 100w, https:\/\/i1.wp.com\/www.comercialanma.es\/wp-content\/uploads\/2026\/01\/ETIQUETAS-VEGANO.png?resize=64%2C64&amp;ssl=1 64w\" sizes=\"(max-width: 50px) 100vw, 50px\" \/><\/p>\n<p><a href=\"https:\/\/www.comercialanma.es\/wp-content\/uploads\/2026\/01\/14.-Alta-Alella-PARVUS-Syrah_cast_2022.pdf\"><strong>FICHA T\u00c9CNICA<\/strong><\/a><\/p>\n<p>El vino Parvus Syrah est\u00e1 elaborado por la bodega Alta Alella a partir de vi\u00f1edos de Syrah de cultivo ecol\u00f3gico. Estos vi\u00f1edos se encuentran a pocos kilometros del litoral mediterr\u00e1neo, en la\u00a0DO Alella, asentados en terrazas con orientaci\u00f3n sureste y de suelos de\u00a0saul\u00f3, t\u00edpico suelo de esta denominaci\u00f3n formado por arena gruesa de naturaleza gran\u00edtica.<\/p>\n","protected":false},"featured_media":24433,"template":"","meta":{"spay_email":""},"yoast_head":"<!-- This site is optimized with the Yoast SEO plugin v15.9 - https:\/\/yoast.com\/wordpress\/plugins\/seo\/ -->\n<title>Parvus Syrah 75cl. - Comercial de Hosteleria Anma<\/title>\n<meta name=\"description\" content=\"Parvus Alta Alella | 75cl. | Elaborado por la bodega\u00a0Alta Alella\u00a0a partir de vi\u00f1edos de\u00a0Syrah\u00a0de\u00a0cultivo ecol\u00f3gico.\" \/>\n<meta name=\"robots\" content=\"index, follow, max-snippet:-1, max-image-preview:large, max-video-preview:-1\" \/>\n<link rel=\"canonical\" href=\"https:\/\/www.comercialanma.es\/?product=parvus\" \/>\n<meta property=\"og:locale\" content=\"es_ES\" \/>\n<meta property=\"og:type\" content=\"article\" \/>\n<meta property=\"og:title\" content=\"Parvus Syrah 75cl. - Comercial de Hosteleria Anma\" \/>\n<meta property=\"og:description\" content=\"Parvus Alta Alella | 75cl. | Elaborado por la bodega\u00a0Alta Alella\u00a0a partir de vi\u00f1edos de\u00a0Syrah\u00a0de\u00a0cultivo ecol\u00f3gico.\" \/>\n<meta property=\"og:url\" content=\"https:\/\/www.comercialanma.es\/?product=parvus\" \/>\n<meta property=\"og:site_name\" content=\"Comercial de Hosteleria Anma\" \/>\n<meta property=\"article:publisher\" content=\"https:\/\/www.facebook.com\/AnmaHosteleria\" \/>\n<meta property=\"article:modified_time\" content=\"2026-01-30T09:17:00+00:00\" \/>\n<meta property=\"og:image\" content=\"https:\/\/i0.wp.com\/www.comercialanma.es\/wp-content\/uploads\/2025\/09\/PARVUS-ALTA-ALELLA.jpg?fit=1080%2C1080&#038;ssl=1\" \/>\n\t<meta property=\"og:image:width\" content=\"1080\" \/>\n\t<meta property=\"og:image:height\" content=\"1080\" \/>\n<meta name=\"twitter:card\" content=\"summary_large_image\" \/>\n<meta name=\"twitter:label1\" content=\"Tiempo de lectura\">\n\t<meta name=\"twitter:data1\" content=\"1 minuto\">\n<script type=\"application\/ld+json\" class=\"yoast-schema-graph\">{\"@context\":\"https:\/\/schema.org\",\"@graph\":[{\"@type\":\"Organization\",\"@id\":\"https:\/\/www.comercialanma.es\/#organization\",\"name\":\"Comercial Anma\",\"url\":\"https:\/\/www.comercialanma.es\/\",\"sameAs\":[\"https:\/\/www.facebook.com\/AnmaHosteleria\",\"https:\/\/www.instagram.com\/anmahosteleria\/?hl=es\",\"https:\/\/www.youtube.com\/channel\/UCT2nmn08Ntks0hmpZPnDgCA\"],\"logo\":{\"@type\":\"ImageObject\",\"@id\":\"https:\/\/www.comercialanma.es\/#logo\",\"inLanguage\":\"es\",\"url\":\"https:\/\/i2.wp.com\/www.comercialanma.es\/wp-content\/uploads\/2019\/06\/logo-anma-color.png?fit=247%2C101&ssl=1\",\"width\":247,\"height\":101,\"caption\":\"Comercial Anma\"},\"image\":{\"@id\":\"https:\/\/www.comercialanma.es\/#logo\"}},{\"@type\":\"WebSite\",\"@id\":\"https:\/\/www.comercialanma.es\/#website\",\"url\":\"https:\/\/www.comercialanma.es\/\",\"name\":\"Comercial de Hosteleria Anma\",\"description\":\"\",\"publisher\":{\"@id\":\"https:\/\/www.comercialanma.es\/#organization\"},\"potentialAction\":[{\"@type\":\"SearchAction\",\"target\":\"https:\/\/www.comercialanma.es\/?s={search_term_string}\",\"query-input\":\"required name=search_term_string\"}],\"inLanguage\":\"es\"},{\"@type\":\"ImageObject\",\"@id\":\"https:\/\/www.comercialanma.es\/?product=parvus#primaryimage\",\"inLanguage\":\"es\",\"url\":\"https:\/\/i0.wp.com\/www.comercialanma.es\/wp-content\/uploads\/2025\/09\/PARVUS-ALTA-ALELLA.jpg?fit=1080%2C1080&ssl=1\",\"width\":1080,\"height\":1080},{\"@type\":\"WebPage\",\"@id\":\"https:\/\/www.comercialanma.es\/?product=parvus#webpage\",\"url\":\"https:\/\/www.comercialanma.es\/?product=parvus\",\"name\":\"Parvus Syrah 75cl. - Comercial de Hosteleria Anma\",\"isPartOf\":{\"@id\":\"https:\/\/www.comercialanma.es\/#website\"},\"primaryImageOfPage\":{\"@id\":\"https:\/\/www.comercialanma.es\/?product=parvus#primaryimage\"},\"datePublished\":\"2025-09-24T10:35:18+00:00\",\"dateModified\":\"2026-01-30T09:17:00+00:00\",\"description\":\"Parvus Alta Alella | 75cl. | Elaborado por la bodega\\u00a0Alta Alella\\u00a0a partir de vi\\u00f1edos de\\u00a0Syrah\\u00a0de\\u00a0cultivo ecol\\u00f3gico.\",\"breadcrumb\":{\"@id\":\"https:\/\/www.comercialanma.es\/?product=parvus#breadcrumb\"},\"inLanguage\":\"es\",\"potentialAction\":[{\"@type\":\"ReadAction\",\"target\":[\"https:\/\/www.comercialanma.es\/?product=parvus\"]}]},{\"@type\":\"BreadcrumbList\",\"@id\":\"https:\/\/www.comercialanma.es\/?product=parvus#breadcrumb\",\"itemListElement\":[{\"@type\":\"ListItem\",\"position\":1,\"item\":{\"@type\":\"WebPage\",\"@id\":\"https:\/\/www.comercialanma.es\/\",\"url\":\"https:\/\/www.comercialanma.es\/\",\"name\":\"Portada\"}},{\"@type\":\"ListItem\",\"position\":2,\"item\":{\"@type\":\"WebPage\",\"@id\":\"https:\/\/www.comercialanma.es\/?page_id=3963\",\"url\":\"https:\/\/www.comercialanma.es\/?page_id=3963\",\"name\":\"Cat\\u00e1logo de Productos\"}},{\"@type\":\"ListItem\",\"position\":3,\"item\":{\"@type\":\"WebPage\",\"@id\":\"https:\/\/www.comercialanma.es\/?product=parvus\",\"url\":\"https:\/\/www.comercialanma.es\/?product=parvus\",\"name\":\"Parvus Syrah 75cl.\"}}]}]}<\/script>\n<!-- \/ Yoast SEO plugin. -->","_links":{"self":[{"href":"https:\/\/www.comercialanma.es\/index.php?rest_route=\/wp\/v2\/product\/24432"}],"collection":[{"href":"https:\/\/www.comercialanma.es\/index.php?rest_route=\/wp\/v2\/product"}],"about":[{"href":"https:\/\/www.comercialanma.es\/index.php?rest_route=\/wp\/v2\/types\/product"}],"version-history":[{"count":2,"href":"https:\/\/www.comercialanma.es\/index.php?rest_route=\/wp\/v2\/product\/24432\/revisions"}],"predecessor-version":[{"id":24605,"href":"https:\/\/www.comercialanma.es\/index.php?rest_route=\/wp\/v2\/product\/24432\/revisions\/24605"}],"wp:featuredmedia":[{"embeddable":true,"href":"https:\/\/www.comercialanma.es\/index.php?rest_route=\/wp\/v2\/media\/24433"}],"wp:attachment":[{"href":"https:\/\/www.comercialanma.es\/index.php?rest_route=%2Fwp%2Fv2%2Fmedia&parent=24432"}],"curies":[{"name":"wp","href":"https:\/\/api.w.org\/{rel}","templated":true}]}}