
{"id":24447,"date":"2025-09-26T12:50:21","date_gmt":"2025-09-26T10:50:21","guid":{"rendered":"https:\/\/www.comercialanma.es\/?post_type=product&#038;p=24447"},"modified":"2026-01-30T10:05:53","modified_gmt":"2026-01-30T09:05:53","slug":"mirgin","status":"publish","type":"product","link":"https:\/\/www.comercialanma.es\/?product=mirgin","title":{"rendered":"Alta Alella Mirgin Guarda Superior Reserva 75cl."},"content":{"rendered":"<h3>D.O.:<\/h3>\n<ul>\n<li>Cava<\/li>\n<\/ul>\n<h3>Variedad:<\/h3>\n<ul>\n<li>Pansa blanca, Macabeo, Parellada.<\/li>\n<\/ul>\n<h3>Graduaci\u00f3n:<\/h3>\n<ul>\n<li>Graduaci\u00f3n: 11,5% vol.<\/li>\n<\/ul>\n<h3>Nota de Cata:<\/h3>\n<div class=\"field field--name-field-visual field--type-string field--label-above\">\n<ul>\n<li class=\"field__item\">De burbuja fina y un color amarillo p\u00e1lido con reflejos verdosos.<\/li>\n<li class=\"field__item\">Dominada por aromas a fruta blanca con delicadas notas c\u00edtricas y recuerdos de almendras verdes.<\/li>\n<li class=\"field__item\">Cava ligero y fresco que revela la verdadera expresi\u00f3n de los aromas de fruta blanca. Dada su crianza sobre l\u00edas, se perciben notas de pasteler\u00eda, burbujas bien integradas y un delicado retrogusto.<\/li>\n<\/ul>\n<\/div>\n<h3>Maridaje:<\/h3>\n<ul>\n<li>Pescados y aves ahumados o cocinados a la brasa. Con guisos y sopas de pescado tradicionales. Platos de texturas viscosas como ostras o pies de cerdo. Acompa\u00f1a estos vinos con salsas de crema, mantequilla, bechamel o salsas de vino blanco. Arroces de ave o de pescado. Pasta con salsas blancas de crema o mantequilla, o con frutos de mar. Ideal para quesos cremosos. Condimenta tus platos con especias dulces (clavo, nuez moscada\u2026), con setas o con contrapuntos frescos como c\u00edtricos o hierbas frescas..<\/li>\n<\/ul>\n","protected":false},"excerpt":{"rendered":"<p><img loading=\"lazy\" class=\"alignnone wp-image-24593\" src=\"https:\/\/www.comercialanma.es\/wp-content\/uploads\/2026\/01\/ETIQUETAS-ECO.png\" alt=\"\" width=\"50\" height=\"50\" srcset=\"https:\/\/i0.wp.com\/www.comercialanma.es\/wp-content\/uploads\/2026\/01\/ETIQUETAS-ECO.png?w=300&amp;ssl=1 300w, https:\/\/i0.wp.com\/www.comercialanma.es\/wp-content\/uploads\/2026\/01\/ETIQUETAS-ECO.png?resize=150%2C150&amp;ssl=1 150w, https:\/\/i0.wp.com\/www.comercialanma.es\/wp-content\/uploads\/2026\/01\/ETIQUETAS-ECO.png?resize=104%2C104&amp;ssl=1 104w, https:\/\/i0.wp.com\/www.comercialanma.es\/wp-content\/uploads\/2026\/01\/ETIQUETAS-ECO.png?resize=260%2C260&amp;ssl=1 260w, https:\/\/i0.wp.com\/www.comercialanma.es\/wp-content\/uploads\/2026\/01\/ETIQUETAS-ECO.png?resize=78%2C78&amp;ssl=1 78w, https:\/\/i0.wp.com\/www.comercialanma.es\/wp-content\/uploads\/2026\/01\/ETIQUETAS-ECO.png?resize=100%2C100&amp;ssl=1 100w, https:\/\/i0.wp.com\/www.comercialanma.es\/wp-content\/uploads\/2026\/01\/ETIQUETAS-ECO.png?resize=64%2C64&amp;ssl=1 64w\" sizes=\"(max-width: 50px) 100vw, 50px\" \/> <img loading=\"lazy\" class=\"alignnone wp-image-24595\" src=\"https:\/\/www.comercialanma.es\/wp-content\/uploads\/2026\/01\/ETIQUETAS-VEGANO.png\" alt=\"\" width=\"50\" height=\"50\" srcset=\"https:\/\/i1.wp.com\/www.comercialanma.es\/wp-content\/uploads\/2026\/01\/ETIQUETAS-VEGANO.png?w=300&amp;ssl=1 300w, https:\/\/i1.wp.com\/www.comercialanma.es\/wp-content\/uploads\/2026\/01\/ETIQUETAS-VEGANO.png?resize=150%2C150&amp;ssl=1 150w, https:\/\/i1.wp.com\/www.comercialanma.es\/wp-content\/uploads\/2026\/01\/ETIQUETAS-VEGANO.png?resize=104%2C104&amp;ssl=1 104w, https:\/\/i1.wp.com\/www.comercialanma.es\/wp-content\/uploads\/2026\/01\/ETIQUETAS-VEGANO.png?resize=260%2C260&amp;ssl=1 260w, https:\/\/i1.wp.com\/www.comercialanma.es\/wp-content\/uploads\/2026\/01\/ETIQUETAS-VEGANO.png?resize=78%2C78&amp;ssl=1 78w, https:\/\/i1.wp.com\/www.comercialanma.es\/wp-content\/uploads\/2026\/01\/ETIQUETAS-VEGANO.png?resize=100%2C100&amp;ssl=1 100w, https:\/\/i1.wp.com\/www.comercialanma.es\/wp-content\/uploads\/2026\/01\/ETIQUETAS-VEGANO.png?resize=64%2C64&amp;ssl=1 64w\" sizes=\"(max-width: 50px) 100vw, 50px\" \/><\/p>\n<p><a href=\"https:\/\/www.comercialanma.es\/wp-content\/uploads\/2026\/01\/1.-Art-Laieta\u0300-MIRGIN-RESERVA_cast_2021.pdf\"><strong>FICHA T\u00c9CNICA<\/strong><\/a><\/p>\n<p>Una expresi\u00f3n de\u00a0frescura marina\u00a0con\u00a0un m\u00ednimo de\u00a0tres a\u00f1os\u00a0de envejecimiento\u00a0en rima. As\u00ed es como definen en Alta Alella a su\u00a0cava\u00a0brut nature\u00a0Mirgin.\u00a0Fruto de\u00a0agricultura ecol\u00f3gica\u00a0y elaborado seg\u00fan el\u00a0m\u00e9todo tradicional, su nombre nace de la uni\u00f3n de los nombres de Mireia y Georgina, hijas de\u00a0Josep Mar\u00eda Pujol-Busquets, propietario de la bodega.<\/p>\n","protected":false},"featured_media":24450,"template":"","meta":{"spay_email":""},"yoast_head":"<!-- This site is optimized with the Yoast SEO plugin v15.9 - https:\/\/yoast.com\/wordpress\/plugins\/seo\/ -->\n<title>Alta Alella Mirgin Guarda Superior Reserva 75cl. - Comercial de Hosteleria Anma<\/title>\n<meta name=\"description\" content=\"Alta Alella Mirgin Guarda Superior Reserva | 75cl.| Una expresi\u00f3n de\u00a0frescura marina\u00a0con\u00a0un m\u00ednimo de\u00a0tres a\u00f1os\u00a0de envejecimiento\u00a0en rima.\" \/>\n<meta name=\"robots\" content=\"index, follow, max-snippet:-1, max-image-preview:large, max-video-preview:-1\" \/>\n<link rel=\"canonical\" href=\"https:\/\/www.comercialanma.es\/?product=mirgin\" \/>\n<meta property=\"og:locale\" content=\"es_ES\" \/>\n<meta property=\"og:type\" content=\"article\" \/>\n<meta property=\"og:title\" content=\"Alta Alella Mirgin Guarda Superior Reserva 75cl. - Comercial de Hosteleria Anma\" \/>\n<meta property=\"og:description\" content=\"Alta Alella Mirgin Guarda Superior Reserva | 75cl.| Una expresi\u00f3n de\u00a0frescura marina\u00a0con\u00a0un m\u00ednimo de\u00a0tres a\u00f1os\u00a0de envejecimiento\u00a0en rima.\" \/>\n<meta property=\"og:url\" content=\"https:\/\/www.comercialanma.es\/?product=mirgin\" \/>\n<meta property=\"og:site_name\" content=\"Comercial de Hosteleria Anma\" \/>\n<meta property=\"article:publisher\" content=\"https:\/\/www.facebook.com\/AnmaHosteleria\" \/>\n<meta property=\"article:modified_time\" content=\"2026-01-30T09:05:53+00:00\" \/>\n<meta property=\"og:image\" content=\"https:\/\/i1.wp.com\/www.comercialanma.es\/wp-content\/uploads\/2025\/09\/Alta-Alella-Mirgin-Guarda-Superior-Reserva.jpg?fit=1080%2C1080&#038;ssl=1\" \/>\n\t<meta property=\"og:image:width\" content=\"1080\" \/>\n\t<meta property=\"og:image:height\" content=\"1080\" \/>\n<meta name=\"twitter:card\" content=\"summary_large_image\" \/>\n<meta name=\"twitter:label1\" content=\"Tiempo de lectura\">\n\t<meta name=\"twitter:data1\" content=\"1 minuto\">\n<script type=\"application\/ld+json\" class=\"yoast-schema-graph\">{\"@context\":\"https:\/\/schema.org\",\"@graph\":[{\"@type\":\"Organization\",\"@id\":\"https:\/\/www.comercialanma.es\/#organization\",\"name\":\"Comercial Anma\",\"url\":\"https:\/\/www.comercialanma.es\/\",\"sameAs\":[\"https:\/\/www.facebook.com\/AnmaHosteleria\",\"https:\/\/www.instagram.com\/anmahosteleria\/?hl=es\",\"https:\/\/www.youtube.com\/channel\/UCT2nmn08Ntks0hmpZPnDgCA\"],\"logo\":{\"@type\":\"ImageObject\",\"@id\":\"https:\/\/www.comercialanma.es\/#logo\",\"inLanguage\":\"es\",\"url\":\"https:\/\/i2.wp.com\/www.comercialanma.es\/wp-content\/uploads\/2019\/06\/logo-anma-color.png?fit=247%2C101&ssl=1\",\"width\":247,\"height\":101,\"caption\":\"Comercial Anma\"},\"image\":{\"@id\":\"https:\/\/www.comercialanma.es\/#logo\"}},{\"@type\":\"WebSite\",\"@id\":\"https:\/\/www.comercialanma.es\/#website\",\"url\":\"https:\/\/www.comercialanma.es\/\",\"name\":\"Comercial de Hosteleria Anma\",\"description\":\"\",\"publisher\":{\"@id\":\"https:\/\/www.comercialanma.es\/#organization\"},\"potentialAction\":[{\"@type\":\"SearchAction\",\"target\":\"https:\/\/www.comercialanma.es\/?s={search_term_string}\",\"query-input\":\"required name=search_term_string\"}],\"inLanguage\":\"es\"},{\"@type\":\"ImageObject\",\"@id\":\"https:\/\/www.comercialanma.es\/?product=mirgin#primaryimage\",\"inLanguage\":\"es\",\"url\":\"https:\/\/i1.wp.com\/www.comercialanma.es\/wp-content\/uploads\/2025\/09\/Alta-Alella-Mirgin-Guarda-Superior-Reserva.jpg?fit=1080%2C1080&ssl=1\",\"width\":1080,\"height\":1080},{\"@type\":\"WebPage\",\"@id\":\"https:\/\/www.comercialanma.es\/?product=mirgin#webpage\",\"url\":\"https:\/\/www.comercialanma.es\/?product=mirgin\",\"name\":\"Alta Alella Mirgin Guarda Superior Reserva 75cl. - Comercial de Hosteleria Anma\",\"isPartOf\":{\"@id\":\"https:\/\/www.comercialanma.es\/#website\"},\"primaryImageOfPage\":{\"@id\":\"https:\/\/www.comercialanma.es\/?product=mirgin#primaryimage\"},\"datePublished\":\"2025-09-26T10:50:21+00:00\",\"dateModified\":\"2026-01-30T09:05:53+00:00\",\"description\":\"Alta Alella Mirgin Guarda Superior Reserva | 75cl.| Una expresi\\u00f3n de\\u00a0frescura marina\\u00a0con\\u00a0un m\\u00ednimo de\\u00a0tres a\\u00f1os\\u00a0de envejecimiento\\u00a0en rima.\",\"breadcrumb\":{\"@id\":\"https:\/\/www.comercialanma.es\/?product=mirgin#breadcrumb\"},\"inLanguage\":\"es\",\"potentialAction\":[{\"@type\":\"ReadAction\",\"target\":[\"https:\/\/www.comercialanma.es\/?product=mirgin\"]}]},{\"@type\":\"BreadcrumbList\",\"@id\":\"https:\/\/www.comercialanma.es\/?product=mirgin#breadcrumb\",\"itemListElement\":[{\"@type\":\"ListItem\",\"position\":1,\"item\":{\"@type\":\"WebPage\",\"@id\":\"https:\/\/www.comercialanma.es\/\",\"url\":\"https:\/\/www.comercialanma.es\/\",\"name\":\"Portada\"}},{\"@type\":\"ListItem\",\"position\":2,\"item\":{\"@type\":\"WebPage\",\"@id\":\"https:\/\/www.comercialanma.es\/?page_id=3963\",\"url\":\"https:\/\/www.comercialanma.es\/?page_id=3963\",\"name\":\"Cat\\u00e1logo de Productos\"}},{\"@type\":\"ListItem\",\"position\":3,\"item\":{\"@type\":\"WebPage\",\"@id\":\"https:\/\/www.comercialanma.es\/?product=mirgin\",\"url\":\"https:\/\/www.comercialanma.es\/?product=mirgin\",\"name\":\"Alta Alella Mirgin Guarda Superior Reserva 75cl.\"}}]}]}<\/script>\n<!-- \/ Yoast SEO plugin. -->","_links":{"self":[{"href":"https:\/\/www.comercialanma.es\/index.php?rest_route=\/wp\/v2\/product\/24447"}],"collection":[{"href":"https:\/\/www.comercialanma.es\/index.php?rest_route=\/wp\/v2\/product"}],"about":[{"href":"https:\/\/www.comercialanma.es\/index.php?rest_route=\/wp\/v2\/types\/product"}],"version-history":[{"count":3,"href":"https:\/\/www.comercialanma.es\/index.php?rest_route=\/wp\/v2\/product\/24447\/revisions"}],"predecessor-version":[{"id":24601,"href":"https:\/\/www.comercialanma.es\/index.php?rest_route=\/wp\/v2\/product\/24447\/revisions\/24601"}],"wp:featuredmedia":[{"embeddable":true,"href":"https:\/\/www.comercialanma.es\/index.php?rest_route=\/wp\/v2\/media\/24450"}],"wp:attachment":[{"href":"https:\/\/www.comercialanma.es\/index.php?rest_route=%2Fwp%2Fv2%2Fmedia&parent=24447"}],"curies":[{"name":"wp","href":"https:\/\/api.w.org\/{rel}","templated":true}]}}