
{"id":24452,"date":"2025-09-26T17:34:58","date_gmt":"2025-09-26T15:34:58","guid":{"rendered":"https:\/\/www.comercialanma.es\/?post_type=product&#038;p=24452"},"modified":"2026-01-30T10:10:12","modified_gmt":"2026-01-30T09:10:12","slug":"mirigin-rose-alta-alella","status":"publish","type":"product","link":"https:\/\/www.comercialanma.es\/?product=mirigin-rose-alta-alella","title":{"rendered":"Alta Alella Mirgin Ros\u00e9 Guarda Superior Reserva 75cl."},"content":{"rendered":"<h3>D.O.:<\/h3>\n<ul>\n<li>Cava<\/li>\n<\/ul>\n<h3>Variedad:<\/h3>\n<ul>\n<li>Matar\u00f3 (Monastrell).<\/li>\n<\/ul>\n<h3>Graduaci\u00f3n:<\/h3>\n<ul>\n<li>Graduaci\u00f3n: 12,0% vol.<\/li>\n<\/ul>\n<h3>Nota de Cata:<\/h3>\n<div class=\"field field--name-field-visual field--type-string field--label-above\">\n<ul>\n<li class=\"field__item\">\n<div class=\"field field--name-field-visual field--type-string field--label-above\">\n<div class=\"field__item\">De un ligero y sutil color rosado caracter\u00edstico de la variedad, seg\u00fan las particularidades de la a\u00f1ada.<\/div>\n<\/div>\n<div class=\"field field--name-field-nose field--type-string-long field--label-above\">\n<div class=\"field__item\">Compleja y dominada por aromas de crianza (l\u00edas finas, pan tostado) con peque\u00f1os matices de uva tinta y fruta roja junto a recuerdos a hierbas secas.<\/div>\n<\/div>\n<div class=\"field field--name-field-mouth field--type-string-long field--label-above\">\n<div class=\"field__item\">Ligero y fresco con recuerdos de frutas rojas. Dada su crianza se perciben notas de pasteler\u00eda, una burbuja bien integrada y un posgusto delicado.<\/div>\n<\/div>\n<\/li>\n<\/ul>\n<\/div>\n<h3>Maridaje:<\/h3>\n<ul>\n<li>Pescados y aves ahumados o cocinados a la brasa. Con guisos y sopas de pescado tradicionales. Platos de texturas viscosas como ostras o pies de cerdo. Acompa\u00f1a estos vinos con salsas de crema, mantequilla, bechamel o salsas de vino blanco. Arroces de ave o de pescado. Pasta con salsas blancas de crema o mantequilla, o con frutos de mar. Ideal para quesos cremosos. Condimenta tus platos con especias dulces (clavo, nuez moscada\u2026), con setas o con contrapuntos frescos como c\u00edtricos o hierbas frescas.<\/li>\n<\/ul>\n","protected":false},"excerpt":{"rendered":"<p><img loading=\"lazy\" class=\"alignnone wp-image-24593\" src=\"https:\/\/www.comercialanma.es\/wp-content\/uploads\/2026\/01\/ETIQUETAS-ECO.png\" alt=\"\" width=\"50\" height=\"50\" srcset=\"https:\/\/i0.wp.com\/www.comercialanma.es\/wp-content\/uploads\/2026\/01\/ETIQUETAS-ECO.png?w=300&amp;ssl=1 300w, https:\/\/i0.wp.com\/www.comercialanma.es\/wp-content\/uploads\/2026\/01\/ETIQUETAS-ECO.png?resize=150%2C150&amp;ssl=1 150w, https:\/\/i0.wp.com\/www.comercialanma.es\/wp-content\/uploads\/2026\/01\/ETIQUETAS-ECO.png?resize=104%2C104&amp;ssl=1 104w, https:\/\/i0.wp.com\/www.comercialanma.es\/wp-content\/uploads\/2026\/01\/ETIQUETAS-ECO.png?resize=260%2C260&amp;ssl=1 260w, https:\/\/i0.wp.com\/www.comercialanma.es\/wp-content\/uploads\/2026\/01\/ETIQUETAS-ECO.png?resize=78%2C78&amp;ssl=1 78w, https:\/\/i0.wp.com\/www.comercialanma.es\/wp-content\/uploads\/2026\/01\/ETIQUETAS-ECO.png?resize=100%2C100&amp;ssl=1 100w, https:\/\/i0.wp.com\/www.comercialanma.es\/wp-content\/uploads\/2026\/01\/ETIQUETAS-ECO.png?resize=64%2C64&amp;ssl=1 64w\" sizes=\"(max-width: 50px) 100vw, 50px\" \/> <img loading=\"lazy\" class=\"alignnone wp-image-24595\" src=\"https:\/\/www.comercialanma.es\/wp-content\/uploads\/2026\/01\/ETIQUETAS-VEGANO.png\" alt=\"\" width=\"50\" height=\"50\" srcset=\"https:\/\/i1.wp.com\/www.comercialanma.es\/wp-content\/uploads\/2026\/01\/ETIQUETAS-VEGANO.png?w=300&amp;ssl=1 300w, https:\/\/i1.wp.com\/www.comercialanma.es\/wp-content\/uploads\/2026\/01\/ETIQUETAS-VEGANO.png?resize=150%2C150&amp;ssl=1 150w, https:\/\/i1.wp.com\/www.comercialanma.es\/wp-content\/uploads\/2026\/01\/ETIQUETAS-VEGANO.png?resize=104%2C104&amp;ssl=1 104w, https:\/\/i1.wp.com\/www.comercialanma.es\/wp-content\/uploads\/2026\/01\/ETIQUETAS-VEGANO.png?resize=260%2C260&amp;ssl=1 260w, https:\/\/i1.wp.com\/www.comercialanma.es\/wp-content\/uploads\/2026\/01\/ETIQUETAS-VEGANO.png?resize=78%2C78&amp;ssl=1 78w, https:\/\/i1.wp.com\/www.comercialanma.es\/wp-content\/uploads\/2026\/01\/ETIQUETAS-VEGANO.png?resize=100%2C100&amp;ssl=1 100w, https:\/\/i1.wp.com\/www.comercialanma.es\/wp-content\/uploads\/2026\/01\/ETIQUETAS-VEGANO.png?resize=64%2C64&amp;ssl=1 64w\" sizes=\"(max-width: 50px) 100vw, 50px\" \/><\/p>\n<p><a href=\"https:\/\/www.comercialanma.es\/wp-content\/uploads\/2026\/01\/2.-Art-Laieta\u0300-MIRGIN-Rose\u0301-RESERVA_cast_2021.pdf\"><strong>FICHA T\u00c9CNICA<\/strong><\/a><\/p>\n<p>Espumoso de a\u00f1ada que se elabora con la primera variedad que se utiliz\u00f3 para crear cavas, la Matar\u00f3 o Monastrell. Alta Alella ha querido regresar a los or\u00edgenes con este rosado exquisito.<\/p>\n","protected":false},"featured_media":24542,"template":"","meta":{"spay_email":""},"yoast_head":"<!-- This site is optimized with the Yoast SEO plugin v15.9 - https:\/\/yoast.com\/wordpress\/plugins\/seo\/ -->\n<title>Alta Alella Mirgin Ros\u00e9 Guarda Superior Reserva 75cl. - Comercial de Hosteleria Anma<\/title>\n<meta name=\"description\" content=\"Alta Alella Mirgin Ros\u00e9 Guarda Superior Reserva | 75cl.| Complejo, sabroso, con buena acidez, paso ligero y fresco y un largo final.\" \/>\n<meta name=\"robots\" content=\"index, follow, max-snippet:-1, max-image-preview:large, max-video-preview:-1\" \/>\n<link rel=\"canonical\" href=\"https:\/\/www.comercialanma.es\/?product=mirigin-rose-alta-alella\" \/>\n<meta property=\"og:locale\" content=\"es_ES\" \/>\n<meta property=\"og:type\" content=\"article\" \/>\n<meta property=\"og:title\" content=\"Alta Alella Mirgin Ros\u00e9 Guarda Superior Reserva 75cl. - Comercial de Hosteleria Anma\" \/>\n<meta property=\"og:description\" content=\"Alta Alella Mirgin Ros\u00e9 Guarda Superior Reserva | 75cl.| Complejo, sabroso, con buena acidez, paso ligero y fresco y un largo final.\" \/>\n<meta property=\"og:url\" content=\"https:\/\/www.comercialanma.es\/?product=mirigin-rose-alta-alella\" \/>\n<meta property=\"og:site_name\" content=\"Comercial de Hosteleria Anma\" \/>\n<meta property=\"article:publisher\" content=\"https:\/\/www.facebook.com\/AnmaHosteleria\" \/>\n<meta property=\"article:modified_time\" content=\"2026-01-30T09:10:12+00:00\" \/>\n<meta property=\"og:image\" content=\"https:\/\/i0.wp.com\/www.comercialanma.es\/wp-content\/uploads\/2025\/09\/mirgin-rose\u0301-reserva.jpg?fit=1080%2C1080&#038;ssl=1\" \/>\n\t<meta property=\"og:image:width\" content=\"1080\" \/>\n\t<meta property=\"og:image:height\" content=\"1080\" \/>\n<meta name=\"twitter:card\" content=\"summary_large_image\" \/>\n<meta name=\"twitter:label1\" content=\"Tiempo de lectura\">\n\t<meta name=\"twitter:data1\" content=\"1 minuto\">\n<script type=\"application\/ld+json\" class=\"yoast-schema-graph\">{\"@context\":\"https:\/\/schema.org\",\"@graph\":[{\"@type\":\"Organization\",\"@id\":\"https:\/\/www.comercialanma.es\/#organization\",\"name\":\"Comercial Anma\",\"url\":\"https:\/\/www.comercialanma.es\/\",\"sameAs\":[\"https:\/\/www.facebook.com\/AnmaHosteleria\",\"https:\/\/www.instagram.com\/anmahosteleria\/?hl=es\",\"https:\/\/www.youtube.com\/channel\/UCT2nmn08Ntks0hmpZPnDgCA\"],\"logo\":{\"@type\":\"ImageObject\",\"@id\":\"https:\/\/www.comercialanma.es\/#logo\",\"inLanguage\":\"es\",\"url\":\"https:\/\/i2.wp.com\/www.comercialanma.es\/wp-content\/uploads\/2019\/06\/logo-anma-color.png?fit=247%2C101&ssl=1\",\"width\":247,\"height\":101,\"caption\":\"Comercial Anma\"},\"image\":{\"@id\":\"https:\/\/www.comercialanma.es\/#logo\"}},{\"@type\":\"WebSite\",\"@id\":\"https:\/\/www.comercialanma.es\/#website\",\"url\":\"https:\/\/www.comercialanma.es\/\",\"name\":\"Comercial de Hosteleria Anma\",\"description\":\"\",\"publisher\":{\"@id\":\"https:\/\/www.comercialanma.es\/#organization\"},\"potentialAction\":[{\"@type\":\"SearchAction\",\"target\":\"https:\/\/www.comercialanma.es\/?s={search_term_string}\",\"query-input\":\"required name=search_term_string\"}],\"inLanguage\":\"es\"},{\"@type\":\"ImageObject\",\"@id\":\"https:\/\/www.comercialanma.es\/?product=mirigin-rose-alta-alella#primaryimage\",\"inLanguage\":\"es\",\"url\":\"https:\/\/i0.wp.com\/www.comercialanma.es\/wp-content\/uploads\/2025\/09\/mirgin-rose\\u0301-reserva.jpg?fit=1080%2C1080&ssl=1\",\"width\":1080,\"height\":1080},{\"@type\":\"WebPage\",\"@id\":\"https:\/\/www.comercialanma.es\/?product=mirigin-rose-alta-alella#webpage\",\"url\":\"https:\/\/www.comercialanma.es\/?product=mirigin-rose-alta-alella\",\"name\":\"Alta Alella Mirgin Ros\\u00e9 Guarda Superior Reserva 75cl. - Comercial de Hosteleria Anma\",\"isPartOf\":{\"@id\":\"https:\/\/www.comercialanma.es\/#website\"},\"primaryImageOfPage\":{\"@id\":\"https:\/\/www.comercialanma.es\/?product=mirigin-rose-alta-alella#primaryimage\"},\"datePublished\":\"2025-09-26T15:34:58+00:00\",\"dateModified\":\"2026-01-30T09:10:12+00:00\",\"description\":\"Alta Alella Mirgin Ros\\u00e9 Guarda Superior Reserva | 75cl.| Complejo, sabroso, con buena acidez, paso ligero y fresco y un largo final.\",\"breadcrumb\":{\"@id\":\"https:\/\/www.comercialanma.es\/?product=mirigin-rose-alta-alella#breadcrumb\"},\"inLanguage\":\"es\",\"potentialAction\":[{\"@type\":\"ReadAction\",\"target\":[\"https:\/\/www.comercialanma.es\/?product=mirigin-rose-alta-alella\"]}]},{\"@type\":\"BreadcrumbList\",\"@id\":\"https:\/\/www.comercialanma.es\/?product=mirigin-rose-alta-alella#breadcrumb\",\"itemListElement\":[{\"@type\":\"ListItem\",\"position\":1,\"item\":{\"@type\":\"WebPage\",\"@id\":\"https:\/\/www.comercialanma.es\/\",\"url\":\"https:\/\/www.comercialanma.es\/\",\"name\":\"Portada\"}},{\"@type\":\"ListItem\",\"position\":2,\"item\":{\"@type\":\"WebPage\",\"@id\":\"https:\/\/www.comercialanma.es\/?page_id=3963\",\"url\":\"https:\/\/www.comercialanma.es\/?page_id=3963\",\"name\":\"Cat\\u00e1logo de Productos\"}},{\"@type\":\"ListItem\",\"position\":3,\"item\":{\"@type\":\"WebPage\",\"@id\":\"https:\/\/www.comercialanma.es\/?product=mirigin-rose-alta-alella\",\"url\":\"https:\/\/www.comercialanma.es\/?product=mirigin-rose-alta-alella\",\"name\":\"Alta Alella Mirgin Ros\\u00e9 Guarda Superior Reserva 75cl.\"}}]}]}<\/script>\n<!-- \/ Yoast SEO plugin. -->","_links":{"self":[{"href":"https:\/\/www.comercialanma.es\/index.php?rest_route=\/wp\/v2\/product\/24452"}],"collection":[{"href":"https:\/\/www.comercialanma.es\/index.php?rest_route=\/wp\/v2\/product"}],"about":[{"href":"https:\/\/www.comercialanma.es\/index.php?rest_route=\/wp\/v2\/types\/product"}],"version-history":[{"count":2,"href":"https:\/\/www.comercialanma.es\/index.php?rest_route=\/wp\/v2\/product\/24452\/revisions"}],"predecessor-version":[{"id":24603,"href":"https:\/\/www.comercialanma.es\/index.php?rest_route=\/wp\/v2\/product\/24452\/revisions\/24603"}],"wp:featuredmedia":[{"embeddable":true,"href":"https:\/\/www.comercialanma.es\/index.php?rest_route=\/wp\/v2\/media\/24542"}],"wp:attachment":[{"href":"https:\/\/www.comercialanma.es\/index.php?rest_route=%2Fwp%2Fv2%2Fmedia&parent=24452"}],"curies":[{"name":"wp","href":"https:\/\/api.w.org\/{rel}","templated":true}]}}