
{"id":24459,"date":"2025-10-02T10:27:49","date_gmt":"2025-10-02T08:27:49","guid":{"rendered":"https:\/\/www.comercialanma.es\/?post_type=product&#038;p=24459"},"modified":"2025-10-02T10:33:01","modified_gmt":"2025-10-02T08:33:01","slug":"buffalo-trace","status":"publish","type":"product","link":"https:\/\/www.comercialanma.es\/?product=buffalo-trace","title":{"rendered":"Buffalo Trace 70cl."},"content":{"rendered":"<h3>Nota de cata:<\/h3>\n<div class=\"field field-type-text field-field-vista\">\n<ul>\n<li>Este whisky de color \u00e1mbar intenso posee un aroma complejo a vainilla, menta y melaza.<\/li>\n<li>De sabor agradablemente dulce, con notas de az\u00facar moreno y especias que dan paso a roble, caramelo, frutos negros y an\u00eds.<\/li>\n<li>Su final es largo y suave, con una gran profundidad.<\/li>\n<\/ul>\n<h3>Graduaci\u00f3n:<\/h3>\n<ul>\n<li class=\"field-item odd\">40% vol.<\/li>\n<\/ul>\n<\/div>\n","protected":false},"excerpt":{"rendered":"<p>Este\u00a0Bourbon Buffalo Trace\u00a0es elaborado en los\u00a0Estados-Unidos\u00a0en la destiler\u00eda\u00a0Buffalo Trace Whiskey. Es destilado, envejecido y embotellado en la destiler\u00eda m\u00e1s premiada del mundo. Hecho del mejor ma\u00edz, centeno y cebada de malta, este whisky envejece en barricas nuevas de roble durante a\u00f1os en bodegas centenarias hasta alcanzar el punto \u00f3ptimo de madurez.<\/p>\n","protected":false},"featured_media":24460,"template":"","meta":{"spay_email":""},"yoast_head":"<!-- This site is optimized with the Yoast SEO plugin v15.9 - https:\/\/yoast.com\/wordpress\/plugins\/seo\/ -->\n<title>Buffalo Trace 70cl. - Comercial de Hosteleria Anma<\/title>\n<meta name=\"description\" content=\"Buffalo Trace | 70cl.| Este\u00a0Bourbon Buffalo Trace\u00a0es elaborado en los\u00a0Estados-Unidos\u00a0en la destiler\u00eda\u00a0Buffalo Trace Whiskey.\" \/>\n<meta name=\"robots\" content=\"index, follow, max-snippet:-1, max-image-preview:large, max-video-preview:-1\" \/>\n<link rel=\"canonical\" href=\"https:\/\/www.comercialanma.es\/?product=buffalo-trace\" \/>\n<meta property=\"og:locale\" content=\"es_ES\" \/>\n<meta property=\"og:type\" content=\"article\" \/>\n<meta property=\"og:title\" content=\"Buffalo Trace 70cl. - Comercial de Hosteleria Anma\" \/>\n<meta property=\"og:description\" content=\"Buffalo Trace | 70cl.| Este\u00a0Bourbon Buffalo Trace\u00a0es elaborado en los\u00a0Estados-Unidos\u00a0en la destiler\u00eda\u00a0Buffalo Trace Whiskey.\" \/>\n<meta property=\"og:url\" content=\"https:\/\/www.comercialanma.es\/?product=buffalo-trace\" \/>\n<meta property=\"og:site_name\" content=\"Comercial de Hosteleria Anma\" \/>\n<meta property=\"article:publisher\" content=\"https:\/\/www.facebook.com\/AnmaHosteleria\" \/>\n<meta property=\"article:modified_time\" content=\"2025-10-02T08:33:01+00:00\" \/>\n<meta property=\"og:image\" content=\"https:\/\/i1.wp.com\/www.comercialanma.es\/wp-content\/uploads\/2025\/10\/BUFFALO-TRACE-BOURBON.jpg?fit=1080%2C1080&#038;ssl=1\" \/>\n\t<meta property=\"og:image:width\" content=\"1080\" \/>\n\t<meta property=\"og:image:height\" content=\"1080\" \/>\n<meta name=\"twitter:card\" content=\"summary_large_image\" \/>\n<meta name=\"twitter:label1\" content=\"Tiempo de lectura\">\n\t<meta name=\"twitter:data1\" content=\"1 minuto\">\n<script type=\"application\/ld+json\" class=\"yoast-schema-graph\">{\"@context\":\"https:\/\/schema.org\",\"@graph\":[{\"@type\":\"Organization\",\"@id\":\"https:\/\/www.comercialanma.es\/#organization\",\"name\":\"Comercial Anma\",\"url\":\"https:\/\/www.comercialanma.es\/\",\"sameAs\":[\"https:\/\/www.facebook.com\/AnmaHosteleria\",\"https:\/\/www.instagram.com\/anmahosteleria\/?hl=es\",\"https:\/\/www.youtube.com\/channel\/UCT2nmn08Ntks0hmpZPnDgCA\"],\"logo\":{\"@type\":\"ImageObject\",\"@id\":\"https:\/\/www.comercialanma.es\/#logo\",\"inLanguage\":\"es\",\"url\":\"https:\/\/i2.wp.com\/www.comercialanma.es\/wp-content\/uploads\/2019\/06\/logo-anma-color.png?fit=247%2C101&ssl=1\",\"width\":247,\"height\":101,\"caption\":\"Comercial Anma\"},\"image\":{\"@id\":\"https:\/\/www.comercialanma.es\/#logo\"}},{\"@type\":\"WebSite\",\"@id\":\"https:\/\/www.comercialanma.es\/#website\",\"url\":\"https:\/\/www.comercialanma.es\/\",\"name\":\"Comercial de Hosteleria Anma\",\"description\":\"\",\"publisher\":{\"@id\":\"https:\/\/www.comercialanma.es\/#organization\"},\"potentialAction\":[{\"@type\":\"SearchAction\",\"target\":\"https:\/\/www.comercialanma.es\/?s={search_term_string}\",\"query-input\":\"required name=search_term_string\"}],\"inLanguage\":\"es\"},{\"@type\":\"ImageObject\",\"@id\":\"https:\/\/www.comercialanma.es\/?product=buffalo-trace#primaryimage\",\"inLanguage\":\"es\",\"url\":\"https:\/\/i1.wp.com\/www.comercialanma.es\/wp-content\/uploads\/2025\/10\/BUFFALO-TRACE-BOURBON.jpg?fit=1080%2C1080&ssl=1\",\"width\":1080,\"height\":1080},{\"@type\":\"WebPage\",\"@id\":\"https:\/\/www.comercialanma.es\/?product=buffalo-trace#webpage\",\"url\":\"https:\/\/www.comercialanma.es\/?product=buffalo-trace\",\"name\":\"Buffalo Trace 70cl. - Comercial de Hosteleria Anma\",\"isPartOf\":{\"@id\":\"https:\/\/www.comercialanma.es\/#website\"},\"primaryImageOfPage\":{\"@id\":\"https:\/\/www.comercialanma.es\/?product=buffalo-trace#primaryimage\"},\"datePublished\":\"2025-10-02T08:27:49+00:00\",\"dateModified\":\"2025-10-02T08:33:01+00:00\",\"description\":\"Buffalo Trace | 70cl.| Este\\u00a0Bourbon Buffalo Trace\\u00a0es elaborado en los\\u00a0Estados-Unidos\\u00a0en la destiler\\u00eda\\u00a0Buffalo Trace Whiskey.\",\"breadcrumb\":{\"@id\":\"https:\/\/www.comercialanma.es\/?product=buffalo-trace#breadcrumb\"},\"inLanguage\":\"es\",\"potentialAction\":[{\"@type\":\"ReadAction\",\"target\":[\"https:\/\/www.comercialanma.es\/?product=buffalo-trace\"]}]},{\"@type\":\"BreadcrumbList\",\"@id\":\"https:\/\/www.comercialanma.es\/?product=buffalo-trace#breadcrumb\",\"itemListElement\":[{\"@type\":\"ListItem\",\"position\":1,\"item\":{\"@type\":\"WebPage\",\"@id\":\"https:\/\/www.comercialanma.es\/\",\"url\":\"https:\/\/www.comercialanma.es\/\",\"name\":\"Portada\"}},{\"@type\":\"ListItem\",\"position\":2,\"item\":{\"@type\":\"WebPage\",\"@id\":\"https:\/\/www.comercialanma.es\/?page_id=3963\",\"url\":\"https:\/\/www.comercialanma.es\/?page_id=3963\",\"name\":\"Cat\\u00e1logo de Productos\"}},{\"@type\":\"ListItem\",\"position\":3,\"item\":{\"@type\":\"WebPage\",\"@id\":\"https:\/\/www.comercialanma.es\/?product=buffalo-trace\",\"url\":\"https:\/\/www.comercialanma.es\/?product=buffalo-trace\",\"name\":\"Buffalo Trace 70cl.\"}}]}]}<\/script>\n<!-- \/ Yoast SEO plugin. -->","_links":{"self":[{"href":"https:\/\/www.comercialanma.es\/index.php?rest_route=\/wp\/v2\/product\/24459"}],"collection":[{"href":"https:\/\/www.comercialanma.es\/index.php?rest_route=\/wp\/v2\/product"}],"about":[{"href":"https:\/\/www.comercialanma.es\/index.php?rest_route=\/wp\/v2\/types\/product"}],"version-history":[{"count":1,"href":"https:\/\/www.comercialanma.es\/index.php?rest_route=\/wp\/v2\/product\/24459\/revisions"}],"predecessor-version":[{"id":24461,"href":"https:\/\/www.comercialanma.es\/index.php?rest_route=\/wp\/v2\/product\/24459\/revisions\/24461"}],"wp:featuredmedia":[{"embeddable":true,"href":"https:\/\/www.comercialanma.es\/index.php?rest_route=\/wp\/v2\/media\/24460"}],"wp:attachment":[{"href":"https:\/\/www.comercialanma.es\/index.php?rest_route=%2Fwp%2Fv2%2Fmedia&parent=24459"}],"curies":[{"name":"wp","href":"https:\/\/api.w.org\/{rel}","templated":true}]}}