
{"id":24559,"date":"2026-01-09T12:20:47","date_gmt":"2026-01-09T11:20:47","guid":{"rendered":"https:\/\/www.comercialanma.es\/?post_type=product&#038;p=24559"},"modified":"2026-01-09T16:09:39","modified_gmt":"2026-01-09T15:09:39","slug":"absolut-tabasco","status":"publish","type":"product","link":"https:\/\/www.comercialanma.es\/?product=absolut-tabasco","title":{"rendered":"Absolut Tabasco 70cl."},"content":{"rendered":"<p><strong>Tipo:<\/strong> Vodka<br \/>\n<strong>Formato:\u00a0<\/strong>70 cl<br \/>\n<strong>Grado Alcoh\u00f3lico:<\/strong> 38\u00ba<\/p>\n<h3><strong>Nota de Cata<\/strong><\/h3>\n<h3><strong>Vista:<\/strong><\/h3>\n<ul>\n<li>Cristalino, fino y elegante.<\/li>\n<\/ul>\n<h3><strong>Nariz:<\/strong><\/h3>\n<ul>\n<li>Ofrece un car\u00e1cter audaz y picante. Las notas dominantes de chiles rojos envejecidos se acompa\u00f1an de sutiles matices que recuerdan al tomate. Estos se complementan con una acidez intensa del vinagre destilado y un suave toque ahumado, redondeado con un toque de dulzura. La interacci\u00f3n entre las especias y el vodka crea un perfil arom\u00e1tico armonioso y atractivo.<\/li>\n<\/ul>\n<h3><strong>Boca:<\/strong><\/h3>\n<ul>\n<li>En el paladar, las notas saladas y de chile rojo envejecido son las protagonistas. Los matices de vinagre destilado y sal aportan equilibrio, mientras que los tonos ahumados y dulces a\u00f1aden profundidad. El sabor es vibrante pero bien integrado; la combinaci\u00f3n ofrece un picante audaz y \u00e1cido, equilibrado y sin resultar abrumador, brindando una experiencia con m\u00faltiples capas.<\/li>\n<\/ul>\n","protected":false},"excerpt":{"rendered":"<p>ABSOLUT VODKA &amp; TABASCO unen fuerzas para crear un vodka que es el equilibrio perfecto entre el picante y el sabor del chile Tabasco.<br \/>\nCada sorbo contiene notas distintivas de Tabasco, con chile fermentado y vinagre, junto a un toque de dulzor. Esto ofrece una experiencia de picante agradable y f\u00e1cil de disfrutar.<\/p>\n","protected":false},"featured_media":24560,"template":"","meta":{"spay_email":""},"yoast_head":"<!-- This site is optimized with the Yoast SEO plugin v15.9 - https:\/\/yoast.com\/wordpress\/plugins\/seo\/ -->\n<title>Absolut Tabasco 70cl. - Comercial de Hosteleria Anma<\/title>\n<meta name=\"description\" content=\"Vodka Absolut Tabasco | 70cl.| 38\u00ba Vol. | Equilibrio perfecto entre el picante y el sabor del chile Tabasco.\" \/>\n<meta name=\"robots\" content=\"index, follow, max-snippet:-1, max-image-preview:large, max-video-preview:-1\" \/>\n<link rel=\"canonical\" href=\"https:\/\/www.comercialanma.es\/?product=absolut-tabasco\" \/>\n<meta property=\"og:locale\" content=\"es_ES\" \/>\n<meta property=\"og:type\" content=\"article\" \/>\n<meta property=\"og:title\" content=\"Absolut Tabasco 70cl. - Comercial de Hosteleria Anma\" \/>\n<meta property=\"og:description\" content=\"Vodka Absolut Tabasco | 70cl.| 38\u00ba Vol. | Equilibrio perfecto entre el picante y el sabor del chile Tabasco.\" \/>\n<meta property=\"og:url\" content=\"https:\/\/www.comercialanma.es\/?product=absolut-tabasco\" \/>\n<meta property=\"og:site_name\" content=\"Comercial de Hosteleria Anma\" \/>\n<meta property=\"article:publisher\" content=\"https:\/\/www.facebook.com\/AnmaHosteleria\" \/>\n<meta property=\"article:modified_time\" content=\"2026-01-09T15:09:39+00:00\" \/>\n<meta property=\"og:image\" content=\"https:\/\/i0.wp.com\/www.comercialanma.es\/wp-content\/uploads\/2026\/01\/absolut-tabasco.jpg?fit=1080%2C1080&#038;ssl=1\" \/>\n\t<meta property=\"og:image:width\" content=\"1080\" \/>\n\t<meta property=\"og:image:height\" content=\"1080\" \/>\n<meta name=\"twitter:card\" content=\"summary_large_image\" \/>\n<meta name=\"twitter:label1\" content=\"Tiempo de lectura\">\n\t<meta name=\"twitter:data1\" content=\"1 minuto\">\n<script type=\"application\/ld+json\" class=\"yoast-schema-graph\">{\"@context\":\"https:\/\/schema.org\",\"@graph\":[{\"@type\":\"Organization\",\"@id\":\"https:\/\/www.comercialanma.es\/#organization\",\"name\":\"Comercial Anma\",\"url\":\"https:\/\/www.comercialanma.es\/\",\"sameAs\":[\"https:\/\/www.facebook.com\/AnmaHosteleria\",\"https:\/\/www.instagram.com\/anmahosteleria\/?hl=es\",\"https:\/\/www.youtube.com\/channel\/UCT2nmn08Ntks0hmpZPnDgCA\"],\"logo\":{\"@type\":\"ImageObject\",\"@id\":\"https:\/\/www.comercialanma.es\/#logo\",\"inLanguage\":\"es\",\"url\":\"https:\/\/i2.wp.com\/www.comercialanma.es\/wp-content\/uploads\/2019\/06\/logo-anma-color.png?fit=247%2C101&ssl=1\",\"width\":247,\"height\":101,\"caption\":\"Comercial Anma\"},\"image\":{\"@id\":\"https:\/\/www.comercialanma.es\/#logo\"}},{\"@type\":\"WebSite\",\"@id\":\"https:\/\/www.comercialanma.es\/#website\",\"url\":\"https:\/\/www.comercialanma.es\/\",\"name\":\"Comercial de Hosteleria Anma\",\"description\":\"\",\"publisher\":{\"@id\":\"https:\/\/www.comercialanma.es\/#organization\"},\"potentialAction\":[{\"@type\":\"SearchAction\",\"target\":\"https:\/\/www.comercialanma.es\/?s={search_term_string}\",\"query-input\":\"required name=search_term_string\"}],\"inLanguage\":\"es\"},{\"@type\":\"ImageObject\",\"@id\":\"https:\/\/www.comercialanma.es\/?product=absolut-tabasco#primaryimage\",\"inLanguage\":\"es\",\"url\":\"https:\/\/i0.wp.com\/www.comercialanma.es\/wp-content\/uploads\/2026\/01\/absolut-tabasco.jpg?fit=1080%2C1080&ssl=1\",\"width\":1080,\"height\":1080},{\"@type\":\"WebPage\",\"@id\":\"https:\/\/www.comercialanma.es\/?product=absolut-tabasco#webpage\",\"url\":\"https:\/\/www.comercialanma.es\/?product=absolut-tabasco\",\"name\":\"Absolut Tabasco 70cl. - Comercial de Hosteleria Anma\",\"isPartOf\":{\"@id\":\"https:\/\/www.comercialanma.es\/#website\"},\"primaryImageOfPage\":{\"@id\":\"https:\/\/www.comercialanma.es\/?product=absolut-tabasco#primaryimage\"},\"datePublished\":\"2026-01-09T11:20:47+00:00\",\"dateModified\":\"2026-01-09T15:09:39+00:00\",\"description\":\"Vodka Absolut Tabasco | 70cl.| 38\\u00ba Vol. | Equilibrio perfecto entre el picante y el sabor del chile Tabasco.\",\"breadcrumb\":{\"@id\":\"https:\/\/www.comercialanma.es\/?product=absolut-tabasco#breadcrumb\"},\"inLanguage\":\"es\",\"potentialAction\":[{\"@type\":\"ReadAction\",\"target\":[\"https:\/\/www.comercialanma.es\/?product=absolut-tabasco\"]}]},{\"@type\":\"BreadcrumbList\",\"@id\":\"https:\/\/www.comercialanma.es\/?product=absolut-tabasco#breadcrumb\",\"itemListElement\":[{\"@type\":\"ListItem\",\"position\":1,\"item\":{\"@type\":\"WebPage\",\"@id\":\"https:\/\/www.comercialanma.es\/\",\"url\":\"https:\/\/www.comercialanma.es\/\",\"name\":\"Portada\"}},{\"@type\":\"ListItem\",\"position\":2,\"item\":{\"@type\":\"WebPage\",\"@id\":\"https:\/\/www.comercialanma.es\/?page_id=3963\",\"url\":\"https:\/\/www.comercialanma.es\/?page_id=3963\",\"name\":\"Cat\\u00e1logo de Productos\"}},{\"@type\":\"ListItem\",\"position\":3,\"item\":{\"@type\":\"WebPage\",\"@id\":\"https:\/\/www.comercialanma.es\/?product=absolut-tabasco\",\"url\":\"https:\/\/www.comercialanma.es\/?product=absolut-tabasco\",\"name\":\"Absolut Tabasco 70cl.\"}}]}]}<\/script>\n<!-- \/ Yoast SEO plugin. -->","_links":{"self":[{"href":"https:\/\/www.comercialanma.es\/index.php?rest_route=\/wp\/v2\/product\/24559"}],"collection":[{"href":"https:\/\/www.comercialanma.es\/index.php?rest_route=\/wp\/v2\/product"}],"about":[{"href":"https:\/\/www.comercialanma.es\/index.php?rest_route=\/wp\/v2\/types\/product"}],"version-history":[{"count":1,"href":"https:\/\/www.comercialanma.es\/index.php?rest_route=\/wp\/v2\/product\/24559\/revisions"}],"predecessor-version":[{"id":24561,"href":"https:\/\/www.comercialanma.es\/index.php?rest_route=\/wp\/v2\/product\/24559\/revisions\/24561"}],"wp:featuredmedia":[{"embeddable":true,"href":"https:\/\/www.comercialanma.es\/index.php?rest_route=\/wp\/v2\/media\/24560"}],"wp:attachment":[{"href":"https:\/\/www.comercialanma.es\/index.php?rest_route=%2Fwp%2Fv2%2Fmedia&parent=24559"}],"curies":[{"name":"wp","href":"https:\/\/api.w.org\/{rel}","templated":true}]}}