
{"id":24640,"date":"2026-02-03T10:18:45","date_gmt":"2026-02-03T09:18:45","guid":{"rendered":"https:\/\/www.comercialanma.es\/?post_type=product&#038;p=24640"},"modified":"2026-02-03T10:27:51","modified_gmt":"2026-02-03T09:27:51","slug":"cau-den-genis-tinto-75cl","status":"publish","type":"product","link":"https:\/\/www.comercialanma.es\/?product=cau-den-genis-tinto-75cl","title":{"rendered":"Cau d\u00b4en Genis Tinto 75cl."},"content":{"rendered":"<h3>D.O.:<\/h3>\n<ul>\n<li>Alella<\/li>\n<\/ul>\n<h3>Variedades de uva:<\/h3>\n<ul>\n<li>Garnacha peluda<\/li>\n<\/ul>\n<h3>Graduaci\u00f3n:<\/h3>\n<ul>\n<li>Graduaci\u00f3n: 14% vol.<\/li>\n<\/ul>\n<h3>Nota de cata:<\/h3>\n<div id=\"tab_cata_2009\" class=\"tab_content catas_review_container\">\n<div class=\"field field--name-field-visual field--type-string field--label-above\">\n<div class=\"field field--name-field-visual field--type-string field--label-above\">\n<ul>\n<li class=\"field__item\">Color granate con reflejos viol\u00e1ceos.<\/li>\n<li class=\"field__item\">Aroma penetrante de fresas y frambuesas maduras, con notas especiadas y de hierbas arom\u00e1ticas mediterr\u00e1neas presentes en la finca.<\/li>\n<li class=\"field__item\">Entrada vibrante y refrescante con una buena acidez. Fruta roja, recordando los aromas percibidos en nariz. Paso por boca sedoso y mineral, resultado de la crianza con l\u00edas en huevo de cemento.<\/li>\n<\/ul>\n<h3>Maridaje:<\/h3>\n<\/div>\n<ul>\n<li data-hveid=\"CAMQAA\" data-processed=\"true\"><span class=\"T286Pc\" data-sfc-cp=\"\" data-processed=\"true\"><strong class=\"Yjhzub\" data-processed=\"true\">Embutidos y Quesos:<\/strong>\u00a0Tabla de embutidos ib\u00e9ricos (jam\u00f3n, chorizo, salchich\u00f3n) y quesos de oveja o cabra semicurados.<\/span><\/li>\n<li data-hveid=\"CAMQAQ\" data-processed=\"true\"><span class=\"T286Pc\" data-sfc-cp=\"\" data-processed=\"true\"><strong class=\"Yjhzub\" data-processed=\"true\">Carnes y Aves:<\/strong>\u00a0Pollo asado, costillas de cerdo, carne de ave de sabor intenso o carnes rojas magras a la brasa.<\/span><\/li>\n<li data-hveid=\"CAMQAg\" data-processed=\"true\"><span class=\"T286Pc\" data-sfc-cp=\"\" data-processed=\"true\"><strong class=\"Yjhzub\" data-processed=\"true\">Arroces y Pastas:<\/strong>\u00a0Paella de carne o verduras, arroces con setas, pasta bolo\u00f1esa o lasa\u00f1a.<\/span><\/li>\n<li data-hveid=\"CAMQAw\" data-processed=\"true\"><span class=\"T286Pc\" data-sfc-cp=\"\" data-processed=\"true\"><strong class=\"Yjhzub\" data-processed=\"true\">Cocina Mediterr\u00e1nea:<\/strong>\u00a0Platos con tomate, hierbas arom\u00e1ticas y aceite de oliva, como berenjenas rellenas o escalivada.<\/span><span class=\"uJ19be notranslate\" data-wiz-uids=\"W14JAe_11,W14JAe_12\" data-processed=\"true\"><span class=\"vKEkVd\" data-animation-atomic=\"\" data-wiz-attrbind=\"class=W14JAe_10\/TKHnVd\" data-processed=\"true\"><span aria-hidden=\"true\" data-processed=\"true\">\u00a0<\/span><\/span><\/span><\/li>\n<\/ul>\n<\/div>\n<\/div>\n","protected":false},"excerpt":{"rendered":"<p><img loading=\"lazy\" class=\"alignnone wp-image-24593\" src=\"https:\/\/www.comercialanma.es\/wp-content\/uploads\/2026\/01\/ETIQUETAS-ECO.png\" alt=\"\" width=\"50\" height=\"50\" srcset=\"https:\/\/i0.wp.com\/www.comercialanma.es\/wp-content\/uploads\/2026\/01\/ETIQUETAS-ECO.png?w=300&amp;ssl=1 300w, https:\/\/i0.wp.com\/www.comercialanma.es\/wp-content\/uploads\/2026\/01\/ETIQUETAS-ECO.png?resize=150%2C150&amp;ssl=1 150w, https:\/\/i0.wp.com\/www.comercialanma.es\/wp-content\/uploads\/2026\/01\/ETIQUETAS-ECO.png?resize=104%2C104&amp;ssl=1 104w, https:\/\/i0.wp.com\/www.comercialanma.es\/wp-content\/uploads\/2026\/01\/ETIQUETAS-ECO.png?resize=260%2C260&amp;ssl=1 260w, https:\/\/i0.wp.com\/www.comercialanma.es\/wp-content\/uploads\/2026\/01\/ETIQUETAS-ECO.png?resize=78%2C78&amp;ssl=1 78w, https:\/\/i0.wp.com\/www.comercialanma.es\/wp-content\/uploads\/2026\/01\/ETIQUETAS-ECO.png?resize=100%2C100&amp;ssl=1 100w, https:\/\/i0.wp.com\/www.comercialanma.es\/wp-content\/uploads\/2026\/01\/ETIQUETAS-ECO.png?resize=64%2C64&amp;ssl=1 64w\" sizes=\"(max-width: 50px) 100vw, 50px\" \/> <img loading=\"lazy\" class=\"alignnone wp-image-24595\" src=\"https:\/\/www.comercialanma.es\/wp-content\/uploads\/2026\/01\/ETIQUETAS-VEGANO.png\" alt=\"\" width=\"50\" height=\"50\" srcset=\"https:\/\/i1.wp.com\/www.comercialanma.es\/wp-content\/uploads\/2026\/01\/ETIQUETAS-VEGANO.png?w=300&amp;ssl=1 300w, https:\/\/i1.wp.com\/www.comercialanma.es\/wp-content\/uploads\/2026\/01\/ETIQUETAS-VEGANO.png?resize=150%2C150&amp;ssl=1 150w, https:\/\/i1.wp.com\/www.comercialanma.es\/wp-content\/uploads\/2026\/01\/ETIQUETAS-VEGANO.png?resize=104%2C104&amp;ssl=1 104w, https:\/\/i1.wp.com\/www.comercialanma.es\/wp-content\/uploads\/2026\/01\/ETIQUETAS-VEGANO.png?resize=260%2C260&amp;ssl=1 260w, https:\/\/i1.wp.com\/www.comercialanma.es\/wp-content\/uploads\/2026\/01\/ETIQUETAS-VEGANO.png?resize=78%2C78&amp;ssl=1 78w, https:\/\/i1.wp.com\/www.comercialanma.es\/wp-content\/uploads\/2026\/01\/ETIQUETAS-VEGANO.png?resize=100%2C100&amp;ssl=1 100w, https:\/\/i1.wp.com\/www.comercialanma.es\/wp-content\/uploads\/2026\/01\/ETIQUETAS-VEGANO.png?resize=64%2C64&amp;ssl=1 64w\" sizes=\"(max-width: 50px) 100vw, 50px\" \/><\/p>\n<p><a href=\"https:\/\/www.comercialanma.es\/wp-content\/uploads\/2026\/02\/20.-Alta-Alella-CAU-DEN-GENI\u0301S-tinto_cast_2023.pdf\"><strong>FICHA T\u00c9CNICA<\/strong><\/a><\/p>\n<p>Alta Alella Cau d\u2019en Genis \u00b7 Vino tinto ecol\u00f3gico DO Alella, elaborado con Garnacha peluda \u201cLa elegancia del saul\u00f3 y el mar en versi\u00f3n tinta\u201d \u2013 Familia Pujol-Busquets<\/p>\n","protected":false},"featured_media":24642,"template":"","meta":{"spay_email":""},"yoast_head":"<!-- This site is optimized with the Yoast SEO plugin v15.9 - https:\/\/yoast.com\/wordpress\/plugins\/seo\/ -->\n<title>Cau d\u00b4en Genis Tinto 75cl. - Comercial de Hosteleria Anma<\/title>\n<meta name=\"description\" content=\"Cau d\u00b4en Genis | 75cl. | Vino\u00a0tinto seco de producci\u00f3n ecol\u00f3gica elaborado con uvas de la variedad\u00a0Garnacha Negra por\u00a0Alta Alella.\u00a0\" \/>\n<meta name=\"robots\" content=\"index, follow, max-snippet:-1, max-image-preview:large, max-video-preview:-1\" \/>\n<link rel=\"canonical\" href=\"https:\/\/www.comercialanma.es\/?product=cau-den-genis-tinto-75cl\" \/>\n<meta property=\"og:locale\" content=\"es_ES\" \/>\n<meta property=\"og:type\" content=\"article\" \/>\n<meta property=\"og:title\" content=\"Cau d\u00b4en Genis Tinto 75cl. - Comercial de Hosteleria Anma\" \/>\n<meta property=\"og:description\" content=\"Cau d\u00b4en Genis | 75cl. | Vino\u00a0tinto seco de producci\u00f3n ecol\u00f3gica elaborado con uvas de la variedad\u00a0Garnacha Negra por\u00a0Alta Alella.\u00a0\" \/>\n<meta property=\"og:url\" content=\"https:\/\/www.comercialanma.es\/?product=cau-den-genis-tinto-75cl\" \/>\n<meta property=\"og:site_name\" content=\"Comercial de Hosteleria Anma\" \/>\n<meta property=\"article:publisher\" content=\"https:\/\/www.facebook.com\/AnmaHosteleria\" \/>\n<meta property=\"article:modified_time\" content=\"2026-02-03T09:27:51+00:00\" \/>\n<meta property=\"og:image\" content=\"https:\/\/i1.wp.com\/www.comercialanma.es\/wp-content\/uploads\/2026\/02\/cau-den-genis-tinto.jpg?fit=1080%2C1080&#038;ssl=1\" \/>\n\t<meta property=\"og:image:width\" content=\"1080\" \/>\n\t<meta property=\"og:image:height\" content=\"1080\" \/>\n<meta name=\"twitter:card\" content=\"summary_large_image\" \/>\n<meta name=\"twitter:label1\" content=\"Tiempo de lectura\">\n\t<meta name=\"twitter:data1\" content=\"1 minuto\">\n<script type=\"application\/ld+json\" class=\"yoast-schema-graph\">{\"@context\":\"https:\/\/schema.org\",\"@graph\":[{\"@type\":\"Organization\",\"@id\":\"https:\/\/www.comercialanma.es\/#organization\",\"name\":\"Comercial Anma\",\"url\":\"https:\/\/www.comercialanma.es\/\",\"sameAs\":[\"https:\/\/www.facebook.com\/AnmaHosteleria\",\"https:\/\/www.instagram.com\/anmahosteleria\/?hl=es\",\"https:\/\/www.youtube.com\/channel\/UCT2nmn08Ntks0hmpZPnDgCA\"],\"logo\":{\"@type\":\"ImageObject\",\"@id\":\"https:\/\/www.comercialanma.es\/#logo\",\"inLanguage\":\"es\",\"url\":\"https:\/\/i2.wp.com\/www.comercialanma.es\/wp-content\/uploads\/2019\/06\/logo-anma-color.png?fit=247%2C101&ssl=1\",\"width\":247,\"height\":101,\"caption\":\"Comercial Anma\"},\"image\":{\"@id\":\"https:\/\/www.comercialanma.es\/#logo\"}},{\"@type\":\"WebSite\",\"@id\":\"https:\/\/www.comercialanma.es\/#website\",\"url\":\"https:\/\/www.comercialanma.es\/\",\"name\":\"Comercial de Hosteleria Anma\",\"description\":\"\",\"publisher\":{\"@id\":\"https:\/\/www.comercialanma.es\/#organization\"},\"potentialAction\":[{\"@type\":\"SearchAction\",\"target\":\"https:\/\/www.comercialanma.es\/?s={search_term_string}\",\"query-input\":\"required name=search_term_string\"}],\"inLanguage\":\"es\"},{\"@type\":\"ImageObject\",\"@id\":\"https:\/\/www.comercialanma.es\/?product=cau-den-genis-tinto-75cl#primaryimage\",\"inLanguage\":\"es\",\"url\":\"https:\/\/i1.wp.com\/www.comercialanma.es\/wp-content\/uploads\/2026\/02\/cau-den-genis-tinto.jpg?fit=1080%2C1080&ssl=1\",\"width\":1080,\"height\":1080},{\"@type\":\"WebPage\",\"@id\":\"https:\/\/www.comercialanma.es\/?product=cau-den-genis-tinto-75cl#webpage\",\"url\":\"https:\/\/www.comercialanma.es\/?product=cau-den-genis-tinto-75cl\",\"name\":\"Cau d\\u00b4en Genis Tinto 75cl. - Comercial de Hosteleria Anma\",\"isPartOf\":{\"@id\":\"https:\/\/www.comercialanma.es\/#website\"},\"primaryImageOfPage\":{\"@id\":\"https:\/\/www.comercialanma.es\/?product=cau-den-genis-tinto-75cl#primaryimage\"},\"datePublished\":\"2026-02-03T09:18:45+00:00\",\"dateModified\":\"2026-02-03T09:27:51+00:00\",\"description\":\"Cau d\\u00b4en Genis | 75cl. | Vino\\u00a0tinto seco de producci\\u00f3n ecol\\u00f3gica elaborado con uvas de la variedad\\u00a0Garnacha Negra por\\u00a0Alta Alella.\\u00a0\",\"breadcrumb\":{\"@id\":\"https:\/\/www.comercialanma.es\/?product=cau-den-genis-tinto-75cl#breadcrumb\"},\"inLanguage\":\"es\",\"potentialAction\":[{\"@type\":\"ReadAction\",\"target\":[\"https:\/\/www.comercialanma.es\/?product=cau-den-genis-tinto-75cl\"]}]},{\"@type\":\"BreadcrumbList\",\"@id\":\"https:\/\/www.comercialanma.es\/?product=cau-den-genis-tinto-75cl#breadcrumb\",\"itemListElement\":[{\"@type\":\"ListItem\",\"position\":1,\"item\":{\"@type\":\"WebPage\",\"@id\":\"https:\/\/www.comercialanma.es\/\",\"url\":\"https:\/\/www.comercialanma.es\/\",\"name\":\"Portada\"}},{\"@type\":\"ListItem\",\"position\":2,\"item\":{\"@type\":\"WebPage\",\"@id\":\"https:\/\/www.comercialanma.es\/?page_id=3963\",\"url\":\"https:\/\/www.comercialanma.es\/?page_id=3963\",\"name\":\"Cat\\u00e1logo de Productos\"}},{\"@type\":\"ListItem\",\"position\":3,\"item\":{\"@type\":\"WebPage\",\"@id\":\"https:\/\/www.comercialanma.es\/?product=cau-den-genis-tinto-75cl\",\"url\":\"https:\/\/www.comercialanma.es\/?product=cau-den-genis-tinto-75cl\",\"name\":\"Cau d\\u00b4en Genis Tinto 75cl.\"}}]}]}<\/script>\n<!-- \/ Yoast SEO plugin. -->","_links":{"self":[{"href":"https:\/\/www.comercialanma.es\/index.php?rest_route=\/wp\/v2\/product\/24640"}],"collection":[{"href":"https:\/\/www.comercialanma.es\/index.php?rest_route=\/wp\/v2\/product"}],"about":[{"href":"https:\/\/www.comercialanma.es\/index.php?rest_route=\/wp\/v2\/types\/product"}],"version-history":[{"count":2,"href":"https:\/\/www.comercialanma.es\/index.php?rest_route=\/wp\/v2\/product\/24640\/revisions"}],"predecessor-version":[{"id":24644,"href":"https:\/\/www.comercialanma.es\/index.php?rest_route=\/wp\/v2\/product\/24640\/revisions\/24644"}],"wp:featuredmedia":[{"embeddable":true,"href":"https:\/\/www.comercialanma.es\/index.php?rest_route=\/wp\/v2\/media\/24642"}],"wp:attachment":[{"href":"https:\/\/www.comercialanma.es\/index.php?rest_route=%2Fwp%2Fv2%2Fmedia&parent=24640"}],"curies":[{"name":"wp","href":"https:\/\/api.w.org\/{rel}","templated":true}]}}