
{"id":24665,"date":"2026-02-03T15:25:04","date_gmt":"2026-02-03T14:25:04","guid":{"rendered":"https:\/\/www.comercialanma.es\/?post_type=product&#038;p=24665"},"modified":"2026-02-03T15:40:29","modified_gmt":"2026-02-03T14:40:29","slug":"puput-pet-nat-75cl","status":"publish","type":"product","link":"https:\/\/www.comercialanma.es\/?product=puput-pet-nat-75cl","title":{"rendered":"Puput P\u00e9t-Nat 75cl."},"content":{"rendered":"<h3>D.O.:<\/h3>\n<ul>\n<li>Alella<\/li>\n<\/ul>\n<h3>Variedades de uva:<\/h3>\n<ul>\n<li>Pansa Blanca (Xarel\u00b7lo)<\/li>\n<\/ul>\n<h3>Graduaci\u00f3n:<\/h3>\n<ul>\n<li>Graduaci\u00f3n: 10,5% vol.<\/li>\n<\/ul>\n<h3>Nota de cata:<\/h3>\n<div id=\"tab_cata_2009\" class=\"tab_content catas_review_container\">\n<div class=\"field field--name-field-visual field--type-string field--label-above\">\n<div class=\"field field--name-field-visual field--type-string field--label-above\">\n<ul>\n<li class=\"field__item\">Color amarillo p\u00e1lido con reflejos verdosos y una ligerapresencia de levaduras en suspensi\u00f3n propio del m\u00e9todo deelaboraci\u00f3n.<\/li>\n<li class=\"field__item\">Aromas florales, de frutas blancas (pera, manzana verde) y herb\u00e1ceos (hinojo y an\u00eds) con un sutil trasfondo de almendras verdes.<\/li>\n<li class=\"field__item\">Vino seco ligero y fresco, ligeramente espumoso con una burbuja crujiente. Sabores florales, de fruta blanca y de almendras verdes recordando los aromas percibidos en nariz.<\/li>\n<\/ul>\n<\/div>\n<h3>Maridaje:<\/h3>\n<ul>\n<li data-hveid=\"CAMQAA\" data-processed=\"true\"><span class=\"T286Pc\" data-sfc-cp=\"\" data-processed=\"true\"><strong class=\"Yjhzub\" data-processed=\"true\">Aperitivos y Quesos:<\/strong>\u00a0Excelente para comenzar la comida, acompa\u00f1ando quesos suaves o frutos secos.<\/span><\/li>\n<li data-hveid=\"CAMQAQ\" data-processed=\"true\"><span class=\"T286Pc\" data-sfc-cp=\"\" data-processed=\"true\"><strong class=\"Yjhzub\" data-processed=\"true\">Mariscos y Pescados:<\/strong>\u00a0Muy recomendado con marisco a la brasa, pescados de roca y sushi.<\/span><\/li>\n<li data-hveid=\"CAMQAg\" data-processed=\"true\"><span class=\"T286Pc\" data-sfc-cp=\"\" data-processed=\"true\"><strong class=\"Yjhzub\" data-processed=\"true\">Platos Ligeros:<\/strong>\u00a0Ideal con ensaladas, verduras y sopas de pescado.<\/span><\/li>\n<li data-hveid=\"CAMQAw\" data-processed=\"true\"><span class=\"T286Pc\" data-sfc-cp=\"\" data-processed=\"true\"><strong class=\"Yjhzub\" data-processed=\"true\">Cocina Internacional:<\/strong>\u00a0Combina bien con la cocina asi\u00e1tica debido a sus notas frescas y afrutadas.<\/span><span class=\"uJ19be notranslate\" data-wiz-uids=\"zbq4_12,zbq4_13\" data-processed=\"true\"><span class=\"vKEkVd\" data-animation-atomic=\"\" data-wiz-attrbind=\"class=zbq4_11\/TKHnVd\" data-processed=\"true\"><span aria-hidden=\"true\" data-processed=\"true\">\u00a0<\/span><\/span><\/span><\/li>\n<\/ul>\n<\/div>\n<\/div>\n","protected":false},"excerpt":{"rendered":"<p><img loading=\"lazy\" class=\"alignnone wp-image-24593\" src=\"https:\/\/www.comercialanma.es\/wp-content\/uploads\/2026\/01\/ETIQUETAS-ECO.png\" alt=\"\" width=\"50\" height=\"50\" srcset=\"https:\/\/i0.wp.com\/www.comercialanma.es\/wp-content\/uploads\/2026\/01\/ETIQUETAS-ECO.png?w=300&amp;ssl=1 300w, https:\/\/i0.wp.com\/www.comercialanma.es\/wp-content\/uploads\/2026\/01\/ETIQUETAS-ECO.png?resize=150%2C150&amp;ssl=1 150w, https:\/\/i0.wp.com\/www.comercialanma.es\/wp-content\/uploads\/2026\/01\/ETIQUETAS-ECO.png?resize=104%2C104&amp;ssl=1 104w, https:\/\/i0.wp.com\/www.comercialanma.es\/wp-content\/uploads\/2026\/01\/ETIQUETAS-ECO.png?resize=260%2C260&amp;ssl=1 260w, https:\/\/i0.wp.com\/www.comercialanma.es\/wp-content\/uploads\/2026\/01\/ETIQUETAS-ECO.png?resize=78%2C78&amp;ssl=1 78w, https:\/\/i0.wp.com\/www.comercialanma.es\/wp-content\/uploads\/2026\/01\/ETIQUETAS-ECO.png?resize=100%2C100&amp;ssl=1 100w, https:\/\/i0.wp.com\/www.comercialanma.es\/wp-content\/uploads\/2026\/01\/ETIQUETAS-ECO.png?resize=64%2C64&amp;ssl=1 64w\" sizes=\"(max-width: 50px) 100vw, 50px\" \/> <img loading=\"lazy\" class=\"alignnone wp-image-24595\" src=\"https:\/\/www.comercialanma.es\/wp-content\/uploads\/2026\/01\/ETIQUETAS-VEGANO.png\" alt=\"\" width=\"50\" height=\"50\" srcset=\"https:\/\/i1.wp.com\/www.comercialanma.es\/wp-content\/uploads\/2026\/01\/ETIQUETAS-VEGANO.png?w=300&amp;ssl=1 300w, https:\/\/i1.wp.com\/www.comercialanma.es\/wp-content\/uploads\/2026\/01\/ETIQUETAS-VEGANO.png?resize=150%2C150&amp;ssl=1 150w, https:\/\/i1.wp.com\/www.comercialanma.es\/wp-content\/uploads\/2026\/01\/ETIQUETAS-VEGANO.png?resize=104%2C104&amp;ssl=1 104w, https:\/\/i1.wp.com\/www.comercialanma.es\/wp-content\/uploads\/2026\/01\/ETIQUETAS-VEGANO.png?resize=260%2C260&amp;ssl=1 260w, https:\/\/i1.wp.com\/www.comercialanma.es\/wp-content\/uploads\/2026\/01\/ETIQUETAS-VEGANO.png?resize=78%2C78&amp;ssl=1 78w, https:\/\/i1.wp.com\/www.comercialanma.es\/wp-content\/uploads\/2026\/01\/ETIQUETAS-VEGANO.png?resize=100%2C100&amp;ssl=1 100w, https:\/\/i1.wp.com\/www.comercialanma.es\/wp-content\/uploads\/2026\/01\/ETIQUETAS-VEGANO.png?resize=64%2C64&amp;ssl=1 64w\" sizes=\"(max-width: 50px) 100vw, 50px\" \/> <img loading=\"lazy\" class=\"alignnone wp-image-24594\" src=\"https:\/\/www.comercialanma.es\/wp-content\/uploads\/2026\/01\/ETIQUETAS-SULFITOS.png\" alt=\"\" width=\"50\" height=\"50\" srcset=\"https:\/\/i0.wp.com\/www.comercialanma.es\/wp-content\/uploads\/2026\/01\/ETIQUETAS-SULFITOS.png?w=300&amp;ssl=1 300w, https:\/\/i0.wp.com\/www.comercialanma.es\/wp-content\/uploads\/2026\/01\/ETIQUETAS-SULFITOS.png?resize=150%2C150&amp;ssl=1 150w, https:\/\/i0.wp.com\/www.comercialanma.es\/wp-content\/uploads\/2026\/01\/ETIQUETAS-SULFITOS.png?resize=104%2C104&amp;ssl=1 104w, https:\/\/i0.wp.com\/www.comercialanma.es\/wp-content\/uploads\/2026\/01\/ETIQUETAS-SULFITOS.png?resize=260%2C260&amp;ssl=1 260w, https:\/\/i0.wp.com\/www.comercialanma.es\/wp-content\/uploads\/2026\/01\/ETIQUETAS-SULFITOS.png?resize=78%2C78&amp;ssl=1 78w, https:\/\/i0.wp.com\/www.comercialanma.es\/wp-content\/uploads\/2026\/01\/ETIQUETAS-SULFITOS.png?resize=100%2C100&amp;ssl=1 100w, https:\/\/i0.wp.com\/www.comercialanma.es\/wp-content\/uploads\/2026\/01\/ETIQUETAS-SULFITOS.png?resize=64%2C64&amp;ssl=1 64w\" sizes=\"(max-width: 50px) 100vw, 50px\" \/><\/p>\n<p><a href=\"https:\/\/www.comercialanma.es\/wp-content\/uploads\/2026\/02\/20.-PUPUT-Pe\u0301t-Nat_cast_2025-1.pdf\"><strong>FICHA T\u00c9CNICA<\/strong><\/a><\/p>\n<p>\u201cLa Pansa Blanca m\u00e1s crujiente y sorprendente\u201d<br \/>\nAbubilla (Upupa epops y Puput en catal\u00e1n), es un ave \u00fanica e inconfundible, que vuela entre vi\u00f1edos, huertos y campos de cultivo.<br \/>\nP\u00e9t-Nat es un t\u00e9rmino franc\u00e9s que se refiere a &#8220;P\u00e9tillant Naturel\u201d, escumoso natural, de m\u00e9todo Ancestral.<\/p>\n","protected":false},"featured_media":24666,"template":"","meta":{"spay_email":""},"yoast_head":"<!-- This site is optimized with the Yoast SEO plugin v15.9 - https:\/\/yoast.com\/wordpress\/plugins\/seo\/ -->\n<title>Puput P\u00e9t-Nat 75cl. - Comercial de Hosteleria Anma<\/title>\n<meta name=\"description\" content=\"Puput P\u00e9t Nat | Alella | 75cl. | P\u00e9t-Nat elaborado con uvas procedentes de agricultura ecol\u00f3gica y con una sanidad impecable.\" \/>\n<meta name=\"robots\" content=\"index, follow, max-snippet:-1, max-image-preview:large, max-video-preview:-1\" \/>\n<link rel=\"canonical\" href=\"https:\/\/www.comercialanma.es\/?product=puput-pet-nat-75cl\" \/>\n<meta property=\"og:locale\" content=\"es_ES\" \/>\n<meta property=\"og:type\" content=\"article\" \/>\n<meta property=\"og:title\" content=\"Puput P\u00e9t-Nat 75cl. - Comercial de Hosteleria Anma\" \/>\n<meta property=\"og:description\" content=\"Puput P\u00e9t Nat | Alella | 75cl. | P\u00e9t-Nat elaborado con uvas procedentes de agricultura ecol\u00f3gica y con una sanidad impecable.\" \/>\n<meta property=\"og:url\" content=\"https:\/\/www.comercialanma.es\/?product=puput-pet-nat-75cl\" \/>\n<meta property=\"og:site_name\" content=\"Comercial de Hosteleria Anma\" \/>\n<meta property=\"article:publisher\" content=\"https:\/\/www.facebook.com\/AnmaHosteleria\" \/>\n<meta property=\"article:modified_time\" content=\"2026-02-03T14:40:29+00:00\" \/>\n<meta property=\"og:image\" content=\"https:\/\/i1.wp.com\/www.comercialanma.es\/wp-content\/uploads\/2026\/02\/PUPUT-PET-NAT.jpg?fit=1080%2C1080&#038;ssl=1\" \/>\n\t<meta property=\"og:image:width\" content=\"1080\" \/>\n\t<meta property=\"og:image:height\" content=\"1080\" \/>\n<meta name=\"twitter:card\" content=\"summary_large_image\" \/>\n<meta name=\"twitter:label1\" content=\"Tiempo de lectura\">\n\t<meta name=\"twitter:data1\" content=\"1 minuto\">\n<script type=\"application\/ld+json\" class=\"yoast-schema-graph\">{\"@context\":\"https:\/\/schema.org\",\"@graph\":[{\"@type\":\"Organization\",\"@id\":\"https:\/\/www.comercialanma.es\/#organization\",\"name\":\"Comercial Anma\",\"url\":\"https:\/\/www.comercialanma.es\/\",\"sameAs\":[\"https:\/\/www.facebook.com\/AnmaHosteleria\",\"https:\/\/www.instagram.com\/anmahosteleria\/?hl=es\",\"https:\/\/www.youtube.com\/channel\/UCT2nmn08Ntks0hmpZPnDgCA\"],\"logo\":{\"@type\":\"ImageObject\",\"@id\":\"https:\/\/www.comercialanma.es\/#logo\",\"inLanguage\":\"es\",\"url\":\"https:\/\/i2.wp.com\/www.comercialanma.es\/wp-content\/uploads\/2019\/06\/logo-anma-color.png?fit=247%2C101&ssl=1\",\"width\":247,\"height\":101,\"caption\":\"Comercial Anma\"},\"image\":{\"@id\":\"https:\/\/www.comercialanma.es\/#logo\"}},{\"@type\":\"WebSite\",\"@id\":\"https:\/\/www.comercialanma.es\/#website\",\"url\":\"https:\/\/www.comercialanma.es\/\",\"name\":\"Comercial de Hosteleria Anma\",\"description\":\"\",\"publisher\":{\"@id\":\"https:\/\/www.comercialanma.es\/#organization\"},\"potentialAction\":[{\"@type\":\"SearchAction\",\"target\":\"https:\/\/www.comercialanma.es\/?s={search_term_string}\",\"query-input\":\"required name=search_term_string\"}],\"inLanguage\":\"es\"},{\"@type\":\"ImageObject\",\"@id\":\"https:\/\/www.comercialanma.es\/?product=puput-pet-nat-75cl#primaryimage\",\"inLanguage\":\"es\",\"url\":\"https:\/\/i1.wp.com\/www.comercialanma.es\/wp-content\/uploads\/2026\/02\/PUPUT-PET-NAT.jpg?fit=1080%2C1080&ssl=1\",\"width\":1080,\"height\":1080},{\"@type\":\"WebPage\",\"@id\":\"https:\/\/www.comercialanma.es\/?product=puput-pet-nat-75cl#webpage\",\"url\":\"https:\/\/www.comercialanma.es\/?product=puput-pet-nat-75cl\",\"name\":\"Puput P\\u00e9t-Nat 75cl. - Comercial de Hosteleria Anma\",\"isPartOf\":{\"@id\":\"https:\/\/www.comercialanma.es\/#website\"},\"primaryImageOfPage\":{\"@id\":\"https:\/\/www.comercialanma.es\/?product=puput-pet-nat-75cl#primaryimage\"},\"datePublished\":\"2026-02-03T14:25:04+00:00\",\"dateModified\":\"2026-02-03T14:40:29+00:00\",\"description\":\"Puput P\\u00e9t Nat | Alella | 75cl. | P\\u00e9t-Nat elaborado con uvas procedentes de agricultura ecol\\u00f3gica y con una sanidad impecable.\",\"breadcrumb\":{\"@id\":\"https:\/\/www.comercialanma.es\/?product=puput-pet-nat-75cl#breadcrumb\"},\"inLanguage\":\"es\",\"potentialAction\":[{\"@type\":\"ReadAction\",\"target\":[\"https:\/\/www.comercialanma.es\/?product=puput-pet-nat-75cl\"]}]},{\"@type\":\"BreadcrumbList\",\"@id\":\"https:\/\/www.comercialanma.es\/?product=puput-pet-nat-75cl#breadcrumb\",\"itemListElement\":[{\"@type\":\"ListItem\",\"position\":1,\"item\":{\"@type\":\"WebPage\",\"@id\":\"https:\/\/www.comercialanma.es\/\",\"url\":\"https:\/\/www.comercialanma.es\/\",\"name\":\"Portada\"}},{\"@type\":\"ListItem\",\"position\":2,\"item\":{\"@type\":\"WebPage\",\"@id\":\"https:\/\/www.comercialanma.es\/?page_id=3963\",\"url\":\"https:\/\/www.comercialanma.es\/?page_id=3963\",\"name\":\"Cat\\u00e1logo de Productos\"}},{\"@type\":\"ListItem\",\"position\":3,\"item\":{\"@type\":\"WebPage\",\"@id\":\"https:\/\/www.comercialanma.es\/?product=puput-pet-nat-75cl\",\"url\":\"https:\/\/www.comercialanma.es\/?product=puput-pet-nat-75cl\",\"name\":\"Puput P\\u00e9t-Nat 75cl.\"}}]}]}<\/script>\n<!-- \/ Yoast SEO plugin. -->","_links":{"self":[{"href":"https:\/\/www.comercialanma.es\/index.php?rest_route=\/wp\/v2\/product\/24665"}],"collection":[{"href":"https:\/\/www.comercialanma.es\/index.php?rest_route=\/wp\/v2\/product"}],"about":[{"href":"https:\/\/www.comercialanma.es\/index.php?rest_route=\/wp\/v2\/types\/product"}],"version-history":[{"count":1,"href":"https:\/\/www.comercialanma.es\/index.php?rest_route=\/wp\/v2\/product\/24665\/revisions"}],"predecessor-version":[{"id":24669,"href":"https:\/\/www.comercialanma.es\/index.php?rest_route=\/wp\/v2\/product\/24665\/revisions\/24669"}],"wp:featuredmedia":[{"embeddable":true,"href":"https:\/\/www.comercialanma.es\/index.php?rest_route=\/wp\/v2\/media\/24666"}],"wp:attachment":[{"href":"https:\/\/www.comercialanma.es\/index.php?rest_route=%2Fwp%2Fv2%2Fmedia&parent=24665"}],"curies":[{"name":"wp","href":"https:\/\/api.w.org\/{rel}","templated":true}]}}