
{"id":24718,"date":"2026-02-16T15:20:24","date_gmt":"2026-02-16T14:20:24","guid":{"rendered":"https:\/\/www.comercialanma.es\/?post_type=product&#038;p=24718"},"modified":"2026-02-16T15:27:44","modified_gmt":"2026-02-16T14:27:44","slug":"myrrah-vermut-blanco-1l","status":"publish","type":"product","link":"https:\/\/www.comercialanma.es\/?product=myrrah-vermut-blanco-1l","title":{"rendered":"Myrrah vermut blanco 1L."},"content":{"rendered":"<p>El\u00a0<strong>vermut blanco tradicional Myrrha<\/strong>\u00a0es un vermut fresco, equilibrado y arom\u00e1tico, pensado para quienes disfrutan de los vermuts cl\u00e1sicos de perfil ligero. Este\u00a0<strong>verm\u00fa blanco tradicional<\/strong>\u00a0combina de forma natural dulzor y acidez, lo que lo hace f\u00e1cil de beber y muy vers\u00e1til.<\/p>\n<h3>Un estilo cl\u00e1sico y refrescante<\/h3>\n<p>Por su car\u00e1cter ligero y bien definido, resulta ideal para el aperitivo y para acompa\u00f1ar tapas y platos suaves. Es una opci\u00f3n perfecta si buscas un vermut blanco tradicional con personalidad propia.<\/p>\n<h3>Perfil arom\u00e1tico y cata<\/h3>\n<p>En nariz presenta aromas\u00a0<strong>florales, c\u00edtricos y anisados<\/strong>\u00a0que aportan frescura. En boca, la entrada es suave, con un dulzor moderado que evoluciona hacia una acidez agradable y un amargor elegante y bien integrado.<\/p>\n<ul>\n<li><strong>Servicio:<\/strong>\u00a0bien fr\u00edo, solo o con hielo.<\/li>\n<li><strong>Toque opcional:<\/strong>\u00a0twist de lim\u00f3n o una hoja de menta.<\/li>\n<li><strong>Momento ideal:<\/strong>\u00a0aperitivo y sobremesa.<\/li>\n<\/ul>\n<h3>Bodega y elaboraci\u00f3n<\/h3>\n<p>El Vermut Myrrha Blanco se elabora en la\u00a0<strong>Bodega Padr\u00f3 i Fam\u00edlia<\/strong>, donde desde hace cinco generaciones se elaboran vermuts siguiendo m\u00e9todos propios y una receta transmitida con el tiempo. Toda la elaboraci\u00f3n se realiza \u00edntegramente en la bodega, manteniendo un estilo fiel a la tradici\u00f3n.<\/p>\n","protected":false},"excerpt":{"rendered":"<div id=\"info_valoracion\">\n<div id=\"short_description_block\">\n<div id=\"short_description_content\">\n<p>El\u00a0vermut blanco tradicional Myrrha\u00a0es un vermut fresco, equilibrado y arom\u00e1tico, pensado para quienes disfrutan de los vermuts cl\u00e1sicos de perfil ligero. Este\u00a0verm\u00fa blanco tradicional\u00a0combina de forma natural dulzor y acidez, lo que lo hace f\u00e1cil de beber y muy vers\u00e1til.<\/p>\n<\/div>\n<\/div>\n<div class=\"available-box\"><\/div>\n<\/div>\n<p>&nbsp;<\/p>\n","protected":false},"featured_media":24719,"template":"","meta":{"spay_email":""},"yoast_head":"<!-- This site is optimized with the Yoast SEO plugin v15.9 - https:\/\/yoast.com\/wordpress\/plugins\/seo\/ -->\n<title>Myrrah vermut blanco 1L. - Comercial de Hosteleria Anma<\/title>\n<meta name=\"description\" content=\"Myrrah vermut blanco | 1L.| Vermut fresco, equilibrado y arom\u00e1tico, pensado para quienes disfrutan de los vermuts cl\u00e1sicos de perfil ligero.\" \/>\n<meta name=\"robots\" content=\"index, follow, max-snippet:-1, max-image-preview:large, max-video-preview:-1\" \/>\n<link rel=\"canonical\" href=\"https:\/\/www.comercialanma.es\/?product=myrrah-vermut-blanco-1l\" \/>\n<meta property=\"og:locale\" content=\"es_ES\" \/>\n<meta property=\"og:type\" content=\"article\" \/>\n<meta property=\"og:title\" content=\"Myrrah vermut blanco 1L. - Comercial de Hosteleria Anma\" \/>\n<meta property=\"og:description\" content=\"Myrrah vermut blanco | 1L.| Vermut fresco, equilibrado y arom\u00e1tico, pensado para quienes disfrutan de los vermuts cl\u00e1sicos de perfil ligero.\" \/>\n<meta property=\"og:url\" content=\"https:\/\/www.comercialanma.es\/?product=myrrah-vermut-blanco-1l\" \/>\n<meta property=\"og:site_name\" content=\"Comercial de Hosteleria Anma\" \/>\n<meta property=\"article:publisher\" content=\"https:\/\/www.facebook.com\/AnmaHosteleria\" \/>\n<meta property=\"article:modified_time\" content=\"2026-02-16T14:27:44+00:00\" \/>\n<meta property=\"og:image\" content=\"https:\/\/i2.wp.com\/www.comercialanma.es\/wp-content\/uploads\/2026\/02\/myrrah-vermut-blanco-1l.jpg?fit=1080%2C1080&#038;ssl=1\" \/>\n\t<meta property=\"og:image:width\" content=\"1080\" \/>\n\t<meta property=\"og:image:height\" content=\"1080\" \/>\n<meta name=\"twitter:card\" content=\"summary_large_image\" \/>\n<meta name=\"twitter:label1\" content=\"Tiempo de lectura\">\n\t<meta name=\"twitter:data1\" content=\"1 minuto\">\n<script type=\"application\/ld+json\" class=\"yoast-schema-graph\">{\"@context\":\"https:\/\/schema.org\",\"@graph\":[{\"@type\":\"Organization\",\"@id\":\"https:\/\/www.comercialanma.es\/#organization\",\"name\":\"Comercial Anma\",\"url\":\"https:\/\/www.comercialanma.es\/\",\"sameAs\":[\"https:\/\/www.facebook.com\/AnmaHosteleria\",\"https:\/\/www.instagram.com\/anmahosteleria\/?hl=es\",\"https:\/\/www.youtube.com\/channel\/UCT2nmn08Ntks0hmpZPnDgCA\"],\"logo\":{\"@type\":\"ImageObject\",\"@id\":\"https:\/\/www.comercialanma.es\/#logo\",\"inLanguage\":\"es\",\"url\":\"https:\/\/i2.wp.com\/www.comercialanma.es\/wp-content\/uploads\/2019\/06\/logo-anma-color.png?fit=247%2C101&ssl=1\",\"width\":247,\"height\":101,\"caption\":\"Comercial Anma\"},\"image\":{\"@id\":\"https:\/\/www.comercialanma.es\/#logo\"}},{\"@type\":\"WebSite\",\"@id\":\"https:\/\/www.comercialanma.es\/#website\",\"url\":\"https:\/\/www.comercialanma.es\/\",\"name\":\"Comercial de Hosteleria Anma\",\"description\":\"\",\"publisher\":{\"@id\":\"https:\/\/www.comercialanma.es\/#organization\"},\"potentialAction\":[{\"@type\":\"SearchAction\",\"target\":\"https:\/\/www.comercialanma.es\/?s={search_term_string}\",\"query-input\":\"required name=search_term_string\"}],\"inLanguage\":\"es\"},{\"@type\":\"ImageObject\",\"@id\":\"https:\/\/www.comercialanma.es\/?product=myrrah-vermut-blanco-1l#primaryimage\",\"inLanguage\":\"es\",\"url\":\"https:\/\/i2.wp.com\/www.comercialanma.es\/wp-content\/uploads\/2026\/02\/myrrah-vermut-blanco-1l.jpg?fit=1080%2C1080&ssl=1\",\"width\":1080,\"height\":1080},{\"@type\":\"WebPage\",\"@id\":\"https:\/\/www.comercialanma.es\/?product=myrrah-vermut-blanco-1l#webpage\",\"url\":\"https:\/\/www.comercialanma.es\/?product=myrrah-vermut-blanco-1l\",\"name\":\"Myrrah vermut blanco 1L. - Comercial de Hosteleria Anma\",\"isPartOf\":{\"@id\":\"https:\/\/www.comercialanma.es\/#website\"},\"primaryImageOfPage\":{\"@id\":\"https:\/\/www.comercialanma.es\/?product=myrrah-vermut-blanco-1l#primaryimage\"},\"datePublished\":\"2026-02-16T14:20:24+00:00\",\"dateModified\":\"2026-02-16T14:27:44+00:00\",\"description\":\"Myrrah vermut blanco | 1L.| Vermut fresco, equilibrado y arom\\u00e1tico, pensado para quienes disfrutan de los vermuts cl\\u00e1sicos de perfil ligero.\",\"breadcrumb\":{\"@id\":\"https:\/\/www.comercialanma.es\/?product=myrrah-vermut-blanco-1l#breadcrumb\"},\"inLanguage\":\"es\",\"potentialAction\":[{\"@type\":\"ReadAction\",\"target\":[\"https:\/\/www.comercialanma.es\/?product=myrrah-vermut-blanco-1l\"]}]},{\"@type\":\"BreadcrumbList\",\"@id\":\"https:\/\/www.comercialanma.es\/?product=myrrah-vermut-blanco-1l#breadcrumb\",\"itemListElement\":[{\"@type\":\"ListItem\",\"position\":1,\"item\":{\"@type\":\"WebPage\",\"@id\":\"https:\/\/www.comercialanma.es\/\",\"url\":\"https:\/\/www.comercialanma.es\/\",\"name\":\"Portada\"}},{\"@type\":\"ListItem\",\"position\":2,\"item\":{\"@type\":\"WebPage\",\"@id\":\"https:\/\/www.comercialanma.es\/?page_id=3963\",\"url\":\"https:\/\/www.comercialanma.es\/?page_id=3963\",\"name\":\"Cat\\u00e1logo de Productos\"}},{\"@type\":\"ListItem\",\"position\":3,\"item\":{\"@type\":\"WebPage\",\"@id\":\"https:\/\/www.comercialanma.es\/?product=myrrah-vermut-blanco-1l\",\"url\":\"https:\/\/www.comercialanma.es\/?product=myrrah-vermut-blanco-1l\",\"name\":\"Myrrah vermut blanco 1L.\"}}]}]}<\/script>\n<!-- \/ Yoast SEO plugin. -->","_links":{"self":[{"href":"https:\/\/www.comercialanma.es\/index.php?rest_route=\/wp\/v2\/product\/24718"}],"collection":[{"href":"https:\/\/www.comercialanma.es\/index.php?rest_route=\/wp\/v2\/product"}],"about":[{"href":"https:\/\/www.comercialanma.es\/index.php?rest_route=\/wp\/v2\/types\/product"}],"version-history":[{"count":1,"href":"https:\/\/www.comercialanma.es\/index.php?rest_route=\/wp\/v2\/product\/24718\/revisions"}],"predecessor-version":[{"id":24720,"href":"https:\/\/www.comercialanma.es\/index.php?rest_route=\/wp\/v2\/product\/24718\/revisions\/24720"}],"wp:featuredmedia":[{"embeddable":true,"href":"https:\/\/www.comercialanma.es\/index.php?rest_route=\/wp\/v2\/media\/24719"}],"wp:attachment":[{"href":"https:\/\/www.comercialanma.es\/index.php?rest_route=%2Fwp%2Fv2%2Fmedia&parent=24718"}],"curies":[{"name":"wp","href":"https:\/\/api.w.org\/{rel}","templated":true}]}}