
{"id":24721,"date":"2026-02-16T15:32:03","date_gmt":"2026-02-16T14:32:03","guid":{"rendered":"https:\/\/www.comercialanma.es\/?post_type=product&#038;p=24721"},"modified":"2026-02-17T16:05:25","modified_gmt":"2026-02-17T15:05:25","slug":"nikka-yoichi-single-malt-70cl","status":"publish","type":"product","link":"https:\/\/www.comercialanma.es\/?product=nikka-yoichi-single-malt-70cl","title":{"rendered":"Nikka Yoichi Single Malt 70cl."},"content":{"rendered":"<h3>Nota de cata:<\/h3>\n<ul>\n<li>Los peque\u00f1os alambiques funcionan a carb\u00f3n, la malta tiene un ligero toque de turba y la maduraci\u00f3n se realiza en barricas de bourbon, jerez y roble nuevo. Nariz suave y con mucho cuerpo. En un principio, un delicado aroma de turba recubre suavemente la paleta arom\u00e1tica, cobrando cada vez m\u00e1s fuerza a medida que las notas de humo, holl\u00edn y sal transcienden los aromas iniciales. Despu\u00e9s los aromas evolucionan hacia c\u00edtricos confitados (lim\u00f3n, naranja), regaliz negro y especias (nuez moscada, jengibre), para a continuaci\u00f3n abrirse con aromas de ra\u00edces y ramas secas. Embriagador y floral (clavel, lirio), va cobrando complejidad.<\/li>\n<\/ul>\n<h3>GRADUACI\u00d3N:<\/h3>\n<ul>\n<li>Graduaci\u00f3n: 45% vol.<\/li>\n<\/ul>\n<div>\n<div><\/div>\n<\/div>\n<div><\/div>\n<div class=\"field\"><\/div>\n","protected":false},"excerpt":{"rendered":"<p>Nikka Single Malt Yoichi\u00a0es un whisky puro de malta que se elabora en la destiler\u00eda hom\u00f3nima y transmite fuerza, suavidad y delicadeza. Su\u00a0proceso de producci\u00f3n es uno de los m\u00e1s tradicionales del mundo, como la destilaci\u00f3n directa con fuego de carb\u00f3n. Este whisky refleja el aut\u00e9ntico car\u00e1cter costero de su ubicaci\u00f3n en la isla m\u00e1s septentrional de Jap\u00f3n. Con su delicado perfil con notas de turba, este whisky puro de malta consigue un sutil equilibrio entre aromas ahumados, frutales y florales.<\/p>\n","protected":false},"featured_media":24722,"template":"","meta":{"spay_email":""},"yoast_head":"<!-- This site is optimized with the Yoast SEO plugin v15.9 - https:\/\/yoast.com\/wordpress\/plugins\/seo\/ -->\n<title>Nikka Yoichi Single Malt 70cl. - Comercial de Hosteleria Anma<\/title>\n<meta name=\"description\" content=\"Nikka Yoichi | 70cl.| Whisky puro de malta que se elabora en la destiler\u00eda hom\u00f3nima y transmite fuerza, suavidad y delicadeza.\" \/>\n<meta name=\"robots\" content=\"index, follow, max-snippet:-1, max-image-preview:large, max-video-preview:-1\" \/>\n<link rel=\"canonical\" href=\"https:\/\/www.comercialanma.es\/?product=nikka-yoichi-single-malt-70cl\" \/>\n<meta property=\"og:locale\" content=\"es_ES\" \/>\n<meta property=\"og:type\" content=\"article\" \/>\n<meta property=\"og:title\" content=\"Nikka Yoichi Single Malt 70cl. - Comercial de Hosteleria Anma\" \/>\n<meta property=\"og:description\" content=\"Nikka Yoichi | 70cl.| Whisky puro de malta que se elabora en la destiler\u00eda hom\u00f3nima y transmite fuerza, suavidad y delicadeza.\" \/>\n<meta property=\"og:url\" content=\"https:\/\/www.comercialanma.es\/?product=nikka-yoichi-single-malt-70cl\" \/>\n<meta property=\"og:site_name\" content=\"Comercial de Hosteleria Anma\" \/>\n<meta property=\"article:publisher\" content=\"https:\/\/www.facebook.com\/AnmaHosteleria\" \/>\n<meta property=\"article:modified_time\" content=\"2026-02-17T15:05:25+00:00\" \/>\n<meta property=\"og:image\" content=\"https:\/\/i0.wp.com\/www.comercialanma.es\/wp-content\/uploads\/2026\/02\/nikka-yoichi.jpg?fit=1080%2C1080&#038;ssl=1\" \/>\n\t<meta property=\"og:image:width\" content=\"1080\" \/>\n\t<meta property=\"og:image:height\" content=\"1080\" \/>\n<meta name=\"twitter:card\" content=\"summary_large_image\" \/>\n<meta name=\"twitter:label1\" content=\"Tiempo de lectura\">\n\t<meta name=\"twitter:data1\" content=\"1 minuto\">\n<script type=\"application\/ld+json\" class=\"yoast-schema-graph\">{\"@context\":\"https:\/\/schema.org\",\"@graph\":[{\"@type\":\"Organization\",\"@id\":\"https:\/\/www.comercialanma.es\/#organization\",\"name\":\"Comercial Anma\",\"url\":\"https:\/\/www.comercialanma.es\/\",\"sameAs\":[\"https:\/\/www.facebook.com\/AnmaHosteleria\",\"https:\/\/www.instagram.com\/anmahosteleria\/?hl=es\",\"https:\/\/www.youtube.com\/channel\/UCT2nmn08Ntks0hmpZPnDgCA\"],\"logo\":{\"@type\":\"ImageObject\",\"@id\":\"https:\/\/www.comercialanma.es\/#logo\",\"inLanguage\":\"es\",\"url\":\"https:\/\/i2.wp.com\/www.comercialanma.es\/wp-content\/uploads\/2019\/06\/logo-anma-color.png?fit=247%2C101&ssl=1\",\"width\":247,\"height\":101,\"caption\":\"Comercial Anma\"},\"image\":{\"@id\":\"https:\/\/www.comercialanma.es\/#logo\"}},{\"@type\":\"WebSite\",\"@id\":\"https:\/\/www.comercialanma.es\/#website\",\"url\":\"https:\/\/www.comercialanma.es\/\",\"name\":\"Comercial de Hosteleria Anma\",\"description\":\"\",\"publisher\":{\"@id\":\"https:\/\/www.comercialanma.es\/#organization\"},\"potentialAction\":[{\"@type\":\"SearchAction\",\"target\":\"https:\/\/www.comercialanma.es\/?s={search_term_string}\",\"query-input\":\"required name=search_term_string\"}],\"inLanguage\":\"es\"},{\"@type\":\"ImageObject\",\"@id\":\"https:\/\/www.comercialanma.es\/?product=nikka-yoichi-single-malt-70cl#primaryimage\",\"inLanguage\":\"es\",\"url\":\"https:\/\/i0.wp.com\/www.comercialanma.es\/wp-content\/uploads\/2026\/02\/nikka-yoichi.jpg?fit=1080%2C1080&ssl=1\",\"width\":1080,\"height\":1080},{\"@type\":\"WebPage\",\"@id\":\"https:\/\/www.comercialanma.es\/?product=nikka-yoichi-single-malt-70cl#webpage\",\"url\":\"https:\/\/www.comercialanma.es\/?product=nikka-yoichi-single-malt-70cl\",\"name\":\"Nikka Yoichi Single Malt 70cl. - Comercial de Hosteleria Anma\",\"isPartOf\":{\"@id\":\"https:\/\/www.comercialanma.es\/#website\"},\"primaryImageOfPage\":{\"@id\":\"https:\/\/www.comercialanma.es\/?product=nikka-yoichi-single-malt-70cl#primaryimage\"},\"datePublished\":\"2026-02-16T14:32:03+00:00\",\"dateModified\":\"2026-02-17T15:05:25+00:00\",\"description\":\"Nikka Yoichi | 70cl.| Whisky puro de malta que se elabora en la destiler\\u00eda hom\\u00f3nima y transmite fuerza, suavidad y delicadeza.\",\"breadcrumb\":{\"@id\":\"https:\/\/www.comercialanma.es\/?product=nikka-yoichi-single-malt-70cl#breadcrumb\"},\"inLanguage\":\"es\",\"potentialAction\":[{\"@type\":\"ReadAction\",\"target\":[\"https:\/\/www.comercialanma.es\/?product=nikka-yoichi-single-malt-70cl\"]}]},{\"@type\":\"BreadcrumbList\",\"@id\":\"https:\/\/www.comercialanma.es\/?product=nikka-yoichi-single-malt-70cl#breadcrumb\",\"itemListElement\":[{\"@type\":\"ListItem\",\"position\":1,\"item\":{\"@type\":\"WebPage\",\"@id\":\"https:\/\/www.comercialanma.es\/\",\"url\":\"https:\/\/www.comercialanma.es\/\",\"name\":\"Portada\"}},{\"@type\":\"ListItem\",\"position\":2,\"item\":{\"@type\":\"WebPage\",\"@id\":\"https:\/\/www.comercialanma.es\/?page_id=3963\",\"url\":\"https:\/\/www.comercialanma.es\/?page_id=3963\",\"name\":\"Cat\\u00e1logo de Productos\"}},{\"@type\":\"ListItem\",\"position\":3,\"item\":{\"@type\":\"WebPage\",\"@id\":\"https:\/\/www.comercialanma.es\/?product=nikka-yoichi-single-malt-70cl\",\"url\":\"https:\/\/www.comercialanma.es\/?product=nikka-yoichi-single-malt-70cl\",\"name\":\"Nikka Yoichi Single Malt 70cl.\"}}]}]}<\/script>\n<!-- \/ Yoast SEO plugin. -->","_links":{"self":[{"href":"https:\/\/www.comercialanma.es\/index.php?rest_route=\/wp\/v2\/product\/24721"}],"collection":[{"href":"https:\/\/www.comercialanma.es\/index.php?rest_route=\/wp\/v2\/product"}],"about":[{"href":"https:\/\/www.comercialanma.es\/index.php?rest_route=\/wp\/v2\/types\/product"}],"version-history":[{"count":1,"href":"https:\/\/www.comercialanma.es\/index.php?rest_route=\/wp\/v2\/product\/24721\/revisions"}],"predecessor-version":[{"id":24723,"href":"https:\/\/www.comercialanma.es\/index.php?rest_route=\/wp\/v2\/product\/24721\/revisions\/24723"}],"wp:featuredmedia":[{"embeddable":true,"href":"https:\/\/www.comercialanma.es\/index.php?rest_route=\/wp\/v2\/media\/24722"}],"wp:attachment":[{"href":"https:\/\/www.comercialanma.es\/index.php?rest_route=%2Fwp%2Fv2%2Fmedia&parent=24721"}],"curies":[{"name":"wp","href":"https:\/\/api.w.org\/{rel}","templated":true}]}}