
{"id":24762,"date":"2026-03-27T11:50:30","date_gmt":"2026-03-27T10:50:30","guid":{"rendered":"https:\/\/www.comercialanma.es\/?post_type=product&#038;p=24762"},"modified":"2026-03-27T16:45:33","modified_gmt":"2026-03-27T15:45:33","slug":"orange-tallareta-75cl","status":"publish","type":"product","link":"https:\/\/www.comercialanma.es\/?product=orange-tallareta-75cl","title":{"rendered":"Orange Tallareta 75cl."},"content":{"rendered":"<h3>D.O.:<\/h3>\n<ul>\n<li>Alella<\/li>\n<\/ul>\n<h3>Variedades de uva:<\/h3>\n<ul>\n<li>Xarello vermell, Xarello<\/li>\n<\/ul>\n<h3>Graduaci\u00f3n:<\/h3>\n<ul>\n<li>Graduaci\u00f3n: 12% vol.<\/li>\n<\/ul>\n<h3>Nota de cata:<\/h3>\n<div id=\"tab_cata_2009\" class=\"tab_content catas_review_container\">\n<div class=\"field field--name-field-visual field--type-string field--label-above\">\n<div class=\"field field--name-field-visual field--type-string field--label-above\">\n<ul>\n<li class=\"field__item\">Color \u00e1mbar con reflejos dorados (color naranja que con la crianza ha cambiado a \u00e1mbar).<\/li>\n<li class=\"field__item\">Consistente y potente, caracter\u00edstico de la fermentaci\u00f3n con la piel; notas de hinojo y c\u00edtricos (piel de mandarina).<\/li>\n<li class=\"field__item\">Entrada voluminosa y sabrosa. Destacan las notas salinas, la acidez bien marcada y el post gusto largo con estructura t\u00e1nica, equilibrado y muy fresco.<\/li>\n<\/ul>\n<\/div>\n<div class=\"field field--name-field-mouth field--type-string-long field--label-above\"><\/div>\n<\/div>\n<\/div>\n<p>&nbsp;<\/p>\n","protected":false},"excerpt":{"rendered":"<p><img loading=\"lazy\" class=\"alignnone wp-image-24593\" src=\"https:\/\/www.comercialanma.es\/wp-content\/uploads\/2026\/01\/ETIQUETAS-ECO.png\" alt=\"\" width=\"50\" height=\"50\" srcset=\"https:\/\/i0.wp.com\/www.comercialanma.es\/wp-content\/uploads\/2026\/01\/ETIQUETAS-ECO.png?w=300&amp;ssl=1 300w, https:\/\/i0.wp.com\/www.comercialanma.es\/wp-content\/uploads\/2026\/01\/ETIQUETAS-ECO.png?resize=150%2C150&amp;ssl=1 150w, https:\/\/i0.wp.com\/www.comercialanma.es\/wp-content\/uploads\/2026\/01\/ETIQUETAS-ECO.png?resize=104%2C104&amp;ssl=1 104w, https:\/\/i0.wp.com\/www.comercialanma.es\/wp-content\/uploads\/2026\/01\/ETIQUETAS-ECO.png?resize=260%2C260&amp;ssl=1 260w, https:\/\/i0.wp.com\/www.comercialanma.es\/wp-content\/uploads\/2026\/01\/ETIQUETAS-ECO.png?resize=78%2C78&amp;ssl=1 78w, https:\/\/i0.wp.com\/www.comercialanma.es\/wp-content\/uploads\/2026\/01\/ETIQUETAS-ECO.png?resize=100%2C100&amp;ssl=1 100w, https:\/\/i0.wp.com\/www.comercialanma.es\/wp-content\/uploads\/2026\/01\/ETIQUETAS-ECO.png?resize=64%2C64&amp;ssl=1 64w\" sizes=\"(max-width: 50px) 100vw, 50px\" \/><\/p>\n<p>Alta Alella elabora este\u00a0<strong><em>orange wine\u00a0<\/em><\/strong>sirvi\u00e9ndose para ello de<strong>\u00a0Pansa rosada y Pansa blanca<\/strong>, que es como se conoce en este regi\u00f3n vin\u00edcola a las Xarel\u00b7lo vermell y Xarel\u00b7lo com\u00fan, respectivamente. Con una maceraci\u00f3n con hollejos de<strong>\u00a0dos meses en \u00e1nforas de saul\u00f3\u00a0<\/strong>(material franco-arenoso), se muestra muy arom\u00e1tico, con notas<strong>\u00a0c\u00edtricas y de hinojo<\/strong>\u00a0en nariz y un paso por boca\u00a0<strong>equilibrado y fresco<\/strong>.<\/p>\n","protected":false},"featured_media":24760,"template":"","meta":{"spay_email":""},"yoast_head":"<!-- This site is optimized with the Yoast SEO plugin v15.9 - https:\/\/yoast.com\/wordpress\/plugins\/seo\/ -->\n<title>Orange Tallareta 75cl. - Comercial de Hosteleria Anma<\/title>\n<meta name=\"description\" content=\"Orange Tallareta 75cl. | Muy arom\u00e1tico, con notas\u00a0c\u00edtricas y de hinojo\u00a0en nariz y un paso por boca\u00a0equilibrado y fresco.\" \/>\n<meta name=\"robots\" content=\"index, follow, max-snippet:-1, max-image-preview:large, max-video-preview:-1\" \/>\n<link rel=\"canonical\" href=\"https:\/\/www.comercialanma.es\/?product=orange-tallareta-75cl\" \/>\n<meta property=\"og:locale\" content=\"es_ES\" \/>\n<meta property=\"og:type\" content=\"article\" \/>\n<meta property=\"og:title\" content=\"Orange Tallareta 75cl. - Comercial de Hosteleria Anma\" \/>\n<meta property=\"og:description\" content=\"Orange Tallareta 75cl. | Muy arom\u00e1tico, con notas\u00a0c\u00edtricas y de hinojo\u00a0en nariz y un paso por boca\u00a0equilibrado y fresco.\" \/>\n<meta property=\"og:url\" content=\"https:\/\/www.comercialanma.es\/?product=orange-tallareta-75cl\" \/>\n<meta property=\"og:site_name\" content=\"Comercial de Hosteleria Anma\" \/>\n<meta property=\"article:publisher\" content=\"https:\/\/www.facebook.com\/AnmaHosteleria\" \/>\n<meta property=\"article:modified_time\" content=\"2026-03-27T15:45:33+00:00\" \/>\n<meta property=\"og:image\" content=\"https:\/\/i2.wp.com\/www.comercialanma.es\/wp-content\/uploads\/2026\/03\/PARVUS-CHARDONNAY.jpg?fit=1080%2C1080&#038;ssl=1\" \/>\n\t<meta property=\"og:image:width\" content=\"1080\" \/>\n\t<meta property=\"og:image:height\" content=\"1080\" \/>\n<meta name=\"twitter:card\" content=\"summary_large_image\" \/>\n<meta name=\"twitter:label1\" content=\"Tiempo de lectura\">\n\t<meta name=\"twitter:data1\" content=\"1 minuto\">\n<script type=\"application\/ld+json\" class=\"yoast-schema-graph\">{\"@context\":\"https:\/\/schema.org\",\"@graph\":[{\"@type\":\"Organization\",\"@id\":\"https:\/\/www.comercialanma.es\/#organization\",\"name\":\"Comercial Anma\",\"url\":\"https:\/\/www.comercialanma.es\/\",\"sameAs\":[\"https:\/\/www.facebook.com\/AnmaHosteleria\",\"https:\/\/www.instagram.com\/anmahosteleria\/?hl=es\",\"https:\/\/www.youtube.com\/channel\/UCT2nmn08Ntks0hmpZPnDgCA\"],\"logo\":{\"@type\":\"ImageObject\",\"@id\":\"https:\/\/www.comercialanma.es\/#logo\",\"inLanguage\":\"es\",\"url\":\"https:\/\/i2.wp.com\/www.comercialanma.es\/wp-content\/uploads\/2019\/06\/logo-anma-color.png?fit=247%2C101&ssl=1\",\"width\":247,\"height\":101,\"caption\":\"Comercial Anma\"},\"image\":{\"@id\":\"https:\/\/www.comercialanma.es\/#logo\"}},{\"@type\":\"WebSite\",\"@id\":\"https:\/\/www.comercialanma.es\/#website\",\"url\":\"https:\/\/www.comercialanma.es\/\",\"name\":\"Comercial de Hosteleria Anma\",\"description\":\"\",\"publisher\":{\"@id\":\"https:\/\/www.comercialanma.es\/#organization\"},\"potentialAction\":[{\"@type\":\"SearchAction\",\"target\":\"https:\/\/www.comercialanma.es\/?s={search_term_string}\",\"query-input\":\"required name=search_term_string\"}],\"inLanguage\":\"es\"},{\"@type\":\"ImageObject\",\"@id\":\"https:\/\/www.comercialanma.es\/?product=orange-tallareta-75cl#primaryimage\",\"inLanguage\":\"es\",\"url\":\"https:\/\/i2.wp.com\/www.comercialanma.es\/wp-content\/uploads\/2026\/03\/PARVUS-CHARDONNAY.jpg?fit=1080%2C1080&ssl=1\",\"width\":1080,\"height\":1080},{\"@type\":\"WebPage\",\"@id\":\"https:\/\/www.comercialanma.es\/?product=orange-tallareta-75cl#webpage\",\"url\":\"https:\/\/www.comercialanma.es\/?product=orange-tallareta-75cl\",\"name\":\"Orange Tallareta 75cl. - Comercial de Hosteleria Anma\",\"isPartOf\":{\"@id\":\"https:\/\/www.comercialanma.es\/#website\"},\"primaryImageOfPage\":{\"@id\":\"https:\/\/www.comercialanma.es\/?product=orange-tallareta-75cl#primaryimage\"},\"datePublished\":\"2026-03-27T10:50:30+00:00\",\"dateModified\":\"2026-03-27T15:45:33+00:00\",\"description\":\"Orange Tallareta 75cl. | Muy arom\\u00e1tico, con notas\\u00a0c\\u00edtricas y de hinojo\\u00a0en nariz y un paso por boca\\u00a0equilibrado y fresco.\",\"breadcrumb\":{\"@id\":\"https:\/\/www.comercialanma.es\/?product=orange-tallareta-75cl#breadcrumb\"},\"inLanguage\":\"es\",\"potentialAction\":[{\"@type\":\"ReadAction\",\"target\":[\"https:\/\/www.comercialanma.es\/?product=orange-tallareta-75cl\"]}]},{\"@type\":\"BreadcrumbList\",\"@id\":\"https:\/\/www.comercialanma.es\/?product=orange-tallareta-75cl#breadcrumb\",\"itemListElement\":[{\"@type\":\"ListItem\",\"position\":1,\"item\":{\"@type\":\"WebPage\",\"@id\":\"https:\/\/www.comercialanma.es\/\",\"url\":\"https:\/\/www.comercialanma.es\/\",\"name\":\"Portada\"}},{\"@type\":\"ListItem\",\"position\":2,\"item\":{\"@type\":\"WebPage\",\"@id\":\"https:\/\/www.comercialanma.es\/?page_id=3963\",\"url\":\"https:\/\/www.comercialanma.es\/?page_id=3963\",\"name\":\"Cat\\u00e1logo de Productos\"}},{\"@type\":\"ListItem\",\"position\":3,\"item\":{\"@type\":\"WebPage\",\"@id\":\"https:\/\/www.comercialanma.es\/?product=orange-tallareta-75cl\",\"url\":\"https:\/\/www.comercialanma.es\/?product=orange-tallareta-75cl\",\"name\":\"Orange Tallareta 75cl.\"}}]}]}<\/script>\n<!-- \/ Yoast SEO plugin. -->","_links":{"self":[{"href":"https:\/\/www.comercialanma.es\/index.php?rest_route=\/wp\/v2\/product\/24762"}],"collection":[{"href":"https:\/\/www.comercialanma.es\/index.php?rest_route=\/wp\/v2\/product"}],"about":[{"href":"https:\/\/www.comercialanma.es\/index.php?rest_route=\/wp\/v2\/types\/product"}],"version-history":[{"count":3,"href":"https:\/\/www.comercialanma.es\/index.php?rest_route=\/wp\/v2\/product\/24762\/revisions"}],"predecessor-version":[{"id":24765,"href":"https:\/\/www.comercialanma.es\/index.php?rest_route=\/wp\/v2\/product\/24762\/revisions\/24765"}],"wp:featuredmedia":[{"embeddable":true,"href":"https:\/\/www.comercialanma.es\/index.php?rest_route=\/wp\/v2\/media\/24760"}],"wp:attachment":[{"href":"https:\/\/www.comercialanma.es\/index.php?rest_route=%2Fwp%2Fv2%2Fmedia&parent=24762"}],"curies":[{"name":"wp","href":"https:\/\/api.w.org\/{rel}","templated":true}]}}