
{"id":24776,"date":"2026-04-13T09:13:48","date_gmt":"2026-04-13T07:13:48","guid":{"rendered":"https:\/\/www.comercialanma.es\/?post_type=product&#038;p=24776"},"modified":"2026-04-13T09:47:17","modified_gmt":"2026-04-13T07:47:17","slug":"larios-pomelo","status":"publish","type":"product","link":"https:\/\/www.comercialanma.es\/?product=larios-pomelo","title":{"rendered":"Larios Pomelo 70cl."},"content":{"rendered":"<h3>Nota de cata:<\/h3>\n<div class=\"field\">\n<ul>\n<li class=\"field-item odd \">Vista: Color sutila pomelo rosa<\/li>\n<li class=\"field-item odd \">Nariz: Destacan aromas de enebro y de c\u00edtricos, en especial el agridulce del pomelo rosa.<\/li>\n<li class=\"field-item odd \">Boca: En boca es suave, seco y ligeramente dulce, con notas caracter\u00edsticas; refrescante y f\u00e1cil de beber.<\/li>\n<\/ul>\n<\/div>\n","protected":false},"excerpt":{"rendered":"<p><strong>Larios Pomelo<\/strong>\u00a0es una de las propuestas m\u00e1s recientes de la reconocida marca espa\u00f1ola Larios, una ginebra con una larga trayectoria que se remonta a 1866 en M\u00e1laga. Fiel a su esencia mediterr\u00e1nea, esta versi\u00f3n apuesta por un\u00a0<strong>perfil fresco, ligero y muy actual<\/strong>, donde el pomelo rosa se convierte en el gran protagonista. El resultado es una ginebra aromatizada que mantiene la base cl\u00e1sica del enebro, pero con un giro c\u00edtrico que la hace especialmente atractiva para quienes buscan algo diferente.<\/p>\n","protected":false},"featured_media":24777,"template":"","meta":{"spay_email":""},"yoast_head":"<!-- This site is optimized with the Yoast SEO plugin v15.9 - https:\/\/yoast.com\/wordpress\/plugins\/seo\/ -->\n<title>Larios Pomelo 70cl. - Comercial de Hosteleria Anma<\/title>\n<meta name=\"description\" content=\"Larios Pomelo | 70cl. | Perfil fresco, ligero y muy actual, donde el pomelo rosa se convierte en el gran protagonista\" \/>\n<meta name=\"robots\" content=\"index, follow, max-snippet:-1, max-image-preview:large, max-video-preview:-1\" \/>\n<link rel=\"canonical\" href=\"https:\/\/www.comercialanma.es\/?product=larios-pomelo\" \/>\n<meta property=\"og:locale\" content=\"es_ES\" \/>\n<meta property=\"og:type\" content=\"article\" \/>\n<meta property=\"og:title\" content=\"Larios Pomelo 70cl. - Comercial de Hosteleria Anma\" \/>\n<meta property=\"og:description\" content=\"Larios Pomelo | 70cl. | Perfil fresco, ligero y muy actual, donde el pomelo rosa se convierte en el gran protagonista\" \/>\n<meta property=\"og:url\" content=\"https:\/\/www.comercialanma.es\/?product=larios-pomelo\" \/>\n<meta property=\"og:site_name\" content=\"Comercial de Hosteleria Anma\" \/>\n<meta property=\"article:publisher\" content=\"https:\/\/www.facebook.com\/AnmaHosteleria\" \/>\n<meta property=\"article:modified_time\" content=\"2026-04-13T07:47:17+00:00\" \/>\n<meta property=\"og:image\" content=\"https:\/\/i2.wp.com\/www.comercialanma.es\/wp-content\/uploads\/2026\/04\/larios-pomelo.jpg?fit=1080%2C1080&#038;ssl=1\" \/>\n\t<meta property=\"og:image:width\" content=\"1080\" \/>\n\t<meta property=\"og:image:height\" content=\"1080\" \/>\n<meta name=\"twitter:card\" content=\"summary_large_image\" \/>\n<meta name=\"twitter:label1\" content=\"Tiempo de lectura\">\n\t<meta name=\"twitter:data1\" content=\"1 minuto\">\n<script type=\"application\/ld+json\" class=\"yoast-schema-graph\">{\"@context\":\"https:\/\/schema.org\",\"@graph\":[{\"@type\":\"Organization\",\"@id\":\"https:\/\/www.comercialanma.es\/#organization\",\"name\":\"Comercial Anma\",\"url\":\"https:\/\/www.comercialanma.es\/\",\"sameAs\":[\"https:\/\/www.facebook.com\/AnmaHosteleria\",\"https:\/\/www.instagram.com\/anmahosteleria\/?hl=es\",\"https:\/\/www.youtube.com\/channel\/UCT2nmn08Ntks0hmpZPnDgCA\"],\"logo\":{\"@type\":\"ImageObject\",\"@id\":\"https:\/\/www.comercialanma.es\/#logo\",\"inLanguage\":\"es\",\"url\":\"https:\/\/i2.wp.com\/www.comercialanma.es\/wp-content\/uploads\/2019\/06\/logo-anma-color.png?fit=247%2C101&ssl=1\",\"width\":247,\"height\":101,\"caption\":\"Comercial Anma\"},\"image\":{\"@id\":\"https:\/\/www.comercialanma.es\/#logo\"}},{\"@type\":\"WebSite\",\"@id\":\"https:\/\/www.comercialanma.es\/#website\",\"url\":\"https:\/\/www.comercialanma.es\/\",\"name\":\"Comercial de Hosteleria Anma\",\"description\":\"\",\"publisher\":{\"@id\":\"https:\/\/www.comercialanma.es\/#organization\"},\"potentialAction\":[{\"@type\":\"SearchAction\",\"target\":\"https:\/\/www.comercialanma.es\/?s={search_term_string}\",\"query-input\":\"required name=search_term_string\"}],\"inLanguage\":\"es\"},{\"@type\":\"ImageObject\",\"@id\":\"https:\/\/www.comercialanma.es\/?product=larios-pomelo#primaryimage\",\"inLanguage\":\"es\",\"url\":\"https:\/\/i2.wp.com\/www.comercialanma.es\/wp-content\/uploads\/2026\/04\/larios-pomelo.jpg?fit=1080%2C1080&ssl=1\",\"width\":1080,\"height\":1080},{\"@type\":\"WebPage\",\"@id\":\"https:\/\/www.comercialanma.es\/?product=larios-pomelo#webpage\",\"url\":\"https:\/\/www.comercialanma.es\/?product=larios-pomelo\",\"name\":\"Larios Pomelo 70cl. - Comercial de Hosteleria Anma\",\"isPartOf\":{\"@id\":\"https:\/\/www.comercialanma.es\/#website\"},\"primaryImageOfPage\":{\"@id\":\"https:\/\/www.comercialanma.es\/?product=larios-pomelo#primaryimage\"},\"datePublished\":\"2026-04-13T07:13:48+00:00\",\"dateModified\":\"2026-04-13T07:47:17+00:00\",\"description\":\"Larios Pomelo | 70cl. | Perfil fresco, ligero y muy actual, donde el pomelo rosa se convierte en el gran protagonista\",\"breadcrumb\":{\"@id\":\"https:\/\/www.comercialanma.es\/?product=larios-pomelo#breadcrumb\"},\"inLanguage\":\"es\",\"potentialAction\":[{\"@type\":\"ReadAction\",\"target\":[\"https:\/\/www.comercialanma.es\/?product=larios-pomelo\"]}]},{\"@type\":\"BreadcrumbList\",\"@id\":\"https:\/\/www.comercialanma.es\/?product=larios-pomelo#breadcrumb\",\"itemListElement\":[{\"@type\":\"ListItem\",\"position\":1,\"item\":{\"@type\":\"WebPage\",\"@id\":\"https:\/\/www.comercialanma.es\/\",\"url\":\"https:\/\/www.comercialanma.es\/\",\"name\":\"Portada\"}},{\"@type\":\"ListItem\",\"position\":2,\"item\":{\"@type\":\"WebPage\",\"@id\":\"https:\/\/www.comercialanma.es\/?page_id=3963\",\"url\":\"https:\/\/www.comercialanma.es\/?page_id=3963\",\"name\":\"Cat\\u00e1logo de Productos\"}},{\"@type\":\"ListItem\",\"position\":3,\"item\":{\"@type\":\"WebPage\",\"@id\":\"https:\/\/www.comercialanma.es\/?product=larios-pomelo\",\"url\":\"https:\/\/www.comercialanma.es\/?product=larios-pomelo\",\"name\":\"Larios Pomelo 70cl.\"}}]}]}<\/script>\n<!-- \/ Yoast SEO plugin. -->","_links":{"self":[{"href":"https:\/\/www.comercialanma.es\/index.php?rest_route=\/wp\/v2\/product\/24776"}],"collection":[{"href":"https:\/\/www.comercialanma.es\/index.php?rest_route=\/wp\/v2\/product"}],"about":[{"href":"https:\/\/www.comercialanma.es\/index.php?rest_route=\/wp\/v2\/types\/product"}],"version-history":[{"count":1,"href":"https:\/\/www.comercialanma.es\/index.php?rest_route=\/wp\/v2\/product\/24776\/revisions"}],"predecessor-version":[{"id":24778,"href":"https:\/\/www.comercialanma.es\/index.php?rest_route=\/wp\/v2\/product\/24776\/revisions\/24778"}],"wp:featuredmedia":[{"embeddable":true,"href":"https:\/\/www.comercialanma.es\/index.php?rest_route=\/wp\/v2\/media\/24777"}],"wp:attachment":[{"href":"https:\/\/www.comercialanma.es\/index.php?rest_route=%2Fwp%2Fv2%2Fmedia&parent=24776"}],"curies":[{"name":"wp","href":"https:\/\/api.w.org\/{rel}","templated":true}]}}