
{"id":24783,"date":"2026-04-21T12:01:10","date_gmt":"2026-04-21T10:01:10","guid":{"rendered":"https:\/\/www.comercialanma.es\/?post_type=product&#038;p=24783"},"modified":"2026-04-21T12:24:08","modified_gmt":"2026-04-21T10:24:08","slug":"lalleu-75cl","status":"publish","type":"product","link":"https:\/\/www.comercialanma.es\/?product=lalleu-75cl","title":{"rendered":"L\u00b4Alleu 75cl."},"content":{"rendered":"<h3>D.O.:<\/h3>\n<ul>\n<li>Montsant.<\/li>\n<\/ul>\n<h3>Variedades de uva:<\/h3>\n<ul>\n<li>Garnacha tinta 60% | Cari\u00f1ena 40%.<\/li>\n<\/ul>\n<h3>Graduaci\u00f3n:<\/h3>\n<ul>\n<li>15,0% vol.<\/li>\n<\/ul>\n<h3>Nota de cata:<\/h3>\n<ul>\n<li>Vino de vi\u00f1edos viejos con aroma a fruta madura junto con notas de criance; Complejo en boca con una acidez equilibrada y largo postgusto.<\/li>\n<\/ul>\n","protected":false},"excerpt":{"rendered":"<p>L\u2019Alleu es el primer vino elaborado por el Celler Vendrell-Rived. El resultado de un cupage de Garnacha y Cari\u00f1ena de vi\u00f1as viejas de m\u00e1s de 50 a\u00f1os en edad, plantadas sobre suelos calc\u00e1reos y arcillosos, y procedentes de dos fincas diferentes en propiedad de esta peque\u00f1a bodega familiar situada en el pueblo de Mar\u00e7a: la Garnacha de la finca &#8220;El Tros del Coix&#8221; y la Cari\u00f1ena de la finca &#8220;El Clot de l\u2019Abella&#8221;. Las fincas se encuentran situadas en la D.O. Montsant, entre los t\u00e9rminos municipales de Mar\u00e7\u00e0 y Cap\u00e7anes.<\/p>\n","protected":false},"featured_media":24785,"template":"","meta":{"spay_email":""},"yoast_head":"<!-- This site is optimized with the Yoast SEO plugin v15.9 - https:\/\/yoast.com\/wordpress\/plugins\/seo\/ -->\n<title>L\u00b4Alleu 75cl. - Comercial de Hosteleria Anma<\/title>\n<meta name=\"description\" content=\"L\u00b4Alleu | 75cl. | D.O Montsant | Primer vino elaborado por el Celler Vendrell-Rived cupage de Garnacha y Cari\u00f1ena de vi\u00f1as viejas.\" \/>\n<meta name=\"robots\" content=\"index, follow, max-snippet:-1, max-image-preview:large, max-video-preview:-1\" \/>\n<link rel=\"canonical\" href=\"https:\/\/www.comercialanma.es\/?product=lalleu-75cl\" \/>\n<meta property=\"og:locale\" content=\"es_ES\" \/>\n<meta property=\"og:type\" content=\"article\" \/>\n<meta property=\"og:title\" content=\"L\u00b4Alleu 75cl. - Comercial de Hosteleria Anma\" \/>\n<meta property=\"og:description\" content=\"L\u00b4Alleu | 75cl. | D.O Montsant | Primer vino elaborado por el Celler Vendrell-Rived cupage de Garnacha y Cari\u00f1ena de vi\u00f1as viejas.\" \/>\n<meta property=\"og:url\" content=\"https:\/\/www.comercialanma.es\/?product=lalleu-75cl\" \/>\n<meta property=\"og:site_name\" content=\"Comercial de Hosteleria Anma\" \/>\n<meta property=\"article:publisher\" content=\"https:\/\/www.facebook.com\/AnmaHosteleria\" \/>\n<meta property=\"article:modified_time\" content=\"2026-04-21T10:24:08+00:00\" \/>\n<meta property=\"og:image\" content=\"https:\/\/i2.wp.com\/www.comercialanma.es\/wp-content\/uploads\/2026\/04\/alleu.jpg?fit=1080%2C1080&#038;ssl=1\" \/>\n\t<meta property=\"og:image:width\" content=\"1080\" \/>\n\t<meta property=\"og:image:height\" content=\"1080\" \/>\n<meta name=\"twitter:card\" content=\"summary_large_image\" \/>\n<meta name=\"twitter:label1\" content=\"Tiempo de lectura\">\n\t<meta name=\"twitter:data1\" content=\"1 minuto\">\n<script type=\"application\/ld+json\" class=\"yoast-schema-graph\">{\"@context\":\"https:\/\/schema.org\",\"@graph\":[{\"@type\":\"Organization\",\"@id\":\"https:\/\/www.comercialanma.es\/#organization\",\"name\":\"Comercial Anma\",\"url\":\"https:\/\/www.comercialanma.es\/\",\"sameAs\":[\"https:\/\/www.facebook.com\/AnmaHosteleria\",\"https:\/\/www.instagram.com\/anmahosteleria\/?hl=es\",\"https:\/\/www.youtube.com\/channel\/UCT2nmn08Ntks0hmpZPnDgCA\"],\"logo\":{\"@type\":\"ImageObject\",\"@id\":\"https:\/\/www.comercialanma.es\/#logo\",\"inLanguage\":\"es\",\"url\":\"https:\/\/i2.wp.com\/www.comercialanma.es\/wp-content\/uploads\/2019\/06\/logo-anma-color.png?fit=247%2C101&ssl=1\",\"width\":247,\"height\":101,\"caption\":\"Comercial Anma\"},\"image\":{\"@id\":\"https:\/\/www.comercialanma.es\/#logo\"}},{\"@type\":\"WebSite\",\"@id\":\"https:\/\/www.comercialanma.es\/#website\",\"url\":\"https:\/\/www.comercialanma.es\/\",\"name\":\"Comercial de Hosteleria Anma\",\"description\":\"\",\"publisher\":{\"@id\":\"https:\/\/www.comercialanma.es\/#organization\"},\"potentialAction\":[{\"@type\":\"SearchAction\",\"target\":\"https:\/\/www.comercialanma.es\/?s={search_term_string}\",\"query-input\":\"required name=search_term_string\"}],\"inLanguage\":\"es\"},{\"@type\":\"ImageObject\",\"@id\":\"https:\/\/www.comercialanma.es\/?product=lalleu-75cl#primaryimage\",\"inLanguage\":\"es\",\"url\":\"https:\/\/i2.wp.com\/www.comercialanma.es\/wp-content\/uploads\/2026\/04\/alleu.jpg?fit=1080%2C1080&ssl=1\",\"width\":1080,\"height\":1080},{\"@type\":\"WebPage\",\"@id\":\"https:\/\/www.comercialanma.es\/?product=lalleu-75cl#webpage\",\"url\":\"https:\/\/www.comercialanma.es\/?product=lalleu-75cl\",\"name\":\"L\\u00b4Alleu 75cl. - Comercial de Hosteleria Anma\",\"isPartOf\":{\"@id\":\"https:\/\/www.comercialanma.es\/#website\"},\"primaryImageOfPage\":{\"@id\":\"https:\/\/www.comercialanma.es\/?product=lalleu-75cl#primaryimage\"},\"datePublished\":\"2026-04-21T10:01:10+00:00\",\"dateModified\":\"2026-04-21T10:24:08+00:00\",\"description\":\"L\\u00b4Alleu | 75cl. | D.O Montsant | Primer vino elaborado por el Celler Vendrell-Rived cupage de Garnacha y Cari\\u00f1ena de vi\\u00f1as viejas.\",\"breadcrumb\":{\"@id\":\"https:\/\/www.comercialanma.es\/?product=lalleu-75cl#breadcrumb\"},\"inLanguage\":\"es\",\"potentialAction\":[{\"@type\":\"ReadAction\",\"target\":[\"https:\/\/www.comercialanma.es\/?product=lalleu-75cl\"]}]},{\"@type\":\"BreadcrumbList\",\"@id\":\"https:\/\/www.comercialanma.es\/?product=lalleu-75cl#breadcrumb\",\"itemListElement\":[{\"@type\":\"ListItem\",\"position\":1,\"item\":{\"@type\":\"WebPage\",\"@id\":\"https:\/\/www.comercialanma.es\/\",\"url\":\"https:\/\/www.comercialanma.es\/\",\"name\":\"Portada\"}},{\"@type\":\"ListItem\",\"position\":2,\"item\":{\"@type\":\"WebPage\",\"@id\":\"https:\/\/www.comercialanma.es\/?page_id=3963\",\"url\":\"https:\/\/www.comercialanma.es\/?page_id=3963\",\"name\":\"Cat\\u00e1logo de Productos\"}},{\"@type\":\"ListItem\",\"position\":3,\"item\":{\"@type\":\"WebPage\",\"@id\":\"https:\/\/www.comercialanma.es\/?product=lalleu-75cl\",\"url\":\"https:\/\/www.comercialanma.es\/?product=lalleu-75cl\",\"name\":\"L\\u00b4Alleu 75cl.\"}}]}]}<\/script>\n<!-- \/ Yoast SEO plugin. -->","_links":{"self":[{"href":"https:\/\/www.comercialanma.es\/index.php?rest_route=\/wp\/v2\/product\/24783"}],"collection":[{"href":"https:\/\/www.comercialanma.es\/index.php?rest_route=\/wp\/v2\/product"}],"about":[{"href":"https:\/\/www.comercialanma.es\/index.php?rest_route=\/wp\/v2\/types\/product"}],"version-history":[{"count":4,"href":"https:\/\/www.comercialanma.es\/index.php?rest_route=\/wp\/v2\/product\/24783\/revisions"}],"predecessor-version":[{"id":24789,"href":"https:\/\/www.comercialanma.es\/index.php?rest_route=\/wp\/v2\/product\/24783\/revisions\/24789"}],"wp:featuredmedia":[{"embeddable":true,"href":"https:\/\/www.comercialanma.es\/index.php?rest_route=\/wp\/v2\/media\/24785"}],"wp:attachment":[{"href":"https:\/\/www.comercialanma.es\/index.php?rest_route=%2Fwp%2Fv2%2Fmedia&parent=24783"}],"curies":[{"name":"wp","href":"https:\/\/api.w.org\/{rel}","templated":true}]}}