
{"id":24793,"date":"2026-04-21T12:46:06","date_gmt":"2026-04-21T10:46:06","guid":{"rendered":"https:\/\/www.comercialanma.es\/?post_type=product&#038;p=24793"},"modified":"2026-04-21T15:54:57","modified_gmt":"2026-04-21T13:54:57","slug":"beluga-gold-line-70cl","status":"publish","type":"product","link":"https:\/\/www.comercialanma.es\/?product=beluga-gold-line-70cl","title":{"rendered":"Beluga Gold Line 70cl."},"content":{"rendered":"<h3>Nota de cata:<\/h3>\n<div id=\"product-description-short-2126\" class=\"product-description\">\n<ul>\n<li><span class=\"VIiyi\" lang=\"es\" xml:lang=\"es\"><span class=\"JLqJ4b ChMk0b\">Tiene una mirada clara, presenta una nariz rica con delicadas notas de cereales.<\/span>\u00a0<\/span><\/li>\n<li><span class=\"VIiyi\" lang=\"es\" xml:lang=\"es\"><span class=\"JLqJ4b ChMk0b\">En boca es suave con sabores herb\u00e1ceos y un final sutil, ligeramente picante.<\/span><span class=\"JLqJ4b\">\u00a0<\/span><\/span><\/li>\n<li><span class=\"VIiyi\" lang=\"es\" xml:lang=\"es\"><span class=\"JLqJ4b ChMk0b\">Beluga Gold Line presenta una nariz rica con delicadas notas de cereales, trigo y hierbas de monta\u00f1a.<\/span>\u00a0<span class=\"JLqJ4b ChMk0b\">Su estructura armoniosa y su sutil dulzor acompa\u00f1an la cata.<\/span><\/span><\/li>\n<\/ul>\n<\/div>\n<h3>Graduaci\u00f3n:<\/h3>\n<ul>\n<li>40% vol.<\/li>\n<\/ul>\n","protected":false},"excerpt":{"rendered":"<p><span class=\"JLqJ4b ChMk0b\">El vodka Beluga Gold Line es excepcional.<\/span>\u00a0<span class=\"JLqJ4b ChMk0b\">Est\u00e1 hecho en el coraz\u00f3n de Siberia.<\/span>\u00a0<span class=\"JLqJ4b ChMk0b\">Se beneficia de ingredientes naturales excepcionales sometidos a una filtraci\u00f3n qu\u00edntuple.<\/span>\u00a0<span class=\"JLqJ4b ChMk0b\">La l\u00ednea Beluga Gold est\u00e1 sujeta a distribuci\u00f3n limitada, con botellas numeradas.<\/span><span class=\"JLqJ4b\">\u00a0<\/span><span class=\"JLqJ4b ChMk0b\">Goza de gran notoriedad en el mundo de la alta cocina.<\/span>\u00a0<span class=\"JLqJ4b ChMk0b\">Acompa\u00f1ado de su martillo, el frasco est\u00e1 adornado con un tap\u00f3n sellado con cera, garant\u00eda de calidad.<\/span><span class=\"JLqJ4b\">\u00a0<\/span><\/p>\n","protected":false},"featured_media":8974,"template":"","meta":{"spay_email":""},"yoast_head":"<!-- This site is optimized with the Yoast SEO plugin v15.9 - https:\/\/yoast.com\/wordpress\/plugins\/seo\/ -->\n<title>Beluga Gold Line 70cl. - Comercial de Hosteleria Anma<\/title>\n<meta name=\"description\" content=\"Beluga Gold Line | 70cl. | 40\u00aa | Se beneficia de ingredientes naturales excepcionales sometidos a una filtraci\u00f3n qu\u00edntuple.\" \/>\n<meta name=\"robots\" content=\"index, follow, max-snippet:-1, max-image-preview:large, max-video-preview:-1\" \/>\n<link rel=\"canonical\" href=\"https:\/\/www.comercialanma.es\/?product=beluga-gold-line-70cl\" \/>\n<meta property=\"og:locale\" content=\"es_ES\" \/>\n<meta property=\"og:type\" content=\"article\" \/>\n<meta property=\"og:title\" content=\"Beluga Gold Line 70cl. - Comercial de Hosteleria Anma\" \/>\n<meta property=\"og:description\" content=\"Beluga Gold Line | 70cl. | 40\u00aa | Se beneficia de ingredientes naturales excepcionales sometidos a una filtraci\u00f3n qu\u00edntuple.\" \/>\n<meta property=\"og:url\" content=\"https:\/\/www.comercialanma.es\/?product=beluga-gold-line-70cl\" \/>\n<meta property=\"og:site_name\" content=\"Comercial de Hosteleria Anma\" \/>\n<meta property=\"article:publisher\" content=\"https:\/\/www.facebook.com\/AnmaHosteleria\" \/>\n<meta property=\"article:modified_time\" content=\"2026-04-21T13:54:57+00:00\" \/>\n<meta property=\"og:image\" content=\"https:\/\/i1.wp.com\/www.comercialanma.es\/wp-content\/uploads\/2019\/08\/Vodka-Beluga-3l.jpg?fit=1200%2C1200&#038;ssl=1\" \/>\n\t<meta property=\"og:image:width\" content=\"1200\" \/>\n\t<meta property=\"og:image:height\" content=\"1200\" \/>\n<meta name=\"twitter:card\" content=\"summary_large_image\" \/>\n<meta name=\"twitter:label1\" content=\"Tiempo de lectura\">\n\t<meta name=\"twitter:data1\" content=\"1 minuto\">\n<script type=\"application\/ld+json\" class=\"yoast-schema-graph\">{\"@context\":\"https:\/\/schema.org\",\"@graph\":[{\"@type\":\"Organization\",\"@id\":\"https:\/\/www.comercialanma.es\/#organization\",\"name\":\"Comercial Anma\",\"url\":\"https:\/\/www.comercialanma.es\/\",\"sameAs\":[\"https:\/\/www.facebook.com\/AnmaHosteleria\",\"https:\/\/www.instagram.com\/anmahosteleria\/?hl=es\",\"https:\/\/www.youtube.com\/channel\/UCT2nmn08Ntks0hmpZPnDgCA\"],\"logo\":{\"@type\":\"ImageObject\",\"@id\":\"https:\/\/www.comercialanma.es\/#logo\",\"inLanguage\":\"es\",\"url\":\"https:\/\/i2.wp.com\/www.comercialanma.es\/wp-content\/uploads\/2019\/06\/logo-anma-color.png?fit=247%2C101&ssl=1\",\"width\":247,\"height\":101,\"caption\":\"Comercial Anma\"},\"image\":{\"@id\":\"https:\/\/www.comercialanma.es\/#logo\"}},{\"@type\":\"WebSite\",\"@id\":\"https:\/\/www.comercialanma.es\/#website\",\"url\":\"https:\/\/www.comercialanma.es\/\",\"name\":\"Comercial de Hosteleria Anma\",\"description\":\"\",\"publisher\":{\"@id\":\"https:\/\/www.comercialanma.es\/#organization\"},\"potentialAction\":[{\"@type\":\"SearchAction\",\"target\":\"https:\/\/www.comercialanma.es\/?s={search_term_string}\",\"query-input\":\"required name=search_term_string\"}],\"inLanguage\":\"es\"},{\"@type\":\"ImageObject\",\"@id\":\"https:\/\/www.comercialanma.es\/?product=beluga-gold-line-70cl#primaryimage\",\"inLanguage\":\"es\",\"url\":\"https:\/\/i1.wp.com\/www.comercialanma.es\/wp-content\/uploads\/2019\/08\/Vodka-Beluga-3l.jpg?fit=1200%2C1200&ssl=1\",\"width\":1200,\"height\":1200},{\"@type\":\"WebPage\",\"@id\":\"https:\/\/www.comercialanma.es\/?product=beluga-gold-line-70cl#webpage\",\"url\":\"https:\/\/www.comercialanma.es\/?product=beluga-gold-line-70cl\",\"name\":\"Beluga Gold Line 70cl. - Comercial de Hosteleria Anma\",\"isPartOf\":{\"@id\":\"https:\/\/www.comercialanma.es\/#website\"},\"primaryImageOfPage\":{\"@id\":\"https:\/\/www.comercialanma.es\/?product=beluga-gold-line-70cl#primaryimage\"},\"datePublished\":\"2026-04-21T10:46:06+00:00\",\"dateModified\":\"2026-04-21T13:54:57+00:00\",\"description\":\"Beluga Gold Line | 70cl. | 40\\u00aa | Se beneficia de ingredientes naturales excepcionales sometidos a una filtraci\\u00f3n qu\\u00edntuple.\",\"breadcrumb\":{\"@id\":\"https:\/\/www.comercialanma.es\/?product=beluga-gold-line-70cl#breadcrumb\"},\"inLanguage\":\"es\",\"potentialAction\":[{\"@type\":\"ReadAction\",\"target\":[\"https:\/\/www.comercialanma.es\/?product=beluga-gold-line-70cl\"]}]},{\"@type\":\"BreadcrumbList\",\"@id\":\"https:\/\/www.comercialanma.es\/?product=beluga-gold-line-70cl#breadcrumb\",\"itemListElement\":[{\"@type\":\"ListItem\",\"position\":1,\"item\":{\"@type\":\"WebPage\",\"@id\":\"https:\/\/www.comercialanma.es\/\",\"url\":\"https:\/\/www.comercialanma.es\/\",\"name\":\"Portada\"}},{\"@type\":\"ListItem\",\"position\":2,\"item\":{\"@type\":\"WebPage\",\"@id\":\"https:\/\/www.comercialanma.es\/?page_id=3963\",\"url\":\"https:\/\/www.comercialanma.es\/?page_id=3963\",\"name\":\"Cat\\u00e1logo de Productos\"}},{\"@type\":\"ListItem\",\"position\":3,\"item\":{\"@type\":\"WebPage\",\"@id\":\"https:\/\/www.comercialanma.es\/?product=beluga-gold-line-70cl\",\"url\":\"https:\/\/www.comercialanma.es\/?product=beluga-gold-line-70cl\",\"name\":\"Beluga Gold Line 70cl.\"}}]}]}<\/script>\n<!-- \/ Yoast SEO plugin. -->","_links":{"self":[{"href":"https:\/\/www.comercialanma.es\/index.php?rest_route=\/wp\/v2\/product\/24793"}],"collection":[{"href":"https:\/\/www.comercialanma.es\/index.php?rest_route=\/wp\/v2\/product"}],"about":[{"href":"https:\/\/www.comercialanma.es\/index.php?rest_route=\/wp\/v2\/types\/product"}],"version-history":[{"count":1,"href":"https:\/\/www.comercialanma.es\/index.php?rest_route=\/wp\/v2\/product\/24793\/revisions"}],"predecessor-version":[{"id":24795,"href":"https:\/\/www.comercialanma.es\/index.php?rest_route=\/wp\/v2\/product\/24793\/revisions\/24795"}],"wp:featuredmedia":[{"embeddable":true,"href":"https:\/\/www.comercialanma.es\/index.php?rest_route=\/wp\/v2\/media\/8974"}],"wp:attachment":[{"href":"https:\/\/www.comercialanma.es\/index.php?rest_route=%2Fwp%2Fv2%2Fmedia&parent=24793"}],"curies":[{"name":"wp","href":"https:\/\/api.w.org\/{rel}","templated":true}]}}