
{"id":24816,"date":"2026-04-23T17:57:02","date_gmt":"2026-04-23T15:57:02","guid":{"rendered":"https:\/\/www.comercialanma.es\/?post_type=product&#038;p=24816"},"modified":"2026-04-24T17:50:28","modified_gmt":"2026-04-24T15:50:28","slug":"desengrasante-el-milagrito-5l","status":"publish","type":"product","link":"https:\/\/www.comercialanma.es\/?product=desengrasante-el-milagrito-5l","title":{"rendered":"Desengrasante El Milagrito 5L."},"content":{"rendered":"<p>Limpiador desengrasante en\u00e9rgico en fr\u00edo de acci\u00f3n espumante, especialmente formulado para la eliminaci\u00f3n de grasas incrustadas y persistentes en zonas verticales.<\/p>\n<p>Id\u00f3neo para elementos de cocina, azulejos, alicatados, superficies de acero inoxidable, frigor\u00edficos, utensilios de cocina en general.<\/p>\n<p>Listo para su uso, aplicar o pulverizar sobre la superficie, esperar entre 2 y 5 minutos para que act\u00fae y aclarar bien con abundante agua.<\/p>\n","protected":false},"excerpt":{"rendered":"<p>Desengrasante El Milagrito | 5L. | Limpiador desengrasante en\u00e9rgico en fr\u00edo de acci\u00f3n espumante.<\/p>\n","protected":false},"featured_media":24817,"template":"","meta":{"spay_email":""},"yoast_head":"<!-- This site is optimized with the Yoast SEO plugin v15.9 - https:\/\/yoast.com\/wordpress\/plugins\/seo\/ -->\n<title>Desengrasante El Milagrito 5L. - Comercial de Hosteleria Anma<\/title>\n<meta name=\"description\" content=\"Desengrasante El Milagrito | 5L. | Limpiador desengrasante en\u00e9rgico en fr\u00edo de acci\u00f3n espumante.\" \/>\n<meta name=\"robots\" content=\"index, follow, max-snippet:-1, max-image-preview:large, max-video-preview:-1\" \/>\n<link rel=\"canonical\" href=\"https:\/\/www.comercialanma.es\/?product=desengrasante-el-milagrito-5l\" \/>\n<meta property=\"og:locale\" content=\"es_ES\" \/>\n<meta property=\"og:type\" content=\"article\" \/>\n<meta property=\"og:title\" content=\"Desengrasante El Milagrito 5L. - Comercial de Hosteleria Anma\" \/>\n<meta property=\"og:description\" content=\"Desengrasante El Milagrito | 5L. | Limpiador desengrasante en\u00e9rgico en fr\u00edo de acci\u00f3n espumante.\" \/>\n<meta property=\"og:url\" content=\"https:\/\/www.comercialanma.es\/?product=desengrasante-el-milagrito-5l\" \/>\n<meta property=\"og:site_name\" content=\"Comercial de Hosteleria Anma\" \/>\n<meta property=\"article:publisher\" content=\"https:\/\/www.facebook.com\/AnmaHosteleria\" \/>\n<meta property=\"article:modified_time\" content=\"2026-04-24T15:50:28+00:00\" \/>\n<meta property=\"og:image\" content=\"https:\/\/i1.wp.com\/www.comercialanma.es\/wp-content\/uploads\/2026\/04\/DESENGRASANTE-EL-MILAGRITO-5L.jpg?fit=1080%2C1080&#038;ssl=1\" \/>\n\t<meta property=\"og:image:width\" content=\"1080\" \/>\n\t<meta property=\"og:image:height\" content=\"1080\" \/>\n<meta name=\"twitter:card\" content=\"summary_large_image\" \/>\n<meta name=\"twitter:label1\" content=\"Tiempo de lectura\">\n\t<meta name=\"twitter:data1\" content=\"1 minuto\">\n<script type=\"application\/ld+json\" class=\"yoast-schema-graph\">{\"@context\":\"https:\/\/schema.org\",\"@graph\":[{\"@type\":\"Organization\",\"@id\":\"https:\/\/www.comercialanma.es\/#organization\",\"name\":\"Comercial Anma\",\"url\":\"https:\/\/www.comercialanma.es\/\",\"sameAs\":[\"https:\/\/www.facebook.com\/AnmaHosteleria\",\"https:\/\/www.instagram.com\/anmahosteleria\/?hl=es\",\"https:\/\/www.youtube.com\/channel\/UCT2nmn08Ntks0hmpZPnDgCA\"],\"logo\":{\"@type\":\"ImageObject\",\"@id\":\"https:\/\/www.comercialanma.es\/#logo\",\"inLanguage\":\"es\",\"url\":\"https:\/\/i2.wp.com\/www.comercialanma.es\/wp-content\/uploads\/2019\/06\/logo-anma-color.png?fit=247%2C101&ssl=1\",\"width\":247,\"height\":101,\"caption\":\"Comercial Anma\"},\"image\":{\"@id\":\"https:\/\/www.comercialanma.es\/#logo\"}},{\"@type\":\"WebSite\",\"@id\":\"https:\/\/www.comercialanma.es\/#website\",\"url\":\"https:\/\/www.comercialanma.es\/\",\"name\":\"Comercial de Hosteleria Anma\",\"description\":\"\",\"publisher\":{\"@id\":\"https:\/\/www.comercialanma.es\/#organization\"},\"potentialAction\":[{\"@type\":\"SearchAction\",\"target\":\"https:\/\/www.comercialanma.es\/?s={search_term_string}\",\"query-input\":\"required name=search_term_string\"}],\"inLanguage\":\"es\"},{\"@type\":\"ImageObject\",\"@id\":\"https:\/\/www.comercialanma.es\/?product=desengrasante-el-milagrito-5l#primaryimage\",\"inLanguage\":\"es\",\"url\":\"https:\/\/i1.wp.com\/www.comercialanma.es\/wp-content\/uploads\/2026\/04\/DESENGRASANTE-EL-MILAGRITO-5L.jpg?fit=1080%2C1080&ssl=1\",\"width\":1080,\"height\":1080},{\"@type\":\"WebPage\",\"@id\":\"https:\/\/www.comercialanma.es\/?product=desengrasante-el-milagrito-5l#webpage\",\"url\":\"https:\/\/www.comercialanma.es\/?product=desengrasante-el-milagrito-5l\",\"name\":\"Desengrasante El Milagrito 5L. - Comercial de Hosteleria Anma\",\"isPartOf\":{\"@id\":\"https:\/\/www.comercialanma.es\/#website\"},\"primaryImageOfPage\":{\"@id\":\"https:\/\/www.comercialanma.es\/?product=desengrasante-el-milagrito-5l#primaryimage\"},\"datePublished\":\"2026-04-23T15:57:02+00:00\",\"dateModified\":\"2026-04-24T15:50:28+00:00\",\"description\":\"Desengrasante El Milagrito | 5L. | Limpiador desengrasante en\\u00e9rgico en fr\\u00edo de acci\\u00f3n espumante.\",\"breadcrumb\":{\"@id\":\"https:\/\/www.comercialanma.es\/?product=desengrasante-el-milagrito-5l#breadcrumb\"},\"inLanguage\":\"es\",\"potentialAction\":[{\"@type\":\"ReadAction\",\"target\":[\"https:\/\/www.comercialanma.es\/?product=desengrasante-el-milagrito-5l\"]}]},{\"@type\":\"BreadcrumbList\",\"@id\":\"https:\/\/www.comercialanma.es\/?product=desengrasante-el-milagrito-5l#breadcrumb\",\"itemListElement\":[{\"@type\":\"ListItem\",\"position\":1,\"item\":{\"@type\":\"WebPage\",\"@id\":\"https:\/\/www.comercialanma.es\/\",\"url\":\"https:\/\/www.comercialanma.es\/\",\"name\":\"Portada\"}},{\"@type\":\"ListItem\",\"position\":2,\"item\":{\"@type\":\"WebPage\",\"@id\":\"https:\/\/www.comercialanma.es\/?page_id=3963\",\"url\":\"https:\/\/www.comercialanma.es\/?page_id=3963\",\"name\":\"Cat\\u00e1logo de Productos\"}},{\"@type\":\"ListItem\",\"position\":3,\"item\":{\"@type\":\"WebPage\",\"@id\":\"https:\/\/www.comercialanma.es\/?product=desengrasante-el-milagrito-5l\",\"url\":\"https:\/\/www.comercialanma.es\/?product=desengrasante-el-milagrito-5l\",\"name\":\"Desengrasante El Milagrito 5L.\"}}]}]}<\/script>\n<!-- \/ Yoast SEO plugin. -->","_links":{"self":[{"href":"https:\/\/www.comercialanma.es\/index.php?rest_route=\/wp\/v2\/product\/24816"}],"collection":[{"href":"https:\/\/www.comercialanma.es\/index.php?rest_route=\/wp\/v2\/product"}],"about":[{"href":"https:\/\/www.comercialanma.es\/index.php?rest_route=\/wp\/v2\/types\/product"}],"version-history":[{"count":1,"href":"https:\/\/www.comercialanma.es\/index.php?rest_route=\/wp\/v2\/product\/24816\/revisions"}],"predecessor-version":[{"id":24818,"href":"https:\/\/www.comercialanma.es\/index.php?rest_route=\/wp\/v2\/product\/24816\/revisions\/24818"}],"wp:featuredmedia":[{"embeddable":true,"href":"https:\/\/www.comercialanma.es\/index.php?rest_route=\/wp\/v2\/media\/24817"}],"wp:attachment":[{"href":"https:\/\/www.comercialanma.es\/index.php?rest_route=%2Fwp%2Fv2%2Fmedia&parent=24816"}],"curies":[{"name":"wp","href":"https:\/\/api.w.org\/{rel}","templated":true}]}}