
{"id":24819,"date":"2026-04-24T17:54:54","date_gmt":"2026-04-24T15:54:54","guid":{"rendered":"https:\/\/www.comercialanma.es\/?post_type=product&#038;p=24819"},"modified":"2026-04-27T11:10:22","modified_gmt":"2026-04-27T09:10:22","slug":"limpiahornos-el-milagrito-spray-75cl","status":"publish","type":"product","link":"https:\/\/www.comercialanma.es\/?product=limpiahornos-el-milagrito-spray-75cl","title":{"rendered":"Limpiahornos El Milagrito Spray 75CL"},"content":{"rendered":"<p>La limpieza del horno puede llegar a ser una tarea complicada si no sabemos c\u00f3mo hacerla correctamente. Se acumula mucha grasa y malos olores dif\u00edciles de quitar. El por ello que hay que usar los mejores productos para limpiar sin estropear el electrodom\u00e9stico.<\/p>\n<p>Se caracteriza por:<\/p>\n<ul>\n<li>Su F\u00f3rmula Abrillantadora<\/li>\n<li>Su contenido en espuma<\/li>\n<li>Por su aptitud para el acero inoxidable<\/li>\n<li>Porque no contiene disolventes<\/li>\n<\/ul>\n<p>Su\u00a0<strong>formato en spray<\/strong>\u00a0facilita su uso.<\/p>\n","protected":false},"excerpt":{"rendered":"<p><strong>Limpiahorno El Milagrito es un limpiador potente en formato espuma<\/strong>\u00a0para la limpieza de hornos y microondas. Ablanda, levanta y disuelve la grasa sin ning\u00fan esfuerzo.<\/p>\n","protected":false},"featured_media":24821,"template":"","meta":{"spay_email":""},"yoast_head":"<!-- This site is optimized with the Yoast SEO plugin v15.9 - https:\/\/yoast.com\/wordpress\/plugins\/seo\/ -->\n<title>Limpiahornos El Milagrito Spray 75CL - Comercial de Hosteleria Anma<\/title>\n<meta name=\"description\" content=\"Limpiahornos El Milagrito Spray | 75CL. | limpiador potente en formato espuma\u00a0para la limpieza de hornos y microondas.\" \/>\n<meta name=\"robots\" content=\"index, follow, max-snippet:-1, max-image-preview:large, max-video-preview:-1\" \/>\n<link rel=\"canonical\" href=\"https:\/\/www.comercialanma.es\/?product=limpiahornos-el-milagrito-spray-75cl\" \/>\n<meta property=\"og:locale\" content=\"es_ES\" \/>\n<meta property=\"og:type\" content=\"article\" \/>\n<meta property=\"og:title\" content=\"Limpiahornos El Milagrito Spray 75CL - Comercial de Hosteleria Anma\" \/>\n<meta property=\"og:description\" content=\"Limpiahornos El Milagrito Spray | 75CL. | limpiador potente en formato espuma\u00a0para la limpieza de hornos y microondas.\" \/>\n<meta property=\"og:url\" content=\"https:\/\/www.comercialanma.es\/?product=limpiahornos-el-milagrito-spray-75cl\" \/>\n<meta property=\"og:site_name\" content=\"Comercial de Hosteleria Anma\" \/>\n<meta property=\"article:publisher\" content=\"https:\/\/www.facebook.com\/AnmaHosteleria\" \/>\n<meta property=\"article:modified_time\" content=\"2026-04-27T09:10:22+00:00\" \/>\n<meta property=\"og:image\" content=\"https:\/\/i0.wp.com\/www.comercialanma.es\/wp-content\/uploads\/2026\/04\/LIMPIAHORNOS-EL-MILAGRITO-SPRAY-75CL.jpg?fit=1080%2C1080&#038;ssl=1\" \/>\n\t<meta property=\"og:image:width\" content=\"1080\" \/>\n\t<meta property=\"og:image:height\" content=\"1080\" \/>\n<meta name=\"twitter:card\" content=\"summary_large_image\" \/>\n<meta name=\"twitter:label1\" content=\"Tiempo de lectura\">\n\t<meta name=\"twitter:data1\" content=\"1 minuto\">\n<script type=\"application\/ld+json\" class=\"yoast-schema-graph\">{\"@context\":\"https:\/\/schema.org\",\"@graph\":[{\"@type\":\"Organization\",\"@id\":\"https:\/\/www.comercialanma.es\/#organization\",\"name\":\"Comercial Anma\",\"url\":\"https:\/\/www.comercialanma.es\/\",\"sameAs\":[\"https:\/\/www.facebook.com\/AnmaHosteleria\",\"https:\/\/www.instagram.com\/anmahosteleria\/?hl=es\",\"https:\/\/www.youtube.com\/channel\/UCT2nmn08Ntks0hmpZPnDgCA\"],\"logo\":{\"@type\":\"ImageObject\",\"@id\":\"https:\/\/www.comercialanma.es\/#logo\",\"inLanguage\":\"es\",\"url\":\"https:\/\/i2.wp.com\/www.comercialanma.es\/wp-content\/uploads\/2019\/06\/logo-anma-color.png?fit=247%2C101&ssl=1\",\"width\":247,\"height\":101,\"caption\":\"Comercial Anma\"},\"image\":{\"@id\":\"https:\/\/www.comercialanma.es\/#logo\"}},{\"@type\":\"WebSite\",\"@id\":\"https:\/\/www.comercialanma.es\/#website\",\"url\":\"https:\/\/www.comercialanma.es\/\",\"name\":\"Comercial de Hosteleria Anma\",\"description\":\"\",\"publisher\":{\"@id\":\"https:\/\/www.comercialanma.es\/#organization\"},\"potentialAction\":[{\"@type\":\"SearchAction\",\"target\":\"https:\/\/www.comercialanma.es\/?s={search_term_string}\",\"query-input\":\"required name=search_term_string\"}],\"inLanguage\":\"es\"},{\"@type\":\"ImageObject\",\"@id\":\"https:\/\/www.comercialanma.es\/?product=limpiahornos-el-milagrito-spray-75cl#primaryimage\",\"inLanguage\":\"es\",\"url\":\"https:\/\/i0.wp.com\/www.comercialanma.es\/wp-content\/uploads\/2026\/04\/LIMPIAHORNOS-EL-MILAGRITO-SPRAY-75CL.jpg?fit=1080%2C1080&ssl=1\",\"width\":1080,\"height\":1080},{\"@type\":\"WebPage\",\"@id\":\"https:\/\/www.comercialanma.es\/?product=limpiahornos-el-milagrito-spray-75cl#webpage\",\"url\":\"https:\/\/www.comercialanma.es\/?product=limpiahornos-el-milagrito-spray-75cl\",\"name\":\"Limpiahornos El Milagrito Spray 75CL - Comercial de Hosteleria Anma\",\"isPartOf\":{\"@id\":\"https:\/\/www.comercialanma.es\/#website\"},\"primaryImageOfPage\":{\"@id\":\"https:\/\/www.comercialanma.es\/?product=limpiahornos-el-milagrito-spray-75cl#primaryimage\"},\"datePublished\":\"2026-04-24T15:54:54+00:00\",\"dateModified\":\"2026-04-27T09:10:22+00:00\",\"description\":\"Limpiahornos El Milagrito Spray | 75CL. | limpiador potente en formato espuma\\u00a0para la limpieza de hornos y microondas.\",\"breadcrumb\":{\"@id\":\"https:\/\/www.comercialanma.es\/?product=limpiahornos-el-milagrito-spray-75cl#breadcrumb\"},\"inLanguage\":\"es\",\"potentialAction\":[{\"@type\":\"ReadAction\",\"target\":[\"https:\/\/www.comercialanma.es\/?product=limpiahornos-el-milagrito-spray-75cl\"]}]},{\"@type\":\"BreadcrumbList\",\"@id\":\"https:\/\/www.comercialanma.es\/?product=limpiahornos-el-milagrito-spray-75cl#breadcrumb\",\"itemListElement\":[{\"@type\":\"ListItem\",\"position\":1,\"item\":{\"@type\":\"WebPage\",\"@id\":\"https:\/\/www.comercialanma.es\/\",\"url\":\"https:\/\/www.comercialanma.es\/\",\"name\":\"Portada\"}},{\"@type\":\"ListItem\",\"position\":2,\"item\":{\"@type\":\"WebPage\",\"@id\":\"https:\/\/www.comercialanma.es\/?page_id=3963\",\"url\":\"https:\/\/www.comercialanma.es\/?page_id=3963\",\"name\":\"Cat\\u00e1logo de Productos\"}},{\"@type\":\"ListItem\",\"position\":3,\"item\":{\"@type\":\"WebPage\",\"@id\":\"https:\/\/www.comercialanma.es\/?product=limpiahornos-el-milagrito-spray-75cl\",\"url\":\"https:\/\/www.comercialanma.es\/?product=limpiahornos-el-milagrito-spray-75cl\",\"name\":\"Limpiahornos El Milagrito Spray 75CL\"}}]}]}<\/script>\n<!-- \/ Yoast SEO plugin. -->","_links":{"self":[{"href":"https:\/\/www.comercialanma.es\/index.php?rest_route=\/wp\/v2\/product\/24819"}],"collection":[{"href":"https:\/\/www.comercialanma.es\/index.php?rest_route=\/wp\/v2\/product"}],"about":[{"href":"https:\/\/www.comercialanma.es\/index.php?rest_route=\/wp\/v2\/types\/product"}],"version-history":[{"count":2,"href":"https:\/\/www.comercialanma.es\/index.php?rest_route=\/wp\/v2\/product\/24819\/revisions"}],"predecessor-version":[{"id":24822,"href":"https:\/\/www.comercialanma.es\/index.php?rest_route=\/wp\/v2\/product\/24819\/revisions\/24822"}],"wp:featuredmedia":[{"embeddable":true,"href":"https:\/\/www.comercialanma.es\/index.php?rest_route=\/wp\/v2\/media\/24821"}],"wp:attachment":[{"href":"https:\/\/www.comercialanma.es\/index.php?rest_route=%2Fwp%2Fv2%2Fmedia&parent=24819"}],"curies":[{"name":"wp","href":"https:\/\/api.w.org\/{rel}","templated":true}]}}