
{"id":24827,"date":"2026-04-27T12:37:27","date_gmt":"2026-04-27T10:37:27","guid":{"rendered":"https:\/\/www.comercialanma.es\/?post_type=product&#038;p=24827"},"modified":"2026-04-27T12:53:04","modified_gmt":"2026-04-27T10:53:04","slug":"aceite-freir-frit-frit-bargallo-20l","status":"publish","type":"product","link":"https:\/\/www.comercialanma.es\/?product=aceite-freir-frit-frit-bargallo-20l","title":{"rendered":"Aceite Freir Frit Frit Bargall\u00f3 20L."},"content":{"rendered":"<p>Aceite 100 % vegetal (ole\u00edna de palma, girasol y girasol alto oleico), ideal para frituras profesionales**. Alta resistencia a altas temperaturas (punto de humo 235 \u00b0C), sabor neutro y gran durabilidad gracias a sus antioxidantes y antiespumantes.<\/p>\n","protected":false},"excerpt":{"rendered":"<p>Frit Frit es un aceite 100% vegetal cuidadosamente elaborado con ole\u00edna de palma,girasol y girasol alto oleico. Gracias a su composici\u00f3n alta en \u00e1cidos grasos saturados (alto ol\u00e9ico), es un aceite ligero e ideal para la fritura, ya que garantiza una mejor resistencia a altas temperaturas (su punto de humo est\u00e1 en 235\u00ba). De hecho, presenta una gran estabilidad de sus propiedades y resistencia a la oxidaci\u00f3n, especialmente cuando se somete a altas temperaturas, sin interferir, adem\u00e1s, en el sabor de los fritos.<\/p>\n","protected":false},"featured_media":24828,"template":"","meta":{"spay_email":""},"yoast_head":"<!-- This site is optimized with the Yoast SEO plugin v15.9 - https:\/\/yoast.com\/wordpress\/plugins\/seo\/ -->\n<title>Aceite Freir Frit Frit Bargall\u00f3 20L. - Comercial de Hosteleria Anma<\/title>\n<meta name=\"description\" content=\"Aceite Freir Frio Frit Bargall\u00f3 | 20L. | Aceite 100 % vegetal, ideal para frituras profesionales\" \/>\n<meta name=\"robots\" content=\"index, follow, max-snippet:-1, max-image-preview:large, max-video-preview:-1\" \/>\n<link rel=\"canonical\" href=\"https:\/\/www.comercialanma.es\/?product=aceite-freir-frit-frit-bargallo-20l\" \/>\n<meta property=\"og:locale\" content=\"es_ES\" \/>\n<meta property=\"og:type\" content=\"article\" \/>\n<meta property=\"og:title\" content=\"Aceite Freir Frit Frit Bargall\u00f3 20L. - Comercial de Hosteleria Anma\" \/>\n<meta property=\"og:description\" content=\"Aceite Freir Frio Frit Bargall\u00f3 | 20L. | Aceite 100 % vegetal, ideal para frituras profesionales\" \/>\n<meta property=\"og:url\" content=\"https:\/\/www.comercialanma.es\/?product=aceite-freir-frit-frit-bargallo-20l\" \/>\n<meta property=\"og:site_name\" content=\"Comercial de Hosteleria Anma\" \/>\n<meta property=\"article:publisher\" content=\"https:\/\/www.facebook.com\/AnmaHosteleria\" \/>\n<meta property=\"article:modified_time\" content=\"2026-04-27T10:53:04+00:00\" \/>\n<meta property=\"og:image\" content=\"https:\/\/i0.wp.com\/www.comercialanma.es\/wp-content\/uploads\/2026\/04\/ACEITE-FREIR-FRIT-FRIT-BARGALLO-20L.jpg?fit=1080%2C1080&#038;ssl=1\" \/>\n\t<meta property=\"og:image:width\" content=\"1080\" \/>\n\t<meta property=\"og:image:height\" content=\"1080\" \/>\n<meta name=\"twitter:card\" content=\"summary_large_image\" \/>\n<meta name=\"twitter:label1\" content=\"Tiempo de lectura\">\n\t<meta name=\"twitter:data1\" content=\"1 minuto\">\n<script type=\"application\/ld+json\" class=\"yoast-schema-graph\">{\"@context\":\"https:\/\/schema.org\",\"@graph\":[{\"@type\":\"Organization\",\"@id\":\"https:\/\/www.comercialanma.es\/#organization\",\"name\":\"Comercial Anma\",\"url\":\"https:\/\/www.comercialanma.es\/\",\"sameAs\":[\"https:\/\/www.facebook.com\/AnmaHosteleria\",\"https:\/\/www.instagram.com\/anmahosteleria\/?hl=es\",\"https:\/\/www.youtube.com\/channel\/UCT2nmn08Ntks0hmpZPnDgCA\"],\"logo\":{\"@type\":\"ImageObject\",\"@id\":\"https:\/\/www.comercialanma.es\/#logo\",\"inLanguage\":\"es\",\"url\":\"https:\/\/i2.wp.com\/www.comercialanma.es\/wp-content\/uploads\/2019\/06\/logo-anma-color.png?fit=247%2C101&ssl=1\",\"width\":247,\"height\":101,\"caption\":\"Comercial Anma\"},\"image\":{\"@id\":\"https:\/\/www.comercialanma.es\/#logo\"}},{\"@type\":\"WebSite\",\"@id\":\"https:\/\/www.comercialanma.es\/#website\",\"url\":\"https:\/\/www.comercialanma.es\/\",\"name\":\"Comercial de Hosteleria Anma\",\"description\":\"\",\"publisher\":{\"@id\":\"https:\/\/www.comercialanma.es\/#organization\"},\"potentialAction\":[{\"@type\":\"SearchAction\",\"target\":\"https:\/\/www.comercialanma.es\/?s={search_term_string}\",\"query-input\":\"required name=search_term_string\"}],\"inLanguage\":\"es\"},{\"@type\":\"ImageObject\",\"@id\":\"https:\/\/www.comercialanma.es\/?product=aceite-freir-frit-frit-bargallo-20l#primaryimage\",\"inLanguage\":\"es\",\"url\":\"https:\/\/i0.wp.com\/www.comercialanma.es\/wp-content\/uploads\/2026\/04\/ACEITE-FREIR-FRIT-FRIT-BARGALLO-20L.jpg?fit=1080%2C1080&ssl=1\",\"width\":1080,\"height\":1080},{\"@type\":\"WebPage\",\"@id\":\"https:\/\/www.comercialanma.es\/?product=aceite-freir-frit-frit-bargallo-20l#webpage\",\"url\":\"https:\/\/www.comercialanma.es\/?product=aceite-freir-frit-frit-bargallo-20l\",\"name\":\"Aceite Freir Frit Frit Bargall\\u00f3 20L. - Comercial de Hosteleria Anma\",\"isPartOf\":{\"@id\":\"https:\/\/www.comercialanma.es\/#website\"},\"primaryImageOfPage\":{\"@id\":\"https:\/\/www.comercialanma.es\/?product=aceite-freir-frit-frit-bargallo-20l#primaryimage\"},\"datePublished\":\"2026-04-27T10:37:27+00:00\",\"dateModified\":\"2026-04-27T10:53:04+00:00\",\"description\":\"Aceite Freir Frio Frit Bargall\\u00f3 | 20L. | Aceite 100 % vegetal, ideal para frituras profesionales\",\"breadcrumb\":{\"@id\":\"https:\/\/www.comercialanma.es\/?product=aceite-freir-frit-frit-bargallo-20l#breadcrumb\"},\"inLanguage\":\"es\",\"potentialAction\":[{\"@type\":\"ReadAction\",\"target\":[\"https:\/\/www.comercialanma.es\/?product=aceite-freir-frit-frit-bargallo-20l\"]}]},{\"@type\":\"BreadcrumbList\",\"@id\":\"https:\/\/www.comercialanma.es\/?product=aceite-freir-frit-frit-bargallo-20l#breadcrumb\",\"itemListElement\":[{\"@type\":\"ListItem\",\"position\":1,\"item\":{\"@type\":\"WebPage\",\"@id\":\"https:\/\/www.comercialanma.es\/\",\"url\":\"https:\/\/www.comercialanma.es\/\",\"name\":\"Portada\"}},{\"@type\":\"ListItem\",\"position\":2,\"item\":{\"@type\":\"WebPage\",\"@id\":\"https:\/\/www.comercialanma.es\/?page_id=3963\",\"url\":\"https:\/\/www.comercialanma.es\/?page_id=3963\",\"name\":\"Cat\\u00e1logo de Productos\"}},{\"@type\":\"ListItem\",\"position\":3,\"item\":{\"@type\":\"WebPage\",\"@id\":\"https:\/\/www.comercialanma.es\/?product=aceite-freir-frit-frit-bargallo-20l\",\"url\":\"https:\/\/www.comercialanma.es\/?product=aceite-freir-frit-frit-bargallo-20l\",\"name\":\"Aceite Freir Frit Frit Bargall\\u00f3 20L.\"}}]}]}<\/script>\n<!-- \/ Yoast SEO plugin. -->","_links":{"self":[{"href":"https:\/\/www.comercialanma.es\/index.php?rest_route=\/wp\/v2\/product\/24827"}],"collection":[{"href":"https:\/\/www.comercialanma.es\/index.php?rest_route=\/wp\/v2\/product"}],"about":[{"href":"https:\/\/www.comercialanma.es\/index.php?rest_route=\/wp\/v2\/types\/product"}],"version-history":[{"count":1,"href":"https:\/\/www.comercialanma.es\/index.php?rest_route=\/wp\/v2\/product\/24827\/revisions"}],"predecessor-version":[{"id":24829,"href":"https:\/\/www.comercialanma.es\/index.php?rest_route=\/wp\/v2\/product\/24827\/revisions\/24829"}],"wp:featuredmedia":[{"embeddable":true,"href":"https:\/\/www.comercialanma.es\/index.php?rest_route=\/wp\/v2\/media\/24828"}],"wp:attachment":[{"href":"https:\/\/www.comercialanma.es\/index.php?rest_route=%2Fwp%2Fv2%2Fmedia&parent=24827"}],"curies":[{"name":"wp","href":"https:\/\/api.w.org\/{rel}","templated":true}]}}