
{"id":24836,"date":"2026-04-27T16:03:15","date_gmt":"2026-04-27T14:03:15","guid":{"rendered":"https:\/\/www.comercialanma.es\/?post_type=product&#038;p=24836"},"modified":"2026-04-27T16:10:59","modified_gmt":"2026-04-27T14:10:59","slug":"aceite-de-oliva-suave-bargallo-5l","status":"publish","type":"product","link":"https:\/\/www.comercialanma.es\/?product=aceite-de-oliva-suave-bargallo-5l","title":{"rendered":"Aceite de Oliva suave Bargall\u00f3 5L."},"content":{"rendered":"<p data-start=\"552\" data-end=\"870\">De perfil delicado en boca, este aceite es perfecto para todo tipo de elaboraciones culinarias, especialmente indicado para quienes buscan un aceite de calidad con un sabor suave que no enmascare los sabores de los alimentos. Es ideal para cocinar, fre\u00edr ligeramente, saltear, preparar salsas, guisos o platos del d\u00eda a d\u00eda.<\/p>\n<p data-start=\"872\" data-end=\"961\">Un aceite pensado para aportar equilibrio, funcionalidad y calidad a la cocina cotidiana.<\/p>\n","protected":false},"excerpt":{"rendered":"<p>El Aceite de Oliva Suave de Olis Bargall\u00f3 se elabora a partir de una cuidada selecci\u00f3n de las mejores aceitunas, dando como resultado un aceite de sabor suave y equilibrado, ideal para una cocina diaria vers\u00e1til y ligera.<\/p>\n","protected":false},"featured_media":24837,"template":"","meta":{"spay_email":""},"yoast_head":"<!-- This site is optimized with the Yoast SEO plugin v15.9 - https:\/\/yoast.com\/wordpress\/plugins\/seo\/ -->\n<title>Aceite de Oliva suave Bargall\u00f3 5L. - Comercial de Hosteleria Anma<\/title>\n<meta name=\"description\" content=\"Aceite de Oliva suave Bargall\u00f3 | 5L.| Se elabora a partir de las mejores aceitunas, como resultado un aceite de sabor suave y equilibrado.\" \/>\n<meta name=\"robots\" content=\"index, follow, max-snippet:-1, max-image-preview:large, max-video-preview:-1\" \/>\n<link rel=\"canonical\" href=\"https:\/\/www.comercialanma.es\/?product=aceite-de-oliva-suave-bargallo-5l\" \/>\n<meta property=\"og:locale\" content=\"es_ES\" \/>\n<meta property=\"og:type\" content=\"article\" \/>\n<meta property=\"og:title\" content=\"Aceite de Oliva suave Bargall\u00f3 5L. - Comercial de Hosteleria Anma\" \/>\n<meta property=\"og:description\" content=\"Aceite de Oliva suave Bargall\u00f3 | 5L.| Se elabora a partir de las mejores aceitunas, como resultado un aceite de sabor suave y equilibrado.\" \/>\n<meta property=\"og:url\" content=\"https:\/\/www.comercialanma.es\/?product=aceite-de-oliva-suave-bargallo-5l\" \/>\n<meta property=\"og:site_name\" content=\"Comercial de Hosteleria Anma\" \/>\n<meta property=\"article:publisher\" content=\"https:\/\/www.facebook.com\/AnmaHosteleria\" \/>\n<meta property=\"article:modified_time\" content=\"2026-04-27T14:10:59+00:00\" \/>\n<meta property=\"og:image\" content=\"https:\/\/i0.wp.com\/www.comercialanma.es\/wp-content\/uploads\/2026\/04\/aceite-de-oliva-suave-bargallo-5l.jpg?fit=1080%2C1080&#038;ssl=1\" \/>\n\t<meta property=\"og:image:width\" content=\"1080\" \/>\n\t<meta property=\"og:image:height\" content=\"1080\" \/>\n<meta name=\"twitter:card\" content=\"summary_large_image\" \/>\n<meta name=\"twitter:label1\" content=\"Tiempo de lectura\">\n\t<meta name=\"twitter:data1\" content=\"1 minuto\">\n<script type=\"application\/ld+json\" class=\"yoast-schema-graph\">{\"@context\":\"https:\/\/schema.org\",\"@graph\":[{\"@type\":\"Organization\",\"@id\":\"https:\/\/www.comercialanma.es\/#organization\",\"name\":\"Comercial Anma\",\"url\":\"https:\/\/www.comercialanma.es\/\",\"sameAs\":[\"https:\/\/www.facebook.com\/AnmaHosteleria\",\"https:\/\/www.instagram.com\/anmahosteleria\/?hl=es\",\"https:\/\/www.youtube.com\/channel\/UCT2nmn08Ntks0hmpZPnDgCA\"],\"logo\":{\"@type\":\"ImageObject\",\"@id\":\"https:\/\/www.comercialanma.es\/#logo\",\"inLanguage\":\"es\",\"url\":\"https:\/\/i2.wp.com\/www.comercialanma.es\/wp-content\/uploads\/2019\/06\/logo-anma-color.png?fit=247%2C101&ssl=1\",\"width\":247,\"height\":101,\"caption\":\"Comercial Anma\"},\"image\":{\"@id\":\"https:\/\/www.comercialanma.es\/#logo\"}},{\"@type\":\"WebSite\",\"@id\":\"https:\/\/www.comercialanma.es\/#website\",\"url\":\"https:\/\/www.comercialanma.es\/\",\"name\":\"Comercial de Hosteleria Anma\",\"description\":\"\",\"publisher\":{\"@id\":\"https:\/\/www.comercialanma.es\/#organization\"},\"potentialAction\":[{\"@type\":\"SearchAction\",\"target\":\"https:\/\/www.comercialanma.es\/?s={search_term_string}\",\"query-input\":\"required name=search_term_string\"}],\"inLanguage\":\"es\"},{\"@type\":\"ImageObject\",\"@id\":\"https:\/\/www.comercialanma.es\/?product=aceite-de-oliva-suave-bargallo-5l#primaryimage\",\"inLanguage\":\"es\",\"url\":\"https:\/\/i0.wp.com\/www.comercialanma.es\/wp-content\/uploads\/2026\/04\/aceite-de-oliva-suave-bargallo-5l.jpg?fit=1080%2C1080&ssl=1\",\"width\":1080,\"height\":1080},{\"@type\":\"WebPage\",\"@id\":\"https:\/\/www.comercialanma.es\/?product=aceite-de-oliva-suave-bargallo-5l#webpage\",\"url\":\"https:\/\/www.comercialanma.es\/?product=aceite-de-oliva-suave-bargallo-5l\",\"name\":\"Aceite de Oliva suave Bargall\\u00f3 5L. - Comercial de Hosteleria Anma\",\"isPartOf\":{\"@id\":\"https:\/\/www.comercialanma.es\/#website\"},\"primaryImageOfPage\":{\"@id\":\"https:\/\/www.comercialanma.es\/?product=aceite-de-oliva-suave-bargallo-5l#primaryimage\"},\"datePublished\":\"2026-04-27T14:03:15+00:00\",\"dateModified\":\"2026-04-27T14:10:59+00:00\",\"description\":\"Aceite de Oliva suave Bargall\\u00f3 | 5L.| Se elabora a partir de las mejores aceitunas, como resultado un aceite de sabor suave y equilibrado.\",\"breadcrumb\":{\"@id\":\"https:\/\/www.comercialanma.es\/?product=aceite-de-oliva-suave-bargallo-5l#breadcrumb\"},\"inLanguage\":\"es\",\"potentialAction\":[{\"@type\":\"ReadAction\",\"target\":[\"https:\/\/www.comercialanma.es\/?product=aceite-de-oliva-suave-bargallo-5l\"]}]},{\"@type\":\"BreadcrumbList\",\"@id\":\"https:\/\/www.comercialanma.es\/?product=aceite-de-oliva-suave-bargallo-5l#breadcrumb\",\"itemListElement\":[{\"@type\":\"ListItem\",\"position\":1,\"item\":{\"@type\":\"WebPage\",\"@id\":\"https:\/\/www.comercialanma.es\/\",\"url\":\"https:\/\/www.comercialanma.es\/\",\"name\":\"Portada\"}},{\"@type\":\"ListItem\",\"position\":2,\"item\":{\"@type\":\"WebPage\",\"@id\":\"https:\/\/www.comercialanma.es\/?page_id=3963\",\"url\":\"https:\/\/www.comercialanma.es\/?page_id=3963\",\"name\":\"Cat\\u00e1logo de Productos\"}},{\"@type\":\"ListItem\",\"position\":3,\"item\":{\"@type\":\"WebPage\",\"@id\":\"https:\/\/www.comercialanma.es\/?product=aceite-de-oliva-suave-bargallo-5l\",\"url\":\"https:\/\/www.comercialanma.es\/?product=aceite-de-oliva-suave-bargallo-5l\",\"name\":\"Aceite de Oliva suave Bargall\\u00f3 5L.\"}}]}]}<\/script>\n<!-- \/ Yoast SEO plugin. -->","_links":{"self":[{"href":"https:\/\/www.comercialanma.es\/index.php?rest_route=\/wp\/v2\/product\/24836"}],"collection":[{"href":"https:\/\/www.comercialanma.es\/index.php?rest_route=\/wp\/v2\/product"}],"about":[{"href":"https:\/\/www.comercialanma.es\/index.php?rest_route=\/wp\/v2\/types\/product"}],"version-history":[{"count":1,"href":"https:\/\/www.comercialanma.es\/index.php?rest_route=\/wp\/v2\/product\/24836\/revisions"}],"predecessor-version":[{"id":24838,"href":"https:\/\/www.comercialanma.es\/index.php?rest_route=\/wp\/v2\/product\/24836\/revisions\/24838"}],"wp:featuredmedia":[{"embeddable":true,"href":"https:\/\/www.comercialanma.es\/index.php?rest_route=\/wp\/v2\/media\/24837"}],"wp:attachment":[{"href":"https:\/\/www.comercialanma.es\/index.php?rest_route=%2Fwp%2Fv2%2Fmedia&parent=24836"}],"curies":[{"name":"wp","href":"https:\/\/api.w.org\/{rel}","templated":true}]}}