
{"id":5164,"date":"2019-06-19T12:29:59","date_gmt":"2019-06-19T10:29:59","guid":{"rendered":"http:\/\/www.anma.es\/?post_type=product&#038;p=5164"},"modified":"2022-06-29T11:28:28","modified_gmt":"2022-06-29T09:28:28","slug":"ramon-bilbao-crianza","status":"publish","type":"product","link":"https:\/\/www.comercialanma.es\/?product=ramon-bilbao-crianza","title":{"rendered":"Ram\u00f3n Bilbao Crianza 75cl."},"content":{"rendered":"<div>\n<div>\n<div>\n<div><\/div>\n<\/div>\n<\/div>\n<\/div>\n<div>\n<div>\n<div>\n<div>\n<h3>NOTAS DE CATA<\/h3>\n<\/div>\n<\/div>\n<\/div>\n<\/div>\n<div>\n<ul>\n<li>Color rojo cereza brillante.<\/li>\n<li>Aromas intensos de frutas negras maduras acompa\u00f1adas de toques bals\u00e1micos, y con un recuerdo especiado de coco y regaliz.<\/li>\n<li>En boca es fresco y amable con una apreciable textura en el paso donde reaparecen los matices ahumados ensamblados con frutas maduras. El final es largo y envolvente.<\/li>\n<\/ul>\n<h3>GRADUACI\u00d3N<\/h3>\n<p>13,5% Vol.<\/p>\n<\/div>\n<div>\n<div>\n<h3>MARIDAJE<\/h3>\n<p>Este 100 % Tempranillo acompa\u00f1a de forma especial a los platos de embutidos y quesos suaves, carnes blancas como el pollo, los guisos con conejo y los pescados azules. Servir entre los 16\u00baC y 18\u00baC.<\/p>\n<\/div>\n<\/div>\n","protected":false},"excerpt":{"rendered":"<div>\n<ul>\n<li>Vino tinto Crianza. 14 meses en barrica de roble americano.<\/li>\n<li>Variedad: Tempranillo<\/li>\n<li>Denominaci\u00f3n: D.O.Ca. Rioja<\/li>\n<li>Zona de elaboraci\u00f3n:<\/li>\n<li>La RiojaBodega: Ram\u00f3n Bilbao<\/li>\n<li>Capacidad: 75 cl.<\/li>\n<li>Alcohol: 13.5%<\/li>\n<\/ul>\n<\/div>\n<p><span lang=\"es\"><span title=\"\">Si eres un verdadero experto en Vino, en Comercial de Hosteler\u00eda Anma encontrar\u00e1s una gran variedad. Te ayudaremos a tomar la mejor decisi\u00f3n posible.<\/span><\/span><\/p>\n","protected":false},"featured_media":21426,"template":"","meta":{"spay_email":""},"yoast_head":"<!-- This site is optimized with the Yoast SEO plugin v15.9 - https:\/\/yoast.com\/wordpress\/plugins\/seo\/ -->\n<title>Ram\u00f3n Bilbao Crianza 75cl. - Comercial de Hosteleria Anma<\/title>\n<meta name=\"robots\" content=\"index, follow, max-snippet:-1, max-image-preview:large, max-video-preview:-1\" \/>\n<link rel=\"canonical\" href=\"https:\/\/www.comercialanma.es\/?product=ramon-bilbao-crianza\" \/>\n<meta property=\"og:locale\" content=\"es_ES\" \/>\n<meta property=\"og:type\" content=\"article\" \/>\n<meta property=\"og:title\" content=\"Ram\u00f3n Bilbao Crianza 75cl. - Comercial de Hosteleria Anma\" \/>\n<meta property=\"og:description\" content=\"Vino tinto Crianza. 14 meses en barrica de roble americano.  Variedad: Tempranillo  Denominaci\u00f3n: D.O.Ca. Rioja  Zona de elaboraci\u00f3n:  La RiojaBodega: Ram\u00f3n Bilbao  Capacidad: 75 cl.  Alcohol: 13.5%   Si eres un verdadero experto en Vino, en Comercial de Hosteler\u00eda Anma encontrar\u00e1s una gran variedad. Te ayudaremos a tomar la mejor decisi\u00f3n posible.\" \/>\n<meta property=\"og:url\" content=\"https:\/\/www.comercialanma.es\/?product=ramon-bilbao-crianza\" \/>\n<meta property=\"og:site_name\" content=\"Comercial de Hosteleria Anma\" \/>\n<meta property=\"article:publisher\" content=\"https:\/\/www.facebook.com\/AnmaHosteleria\" \/>\n<meta property=\"article:modified_time\" content=\"2022-06-29T09:28:28+00:00\" \/>\n<meta property=\"og:image\" content=\"https:\/\/i2.wp.com\/www.comercialanma.es\/wp-content\/uploads\/2019\/06\/RAMON-BILBAO-2018-2022-.png?fit=1080%2C1080&#038;ssl=1\" \/>\n\t<meta property=\"og:image:width\" content=\"1080\" \/>\n\t<meta property=\"og:image:height\" content=\"1080\" \/>\n<meta name=\"twitter:card\" content=\"summary_large_image\" \/>\n<meta name=\"twitter:label1\" content=\"Tiempo de lectura\">\n\t<meta name=\"twitter:data1\" content=\"1 minuto\">\n<script type=\"application\/ld+json\" class=\"yoast-schema-graph\">{\"@context\":\"https:\/\/schema.org\",\"@graph\":[{\"@type\":\"Organization\",\"@id\":\"https:\/\/www.comercialanma.es\/#organization\",\"name\":\"Comercial Anma\",\"url\":\"https:\/\/www.comercialanma.es\/\",\"sameAs\":[\"https:\/\/www.facebook.com\/AnmaHosteleria\",\"https:\/\/www.instagram.com\/anmahosteleria\/?hl=es\",\"https:\/\/www.youtube.com\/channel\/UCT2nmn08Ntks0hmpZPnDgCA\"],\"logo\":{\"@type\":\"ImageObject\",\"@id\":\"https:\/\/www.comercialanma.es\/#logo\",\"inLanguage\":\"es\",\"url\":\"https:\/\/i2.wp.com\/www.comercialanma.es\/wp-content\/uploads\/2019\/06\/logo-anma-color.png?fit=247%2C101&ssl=1\",\"width\":247,\"height\":101,\"caption\":\"Comercial Anma\"},\"image\":{\"@id\":\"https:\/\/www.comercialanma.es\/#logo\"}},{\"@type\":\"WebSite\",\"@id\":\"https:\/\/www.comercialanma.es\/#website\",\"url\":\"https:\/\/www.comercialanma.es\/\",\"name\":\"Comercial de Hosteleria Anma\",\"description\":\"\",\"publisher\":{\"@id\":\"https:\/\/www.comercialanma.es\/#organization\"},\"potentialAction\":[{\"@type\":\"SearchAction\",\"target\":\"https:\/\/www.comercialanma.es\/?s={search_term_string}\",\"query-input\":\"required name=search_term_string\"}],\"inLanguage\":\"es\"},{\"@type\":\"ImageObject\",\"@id\":\"https:\/\/www.comercialanma.es\/?product=ramon-bilbao-crianza#primaryimage\",\"inLanguage\":\"es\",\"url\":\"https:\/\/i2.wp.com\/www.comercialanma.es\/wp-content\/uploads\/2019\/06\/RAMON-BILBAO-2018-2022-.png?fit=1080%2C1080&ssl=1\",\"width\":1080,\"height\":1080},{\"@type\":\"WebPage\",\"@id\":\"https:\/\/www.comercialanma.es\/?product=ramon-bilbao-crianza#webpage\",\"url\":\"https:\/\/www.comercialanma.es\/?product=ramon-bilbao-crianza\",\"name\":\"Ram\\u00f3n Bilbao Crianza 75cl. - Comercial de Hosteleria Anma\",\"isPartOf\":{\"@id\":\"https:\/\/www.comercialanma.es\/#website\"},\"primaryImageOfPage\":{\"@id\":\"https:\/\/www.comercialanma.es\/?product=ramon-bilbao-crianza#primaryimage\"},\"datePublished\":\"2019-06-19T10:29:59+00:00\",\"dateModified\":\"2022-06-29T09:28:28+00:00\",\"breadcrumb\":{\"@id\":\"https:\/\/www.comercialanma.es\/?product=ramon-bilbao-crianza#breadcrumb\"},\"inLanguage\":\"es\",\"potentialAction\":[{\"@type\":\"ReadAction\",\"target\":[\"https:\/\/www.comercialanma.es\/?product=ramon-bilbao-crianza\"]}]},{\"@type\":\"BreadcrumbList\",\"@id\":\"https:\/\/www.comercialanma.es\/?product=ramon-bilbao-crianza#breadcrumb\",\"itemListElement\":[{\"@type\":\"ListItem\",\"position\":1,\"item\":{\"@type\":\"WebPage\",\"@id\":\"https:\/\/www.comercialanma.es\/\",\"url\":\"https:\/\/www.comercialanma.es\/\",\"name\":\"Portada\"}},{\"@type\":\"ListItem\",\"position\":2,\"item\":{\"@type\":\"WebPage\",\"@id\":\"https:\/\/www.comercialanma.es\/?page_id=3963\",\"url\":\"https:\/\/www.comercialanma.es\/?page_id=3963\",\"name\":\"Cat\\u00e1logo de Productos\"}},{\"@type\":\"ListItem\",\"position\":3,\"item\":{\"@type\":\"WebPage\",\"@id\":\"https:\/\/www.comercialanma.es\/?product=ramon-bilbao-crianza\",\"url\":\"https:\/\/www.comercialanma.es\/?product=ramon-bilbao-crianza\",\"name\":\"Ram\\u00f3n Bilbao Crianza 75cl.\"}}]}]}<\/script>\n<!-- \/ Yoast SEO plugin. -->","_links":{"self":[{"href":"https:\/\/www.comercialanma.es\/index.php?rest_route=\/wp\/v2\/product\/5164"}],"collection":[{"href":"https:\/\/www.comercialanma.es\/index.php?rest_route=\/wp\/v2\/product"}],"about":[{"href":"https:\/\/www.comercialanma.es\/index.php?rest_route=\/wp\/v2\/types\/product"}],"version-history":[{"count":12,"href":"https:\/\/www.comercialanma.es\/index.php?rest_route=\/wp\/v2\/product\/5164\/revisions"}],"predecessor-version":[{"id":20983,"href":"https:\/\/www.comercialanma.es\/index.php?rest_route=\/wp\/v2\/product\/5164\/revisions\/20983"}],"wp:featuredmedia":[{"embeddable":true,"href":"https:\/\/www.comercialanma.es\/index.php?rest_route=\/wp\/v2\/media\/21426"}],"wp:attachment":[{"href":"https:\/\/www.comercialanma.es\/index.php?rest_route=%2Fwp%2Fv2%2Fmedia&parent=5164"}],"curies":[{"name":"wp","href":"https:\/\/api.w.org\/{rel}","templated":true}]}}