
{"id":6582,"date":"2019-06-21T13:02:08","date_gmt":"2019-06-21T11:02:08","guid":{"rendered":"http:\/\/www.comercialanma.es\/?post_type=product&#038;p=6582"},"modified":"2020-12-04T11:10:00","modified_gmt":"2020-12-04T10:10:00","slug":"anissete-marie-brizard-dulce","status":"publish","type":"product","link":"https:\/\/www.comercialanma.es\/?product=anissete-marie-brizard-dulce","title":{"rendered":"Anissete Marie Brizard dulce 1L"},"content":{"rendered":"<div class=\"icon-glass\"><\/div>\n<h4>An\u00eds Marie Brizard<\/h4>\n<div>An\u00eds Marie Brizard es el producto estrella de la empresa. Se trata de un licor suave, fresco y arom\u00e1tico, que se elabora con una receta exclusiva que se ha transmitido de generaci\u00f3n en generaci\u00f3n, con extractos de an\u00eds verde procedente del Mediterr\u00e1neo, adem\u00e1s de otras 10 plantas y especias. Pertenece a la empresa Marie Brizard, fundada en 1755 por Marie Brizard y Jean-Baptiste Roger, su sobrino.<\/div>\n<h4>Notas de Cata<\/h4>\n<div>A la vista es muy cristalino. Al olfato desprende aromas naturales que recuerdan al mediterr\u00e1neo. Al paladar es suave y fresco, con sabor delicado. Se aconseja tomar Marie Brizard Anisette Liqueur solo o con hielo, o bien mezclado con caf\u00e9, infusiones y zumos de c\u00edtricos, especialmente acompa\u00f1ando a postres y dulces. Graduaci\u00f3n: 25 grados de alcohol.<\/div>\n<p>&nbsp;<\/p>\n","protected":false},"excerpt":{"rendered":"<p>An\u00eds franc\u00e9s elaborado con extractos de an\u00eds verde, otras plantas y c\u00edtricos.<\/p>\n","protected":false},"featured_media":14275,"template":"","meta":{"spay_email":""},"yoast_head":"<!-- This site is optimized with the Yoast SEO plugin v15.9 - https:\/\/yoast.com\/wordpress\/plugins\/seo\/ -->\n<title>Anissete Marie Brizard dulce 1L - Comercial de Hosteleria Anma<\/title>\n<meta name=\"robots\" content=\"index, follow, max-snippet:-1, max-image-preview:large, max-video-preview:-1\" \/>\n<link rel=\"canonical\" href=\"https:\/\/www.comercialanma.es\/?product=anissete-marie-brizard-dulce\" \/>\n<meta property=\"og:locale\" content=\"es_ES\" \/>\n<meta property=\"og:type\" content=\"article\" \/>\n<meta property=\"og:title\" content=\"Anissete Marie Brizard dulce 1L - Comercial de Hosteleria Anma\" \/>\n<meta property=\"og:description\" content=\"An\u00eds franc\u00e9s elaborado con extractos de an\u00eds verde, otras plantas y c\u00edtricos.\" \/>\n<meta property=\"og:url\" content=\"https:\/\/www.comercialanma.es\/?product=anissete-marie-brizard-dulce\" \/>\n<meta property=\"og:site_name\" content=\"Comercial de Hosteleria Anma\" \/>\n<meta property=\"article:publisher\" content=\"https:\/\/www.facebook.com\/AnmaHosteleria\" \/>\n<meta property=\"article:modified_time\" content=\"2020-12-04T10:10:00+00:00\" \/>\n<meta property=\"og:image\" content=\"https:\/\/i2.wp.com\/www.comercialanma.es\/wp-content\/uploads\/2019\/06\/Anissete-Marie-Brizard.jpg?fit=1080%2C1080&#038;ssl=1\" \/>\n\t<meta property=\"og:image:width\" content=\"1080\" \/>\n\t<meta property=\"og:image:height\" content=\"1080\" \/>\n<meta name=\"twitter:card\" content=\"summary_large_image\" \/>\n<meta name=\"twitter:label1\" content=\"Tiempo de lectura\">\n\t<meta name=\"twitter:data1\" content=\"1 minuto\">\n<script type=\"application\/ld+json\" class=\"yoast-schema-graph\">{\"@context\":\"https:\/\/schema.org\",\"@graph\":[{\"@type\":\"Organization\",\"@id\":\"https:\/\/www.comercialanma.es\/#organization\",\"name\":\"Comercial Anma\",\"url\":\"https:\/\/www.comercialanma.es\/\",\"sameAs\":[\"https:\/\/www.facebook.com\/AnmaHosteleria\",\"https:\/\/www.instagram.com\/anmahosteleria\/?hl=es\",\"https:\/\/www.youtube.com\/channel\/UCT2nmn08Ntks0hmpZPnDgCA\"],\"logo\":{\"@type\":\"ImageObject\",\"@id\":\"https:\/\/www.comercialanma.es\/#logo\",\"inLanguage\":\"es\",\"url\":\"https:\/\/i2.wp.com\/www.comercialanma.es\/wp-content\/uploads\/2019\/06\/logo-anma-color.png?fit=247%2C101&ssl=1\",\"width\":247,\"height\":101,\"caption\":\"Comercial Anma\"},\"image\":{\"@id\":\"https:\/\/www.comercialanma.es\/#logo\"}},{\"@type\":\"WebSite\",\"@id\":\"https:\/\/www.comercialanma.es\/#website\",\"url\":\"https:\/\/www.comercialanma.es\/\",\"name\":\"Comercial de Hosteleria Anma\",\"description\":\"\",\"publisher\":{\"@id\":\"https:\/\/www.comercialanma.es\/#organization\"},\"potentialAction\":[{\"@type\":\"SearchAction\",\"target\":\"https:\/\/www.comercialanma.es\/?s={search_term_string}\",\"query-input\":\"required name=search_term_string\"}],\"inLanguage\":\"es\"},{\"@type\":\"ImageObject\",\"@id\":\"https:\/\/www.comercialanma.es\/?product=anissete-marie-brizard-dulce#primaryimage\",\"inLanguage\":\"es\",\"url\":\"https:\/\/i2.wp.com\/www.comercialanma.es\/wp-content\/uploads\/2019\/06\/Anissete-Marie-Brizard.jpg?fit=1080%2C1080&ssl=1\",\"width\":1080,\"height\":1080},{\"@type\":\"WebPage\",\"@id\":\"https:\/\/www.comercialanma.es\/?product=anissete-marie-brizard-dulce#webpage\",\"url\":\"https:\/\/www.comercialanma.es\/?product=anissete-marie-brizard-dulce\",\"name\":\"Anissete Marie Brizard dulce 1L - Comercial de Hosteleria Anma\",\"isPartOf\":{\"@id\":\"https:\/\/www.comercialanma.es\/#website\"},\"primaryImageOfPage\":{\"@id\":\"https:\/\/www.comercialanma.es\/?product=anissete-marie-brizard-dulce#primaryimage\"},\"datePublished\":\"2019-06-21T11:02:08+00:00\",\"dateModified\":\"2020-12-04T10:10:00+00:00\",\"breadcrumb\":{\"@id\":\"https:\/\/www.comercialanma.es\/?product=anissete-marie-brizard-dulce#breadcrumb\"},\"inLanguage\":\"es\",\"potentialAction\":[{\"@type\":\"ReadAction\",\"target\":[\"https:\/\/www.comercialanma.es\/?product=anissete-marie-brizard-dulce\"]}]},{\"@type\":\"BreadcrumbList\",\"@id\":\"https:\/\/www.comercialanma.es\/?product=anissete-marie-brizard-dulce#breadcrumb\",\"itemListElement\":[{\"@type\":\"ListItem\",\"position\":1,\"item\":{\"@type\":\"WebPage\",\"@id\":\"https:\/\/www.comercialanma.es\/\",\"url\":\"https:\/\/www.comercialanma.es\/\",\"name\":\"Portada\"}},{\"@type\":\"ListItem\",\"position\":2,\"item\":{\"@type\":\"WebPage\",\"@id\":\"https:\/\/www.comercialanma.es\/?page_id=3963\",\"url\":\"https:\/\/www.comercialanma.es\/?page_id=3963\",\"name\":\"Cat\\u00e1logo de Productos\"}},{\"@type\":\"ListItem\",\"position\":3,\"item\":{\"@type\":\"WebPage\",\"@id\":\"https:\/\/www.comercialanma.es\/?product=anissete-marie-brizard-dulce\",\"url\":\"https:\/\/www.comercialanma.es\/?product=anissete-marie-brizard-dulce\",\"name\":\"Anissete Marie Brizard dulce 1L\"}}]}]}<\/script>\n<!-- \/ Yoast SEO plugin. -->","_links":{"self":[{"href":"https:\/\/www.comercialanma.es\/index.php?rest_route=\/wp\/v2\/product\/6582"}],"collection":[{"href":"https:\/\/www.comercialanma.es\/index.php?rest_route=\/wp\/v2\/product"}],"about":[{"href":"https:\/\/www.comercialanma.es\/index.php?rest_route=\/wp\/v2\/types\/product"}],"version-history":[{"count":3,"href":"https:\/\/www.comercialanma.es\/index.php?rest_route=\/wp\/v2\/product\/6582\/revisions"}],"predecessor-version":[{"id":6681,"href":"https:\/\/www.comercialanma.es\/index.php?rest_route=\/wp\/v2\/product\/6582\/revisions\/6681"}],"wp:featuredmedia":[{"embeddable":true,"href":"https:\/\/www.comercialanma.es\/index.php?rest_route=\/wp\/v2\/media\/14275"}],"wp:attachment":[{"href":"https:\/\/www.comercialanma.es\/index.php?rest_route=%2Fwp%2Fv2%2Fmedia&parent=6582"}],"curies":[{"name":"wp","href":"https:\/\/api.w.org\/{rel}","templated":true}]}}