
{"id":6712,"date":"2019-06-25T17:22:43","date_gmt":"2019-06-25T15:22:43","guid":{"rendered":"http:\/\/www.comercialanma.es\/?post_type=product&#038;p=6712"},"modified":"2019-06-28T12:52:24","modified_gmt":"2019-06-28T10:52:24","slug":"anis-del-mono-seco","status":"publish","type":"product","link":"https:\/\/www.comercialanma.es\/?product=anis-del-mono-seco","title":{"rendered":"Anis del Mono seco 70cl."},"content":{"rendered":"<h2>NOTA DE CATA DE\u00a0AN\u00cdS DEL MONO<\/h2>\n<p>&#8211; A la vista: Incoloro, transparente y brillante.<\/p>\n<p>&#8211; A la nariz:\u00a0Aroma intenso y lleno.<\/p>\n<p>&#8211; A la boca: Seco y persistente.<\/p>\n<h2>PROCESO DE ELABORACI\u00d3N<\/h2>\n<p>&#8211; Elaboraci\u00f3n:\u00a0La grasa de an\u00eds natural y otras plantas se destilan en alambiques de cobre para obtener los aceites esenciales que junto con el az\u00facar de ca\u00f1a, el agua desmineralizada y el alcohol neutro de primera calidad componen el an\u00eds.<\/p>\n<p>Posteriormente la mezcla se agita suavemente, si filtra y se embotella.<\/p>\n<p>&#8211; Graduaci\u00f3n alcoh\u00f3lica: 40%Vol.<\/p>\n<p>&#8211; Categor\u00eda:\u00a0Anisado refinado<\/p>\n<h2><b>CONSERVACI\u00d3N<\/b><\/h2>\n<p>Como norma general, conservar en lugares bien ventilados y alejados de fuentes de calor<\/p>\n<p>Sugerencia de consumo: T\u00f3malo con agua y hielo y saborear\u00e1s la &#8220;Palomita&#8221;, mezcla t\u00edpica del Levante.<\/p>\n<p>Mezclado con An\u00eds del Mono seco, zumo de lim\u00f3n, agua y hielo disfrutando de la &#8220;Paloma&#8221; de Andaluc\u00eda Oriental.<\/p>\n<p>Si lo prefieres, b\u00e9belo s\u00f3lo, combinado con brandy en el rico &#8220;Sol y Sombra&#8221; o a\u00f1adi\u00e9ndolo al caf\u00e9 para endulzarlo.<\/p>\n","protected":false},"excerpt":{"rendered":"<p>An\u00eds del Mono es un cl\u00e1sico para disfrutar, indispensable para celebrar las fiestas. Todo el sabor y el aroma m\u00e1s tradicional, para que no falte el an\u00eds m\u00e1s ic\u00f3nico en la mesa.<\/p>\n<p>No pierdas tu oportunidad de disfrutarlo mezclado con agua y hielo y saborear\u00e1 la &#8220;Palomita&#8221; bebida t\u00edpica de Levante.<\/p>\n","protected":false},"featured_media":6713,"template":"","meta":{"spay_email":""},"yoast_head":"<!-- This site is optimized with the Yoast SEO plugin v15.9 - https:\/\/yoast.com\/wordpress\/plugins\/seo\/ -->\n<title>Anis del Mono seco 70cl. - Comercial de Hosteleria Anma<\/title>\n<meta name=\"robots\" content=\"index, follow, max-snippet:-1, max-image-preview:large, max-video-preview:-1\" \/>\n<link rel=\"canonical\" href=\"https:\/\/www.comercialanma.es\/?product=anis-del-mono-seco\" \/>\n<meta property=\"og:locale\" content=\"es_ES\" \/>\n<meta property=\"og:type\" content=\"article\" \/>\n<meta property=\"og:title\" content=\"Anis del Mono seco 70cl. - Comercial de Hosteleria Anma\" \/>\n<meta property=\"og:description\" content=\"An\u00eds del Mono es un cl\u00e1sico para disfrutar, indispensable para celebrar las fiestas. Todo el sabor y el aroma m\u00e1s tradicional, para que no falte el an\u00eds m\u00e1s ic\u00f3nico en la mesa.  No pierdas tu oportunidad de disfrutarlo mezclado con agua y hielo y saborear\u00e1 la &quot;Palomita&quot; bebida t\u00edpica de Levante.\" \/>\n<meta property=\"og:url\" content=\"https:\/\/www.comercialanma.es\/?product=anis-del-mono-seco\" \/>\n<meta property=\"og:site_name\" content=\"Comercial de Hosteleria Anma\" \/>\n<meta property=\"article:publisher\" content=\"https:\/\/www.facebook.com\/AnmaHosteleria\" \/>\n<meta property=\"article:modified_time\" content=\"2019-06-28T10:52:24+00:00\" \/>\n<meta property=\"og:image\" content=\"https:\/\/i0.wp.com\/www.comercialanma.es\/wp-content\/uploads\/2019\/06\/anis-mono-seco.jpg?fit=1200%2C1200&#038;ssl=1\" \/>\n\t<meta property=\"og:image:width\" content=\"1200\" \/>\n\t<meta property=\"og:image:height\" content=\"1200\" \/>\n<meta name=\"twitter:card\" content=\"summary_large_image\" \/>\n<meta name=\"twitter:label1\" content=\"Tiempo de lectura\">\n\t<meta name=\"twitter:data1\" content=\"1 minuto\">\n<script type=\"application\/ld+json\" class=\"yoast-schema-graph\">{\"@context\":\"https:\/\/schema.org\",\"@graph\":[{\"@type\":\"Organization\",\"@id\":\"https:\/\/www.comercialanma.es\/#organization\",\"name\":\"Comercial Anma\",\"url\":\"https:\/\/www.comercialanma.es\/\",\"sameAs\":[\"https:\/\/www.facebook.com\/AnmaHosteleria\",\"https:\/\/www.instagram.com\/anmahosteleria\/?hl=es\",\"https:\/\/www.youtube.com\/channel\/UCT2nmn08Ntks0hmpZPnDgCA\"],\"logo\":{\"@type\":\"ImageObject\",\"@id\":\"https:\/\/www.comercialanma.es\/#logo\",\"inLanguage\":\"es\",\"url\":\"https:\/\/i2.wp.com\/www.comercialanma.es\/wp-content\/uploads\/2019\/06\/logo-anma-color.png?fit=247%2C101&ssl=1\",\"width\":247,\"height\":101,\"caption\":\"Comercial Anma\"},\"image\":{\"@id\":\"https:\/\/www.comercialanma.es\/#logo\"}},{\"@type\":\"WebSite\",\"@id\":\"https:\/\/www.comercialanma.es\/#website\",\"url\":\"https:\/\/www.comercialanma.es\/\",\"name\":\"Comercial de Hosteleria Anma\",\"description\":\"\",\"publisher\":{\"@id\":\"https:\/\/www.comercialanma.es\/#organization\"},\"potentialAction\":[{\"@type\":\"SearchAction\",\"target\":\"https:\/\/www.comercialanma.es\/?s={search_term_string}\",\"query-input\":\"required name=search_term_string\"}],\"inLanguage\":\"es\"},{\"@type\":\"ImageObject\",\"@id\":\"https:\/\/www.comercialanma.es\/?product=anis-del-mono-seco#primaryimage\",\"inLanguage\":\"es\",\"url\":\"https:\/\/i0.wp.com\/www.comercialanma.es\/wp-content\/uploads\/2019\/06\/anis-mono-seco.jpg?fit=1200%2C1200&ssl=1\",\"width\":1200,\"height\":1200},{\"@type\":\"WebPage\",\"@id\":\"https:\/\/www.comercialanma.es\/?product=anis-del-mono-seco#webpage\",\"url\":\"https:\/\/www.comercialanma.es\/?product=anis-del-mono-seco\",\"name\":\"Anis del Mono seco 70cl. - Comercial de Hosteleria Anma\",\"isPartOf\":{\"@id\":\"https:\/\/www.comercialanma.es\/#website\"},\"primaryImageOfPage\":{\"@id\":\"https:\/\/www.comercialanma.es\/?product=anis-del-mono-seco#primaryimage\"},\"datePublished\":\"2019-06-25T15:22:43+00:00\",\"dateModified\":\"2019-06-28T10:52:24+00:00\",\"breadcrumb\":{\"@id\":\"https:\/\/www.comercialanma.es\/?product=anis-del-mono-seco#breadcrumb\"},\"inLanguage\":\"es\",\"potentialAction\":[{\"@type\":\"ReadAction\",\"target\":[\"https:\/\/www.comercialanma.es\/?product=anis-del-mono-seco\"]}]},{\"@type\":\"BreadcrumbList\",\"@id\":\"https:\/\/www.comercialanma.es\/?product=anis-del-mono-seco#breadcrumb\",\"itemListElement\":[{\"@type\":\"ListItem\",\"position\":1,\"item\":{\"@type\":\"WebPage\",\"@id\":\"https:\/\/www.comercialanma.es\/\",\"url\":\"https:\/\/www.comercialanma.es\/\",\"name\":\"Portada\"}},{\"@type\":\"ListItem\",\"position\":2,\"item\":{\"@type\":\"WebPage\",\"@id\":\"https:\/\/www.comercialanma.es\/?page_id=3963\",\"url\":\"https:\/\/www.comercialanma.es\/?page_id=3963\",\"name\":\"Cat\\u00e1logo de Productos\"}},{\"@type\":\"ListItem\",\"position\":3,\"item\":{\"@type\":\"WebPage\",\"@id\":\"https:\/\/www.comercialanma.es\/?product=anis-del-mono-seco\",\"url\":\"https:\/\/www.comercialanma.es\/?product=anis-del-mono-seco\",\"name\":\"Anis del Mono seco 70cl.\"}}]}]}<\/script>\n<!-- \/ Yoast SEO plugin. -->","_links":{"self":[{"href":"https:\/\/www.comercialanma.es\/index.php?rest_route=\/wp\/v2\/product\/6712"}],"collection":[{"href":"https:\/\/www.comercialanma.es\/index.php?rest_route=\/wp\/v2\/product"}],"about":[{"href":"https:\/\/www.comercialanma.es\/index.php?rest_route=\/wp\/v2\/types\/product"}],"version-history":[{"count":1,"href":"https:\/\/www.comercialanma.es\/index.php?rest_route=\/wp\/v2\/product\/6712\/revisions"}],"predecessor-version":[{"id":6714,"href":"https:\/\/www.comercialanma.es\/index.php?rest_route=\/wp\/v2\/product\/6712\/revisions\/6714"}],"wp:featuredmedia":[{"embeddable":true,"href":"https:\/\/www.comercialanma.es\/index.php?rest_route=\/wp\/v2\/media\/6713"}],"wp:attachment":[{"href":"https:\/\/www.comercialanma.es\/index.php?rest_route=%2Fwp%2Fv2%2Fmedia&parent=6712"}],"curies":[{"name":"wp","href":"https:\/\/api.w.org\/{rel}","templated":true}]}}