
{"id":6806,"date":"2019-06-26T15:49:57","date_gmt":"2019-06-26T13:49:57","guid":{"rendered":"http:\/\/www.comercialanma.es\/?post_type=product&#038;p=6806"},"modified":"2021-11-15T16:21:55","modified_gmt":"2021-11-15T15:21:55","slug":"aguardiente-de-orujo-ruavieja","status":"publish","type":"product","link":"https:\/\/www.comercialanma.es\/?product=aguardiente-de-orujo-ruavieja","title":{"rendered":"Aguardiente de Orujo Ruavieja 70cl."},"content":{"rendered":"<div class=\"rte\">\n<p>Es el aguardiente m\u00e1s emblem\u00e1tico de Ruavieja. Transparente y delicado al paladar. Elaborado a partir de la destilaci\u00f3n de orujos procedentes de las zonas vin\u00edcolas m\u00e1s importantes de Galicia.<\/p>\n<p>Aguardiente obtenido por destilaci\u00f3n de orujos seleccionados siguiendo m\u00e9todos tradicionales. Para disfrutar de la experiencia de sabor Ruavieja, enfr\u00eda la botella antes de servir el aguardiente, vi\u00e9rtelo en un peque\u00f1o vaso de licor, remueve suavemente y saborea toda la singularidad de su esencia.<\/p>\n<\/div>\n","protected":false},"excerpt":{"rendered":"<p>Es el aguardiente m\u00e1s emblem\u00e1tico de Ruavieja. Transparente y delicado al paladar. Elaborado a partir de la destilaci\u00f3n de orujos procedentes de las zonas vin\u00edcolas m\u00e1s importantes de Galicia.<\/p>\n","protected":false},"featured_media":19749,"template":"","meta":{"spay_email":""},"yoast_head":"<!-- This site is optimized with the Yoast SEO plugin v15.9 - https:\/\/yoast.com\/wordpress\/plugins\/seo\/ -->\n<title>Aguardiente de Orujo Ruavieja 70cl. - Comercial de Hosteleria Anma<\/title>\n<meta name=\"description\" content=\"Aguardiente de orujo | Ruavieja | 70cl. | Es el aguardiente m\u00e1s emblem\u00e1tico de Ruavieja. Transparente y delicado al paladar.\" \/>\n<meta name=\"robots\" content=\"index, follow, max-snippet:-1, max-image-preview:large, max-video-preview:-1\" \/>\n<link rel=\"canonical\" href=\"https:\/\/www.comercialanma.es\/?product=aguardiente-de-orujo-ruavieja\" \/>\n<meta property=\"og:locale\" content=\"es_ES\" \/>\n<meta property=\"og:type\" content=\"article\" \/>\n<meta property=\"og:title\" content=\"Aguardiente de Orujo Ruavieja 70cl. - Comercial de Hosteleria Anma\" \/>\n<meta property=\"og:description\" content=\"Aguardiente de orujo | Ruavieja | 70cl. | Es el aguardiente m\u00e1s emblem\u00e1tico de Ruavieja. Transparente y delicado al paladar.\" \/>\n<meta property=\"og:url\" content=\"https:\/\/www.comercialanma.es\/?product=aguardiente-de-orujo-ruavieja\" \/>\n<meta property=\"og:site_name\" content=\"Comercial de Hosteleria Anma\" \/>\n<meta property=\"article:publisher\" content=\"https:\/\/www.facebook.com\/AnmaHosteleria\" \/>\n<meta property=\"article:modified_time\" content=\"2021-11-15T15:21:55+00:00\" \/>\n<meta property=\"og:image\" content=\"https:\/\/i0.wp.com\/www.comercialanma.es\/wp-content\/uploads\/2019\/06\/Ruavieja-aguardiente-de-orujo.jpg?fit=1080%2C1080&#038;ssl=1\" \/>\n\t<meta property=\"og:image:width\" content=\"1080\" \/>\n\t<meta property=\"og:image:height\" content=\"1080\" \/>\n<meta name=\"twitter:card\" content=\"summary_large_image\" \/>\n<script type=\"application\/ld+json\" class=\"yoast-schema-graph\">{\"@context\":\"https:\/\/schema.org\",\"@graph\":[{\"@type\":\"Organization\",\"@id\":\"https:\/\/www.comercialanma.es\/#organization\",\"name\":\"Comercial Anma\",\"url\":\"https:\/\/www.comercialanma.es\/\",\"sameAs\":[\"https:\/\/www.facebook.com\/AnmaHosteleria\",\"https:\/\/www.instagram.com\/anmahosteleria\/?hl=es\",\"https:\/\/www.youtube.com\/channel\/UCT2nmn08Ntks0hmpZPnDgCA\"],\"logo\":{\"@type\":\"ImageObject\",\"@id\":\"https:\/\/www.comercialanma.es\/#logo\",\"inLanguage\":\"es\",\"url\":\"https:\/\/i2.wp.com\/www.comercialanma.es\/wp-content\/uploads\/2019\/06\/logo-anma-color.png?fit=247%2C101&ssl=1\",\"width\":247,\"height\":101,\"caption\":\"Comercial Anma\"},\"image\":{\"@id\":\"https:\/\/www.comercialanma.es\/#logo\"}},{\"@type\":\"WebSite\",\"@id\":\"https:\/\/www.comercialanma.es\/#website\",\"url\":\"https:\/\/www.comercialanma.es\/\",\"name\":\"Comercial de Hosteleria Anma\",\"description\":\"\",\"publisher\":{\"@id\":\"https:\/\/www.comercialanma.es\/#organization\"},\"potentialAction\":[{\"@type\":\"SearchAction\",\"target\":\"https:\/\/www.comercialanma.es\/?s={search_term_string}\",\"query-input\":\"required name=search_term_string\"}],\"inLanguage\":\"es\"},{\"@type\":\"ImageObject\",\"@id\":\"https:\/\/www.comercialanma.es\/?product=aguardiente-de-orujo-ruavieja#primaryimage\",\"inLanguage\":\"es\",\"url\":\"https:\/\/i0.wp.com\/www.comercialanma.es\/wp-content\/uploads\/2019\/06\/Ruavieja-aguardiente-de-orujo.jpg?fit=1080%2C1080&ssl=1\",\"width\":1080,\"height\":1080},{\"@type\":\"WebPage\",\"@id\":\"https:\/\/www.comercialanma.es\/?product=aguardiente-de-orujo-ruavieja#webpage\",\"url\":\"https:\/\/www.comercialanma.es\/?product=aguardiente-de-orujo-ruavieja\",\"name\":\"Aguardiente de Orujo Ruavieja 70cl. - Comercial de Hosteleria Anma\",\"isPartOf\":{\"@id\":\"https:\/\/www.comercialanma.es\/#website\"},\"primaryImageOfPage\":{\"@id\":\"https:\/\/www.comercialanma.es\/?product=aguardiente-de-orujo-ruavieja#primaryimage\"},\"datePublished\":\"2019-06-26T13:49:57+00:00\",\"dateModified\":\"2021-11-15T15:21:55+00:00\",\"description\":\"Aguardiente de orujo | Ruavieja | 70cl. | Es el aguardiente m\\u00e1s emblem\\u00e1tico de Ruavieja. Transparente y delicado al paladar.\",\"breadcrumb\":{\"@id\":\"https:\/\/www.comercialanma.es\/?product=aguardiente-de-orujo-ruavieja#breadcrumb\"},\"inLanguage\":\"es\",\"potentialAction\":[{\"@type\":\"ReadAction\",\"target\":[\"https:\/\/www.comercialanma.es\/?product=aguardiente-de-orujo-ruavieja\"]}]},{\"@type\":\"BreadcrumbList\",\"@id\":\"https:\/\/www.comercialanma.es\/?product=aguardiente-de-orujo-ruavieja#breadcrumb\",\"itemListElement\":[{\"@type\":\"ListItem\",\"position\":1,\"item\":{\"@type\":\"WebPage\",\"@id\":\"https:\/\/www.comercialanma.es\/\",\"url\":\"https:\/\/www.comercialanma.es\/\",\"name\":\"Portada\"}},{\"@type\":\"ListItem\",\"position\":2,\"item\":{\"@type\":\"WebPage\",\"@id\":\"https:\/\/www.comercialanma.es\/?page_id=3963\",\"url\":\"https:\/\/www.comercialanma.es\/?page_id=3963\",\"name\":\"Cat\\u00e1logo de Productos\"}},{\"@type\":\"ListItem\",\"position\":3,\"item\":{\"@type\":\"WebPage\",\"@id\":\"https:\/\/www.comercialanma.es\/?product=aguardiente-de-orujo-ruavieja\",\"url\":\"https:\/\/www.comercialanma.es\/?product=aguardiente-de-orujo-ruavieja\",\"name\":\"Aguardiente de Orujo Ruavieja 70cl.\"}}]}]}<\/script>\n<!-- \/ Yoast SEO plugin. -->","_links":{"self":[{"href":"https:\/\/www.comercialanma.es\/index.php?rest_route=\/wp\/v2\/product\/6806"}],"collection":[{"href":"https:\/\/www.comercialanma.es\/index.php?rest_route=\/wp\/v2\/product"}],"about":[{"href":"https:\/\/www.comercialanma.es\/index.php?rest_route=\/wp\/v2\/types\/product"}],"version-history":[{"count":3,"href":"https:\/\/www.comercialanma.es\/index.php?rest_route=\/wp\/v2\/product\/6806\/revisions"}],"predecessor-version":[{"id":19750,"href":"https:\/\/www.comercialanma.es\/index.php?rest_route=\/wp\/v2\/product\/6806\/revisions\/19750"}],"wp:featuredmedia":[{"embeddable":true,"href":"https:\/\/www.comercialanma.es\/index.php?rest_route=\/wp\/v2\/media\/19749"}],"wp:attachment":[{"href":"https:\/\/www.comercialanma.es\/index.php?rest_route=%2Fwp%2Fv2%2Fmedia&parent=6806"}],"curies":[{"name":"wp","href":"https:\/\/api.w.org\/{rel}","templated":true}]}}