
{"id":6812,"date":"2019-06-26T16:14:19","date_gmt":"2019-06-26T14:14:19","guid":{"rendered":"http:\/\/www.comercialanma.es\/?post_type=product&#038;p=6812"},"modified":"2019-06-28T12:38:55","modified_gmt":"2019-06-28T10:38:55","slug":"te-jengibre-ruavieja","status":"publish","type":"product","link":"https:\/\/www.comercialanma.es\/?product=te-jengibre-ruavieja","title":{"rendered":"T\u00e9 con Jengibre Ruavieja 70cl."},"content":{"rendered":"<h4>Licor de T\u00e9 con Jengibre Ruavieja<\/h4>\n<div class=\"info-ficha\">Licor de T\u00e9 con Jengibre Ruavieja es un licor suave y fresco que se elabora de forma artesanal con extractos de t\u00e9 verde y aromas naturales de jengibre. Pertenece a la f\u00e1brica de licores Ruavieja, fundada por la familia Rodr\u00edguez Ovalle en 1889. El secreto de sus recetas ha pasado ya a la cuarta generaci\u00f3n de la familia. Ruavieja elabora excelentes licores y aguardientes procedentes de los mejores orujos gallegos seleccionados.<\/div>\n<h4>Notas de Cata<\/h4>\n<div class=\"info-ficha\">A la vista presenta tonos anaranjados. Al olfato destaca sobre todo el aroma a jengibre. Al paladar es untuoso y ligeramente dulce. Final largo y persistente. Se debe servir fr\u00edo en un vaso ancho con hielo y removerlo con suavidad. Es ideal para las sobremesas y para amenizar las conversaciones con los amigos.<\/div>\n<div><\/div>\n<div class=\"info-ficha\"><strong> Graduaci\u00f3n:<\/strong> 17%.<\/div>\n<p>&nbsp;<\/p>\n","protected":false},"excerpt":{"rendered":"<p>Elaborado de forma artesanal con hojas de t\u00e9 verde y aroma natural de jengibre.<\/p>\n","protected":false},"featured_media":6813,"template":"","meta":{"spay_email":""},"yoast_head":"<!-- This site is optimized with the Yoast SEO plugin v15.9 - https:\/\/yoast.com\/wordpress\/plugins\/seo\/ -->\n<title>T\u00e9 con Jengibre Ruavieja 70cl. - Comercial de Hosteleria Anma<\/title>\n<meta name=\"robots\" content=\"index, follow, max-snippet:-1, max-image-preview:large, max-video-preview:-1\" \/>\n<link rel=\"canonical\" href=\"https:\/\/www.comercialanma.es\/?product=te-jengibre-ruavieja\" \/>\n<meta property=\"og:locale\" content=\"es_ES\" \/>\n<meta property=\"og:type\" content=\"article\" \/>\n<meta property=\"og:title\" content=\"T\u00e9 con Jengibre Ruavieja 70cl. - Comercial de Hosteleria Anma\" \/>\n<meta property=\"og:description\" content=\"Elaborado de forma artesanal con hojas de t\u00e9 verde y aroma natural de jengibre.\" \/>\n<meta property=\"og:url\" content=\"https:\/\/www.comercialanma.es\/?product=te-jengibre-ruavieja\" \/>\n<meta property=\"og:site_name\" content=\"Comercial de Hosteleria Anma\" \/>\n<meta property=\"article:publisher\" content=\"https:\/\/www.facebook.com\/AnmaHosteleria\" \/>\n<meta property=\"article:modified_time\" content=\"2019-06-28T10:38:55+00:00\" \/>\n<meta property=\"og:image\" content=\"https:\/\/i2.wp.com\/www.comercialanma.es\/wp-content\/uploads\/2019\/06\/te-con-jengibre-ruavieja.jpg?fit=1200%2C1200&#038;ssl=1\" \/>\n\t<meta property=\"og:image:width\" content=\"1200\" \/>\n\t<meta property=\"og:image:height\" content=\"1200\" \/>\n<meta name=\"twitter:card\" content=\"summary_large_image\" \/>\n<meta name=\"twitter:label1\" content=\"Tiempo de lectura\">\n\t<meta name=\"twitter:data1\" content=\"1 minuto\">\n<script type=\"application\/ld+json\" class=\"yoast-schema-graph\">{\"@context\":\"https:\/\/schema.org\",\"@graph\":[{\"@type\":\"Organization\",\"@id\":\"https:\/\/www.comercialanma.es\/#organization\",\"name\":\"Comercial Anma\",\"url\":\"https:\/\/www.comercialanma.es\/\",\"sameAs\":[\"https:\/\/www.facebook.com\/AnmaHosteleria\",\"https:\/\/www.instagram.com\/anmahosteleria\/?hl=es\",\"https:\/\/www.youtube.com\/channel\/UCT2nmn08Ntks0hmpZPnDgCA\"],\"logo\":{\"@type\":\"ImageObject\",\"@id\":\"https:\/\/www.comercialanma.es\/#logo\",\"inLanguage\":\"es\",\"url\":\"https:\/\/i2.wp.com\/www.comercialanma.es\/wp-content\/uploads\/2019\/06\/logo-anma-color.png?fit=247%2C101&ssl=1\",\"width\":247,\"height\":101,\"caption\":\"Comercial Anma\"},\"image\":{\"@id\":\"https:\/\/www.comercialanma.es\/#logo\"}},{\"@type\":\"WebSite\",\"@id\":\"https:\/\/www.comercialanma.es\/#website\",\"url\":\"https:\/\/www.comercialanma.es\/\",\"name\":\"Comercial de Hosteleria Anma\",\"description\":\"\",\"publisher\":{\"@id\":\"https:\/\/www.comercialanma.es\/#organization\"},\"potentialAction\":[{\"@type\":\"SearchAction\",\"target\":\"https:\/\/www.comercialanma.es\/?s={search_term_string}\",\"query-input\":\"required name=search_term_string\"}],\"inLanguage\":\"es\"},{\"@type\":\"ImageObject\",\"@id\":\"https:\/\/www.comercialanma.es\/?product=te-jengibre-ruavieja#primaryimage\",\"inLanguage\":\"es\",\"url\":\"https:\/\/i2.wp.com\/www.comercialanma.es\/wp-content\/uploads\/2019\/06\/te-con-jengibre-ruavieja.jpg?fit=1200%2C1200&ssl=1\",\"width\":1200,\"height\":1200},{\"@type\":\"WebPage\",\"@id\":\"https:\/\/www.comercialanma.es\/?product=te-jengibre-ruavieja#webpage\",\"url\":\"https:\/\/www.comercialanma.es\/?product=te-jengibre-ruavieja\",\"name\":\"T\\u00e9 con Jengibre Ruavieja 70cl. - Comercial de Hosteleria Anma\",\"isPartOf\":{\"@id\":\"https:\/\/www.comercialanma.es\/#website\"},\"primaryImageOfPage\":{\"@id\":\"https:\/\/www.comercialanma.es\/?product=te-jengibre-ruavieja#primaryimage\"},\"datePublished\":\"2019-06-26T14:14:19+00:00\",\"dateModified\":\"2019-06-28T10:38:55+00:00\",\"breadcrumb\":{\"@id\":\"https:\/\/www.comercialanma.es\/?product=te-jengibre-ruavieja#breadcrumb\"},\"inLanguage\":\"es\",\"potentialAction\":[{\"@type\":\"ReadAction\",\"target\":[\"https:\/\/www.comercialanma.es\/?product=te-jengibre-ruavieja\"]}]},{\"@type\":\"BreadcrumbList\",\"@id\":\"https:\/\/www.comercialanma.es\/?product=te-jengibre-ruavieja#breadcrumb\",\"itemListElement\":[{\"@type\":\"ListItem\",\"position\":1,\"item\":{\"@type\":\"WebPage\",\"@id\":\"https:\/\/www.comercialanma.es\/\",\"url\":\"https:\/\/www.comercialanma.es\/\",\"name\":\"Portada\"}},{\"@type\":\"ListItem\",\"position\":2,\"item\":{\"@type\":\"WebPage\",\"@id\":\"https:\/\/www.comercialanma.es\/?page_id=3963\",\"url\":\"https:\/\/www.comercialanma.es\/?page_id=3963\",\"name\":\"Cat\\u00e1logo de Productos\"}},{\"@type\":\"ListItem\",\"position\":3,\"item\":{\"@type\":\"WebPage\",\"@id\":\"https:\/\/www.comercialanma.es\/?product=te-jengibre-ruavieja\",\"url\":\"https:\/\/www.comercialanma.es\/?product=te-jengibre-ruavieja\",\"name\":\"T\\u00e9 con Jengibre Ruavieja 70cl.\"}}]}]}<\/script>\n<!-- \/ Yoast SEO plugin. -->","_links":{"self":[{"href":"https:\/\/www.comercialanma.es\/index.php?rest_route=\/wp\/v2\/product\/6812"}],"collection":[{"href":"https:\/\/www.comercialanma.es\/index.php?rest_route=\/wp\/v2\/product"}],"about":[{"href":"https:\/\/www.comercialanma.es\/index.php?rest_route=\/wp\/v2\/types\/product"}],"version-history":[{"count":1,"href":"https:\/\/www.comercialanma.es\/index.php?rest_route=\/wp\/v2\/product\/6812\/revisions"}],"predecessor-version":[{"id":6814,"href":"https:\/\/www.comercialanma.es\/index.php?rest_route=\/wp\/v2\/product\/6812\/revisions\/6814"}],"wp:featuredmedia":[{"embeddable":true,"href":"https:\/\/www.comercialanma.es\/index.php?rest_route=\/wp\/v2\/media\/6813"}],"wp:attachment":[{"href":"https:\/\/www.comercialanma.es\/index.php?rest_route=%2Fwp%2Fv2%2Fmedia&parent=6812"}],"curies":[{"name":"wp","href":"https:\/\/api.w.org\/{rel}","templated":true}]}}