
{"id":6815,"date":"2019-06-26T16:22:36","date_gmt":"2019-06-26T14:22:36","guid":{"rendered":"http:\/\/www.comercialanma.es\/?post_type=product&#038;p=6815"},"modified":"2021-11-15T17:40:18","modified_gmt":"2021-11-15T16:40:18","slug":"ruavieja-licor-de-cafe","status":"publish","type":"product","link":"https:\/\/www.comercialanma.es\/?product=ruavieja-licor-de-cafe","title":{"rendered":"Ruavieja orujo de Caf\u00e9 70cl."},"content":{"rendered":"<h3>Nota de cata<\/h3>\n<ul>\n<li>Color: Color marr\u00f3n oscuro.<\/li>\n<li>Olor: Aromas de toffe dulce y caf\u00e9 molido.<\/li>\n<li>Sabor: Intenso y elegante. Presenta una textura cremosa y un marcado sabor a caf\u00e9 amargo.<\/li>\n<\/ul>\n<h3>Graduaci\u00f3n<\/h3>\n<ul>\n<li>26\u00ba Vol<\/li>\n<\/ul>\n","protected":false},"excerpt":{"rendered":"<p>Licor de Caf\u00e9 Ruavieja es un fin\u00edsimo Licor de Caf\u00e9 elaborado con productos seleccionados siguiendo m\u00e9todos tradicionales.<\/p>\n<p>La historia de Ruavieja se remonta a 1889, cuando la familia viticultora Rodr\u00edguez Ovalle empez\u00f3 a dar forma a un secreto que se ha mantenido intacto durante cuatro generaciones. El secreto de una vida dedicada a la elaboraci\u00f3n de licores y aguardientes de primera calidad procedentes de los mejores orujos gallegos seleccionados. Hoy, Ruavieja contin\u00faa siendo el principal referente en la elaboraci\u00f3n de esta bebida centenaria que no pasa de moda. Un sabor que no se olvida.<\/p>\n<div>\n<p>Licor de Caf\u00e9 Ruavieja es de textura suave y final dulce.<\/p>\n<\/div>\n","protected":false},"featured_media":19757,"template":"","meta":{"spay_email":""},"yoast_head":"<!-- This site is optimized with the Yoast SEO plugin v15.9 - https:\/\/yoast.com\/wordpress\/plugins\/seo\/ -->\n<title>Ruavieja orujo de Caf\u00e9 70cl. - Comercial de Hosteleria Anma<\/title>\n<meta name=\"description\" content=\"Licor de Caf\u00e9 Ruavieja es un fin\u00edsimo Licor de Caf\u00e9 elaborado con productos seleccionados siguiendo m\u00e9todos tradicionales.\" \/>\n<meta name=\"robots\" content=\"index, follow, max-snippet:-1, max-image-preview:large, max-video-preview:-1\" \/>\n<link rel=\"canonical\" href=\"https:\/\/www.comercialanma.es\/?product=ruavieja-licor-de-cafe\" \/>\n<meta property=\"og:locale\" content=\"es_ES\" \/>\n<meta property=\"og:type\" content=\"article\" \/>\n<meta property=\"og:title\" content=\"Ruavieja orujo de Caf\u00e9 70cl. - Comercial de Hosteleria Anma\" \/>\n<meta property=\"og:description\" content=\"Licor de Caf\u00e9 Ruavieja es un fin\u00edsimo Licor de Caf\u00e9 elaborado con productos seleccionados siguiendo m\u00e9todos tradicionales.\" \/>\n<meta property=\"og:url\" content=\"https:\/\/www.comercialanma.es\/?product=ruavieja-licor-de-cafe\" \/>\n<meta property=\"og:site_name\" content=\"Comercial de Hosteleria Anma\" \/>\n<meta property=\"article:publisher\" content=\"https:\/\/www.facebook.com\/AnmaHosteleria\" \/>\n<meta property=\"article:modified_time\" content=\"2021-11-15T16:40:18+00:00\" \/>\n<meta property=\"og:image\" content=\"https:\/\/i2.wp.com\/www.comercialanma.es\/wp-content\/uploads\/2019\/06\/ruavieja-licor-de-cafe.jpg?fit=1080%2C1080&#038;ssl=1\" \/>\n\t<meta property=\"og:image:width\" content=\"1080\" \/>\n\t<meta property=\"og:image:height\" content=\"1080\" \/>\n<meta name=\"twitter:card\" content=\"summary_large_image\" \/>\n<meta name=\"twitter:label1\" content=\"Tiempo de lectura\">\n\t<meta name=\"twitter:data1\" content=\"1 minuto\">\n<script type=\"application\/ld+json\" class=\"yoast-schema-graph\">{\"@context\":\"https:\/\/schema.org\",\"@graph\":[{\"@type\":\"Organization\",\"@id\":\"https:\/\/www.comercialanma.es\/#organization\",\"name\":\"Comercial Anma\",\"url\":\"https:\/\/www.comercialanma.es\/\",\"sameAs\":[\"https:\/\/www.facebook.com\/AnmaHosteleria\",\"https:\/\/www.instagram.com\/anmahosteleria\/?hl=es\",\"https:\/\/www.youtube.com\/channel\/UCT2nmn08Ntks0hmpZPnDgCA\"],\"logo\":{\"@type\":\"ImageObject\",\"@id\":\"https:\/\/www.comercialanma.es\/#logo\",\"inLanguage\":\"es\",\"url\":\"https:\/\/i2.wp.com\/www.comercialanma.es\/wp-content\/uploads\/2019\/06\/logo-anma-color.png?fit=247%2C101&ssl=1\",\"width\":247,\"height\":101,\"caption\":\"Comercial Anma\"},\"image\":{\"@id\":\"https:\/\/www.comercialanma.es\/#logo\"}},{\"@type\":\"WebSite\",\"@id\":\"https:\/\/www.comercialanma.es\/#website\",\"url\":\"https:\/\/www.comercialanma.es\/\",\"name\":\"Comercial de Hosteleria Anma\",\"description\":\"\",\"publisher\":{\"@id\":\"https:\/\/www.comercialanma.es\/#organization\"},\"potentialAction\":[{\"@type\":\"SearchAction\",\"target\":\"https:\/\/www.comercialanma.es\/?s={search_term_string}\",\"query-input\":\"required name=search_term_string\"}],\"inLanguage\":\"es\"},{\"@type\":\"ImageObject\",\"@id\":\"https:\/\/www.comercialanma.es\/?product=ruavieja-licor-de-cafe#primaryimage\",\"inLanguage\":\"es\",\"url\":\"https:\/\/i2.wp.com\/www.comercialanma.es\/wp-content\/uploads\/2019\/06\/ruavieja-licor-de-cafe.jpg?fit=1080%2C1080&ssl=1\",\"width\":1080,\"height\":1080},{\"@type\":\"WebPage\",\"@id\":\"https:\/\/www.comercialanma.es\/?product=ruavieja-licor-de-cafe#webpage\",\"url\":\"https:\/\/www.comercialanma.es\/?product=ruavieja-licor-de-cafe\",\"name\":\"Ruavieja orujo de Caf\\u00e9 70cl. - Comercial de Hosteleria Anma\",\"isPartOf\":{\"@id\":\"https:\/\/www.comercialanma.es\/#website\"},\"primaryImageOfPage\":{\"@id\":\"https:\/\/www.comercialanma.es\/?product=ruavieja-licor-de-cafe#primaryimage\"},\"datePublished\":\"2019-06-26T14:22:36+00:00\",\"dateModified\":\"2021-11-15T16:40:18+00:00\",\"description\":\"Licor de Caf\\u00e9 Ruavieja es un fin\\u00edsimo Licor de Caf\\u00e9 elaborado con productos seleccionados siguiendo m\\u00e9todos tradicionales.\",\"breadcrumb\":{\"@id\":\"https:\/\/www.comercialanma.es\/?product=ruavieja-licor-de-cafe#breadcrumb\"},\"inLanguage\":\"es\",\"potentialAction\":[{\"@type\":\"ReadAction\",\"target\":[\"https:\/\/www.comercialanma.es\/?product=ruavieja-licor-de-cafe\"]}]},{\"@type\":\"BreadcrumbList\",\"@id\":\"https:\/\/www.comercialanma.es\/?product=ruavieja-licor-de-cafe#breadcrumb\",\"itemListElement\":[{\"@type\":\"ListItem\",\"position\":1,\"item\":{\"@type\":\"WebPage\",\"@id\":\"https:\/\/www.comercialanma.es\/\",\"url\":\"https:\/\/www.comercialanma.es\/\",\"name\":\"Portada\"}},{\"@type\":\"ListItem\",\"position\":2,\"item\":{\"@type\":\"WebPage\",\"@id\":\"https:\/\/www.comercialanma.es\/?page_id=3963\",\"url\":\"https:\/\/www.comercialanma.es\/?page_id=3963\",\"name\":\"Cat\\u00e1logo de Productos\"}},{\"@type\":\"ListItem\",\"position\":3,\"item\":{\"@type\":\"WebPage\",\"@id\":\"https:\/\/www.comercialanma.es\/?product=ruavieja-licor-de-cafe\",\"url\":\"https:\/\/www.comercialanma.es\/?product=ruavieja-licor-de-cafe\",\"name\":\"Ruavieja orujo de Caf\\u00e9 70cl.\"}}]}]}<\/script>\n<!-- \/ Yoast SEO plugin. -->","_links":{"self":[{"href":"https:\/\/www.comercialanma.es\/index.php?rest_route=\/wp\/v2\/product\/6815"}],"collection":[{"href":"https:\/\/www.comercialanma.es\/index.php?rest_route=\/wp\/v2\/product"}],"about":[{"href":"https:\/\/www.comercialanma.es\/index.php?rest_route=\/wp\/v2\/types\/product"}],"version-history":[{"count":3,"href":"https:\/\/www.comercialanma.es\/index.php?rest_route=\/wp\/v2\/product\/6815\/revisions"}],"predecessor-version":[{"id":19759,"href":"https:\/\/www.comercialanma.es\/index.php?rest_route=\/wp\/v2\/product\/6815\/revisions\/19759"}],"wp:featuredmedia":[{"embeddable":true,"href":"https:\/\/www.comercialanma.es\/index.php?rest_route=\/wp\/v2\/media\/19757"}],"wp:attachment":[{"href":"https:\/\/www.comercialanma.es\/index.php?rest_route=%2Fwp%2Fv2%2Fmedia&parent=6815"}],"curies":[{"name":"wp","href":"https:\/\/api.w.org\/{rel}","templated":true}]}}