
{"id":6923,"date":"2019-07-02T09:44:36","date_gmt":"2019-07-02T07:44:36","guid":{"rendered":"http:\/\/www.comercialanma.es\/?post_type=product&#038;p=6923"},"modified":"2023-02-22T18:01:48","modified_gmt":"2023-02-22T17:01:48","slug":"orujo-el-afilador","status":"publish","type":"product","link":"https:\/\/www.comercialanma.es\/?product=orujo-el-afilador","title":{"rendered":"Orujo EL Afilador 70cl."},"content":{"rendered":"<div>\n<section>\n<h2>Caracter\u00edsticas de El Afilador Aguardiente de Orujo<\/h2>\n<div>Los productos de la marca El Afilador son elaborados de manera tradicional, por la tercera generaci\u00f3n de una familia gallega que se dedica a la producci\u00f3n de licores tradicionales de su tierra de origen. Actualmente, El Afilador es un cl\u00e1sico debido a su compromiso con la calidad de las materias primas que son seleccionadas a consciencia y al cuidado tradicional y natural que ofrecen durante la elaboraci\u00f3n de sus licores.<br \/>\nEl Afilador Aguardiente de Orujo es el emblema de la marca El Afilador desde 1943, cuando se convirti\u00f3 en la primera compa\u00f1\u00eda de Espa\u00f1a en comercializar un aguardiente embotellado.<\/div>\n<\/section>\n<\/div>\n<div><\/div>\n<div>\n<div>\n<h2>Nota de cata El Afilador Aguardiente de Orujo<\/h2>\n<div><\/div>\n<div id=\"tabs_content_container\">\n<div id=\"tab_cata_0\">\n<ul>\n<li>Cata a la vista Color limpio, claro y brillante.<\/li>\n<li>Cata en nariz Presenta un aroma complejo aunque delicado, lleno de matices.<\/li>\n<li>Cata en boca En boca posee una extraordinaria y c\u00e1lida persistencia.<\/li>\n<\/ul>\n<\/div>\n<\/div>\n<\/div>\n<\/div>\n","protected":false},"excerpt":{"rendered":"<h5>El Afilador Aguardiente de Orujo.<\/h5>\n","protected":false},"featured_media":22144,"template":"","meta":{"spay_email":""},"yoast_head":"<!-- This site is optimized with the Yoast SEO plugin v15.9 - https:\/\/yoast.com\/wordpress\/plugins\/seo\/ -->\n<title>Orujo EL Afilador 70cl. - Comercial de Hosteleria Anma<\/title>\n<meta name=\"robots\" content=\"index, follow, max-snippet:-1, max-image-preview:large, max-video-preview:-1\" \/>\n<link rel=\"canonical\" href=\"https:\/\/www.comercialanma.es\/?product=orujo-el-afilador\" \/>\n<meta property=\"og:locale\" content=\"es_ES\" \/>\n<meta property=\"og:type\" content=\"article\" \/>\n<meta property=\"og:title\" content=\"Orujo EL Afilador 70cl. - Comercial de Hosteleria Anma\" \/>\n<meta property=\"og:description\" content=\"El Afilador Aguardiente de Orujo.\" \/>\n<meta property=\"og:url\" content=\"https:\/\/www.comercialanma.es\/?product=orujo-el-afilador\" \/>\n<meta property=\"og:site_name\" content=\"Comercial de Hosteleria Anma\" \/>\n<meta property=\"article:publisher\" content=\"https:\/\/www.facebook.com\/AnmaHosteleria\" \/>\n<meta property=\"article:modified_time\" content=\"2023-02-22T17:01:48+00:00\" \/>\n<meta property=\"og:image\" content=\"https:\/\/i2.wp.com\/www.comercialanma.es\/wp-content\/uploads\/2019\/07\/Orujo-El-Afilador-2023.jpg?fit=1080%2C1080&#038;ssl=1\" \/>\n\t<meta property=\"og:image:width\" content=\"1080\" \/>\n\t<meta property=\"og:image:height\" content=\"1080\" \/>\n<meta name=\"twitter:card\" content=\"summary_large_image\" \/>\n<meta name=\"twitter:label1\" content=\"Tiempo de lectura\">\n\t<meta name=\"twitter:data1\" content=\"1 minuto\">\n<script type=\"application\/ld+json\" class=\"yoast-schema-graph\">{\"@context\":\"https:\/\/schema.org\",\"@graph\":[{\"@type\":\"Organization\",\"@id\":\"https:\/\/www.comercialanma.es\/#organization\",\"name\":\"Comercial Anma\",\"url\":\"https:\/\/www.comercialanma.es\/\",\"sameAs\":[\"https:\/\/www.facebook.com\/AnmaHosteleria\",\"https:\/\/www.instagram.com\/anmahosteleria\/?hl=es\",\"https:\/\/www.youtube.com\/channel\/UCT2nmn08Ntks0hmpZPnDgCA\"],\"logo\":{\"@type\":\"ImageObject\",\"@id\":\"https:\/\/www.comercialanma.es\/#logo\",\"inLanguage\":\"es\",\"url\":\"https:\/\/i2.wp.com\/www.comercialanma.es\/wp-content\/uploads\/2019\/06\/logo-anma-color.png?fit=247%2C101&ssl=1\",\"width\":247,\"height\":101,\"caption\":\"Comercial Anma\"},\"image\":{\"@id\":\"https:\/\/www.comercialanma.es\/#logo\"}},{\"@type\":\"WebSite\",\"@id\":\"https:\/\/www.comercialanma.es\/#website\",\"url\":\"https:\/\/www.comercialanma.es\/\",\"name\":\"Comercial de Hosteleria Anma\",\"description\":\"\",\"publisher\":{\"@id\":\"https:\/\/www.comercialanma.es\/#organization\"},\"potentialAction\":[{\"@type\":\"SearchAction\",\"target\":\"https:\/\/www.comercialanma.es\/?s={search_term_string}\",\"query-input\":\"required name=search_term_string\"}],\"inLanguage\":\"es\"},{\"@type\":\"ImageObject\",\"@id\":\"https:\/\/www.comercialanma.es\/?product=orujo-el-afilador#primaryimage\",\"inLanguage\":\"es\",\"url\":\"https:\/\/i2.wp.com\/www.comercialanma.es\/wp-content\/uploads\/2019\/07\/Orujo-El-Afilador-2023.jpg?fit=1080%2C1080&ssl=1\",\"width\":1080,\"height\":1080},{\"@type\":\"WebPage\",\"@id\":\"https:\/\/www.comercialanma.es\/?product=orujo-el-afilador#webpage\",\"url\":\"https:\/\/www.comercialanma.es\/?product=orujo-el-afilador\",\"name\":\"Orujo EL Afilador 70cl. - Comercial de Hosteleria Anma\",\"isPartOf\":{\"@id\":\"https:\/\/www.comercialanma.es\/#website\"},\"primaryImageOfPage\":{\"@id\":\"https:\/\/www.comercialanma.es\/?product=orujo-el-afilador#primaryimage\"},\"datePublished\":\"2019-07-02T07:44:36+00:00\",\"dateModified\":\"2023-02-22T17:01:48+00:00\",\"breadcrumb\":{\"@id\":\"https:\/\/www.comercialanma.es\/?product=orujo-el-afilador#breadcrumb\"},\"inLanguage\":\"es\",\"potentialAction\":[{\"@type\":\"ReadAction\",\"target\":[\"https:\/\/www.comercialanma.es\/?product=orujo-el-afilador\"]}]},{\"@type\":\"BreadcrumbList\",\"@id\":\"https:\/\/www.comercialanma.es\/?product=orujo-el-afilador#breadcrumb\",\"itemListElement\":[{\"@type\":\"ListItem\",\"position\":1,\"item\":{\"@type\":\"WebPage\",\"@id\":\"https:\/\/www.comercialanma.es\/\",\"url\":\"https:\/\/www.comercialanma.es\/\",\"name\":\"Portada\"}},{\"@type\":\"ListItem\",\"position\":2,\"item\":{\"@type\":\"WebPage\",\"@id\":\"https:\/\/www.comercialanma.es\/?page_id=3963\",\"url\":\"https:\/\/www.comercialanma.es\/?page_id=3963\",\"name\":\"Cat\\u00e1logo de Productos\"}},{\"@type\":\"ListItem\",\"position\":3,\"item\":{\"@type\":\"WebPage\",\"@id\":\"https:\/\/www.comercialanma.es\/?product=orujo-el-afilador\",\"url\":\"https:\/\/www.comercialanma.es\/?product=orujo-el-afilador\",\"name\":\"Orujo EL Afilador 70cl.\"}}]}]}<\/script>\n<!-- \/ Yoast SEO plugin. -->","_links":{"self":[{"href":"https:\/\/www.comercialanma.es\/index.php?rest_route=\/wp\/v2\/product\/6923"}],"collection":[{"href":"https:\/\/www.comercialanma.es\/index.php?rest_route=\/wp\/v2\/product"}],"about":[{"href":"https:\/\/www.comercialanma.es\/index.php?rest_route=\/wp\/v2\/types\/product"}],"version-history":[{"count":2,"href":"https:\/\/www.comercialanma.es\/index.php?rest_route=\/wp\/v2\/product\/6923\/revisions"}],"predecessor-version":[{"id":6926,"href":"https:\/\/www.comercialanma.es\/index.php?rest_route=\/wp\/v2\/product\/6923\/revisions\/6926"}],"wp:featuredmedia":[{"embeddable":true,"href":"https:\/\/www.comercialanma.es\/index.php?rest_route=\/wp\/v2\/media\/22144"}],"wp:attachment":[{"href":"https:\/\/www.comercialanma.es\/index.php?rest_route=%2Fwp%2Fv2%2Fmedia&parent=6923"}],"curies":[{"name":"wp","href":"https:\/\/api.w.org\/{rel}","templated":true}]}}