
{"id":6985,"date":"2019-07-02T15:45:00","date_gmt":"2019-07-02T13:45:00","guid":{"rendered":"http:\/\/www.comercialanma.es\/?post_type=product&#038;p=6985"},"modified":"2019-07-02T15:51:54","modified_gmt":"2019-07-02T13:51:54","slug":"martini-royale-rosato-75cl","status":"publish","type":"product","link":"https:\/\/www.comercialanma.es\/?product=martini-royale-rosato-75cl","title":{"rendered":"Martini Royale Rosato 75cl."},"content":{"rendered":"<p>Martini\u00ae Royale es un nuevo cocktail de Martini con chispeantes burbujas. Una innovadora mezcla inspirada en Martini\u00ae Rosato, y delicado vino espumoso italiano.<\/p>\n<p>Ha llegado un nuevo Martini con el inconfundible estilo italiano y el glamour, ahora m\u00e1s fresco y delicado.<\/p>\n<p>Beber un Martini siempre ha sido sin\u00f3nimo de saber disfrutar de un momento, de hacerlo \u00fanico, de ser due\u00f1o del tiempo que tardas en consumirlo.<\/p>\n<p>Presentamos MARTINI\u00ae Royale, lo \u00faltimo de Martini. Una receta \u00fanica en el mercado que te har\u00e1 descubrir un nuevo sabor para seguir experimentando exactamente lo mismo: la dolce vita.<\/p>\n<p>Con Martini Royale, preparar c\u00f3cteles es muy sencillo, sirve Martini Royale en una copa de bal\u00f3n con lima y mucho hielo.<\/p>\n<p>Una bebida que consigue hacer brillar los momentos con los amigos.<\/p>\n","protected":false},"excerpt":{"rendered":"<p>Martini\u00ae Royale es un nuevo cocktail de Martini con chispeantes burbujas.<\/p>\n","protected":false},"featured_media":6986,"template":"","meta":{"spay_email":""},"yoast_head":"<!-- This site is optimized with the Yoast SEO plugin v15.9 - https:\/\/yoast.com\/wordpress\/plugins\/seo\/ -->\n<title>Martini Royale Rosato 75cl. - Comercial de Hosteleria Anma<\/title>\n<meta name=\"robots\" content=\"index, follow, max-snippet:-1, max-image-preview:large, max-video-preview:-1\" \/>\n<link rel=\"canonical\" href=\"https:\/\/www.comercialanma.es\/?product=martini-royale-rosato-75cl\" \/>\n<meta property=\"og:locale\" content=\"es_ES\" \/>\n<meta property=\"og:type\" content=\"article\" \/>\n<meta property=\"og:title\" content=\"Martini Royale Rosato 75cl. - Comercial de Hosteleria Anma\" \/>\n<meta property=\"og:description\" content=\"Martini\u00ae Royale es un nuevo cocktail de Martini con chispeantes burbujas.\" \/>\n<meta property=\"og:url\" content=\"https:\/\/www.comercialanma.es\/?product=martini-royale-rosato-75cl\" \/>\n<meta property=\"og:site_name\" content=\"Comercial de Hosteleria Anma\" \/>\n<meta property=\"article:publisher\" content=\"https:\/\/www.facebook.com\/AnmaHosteleria\" \/>\n<meta property=\"article:modified_time\" content=\"2019-07-02T13:51:54+00:00\" \/>\n<meta property=\"og:image\" content=\"https:\/\/i2.wp.com\/www.comercialanma.es\/wp-content\/uploads\/2019\/07\/martini-royal-rosato.jpg?fit=1200%2C1200&#038;ssl=1\" \/>\n\t<meta property=\"og:image:width\" content=\"1200\" \/>\n\t<meta property=\"og:image:height\" content=\"1200\" \/>\n<meta name=\"twitter:card\" content=\"summary_large_image\" \/>\n<meta name=\"twitter:label1\" content=\"Tiempo de lectura\">\n\t<meta name=\"twitter:data1\" content=\"1 minuto\">\n<script type=\"application\/ld+json\" class=\"yoast-schema-graph\">{\"@context\":\"https:\/\/schema.org\",\"@graph\":[{\"@type\":\"Organization\",\"@id\":\"https:\/\/www.comercialanma.es\/#organization\",\"name\":\"Comercial Anma\",\"url\":\"https:\/\/www.comercialanma.es\/\",\"sameAs\":[\"https:\/\/www.facebook.com\/AnmaHosteleria\",\"https:\/\/www.instagram.com\/anmahosteleria\/?hl=es\",\"https:\/\/www.youtube.com\/channel\/UCT2nmn08Ntks0hmpZPnDgCA\"],\"logo\":{\"@type\":\"ImageObject\",\"@id\":\"https:\/\/www.comercialanma.es\/#logo\",\"inLanguage\":\"es\",\"url\":\"https:\/\/i2.wp.com\/www.comercialanma.es\/wp-content\/uploads\/2019\/06\/logo-anma-color.png?fit=247%2C101&ssl=1\",\"width\":247,\"height\":101,\"caption\":\"Comercial Anma\"},\"image\":{\"@id\":\"https:\/\/www.comercialanma.es\/#logo\"}},{\"@type\":\"WebSite\",\"@id\":\"https:\/\/www.comercialanma.es\/#website\",\"url\":\"https:\/\/www.comercialanma.es\/\",\"name\":\"Comercial de Hosteleria Anma\",\"description\":\"\",\"publisher\":{\"@id\":\"https:\/\/www.comercialanma.es\/#organization\"},\"potentialAction\":[{\"@type\":\"SearchAction\",\"target\":\"https:\/\/www.comercialanma.es\/?s={search_term_string}\",\"query-input\":\"required name=search_term_string\"}],\"inLanguage\":\"es\"},{\"@type\":\"ImageObject\",\"@id\":\"https:\/\/www.comercialanma.es\/?product=martini-royale-rosato-75cl#primaryimage\",\"inLanguage\":\"es\",\"url\":\"https:\/\/i2.wp.com\/www.comercialanma.es\/wp-content\/uploads\/2019\/07\/martini-royal-rosato.jpg?fit=1200%2C1200&ssl=1\",\"width\":1200,\"height\":1200},{\"@type\":\"WebPage\",\"@id\":\"https:\/\/www.comercialanma.es\/?product=martini-royale-rosato-75cl#webpage\",\"url\":\"https:\/\/www.comercialanma.es\/?product=martini-royale-rosato-75cl\",\"name\":\"Martini Royale Rosato 75cl. - Comercial de Hosteleria Anma\",\"isPartOf\":{\"@id\":\"https:\/\/www.comercialanma.es\/#website\"},\"primaryImageOfPage\":{\"@id\":\"https:\/\/www.comercialanma.es\/?product=martini-royale-rosato-75cl#primaryimage\"},\"datePublished\":\"2019-07-02T13:45:00+00:00\",\"dateModified\":\"2019-07-02T13:51:54+00:00\",\"breadcrumb\":{\"@id\":\"https:\/\/www.comercialanma.es\/?product=martini-royale-rosato-75cl#breadcrumb\"},\"inLanguage\":\"es\",\"potentialAction\":[{\"@type\":\"ReadAction\",\"target\":[\"https:\/\/www.comercialanma.es\/?product=martini-royale-rosato-75cl\"]}]},{\"@type\":\"BreadcrumbList\",\"@id\":\"https:\/\/www.comercialanma.es\/?product=martini-royale-rosato-75cl#breadcrumb\",\"itemListElement\":[{\"@type\":\"ListItem\",\"position\":1,\"item\":{\"@type\":\"WebPage\",\"@id\":\"https:\/\/www.comercialanma.es\/\",\"url\":\"https:\/\/www.comercialanma.es\/\",\"name\":\"Portada\"}},{\"@type\":\"ListItem\",\"position\":2,\"item\":{\"@type\":\"WebPage\",\"@id\":\"https:\/\/www.comercialanma.es\/?page_id=3963\",\"url\":\"https:\/\/www.comercialanma.es\/?page_id=3963\",\"name\":\"Cat\\u00e1logo de Productos\"}},{\"@type\":\"ListItem\",\"position\":3,\"item\":{\"@type\":\"WebPage\",\"@id\":\"https:\/\/www.comercialanma.es\/?product=martini-royale-rosato-75cl\",\"url\":\"https:\/\/www.comercialanma.es\/?product=martini-royale-rosato-75cl\",\"name\":\"Martini Royale Rosato 75cl.\"}}]}]}<\/script>\n<!-- \/ Yoast SEO plugin. -->","_links":{"self":[{"href":"https:\/\/www.comercialanma.es\/index.php?rest_route=\/wp\/v2\/product\/6985"}],"collection":[{"href":"https:\/\/www.comercialanma.es\/index.php?rest_route=\/wp\/v2\/product"}],"about":[{"href":"https:\/\/www.comercialanma.es\/index.php?rest_route=\/wp\/v2\/types\/product"}],"version-history":[{"count":1,"href":"https:\/\/www.comercialanma.es\/index.php?rest_route=\/wp\/v2\/product\/6985\/revisions"}],"predecessor-version":[{"id":6987,"href":"https:\/\/www.comercialanma.es\/index.php?rest_route=\/wp\/v2\/product\/6985\/revisions\/6987"}],"wp:featuredmedia":[{"embeddable":true,"href":"https:\/\/www.comercialanma.es\/index.php?rest_route=\/wp\/v2\/media\/6986"}],"wp:attachment":[{"href":"https:\/\/www.comercialanma.es\/index.php?rest_route=%2Fwp%2Fv2%2Fmedia&parent=6985"}],"curies":[{"name":"wp","href":"https:\/\/api.w.org\/{rel}","templated":true}]}}