
{"id":6988,"date":"2019-07-02T15:52:42","date_gmt":"2019-07-02T13:52:42","guid":{"rendered":"http:\/\/www.comercialanma.es\/?post_type=product&#038;p=6988"},"modified":"2019-07-02T16:12:15","modified_gmt":"2019-07-02T14:12:15","slug":"martini-royale-bianco","status":"publish","type":"product","link":"https:\/\/www.comercialanma.es\/?product=martini-royale-bianco","title":{"rendered":"Martini Royale Bianco 75cl."},"content":{"rendered":"<h3>Elaboraci\u00f3n<\/h3>\n<p><strong>Martini Royale Bianco<\/strong> es una combinaci\u00f3n arm\u00f3nica de Martini Bianco y cava,\u00a0y es un c\u00f3ctel refrescante apto para cualquier ocasi\u00f3n. Las notas de vainilla del Bianco se matizan con la uva del cava.<\/p>\n<h3>Nota de Cata de Martini Royale Bianco<\/h3>\n<ul>\n<li>Vista: Martini Royale Bianco tiene un color claro, ligeramente dorado.<\/li>\n<li>Nariz: Olor delicado aroma afrutado, con reminiscencias de especias y un toque burbujeante.<\/li>\n<li>Boca: Sabor marcadas reminiscencias de vino.<\/li>\n<li>Graduaci\u00f3n: 8\u00ba<\/li>\n<\/ul>\n","protected":false},"excerpt":{"rendered":"<p>Martini Royale Bianco es una combinaci\u00f3n armoniosa y un c\u00f3ctel refrescante adecuado para cualquier ocasi\u00f3n.<\/p>\n<p>Martini Royale Bianco es el c\u00f3ctel emblem\u00e1tico de Martini.<\/p>\n","protected":false},"featured_media":6989,"template":"","meta":{"spay_email":""},"yoast_head":"<!-- This site is optimized with the Yoast SEO plugin v15.9 - https:\/\/yoast.com\/wordpress\/plugins\/seo\/ -->\n<title>Martini Royale Bianco 75cl. - Comercial de Hosteleria Anma<\/title>\n<meta name=\"robots\" content=\"index, follow, max-snippet:-1, max-image-preview:large, max-video-preview:-1\" \/>\n<link rel=\"canonical\" href=\"https:\/\/www.comercialanma.es\/?product=martini-royale-bianco\" \/>\n<meta property=\"og:locale\" content=\"es_ES\" \/>\n<meta property=\"og:type\" content=\"article\" \/>\n<meta property=\"og:title\" content=\"Martini Royale Bianco 75cl. - Comercial de Hosteleria Anma\" \/>\n<meta property=\"og:description\" content=\"Martini Royale Bianco es una combinaci\u00f3n armoniosa y un c\u00f3ctel refrescante adecuado para cualquier ocasi\u00f3n.  Martini Royale Bianco es el c\u00f3ctel emblem\u00e1tico de Martini.\" \/>\n<meta property=\"og:url\" content=\"https:\/\/www.comercialanma.es\/?product=martini-royale-bianco\" \/>\n<meta property=\"og:site_name\" content=\"Comercial de Hosteleria Anma\" \/>\n<meta property=\"article:publisher\" content=\"https:\/\/www.facebook.com\/AnmaHosteleria\" \/>\n<meta property=\"article:modified_time\" content=\"2019-07-02T14:12:15+00:00\" \/>\n<meta property=\"og:image\" content=\"https:\/\/i2.wp.com\/www.comercialanma.es\/wp-content\/uploads\/2019\/07\/martini-royale-bianco.jpg?fit=1200%2C1200&#038;ssl=1\" \/>\n\t<meta property=\"og:image:width\" content=\"1200\" \/>\n\t<meta property=\"og:image:height\" content=\"1200\" \/>\n<meta name=\"twitter:card\" content=\"summary_large_image\" \/>\n<script type=\"application\/ld+json\" class=\"yoast-schema-graph\">{\"@context\":\"https:\/\/schema.org\",\"@graph\":[{\"@type\":\"Organization\",\"@id\":\"https:\/\/www.comercialanma.es\/#organization\",\"name\":\"Comercial Anma\",\"url\":\"https:\/\/www.comercialanma.es\/\",\"sameAs\":[\"https:\/\/www.facebook.com\/AnmaHosteleria\",\"https:\/\/www.instagram.com\/anmahosteleria\/?hl=es\",\"https:\/\/www.youtube.com\/channel\/UCT2nmn08Ntks0hmpZPnDgCA\"],\"logo\":{\"@type\":\"ImageObject\",\"@id\":\"https:\/\/www.comercialanma.es\/#logo\",\"inLanguage\":\"es\",\"url\":\"https:\/\/i2.wp.com\/www.comercialanma.es\/wp-content\/uploads\/2019\/06\/logo-anma-color.png?fit=247%2C101&ssl=1\",\"width\":247,\"height\":101,\"caption\":\"Comercial Anma\"},\"image\":{\"@id\":\"https:\/\/www.comercialanma.es\/#logo\"}},{\"@type\":\"WebSite\",\"@id\":\"https:\/\/www.comercialanma.es\/#website\",\"url\":\"https:\/\/www.comercialanma.es\/\",\"name\":\"Comercial de Hosteleria Anma\",\"description\":\"\",\"publisher\":{\"@id\":\"https:\/\/www.comercialanma.es\/#organization\"},\"potentialAction\":[{\"@type\":\"SearchAction\",\"target\":\"https:\/\/www.comercialanma.es\/?s={search_term_string}\",\"query-input\":\"required name=search_term_string\"}],\"inLanguage\":\"es\"},{\"@type\":\"ImageObject\",\"@id\":\"https:\/\/www.comercialanma.es\/?product=martini-royale-bianco#primaryimage\",\"inLanguage\":\"es\",\"url\":\"https:\/\/i2.wp.com\/www.comercialanma.es\/wp-content\/uploads\/2019\/07\/martini-royale-bianco.jpg?fit=1200%2C1200&ssl=1\",\"width\":1200,\"height\":1200},{\"@type\":\"WebPage\",\"@id\":\"https:\/\/www.comercialanma.es\/?product=martini-royale-bianco#webpage\",\"url\":\"https:\/\/www.comercialanma.es\/?product=martini-royale-bianco\",\"name\":\"Martini Royale Bianco 75cl. - Comercial de Hosteleria Anma\",\"isPartOf\":{\"@id\":\"https:\/\/www.comercialanma.es\/#website\"},\"primaryImageOfPage\":{\"@id\":\"https:\/\/www.comercialanma.es\/?product=martini-royale-bianco#primaryimage\"},\"datePublished\":\"2019-07-02T13:52:42+00:00\",\"dateModified\":\"2019-07-02T14:12:15+00:00\",\"breadcrumb\":{\"@id\":\"https:\/\/www.comercialanma.es\/?product=martini-royale-bianco#breadcrumb\"},\"inLanguage\":\"es\",\"potentialAction\":[{\"@type\":\"ReadAction\",\"target\":[\"https:\/\/www.comercialanma.es\/?product=martini-royale-bianco\"]}]},{\"@type\":\"BreadcrumbList\",\"@id\":\"https:\/\/www.comercialanma.es\/?product=martini-royale-bianco#breadcrumb\",\"itemListElement\":[{\"@type\":\"ListItem\",\"position\":1,\"item\":{\"@type\":\"WebPage\",\"@id\":\"https:\/\/www.comercialanma.es\/\",\"url\":\"https:\/\/www.comercialanma.es\/\",\"name\":\"Portada\"}},{\"@type\":\"ListItem\",\"position\":2,\"item\":{\"@type\":\"WebPage\",\"@id\":\"https:\/\/www.comercialanma.es\/?page_id=3963\",\"url\":\"https:\/\/www.comercialanma.es\/?page_id=3963\",\"name\":\"Cat\\u00e1logo de Productos\"}},{\"@type\":\"ListItem\",\"position\":3,\"item\":{\"@type\":\"WebPage\",\"@id\":\"https:\/\/www.comercialanma.es\/?product=martini-royale-bianco\",\"url\":\"https:\/\/www.comercialanma.es\/?product=martini-royale-bianco\",\"name\":\"Martini Royale Bianco 75cl.\"}}]}]}<\/script>\n<!-- \/ Yoast SEO plugin. -->","_links":{"self":[{"href":"https:\/\/www.comercialanma.es\/index.php?rest_route=\/wp\/v2\/product\/6988"}],"collection":[{"href":"https:\/\/www.comercialanma.es\/index.php?rest_route=\/wp\/v2\/product"}],"about":[{"href":"https:\/\/www.comercialanma.es\/index.php?rest_route=\/wp\/v2\/types\/product"}],"version-history":[{"count":1,"href":"https:\/\/www.comercialanma.es\/index.php?rest_route=\/wp\/v2\/product\/6988\/revisions"}],"predecessor-version":[{"id":6990,"href":"https:\/\/www.comercialanma.es\/index.php?rest_route=\/wp\/v2\/product\/6988\/revisions\/6990"}],"wp:featuredmedia":[{"embeddable":true,"href":"https:\/\/www.comercialanma.es\/index.php?rest_route=\/wp\/v2\/media\/6989"}],"wp:attachment":[{"href":"https:\/\/www.comercialanma.es\/index.php?rest_route=%2Fwp%2Fv2%2Fmedia&parent=6988"}],"curies":[{"name":"wp","href":"https:\/\/api.w.org\/{rel}","templated":true}]}}