
{"id":7018,"date":"2019-07-02T17:29:11","date_gmt":"2019-07-02T15:29:11","guid":{"rendered":"http:\/\/www.comercialanma.es\/?post_type=product&#038;p=7018"},"modified":"2019-08-20T08:06:20","modified_gmt":"2019-08-20T06:06:20","slug":"martini-rubino","status":"publish","type":"product","link":"https:\/\/www.comercialanma.es\/?product=martini-rubino","title":{"rendered":"Martini Rubino 75cl."},"content":{"rendered":"<h3>Elaboraci\u00f3n:<\/h3>\n<p>Elaborado con una selecci\u00f3n de vinos tintos de la variedad Nebbiolo, con Denominaci\u00f3n de Origen Langhe, y una selecci\u00f3n de bot\u00e1nicos como la Artemisia piamontesa, extractos de cardo italiano y s\u00e1ndalo rojo de la regi\u00f3n central de Africa, que maceran en tinos de madera de roble duranta m\u00e1s de dos meses hasta obtener el aroma y el color rojo rub\u00ed brillante, de ah\u00ed su nombre Rubino.<\/p>\n<h3>Nota de cata:<\/h3>\n<p>Color rojo rub\u00ed brillante, co tonos picota. Aromas a fruta roja, especias, como la pimienta y notas c\u00edtricas de naranja amarga, algo de flores arom\u00e1ticas como el tomillo, el s\u00e1ndalo, el romero. En boca es sedoso, de nuevo afloran los recuerdos especiados, el final amargo y un fondo herb\u00e1ceo caracter\u00edstico.<\/p>\n<h3>Graduaci\u00f3n:<\/h3>\n<p>18\u00ba<\/p>\n","protected":false},"excerpt":{"rendered":"<p>La conocida casa Martini elabora dos vermuts dentro una misma gama denominada Riserva Speciale elaborados al 100% con vinos italianos minuciosamente seleccionados: Rubino, con vinos de la variedad Nebbiolo, de Langhe DOC, y Ambratto con Moscato D\\&#8217;Asti DOC, ambos de la zona del Piamonte.<\/p>\n","protected":false},"featured_media":7019,"template":"","meta":{"spay_email":""},"yoast_head":"<!-- This site is optimized with the Yoast SEO plugin v15.9 - https:\/\/yoast.com\/wordpress\/plugins\/seo\/ -->\n<title>Martini Rubino 75cl. - Comercial de Hosteleria Anma<\/title>\n<meta name=\"robots\" content=\"index, follow, max-snippet:-1, max-image-preview:large, max-video-preview:-1\" \/>\n<link rel=\"canonical\" href=\"https:\/\/www.comercialanma.es\/?product=martini-rubino\" \/>\n<meta property=\"og:locale\" content=\"es_ES\" \/>\n<meta property=\"og:type\" content=\"article\" \/>\n<meta property=\"og:title\" content=\"Martini Rubino 75cl. - Comercial de Hosteleria Anma\" \/>\n<meta property=\"og:description\" content=\"La conocida casa Martini elabora dos vermuts dentro una misma gama denominada Riserva Speciale elaborados al 100% con vinos italianos minuciosamente seleccionados: Rubino, con vinos de la variedad Nebbiolo, de Langhe DOC, y Ambratto con Moscato D\\&#039;Asti DOC, ambos de la zona del Piamonte.\" \/>\n<meta property=\"og:url\" content=\"https:\/\/www.comercialanma.es\/?product=martini-rubino\" \/>\n<meta property=\"og:site_name\" content=\"Comercial de Hosteleria Anma\" \/>\n<meta property=\"article:publisher\" content=\"https:\/\/www.facebook.com\/AnmaHosteleria\" \/>\n<meta property=\"article:modified_time\" content=\"2019-08-20T06:06:20+00:00\" \/>\n<meta property=\"og:image\" content=\"https:\/\/i0.wp.com\/www.comercialanma.es\/wp-content\/uploads\/2019\/07\/martini-rubino.jpg?fit=1200%2C1200&#038;ssl=1\" \/>\n\t<meta property=\"og:image:width\" content=\"1200\" \/>\n\t<meta property=\"og:image:height\" content=\"1200\" \/>\n<meta name=\"twitter:card\" content=\"summary_large_image\" \/>\n<meta name=\"twitter:label1\" content=\"Tiempo de lectura\">\n\t<meta name=\"twitter:data1\" content=\"1 minuto\">\n<script type=\"application\/ld+json\" class=\"yoast-schema-graph\">{\"@context\":\"https:\/\/schema.org\",\"@graph\":[{\"@type\":\"Organization\",\"@id\":\"https:\/\/www.comercialanma.es\/#organization\",\"name\":\"Comercial Anma\",\"url\":\"https:\/\/www.comercialanma.es\/\",\"sameAs\":[\"https:\/\/www.facebook.com\/AnmaHosteleria\",\"https:\/\/www.instagram.com\/anmahosteleria\/?hl=es\",\"https:\/\/www.youtube.com\/channel\/UCT2nmn08Ntks0hmpZPnDgCA\"],\"logo\":{\"@type\":\"ImageObject\",\"@id\":\"https:\/\/www.comercialanma.es\/#logo\",\"inLanguage\":\"es\",\"url\":\"https:\/\/i2.wp.com\/www.comercialanma.es\/wp-content\/uploads\/2019\/06\/logo-anma-color.png?fit=247%2C101&ssl=1\",\"width\":247,\"height\":101,\"caption\":\"Comercial Anma\"},\"image\":{\"@id\":\"https:\/\/www.comercialanma.es\/#logo\"}},{\"@type\":\"WebSite\",\"@id\":\"https:\/\/www.comercialanma.es\/#website\",\"url\":\"https:\/\/www.comercialanma.es\/\",\"name\":\"Comercial de Hosteleria Anma\",\"description\":\"\",\"publisher\":{\"@id\":\"https:\/\/www.comercialanma.es\/#organization\"},\"potentialAction\":[{\"@type\":\"SearchAction\",\"target\":\"https:\/\/www.comercialanma.es\/?s={search_term_string}\",\"query-input\":\"required name=search_term_string\"}],\"inLanguage\":\"es\"},{\"@type\":\"ImageObject\",\"@id\":\"https:\/\/www.comercialanma.es\/?product=martini-rubino#primaryimage\",\"inLanguage\":\"es\",\"url\":\"https:\/\/i0.wp.com\/www.comercialanma.es\/wp-content\/uploads\/2019\/07\/martini-rubino.jpg?fit=1200%2C1200&ssl=1\",\"width\":1200,\"height\":1200},{\"@type\":\"WebPage\",\"@id\":\"https:\/\/www.comercialanma.es\/?product=martini-rubino#webpage\",\"url\":\"https:\/\/www.comercialanma.es\/?product=martini-rubino\",\"name\":\"Martini Rubino 75cl. - Comercial de Hosteleria Anma\",\"isPartOf\":{\"@id\":\"https:\/\/www.comercialanma.es\/#website\"},\"primaryImageOfPage\":{\"@id\":\"https:\/\/www.comercialanma.es\/?product=martini-rubino#primaryimage\"},\"datePublished\":\"2019-07-02T15:29:11+00:00\",\"dateModified\":\"2019-08-20T06:06:20+00:00\",\"breadcrumb\":{\"@id\":\"https:\/\/www.comercialanma.es\/?product=martini-rubino#breadcrumb\"},\"inLanguage\":\"es\",\"potentialAction\":[{\"@type\":\"ReadAction\",\"target\":[\"https:\/\/www.comercialanma.es\/?product=martini-rubino\"]}]},{\"@type\":\"BreadcrumbList\",\"@id\":\"https:\/\/www.comercialanma.es\/?product=martini-rubino#breadcrumb\",\"itemListElement\":[{\"@type\":\"ListItem\",\"position\":1,\"item\":{\"@type\":\"WebPage\",\"@id\":\"https:\/\/www.comercialanma.es\/\",\"url\":\"https:\/\/www.comercialanma.es\/\",\"name\":\"Portada\"}},{\"@type\":\"ListItem\",\"position\":2,\"item\":{\"@type\":\"WebPage\",\"@id\":\"https:\/\/www.comercialanma.es\/?page_id=3963\",\"url\":\"https:\/\/www.comercialanma.es\/?page_id=3963\",\"name\":\"Cat\\u00e1logo de Productos\"}},{\"@type\":\"ListItem\",\"position\":3,\"item\":{\"@type\":\"WebPage\",\"@id\":\"https:\/\/www.comercialanma.es\/?product=martini-rubino\",\"url\":\"https:\/\/www.comercialanma.es\/?product=martini-rubino\",\"name\":\"Martini Rubino 75cl.\"}}]}]}<\/script>\n<!-- \/ Yoast SEO plugin. -->","_links":{"self":[{"href":"https:\/\/www.comercialanma.es\/index.php?rest_route=\/wp\/v2\/product\/7018"}],"collection":[{"href":"https:\/\/www.comercialanma.es\/index.php?rest_route=\/wp\/v2\/product"}],"about":[{"href":"https:\/\/www.comercialanma.es\/index.php?rest_route=\/wp\/v2\/types\/product"}],"version-history":[{"count":1,"href":"https:\/\/www.comercialanma.es\/index.php?rest_route=\/wp\/v2\/product\/7018\/revisions"}],"predecessor-version":[{"id":7020,"href":"https:\/\/www.comercialanma.es\/index.php?rest_route=\/wp\/v2\/product\/7018\/revisions\/7020"}],"wp:featuredmedia":[{"embeddable":true,"href":"https:\/\/www.comercialanma.es\/index.php?rest_route=\/wp\/v2\/media\/7019"}],"wp:attachment":[{"href":"https:\/\/www.comercialanma.es\/index.php?rest_route=%2Fwp%2Fv2%2Fmedia&parent=7018"}],"curies":[{"name":"wp","href":"https:\/\/api.w.org\/{rel}","templated":true}]}}