
{"id":7021,"date":"2019-07-02T17:39:31","date_gmt":"2019-07-02T15:39:31","guid":{"rendered":"http:\/\/www.comercialanma.es\/?post_type=product&#038;p=7021"},"modified":"2019-07-02T17:52:12","modified_gmt":"2019-07-02T15:52:12","slug":"cinzano-blanco-1l","status":"publish","type":"product","link":"https:\/\/www.comercialanma.es\/?product=cinzano-blanco-1l","title":{"rendered":"Cinzano Blanco 1L."},"content":{"rendered":"<article class=\"col-md-9 col-sm-6 col-xs-12\">\n<div id=\"herramientas_producto\">\n<div id=\"my-tab-content\" class=\"tab-content\">\n<div id=\"descri_product\" class=\"tab-pane active\">\n<ul>\n<li>Historia: Vermouth Cinzano naci\u00f3 en Turin, la ciudad del norte de Italia, capital de la regi\u00f3n del Piamonte. Desde 1925 Cinzano se elabora en Argentina y poco ha cambiado en estos a\u00f1os, siempre se utilizaron como ingredientes vinos locales y hierbas y dem\u00e1s ingredientes naturales que llegan desde Italia.<\/li>\n<li>Ingredientes: Vino, azucar, sabores,aromatizantes, caramelo. Contiene sulfitos.<\/li>\n<li>Alcohol: 15% Vol.<\/li>\n<\/ul>\n<\/div>\n<\/div>\n<\/div>\n<\/article>\n<aside class=\"col-md-3 col-sm-6 col-xs-12\">\n<h3><\/h3>\n<\/aside>\n","protected":false},"excerpt":{"rendered":"<p><strong>Vermouth Cinzano<\/strong> naci\u00f3 en Turin, la ciudad del norte de Italia, capital de la regi\u00f3n del Piamonte. En la calle principal de la ciudad viv\u00eda la familia Cinzano desde el siglo XVI.<\/p>\n","protected":false},"featured_media":7023,"template":"","meta":{"spay_email":""},"yoast_head":"<!-- This site is optimized with the Yoast SEO plugin v15.9 - https:\/\/yoast.com\/wordpress\/plugins\/seo\/ -->\n<title>Cinzano Blanco 1L. - Comercial de Hosteleria Anma<\/title>\n<meta name=\"robots\" content=\"index, follow, max-snippet:-1, max-image-preview:large, max-video-preview:-1\" \/>\n<link rel=\"canonical\" href=\"https:\/\/www.comercialanma.es\/?product=cinzano-blanco-1l\" \/>\n<meta property=\"og:locale\" content=\"es_ES\" \/>\n<meta property=\"og:type\" content=\"article\" \/>\n<meta property=\"og:title\" content=\"Cinzano Blanco 1L. - Comercial de Hosteleria Anma\" \/>\n<meta property=\"og:description\" content=\"Vermouth Cinzano naci\u00f3 en Turin, la ciudad del norte de Italia, capital de la regi\u00f3n del Piamonte. En la calle principal de la ciudad viv\u00eda la familia Cinzano desde el siglo XVI.\" \/>\n<meta property=\"og:url\" content=\"https:\/\/www.comercialanma.es\/?product=cinzano-blanco-1l\" \/>\n<meta property=\"og:site_name\" content=\"Comercial de Hosteleria Anma\" \/>\n<meta property=\"article:publisher\" content=\"https:\/\/www.facebook.com\/AnmaHosteleria\" \/>\n<meta property=\"article:modified_time\" content=\"2019-07-02T15:52:12+00:00\" \/>\n<meta property=\"og:image\" content=\"https:\/\/i1.wp.com\/www.comercialanma.es\/wp-content\/uploads\/2019\/07\/cinzano-blanco.jpg?fit=1200%2C1200&#038;ssl=1\" \/>\n\t<meta property=\"og:image:width\" content=\"1200\" \/>\n\t<meta property=\"og:image:height\" content=\"1200\" \/>\n<meta name=\"twitter:card\" content=\"summary_large_image\" \/>\n<script type=\"application\/ld+json\" class=\"yoast-schema-graph\">{\"@context\":\"https:\/\/schema.org\",\"@graph\":[{\"@type\":\"Organization\",\"@id\":\"https:\/\/www.comercialanma.es\/#organization\",\"name\":\"Comercial Anma\",\"url\":\"https:\/\/www.comercialanma.es\/\",\"sameAs\":[\"https:\/\/www.facebook.com\/AnmaHosteleria\",\"https:\/\/www.instagram.com\/anmahosteleria\/?hl=es\",\"https:\/\/www.youtube.com\/channel\/UCT2nmn08Ntks0hmpZPnDgCA\"],\"logo\":{\"@type\":\"ImageObject\",\"@id\":\"https:\/\/www.comercialanma.es\/#logo\",\"inLanguage\":\"es\",\"url\":\"https:\/\/i2.wp.com\/www.comercialanma.es\/wp-content\/uploads\/2019\/06\/logo-anma-color.png?fit=247%2C101&ssl=1\",\"width\":247,\"height\":101,\"caption\":\"Comercial Anma\"},\"image\":{\"@id\":\"https:\/\/www.comercialanma.es\/#logo\"}},{\"@type\":\"WebSite\",\"@id\":\"https:\/\/www.comercialanma.es\/#website\",\"url\":\"https:\/\/www.comercialanma.es\/\",\"name\":\"Comercial de Hosteleria Anma\",\"description\":\"\",\"publisher\":{\"@id\":\"https:\/\/www.comercialanma.es\/#organization\"},\"potentialAction\":[{\"@type\":\"SearchAction\",\"target\":\"https:\/\/www.comercialanma.es\/?s={search_term_string}\",\"query-input\":\"required name=search_term_string\"}],\"inLanguage\":\"es\"},{\"@type\":\"ImageObject\",\"@id\":\"https:\/\/www.comercialanma.es\/?product=cinzano-blanco-1l#primaryimage\",\"inLanguage\":\"es\",\"url\":\"https:\/\/i1.wp.com\/www.comercialanma.es\/wp-content\/uploads\/2019\/07\/cinzano-blanco.jpg?fit=1200%2C1200&ssl=1\",\"width\":1200,\"height\":1200},{\"@type\":\"WebPage\",\"@id\":\"https:\/\/www.comercialanma.es\/?product=cinzano-blanco-1l#webpage\",\"url\":\"https:\/\/www.comercialanma.es\/?product=cinzano-blanco-1l\",\"name\":\"Cinzano Blanco 1L. - Comercial de Hosteleria Anma\",\"isPartOf\":{\"@id\":\"https:\/\/www.comercialanma.es\/#website\"},\"primaryImageOfPage\":{\"@id\":\"https:\/\/www.comercialanma.es\/?product=cinzano-blanco-1l#primaryimage\"},\"datePublished\":\"2019-07-02T15:39:31+00:00\",\"dateModified\":\"2019-07-02T15:52:12+00:00\",\"breadcrumb\":{\"@id\":\"https:\/\/www.comercialanma.es\/?product=cinzano-blanco-1l#breadcrumb\"},\"inLanguage\":\"es\",\"potentialAction\":[{\"@type\":\"ReadAction\",\"target\":[\"https:\/\/www.comercialanma.es\/?product=cinzano-blanco-1l\"]}]},{\"@type\":\"BreadcrumbList\",\"@id\":\"https:\/\/www.comercialanma.es\/?product=cinzano-blanco-1l#breadcrumb\",\"itemListElement\":[{\"@type\":\"ListItem\",\"position\":1,\"item\":{\"@type\":\"WebPage\",\"@id\":\"https:\/\/www.comercialanma.es\/\",\"url\":\"https:\/\/www.comercialanma.es\/\",\"name\":\"Portada\"}},{\"@type\":\"ListItem\",\"position\":2,\"item\":{\"@type\":\"WebPage\",\"@id\":\"https:\/\/www.comercialanma.es\/?page_id=3963\",\"url\":\"https:\/\/www.comercialanma.es\/?page_id=3963\",\"name\":\"Cat\\u00e1logo de Productos\"}},{\"@type\":\"ListItem\",\"position\":3,\"item\":{\"@type\":\"WebPage\",\"@id\":\"https:\/\/www.comercialanma.es\/?product=cinzano-blanco-1l\",\"url\":\"https:\/\/www.comercialanma.es\/?product=cinzano-blanco-1l\",\"name\":\"Cinzano Blanco 1L.\"}}]}]}<\/script>\n<!-- \/ Yoast SEO plugin. -->","_links":{"self":[{"href":"https:\/\/www.comercialanma.es\/index.php?rest_route=\/wp\/v2\/product\/7021"}],"collection":[{"href":"https:\/\/www.comercialanma.es\/index.php?rest_route=\/wp\/v2\/product"}],"about":[{"href":"https:\/\/www.comercialanma.es\/index.php?rest_route=\/wp\/v2\/types\/product"}],"version-history":[{"count":7,"href":"https:\/\/www.comercialanma.es\/index.php?rest_route=\/wp\/v2\/product\/7021\/revisions"}],"predecessor-version":[{"id":7029,"href":"https:\/\/www.comercialanma.es\/index.php?rest_route=\/wp\/v2\/product\/7021\/revisions\/7029"}],"wp:featuredmedia":[{"embeddable":true,"href":"https:\/\/www.comercialanma.es\/index.php?rest_route=\/wp\/v2\/media\/7023"}],"wp:attachment":[{"href":"https:\/\/www.comercialanma.es\/index.php?rest_route=%2Fwp%2Fv2%2Fmedia&parent=7021"}],"curies":[{"name":"wp","href":"https:\/\/api.w.org\/{rel}","templated":true}]}}