
{"id":7033,"date":"2019-07-02T17:58:19","date_gmt":"2019-07-02T15:58:19","guid":{"rendered":"http:\/\/www.comercialanma.es\/?post_type=product&#038;p=7033"},"modified":"2021-12-13T11:38:44","modified_gmt":"2021-12-13T10:38:44","slug":"yzaguirre-reserva-rojo-1l","status":"publish","type":"product","link":"https:\/\/www.comercialanma.es\/?product=yzaguirre-reserva-rojo-1l","title":{"rendered":"Yzaguirre Rojo Reserva  estuchado 1L."},"content":{"rendered":"<article class=\"col-md-9 col-sm-6 col-xs-12\">\n<div id=\"herramientas_producto\">\n<div id=\"my-tab-content\" class=\"tab-content\">\n<div id=\"descri_product\" class=\"tab-pane active\">\n<h3>Descripci\u00f3n del producto<\/h3>\n<div class=\"span9 tabs_right\">\n<div id=\"tab-description\" class=\"panel entry-content\">\n<p>La casa Yzaguirre, de Reus, elabora esta bebida desde 1884.<\/p>\n<p>Se elabora a partir de vinos blancos de no muy elevada graduaci\u00f3n y una f\u00f3rmula familiar que combina sabiamente las yerbas arom\u00e1ticas.<\/p>\n<p>Permanece m\u00e1s de un a\u00f1o en barricas de roble. La producci\u00f3n es limitada y numerada.<\/p>\n<\/div>\n<\/div>\n<\/div>\n<\/div>\n<\/div>\n<\/article>\n<aside class=\"col-md-3 col-sm-6 col-xs-12\">\n<h3><\/h3>\n<\/aside>\n","protected":false},"excerpt":{"rendered":"<p>Yzaguirre Rojo Reserva estuchado | 1L.|<\/p>\n<p>Vermouth Yzaguirre se elabora siguiendo el m\u00e9todo tradicional de las antiguas casas productoras nacidas en las estribaciones de los Alpes italianos.<\/p>\n<p>&nbsp;<\/p>\n","protected":false},"featured_media":20009,"template":"","meta":{"spay_email":""},"yoast_head":"<!-- This site is optimized with the Yoast SEO plugin v15.9 - https:\/\/yoast.com\/wordpress\/plugins\/seo\/ -->\n<title>Yzaguirre Rojo Reserva estuchado 1L. - Comercial de Hosteleria Anma<\/title>\n<meta name=\"description\" content=\"Yzaguirre Rojo Reserva estuchado | 1L.| Se elabora a partir de vinos blancos de no muy elevada graduaci\u00f3n y una f\u00f3rmula familiar.\" \/>\n<meta name=\"robots\" content=\"index, follow, max-snippet:-1, max-image-preview:large, max-video-preview:-1\" \/>\n<link rel=\"canonical\" href=\"https:\/\/www.comercialanma.es\/?product=yzaguirre-reserva-rojo-1l\" \/>\n<meta property=\"og:locale\" content=\"es_ES\" \/>\n<meta property=\"og:type\" content=\"article\" \/>\n<meta property=\"og:title\" content=\"Yzaguirre Rojo Reserva estuchado 1L. - Comercial de Hosteleria Anma\" \/>\n<meta property=\"og:description\" content=\"Yzaguirre Rojo Reserva estuchado | 1L.| Se elabora a partir de vinos blancos de no muy elevada graduaci\u00f3n y una f\u00f3rmula familiar.\" \/>\n<meta property=\"og:url\" content=\"https:\/\/www.comercialanma.es\/?product=yzaguirre-reserva-rojo-1l\" \/>\n<meta property=\"og:site_name\" content=\"Comercial de Hosteleria Anma\" \/>\n<meta property=\"article:publisher\" content=\"https:\/\/www.facebook.com\/AnmaHosteleria\" \/>\n<meta property=\"article:modified_time\" content=\"2021-12-13T10:38:44+00:00\" \/>\n<meta property=\"og:image\" content=\"https:\/\/i2.wp.com\/www.comercialanma.es\/wp-content\/uploads\/2019\/07\/VERMUT-YZAGUIRRE-ROJO-RESERVA.jpg?fit=1080%2C1080&#038;ssl=1\" \/>\n\t<meta property=\"og:image:width\" content=\"1080\" \/>\n\t<meta property=\"og:image:height\" content=\"1080\" \/>\n<meta name=\"twitter:card\" content=\"summary_large_image\" \/>\n<meta name=\"twitter:label1\" content=\"Tiempo de lectura\">\n\t<meta name=\"twitter:data1\" content=\"1 minuto\">\n<script type=\"application\/ld+json\" class=\"yoast-schema-graph\">{\"@context\":\"https:\/\/schema.org\",\"@graph\":[{\"@type\":\"Organization\",\"@id\":\"https:\/\/www.comercialanma.es\/#organization\",\"name\":\"Comercial Anma\",\"url\":\"https:\/\/www.comercialanma.es\/\",\"sameAs\":[\"https:\/\/www.facebook.com\/AnmaHosteleria\",\"https:\/\/www.instagram.com\/anmahosteleria\/?hl=es\",\"https:\/\/www.youtube.com\/channel\/UCT2nmn08Ntks0hmpZPnDgCA\"],\"logo\":{\"@type\":\"ImageObject\",\"@id\":\"https:\/\/www.comercialanma.es\/#logo\",\"inLanguage\":\"es\",\"url\":\"https:\/\/i2.wp.com\/www.comercialanma.es\/wp-content\/uploads\/2019\/06\/logo-anma-color.png?fit=247%2C101&ssl=1\",\"width\":247,\"height\":101,\"caption\":\"Comercial Anma\"},\"image\":{\"@id\":\"https:\/\/www.comercialanma.es\/#logo\"}},{\"@type\":\"WebSite\",\"@id\":\"https:\/\/www.comercialanma.es\/#website\",\"url\":\"https:\/\/www.comercialanma.es\/\",\"name\":\"Comercial de Hosteleria Anma\",\"description\":\"\",\"publisher\":{\"@id\":\"https:\/\/www.comercialanma.es\/#organization\"},\"potentialAction\":[{\"@type\":\"SearchAction\",\"target\":\"https:\/\/www.comercialanma.es\/?s={search_term_string}\",\"query-input\":\"required name=search_term_string\"}],\"inLanguage\":\"es\"},{\"@type\":\"ImageObject\",\"@id\":\"https:\/\/www.comercialanma.es\/?product=yzaguirre-reserva-rojo-1l#primaryimage\",\"inLanguage\":\"es\",\"url\":\"https:\/\/i2.wp.com\/www.comercialanma.es\/wp-content\/uploads\/2019\/07\/VERMUT-YZAGUIRRE-ROJO-RESERVA.jpg?fit=1080%2C1080&ssl=1\",\"width\":1080,\"height\":1080},{\"@type\":\"WebPage\",\"@id\":\"https:\/\/www.comercialanma.es\/?product=yzaguirre-reserva-rojo-1l#webpage\",\"url\":\"https:\/\/www.comercialanma.es\/?product=yzaguirre-reserva-rojo-1l\",\"name\":\"Yzaguirre Rojo Reserva estuchado 1L. - Comercial de Hosteleria Anma\",\"isPartOf\":{\"@id\":\"https:\/\/www.comercialanma.es\/#website\"},\"primaryImageOfPage\":{\"@id\":\"https:\/\/www.comercialanma.es\/?product=yzaguirre-reserva-rojo-1l#primaryimage\"},\"datePublished\":\"2019-07-02T15:58:19+00:00\",\"dateModified\":\"2021-12-13T10:38:44+00:00\",\"description\":\"Yzaguirre Rojo Reserva estuchado | 1L.| Se elabora a partir de vinos blancos de no muy elevada graduaci\\u00f3n y una f\\u00f3rmula familiar.\",\"breadcrumb\":{\"@id\":\"https:\/\/www.comercialanma.es\/?product=yzaguirre-reserva-rojo-1l#breadcrumb\"},\"inLanguage\":\"es\",\"potentialAction\":[{\"@type\":\"ReadAction\",\"target\":[\"https:\/\/www.comercialanma.es\/?product=yzaguirre-reserva-rojo-1l\"]}]},{\"@type\":\"BreadcrumbList\",\"@id\":\"https:\/\/www.comercialanma.es\/?product=yzaguirre-reserva-rojo-1l#breadcrumb\",\"itemListElement\":[{\"@type\":\"ListItem\",\"position\":1,\"item\":{\"@type\":\"WebPage\",\"@id\":\"https:\/\/www.comercialanma.es\/\",\"url\":\"https:\/\/www.comercialanma.es\/\",\"name\":\"Portada\"}},{\"@type\":\"ListItem\",\"position\":2,\"item\":{\"@type\":\"WebPage\",\"@id\":\"https:\/\/www.comercialanma.es\/?page_id=3963\",\"url\":\"https:\/\/www.comercialanma.es\/?page_id=3963\",\"name\":\"Cat\\u00e1logo de Productos\"}},{\"@type\":\"ListItem\",\"position\":3,\"item\":{\"@type\":\"WebPage\",\"@id\":\"https:\/\/www.comercialanma.es\/?product=yzaguirre-reserva-rojo-1l\",\"url\":\"https:\/\/www.comercialanma.es\/?product=yzaguirre-reserva-rojo-1l\",\"name\":\"Yzaguirre Rojo Reserva estuchado 1L.\"}}]}]}<\/script>\n<!-- \/ Yoast SEO plugin. -->","_links":{"self":[{"href":"https:\/\/www.comercialanma.es\/index.php?rest_route=\/wp\/v2\/product\/7033"}],"collection":[{"href":"https:\/\/www.comercialanma.es\/index.php?rest_route=\/wp\/v2\/product"}],"about":[{"href":"https:\/\/www.comercialanma.es\/index.php?rest_route=\/wp\/v2\/types\/product"}],"version-history":[{"count":3,"href":"https:\/\/www.comercialanma.es\/index.php?rest_route=\/wp\/v2\/product\/7033\/revisions"}],"predecessor-version":[{"id":20011,"href":"https:\/\/www.comercialanma.es\/index.php?rest_route=\/wp\/v2\/product\/7033\/revisions\/20011"}],"wp:featuredmedia":[{"embeddable":true,"href":"https:\/\/www.comercialanma.es\/index.php?rest_route=\/wp\/v2\/media\/20009"}],"wp:attachment":[{"href":"https:\/\/www.comercialanma.es\/index.php?rest_route=%2Fwp%2Fv2%2Fmedia&parent=7033"}],"curies":[{"name":"wp","href":"https:\/\/api.w.org\/{rel}","templated":true}]}}