
{"id":7062,"date":"2019-07-03T10:13:21","date_gmt":"2019-07-03T08:13:21","guid":{"rendered":"http:\/\/www.comercialanma.es\/?post_type=product&#038;p=7062"},"modified":"2024-04-18T11:53:23","modified_gmt":"2024-04-18T09:53:23","slug":"cinzano-1757-blanco","status":"publish","type":"product","link":"https:\/\/www.comercialanma.es\/?product=cinzano-1757-blanco","title":{"rendered":"Cinzano 1757 Premium Blanco 1L."},"content":{"rendered":"<article class=\"col-md-9 col-sm-6 col-xs-12\">\n<div id=\"herramientas_producto\">\n<div id=\"my-tab-content\" class=\"tab-content\">\n<div id=\"descri_product\" class=\"tab-pane active\">\n<section id=\"descriptionTab\" class=\"page-product-box tab-pane fade in active\">\n<div class=\"rte\">\n<p>Este Vermut Cinzano 1757 bianco &#8211; blanco exclusivo verm\u00fa premium ha sido embotellado para celebrar y rendir homenaje a los padres fundadores de Cinzano, Giovanni Giacomo y Carlo Stefano, quienes en 1757 iniciaron sus negocios en Tur\u00edn. Cinzano 1757 es una peque\u00f1a hornada, vermuth hecho a mano infundido suavemente con la mezcla m\u00e1s fina de arom\u00e1ticos maduros.<\/p>\n<p>Se Recomienda Servir fr\u00edo.\u00a0Gracias al delicado perfil de sabor, con notas intensas de melocot\u00f3n blanco y c\u00edtricos, este verm\u00fa es perfecto en las rocas o como un toque dulce en los c\u00f3cteles.<\/p>\n<\/div>\n<\/section>\n<\/div>\n<\/div>\n<\/div>\n<\/article>\n<aside class=\"col-md-3 col-sm-6 col-xs-12\">\n<h3><\/h3>\n<\/aside>\n","protected":false},"excerpt":{"rendered":"<p>Este <strong>Vermut Cinzano 1757 bianco<\/strong> &#8211; blanco exclusivo verm\u00fa premium ha sido embotellado para celebrar y rendir homenaje a los padres fundadores de Cinzano, Giovanni Giacomo y Carlo Stefano, quienes en 1757 iniciaron sus negocios en Tur\u00edn. Cinzano 1757 es una peque\u00f1a hornada, vermuth hecho a mano infundido suavemente con la mezcla m\u00e1s fina de arom\u00e1ticos maduros.<\/p>\n","protected":false},"featured_media":23707,"template":"","meta":{"spay_email":""},"yoast_head":"<!-- This site is optimized with the Yoast SEO plugin v15.9 - https:\/\/yoast.com\/wordpress\/plugins\/seo\/ -->\n<title>Cinzano 1757 Premium Blanco 1L. - Comercial de Hosteleria Anma<\/title>\n<meta name=\"robots\" content=\"index, follow, max-snippet:-1, max-image-preview:large, max-video-preview:-1\" \/>\n<link rel=\"canonical\" href=\"https:\/\/www.comercialanma.es\/?product=cinzano-1757-blanco\" \/>\n<meta property=\"og:locale\" content=\"es_ES\" \/>\n<meta property=\"og:type\" content=\"article\" \/>\n<meta property=\"og:title\" content=\"Cinzano 1757 Premium Blanco 1L. - Comercial de Hosteleria Anma\" \/>\n<meta property=\"og:description\" content=\"Este Vermut Cinzano 1757 bianco - blanco exclusivo verm\u00fa premium ha sido embotellado para celebrar y rendir homenaje a los padres fundadores de Cinzano, Giovanni Giacomo y Carlo Stefano, quienes en 1757 iniciaron sus negocios en Tur\u00edn. Cinzano 1757 es una peque\u00f1a hornada, vermuth hecho a mano infundido suavemente con la mezcla m\u00e1s fina de arom\u00e1ticos maduros.\" \/>\n<meta property=\"og:url\" content=\"https:\/\/www.comercialanma.es\/?product=cinzano-1757-blanco\" \/>\n<meta property=\"og:site_name\" content=\"Comercial de Hosteleria Anma\" \/>\n<meta property=\"article:publisher\" content=\"https:\/\/www.facebook.com\/AnmaHosteleria\" \/>\n<meta property=\"article:modified_time\" content=\"2024-04-18T09:53:23+00:00\" \/>\n<meta property=\"og:image\" content=\"https:\/\/i0.wp.com\/www.comercialanma.es\/wp-content\/uploads\/2019\/07\/CINZANO-1757-BLANCO-EXTRA-SECO.jpg?fit=1080%2C1080&#038;ssl=1\" \/>\n\t<meta property=\"og:image:width\" content=\"1080\" \/>\n\t<meta property=\"og:image:height\" content=\"1080\" \/>\n<meta name=\"twitter:card\" content=\"summary_large_image\" \/>\n<script type=\"application\/ld+json\" class=\"yoast-schema-graph\">{\"@context\":\"https:\/\/schema.org\",\"@graph\":[{\"@type\":\"Organization\",\"@id\":\"https:\/\/www.comercialanma.es\/#organization\",\"name\":\"Comercial Anma\",\"url\":\"https:\/\/www.comercialanma.es\/\",\"sameAs\":[\"https:\/\/www.facebook.com\/AnmaHosteleria\",\"https:\/\/www.instagram.com\/anmahosteleria\/?hl=es\",\"https:\/\/www.youtube.com\/channel\/UCT2nmn08Ntks0hmpZPnDgCA\"],\"logo\":{\"@type\":\"ImageObject\",\"@id\":\"https:\/\/www.comercialanma.es\/#logo\",\"inLanguage\":\"es\",\"url\":\"https:\/\/i2.wp.com\/www.comercialanma.es\/wp-content\/uploads\/2019\/06\/logo-anma-color.png?fit=247%2C101&ssl=1\",\"width\":247,\"height\":101,\"caption\":\"Comercial Anma\"},\"image\":{\"@id\":\"https:\/\/www.comercialanma.es\/#logo\"}},{\"@type\":\"WebSite\",\"@id\":\"https:\/\/www.comercialanma.es\/#website\",\"url\":\"https:\/\/www.comercialanma.es\/\",\"name\":\"Comercial de Hosteleria Anma\",\"description\":\"\",\"publisher\":{\"@id\":\"https:\/\/www.comercialanma.es\/#organization\"},\"potentialAction\":[{\"@type\":\"SearchAction\",\"target\":\"https:\/\/www.comercialanma.es\/?s={search_term_string}\",\"query-input\":\"required name=search_term_string\"}],\"inLanguage\":\"es\"},{\"@type\":\"ImageObject\",\"@id\":\"https:\/\/www.comercialanma.es\/?product=cinzano-1757-blanco#primaryimage\",\"inLanguage\":\"es\",\"url\":\"https:\/\/i0.wp.com\/www.comercialanma.es\/wp-content\/uploads\/2019\/07\/CINZANO-1757-BLANCO-EXTRA-SECO.jpg?fit=1080%2C1080&ssl=1\",\"width\":1080,\"height\":1080},{\"@type\":\"WebPage\",\"@id\":\"https:\/\/www.comercialanma.es\/?product=cinzano-1757-blanco#webpage\",\"url\":\"https:\/\/www.comercialanma.es\/?product=cinzano-1757-blanco\",\"name\":\"Cinzano 1757 Premium Blanco 1L. - Comercial de Hosteleria Anma\",\"isPartOf\":{\"@id\":\"https:\/\/www.comercialanma.es\/#website\"},\"primaryImageOfPage\":{\"@id\":\"https:\/\/www.comercialanma.es\/?product=cinzano-1757-blanco#primaryimage\"},\"datePublished\":\"2019-07-03T08:13:21+00:00\",\"dateModified\":\"2024-04-18T09:53:23+00:00\",\"breadcrumb\":{\"@id\":\"https:\/\/www.comercialanma.es\/?product=cinzano-1757-blanco#breadcrumb\"},\"inLanguage\":\"es\",\"potentialAction\":[{\"@type\":\"ReadAction\",\"target\":[\"https:\/\/www.comercialanma.es\/?product=cinzano-1757-blanco\"]}]},{\"@type\":\"BreadcrumbList\",\"@id\":\"https:\/\/www.comercialanma.es\/?product=cinzano-1757-blanco#breadcrumb\",\"itemListElement\":[{\"@type\":\"ListItem\",\"position\":1,\"item\":{\"@type\":\"WebPage\",\"@id\":\"https:\/\/www.comercialanma.es\/\",\"url\":\"https:\/\/www.comercialanma.es\/\",\"name\":\"Portada\"}},{\"@type\":\"ListItem\",\"position\":2,\"item\":{\"@type\":\"WebPage\",\"@id\":\"https:\/\/www.comercialanma.es\/?page_id=3963\",\"url\":\"https:\/\/www.comercialanma.es\/?page_id=3963\",\"name\":\"Cat\\u00e1logo de Productos\"}},{\"@type\":\"ListItem\",\"position\":3,\"item\":{\"@type\":\"WebPage\",\"@id\":\"https:\/\/www.comercialanma.es\/?product=cinzano-1757-blanco\",\"url\":\"https:\/\/www.comercialanma.es\/?product=cinzano-1757-blanco\",\"name\":\"Cinzano 1757 Premium Blanco 1L.\"}}]}]}<\/script>\n<!-- \/ Yoast SEO plugin. -->","_links":{"self":[{"href":"https:\/\/www.comercialanma.es\/index.php?rest_route=\/wp\/v2\/product\/7062"}],"collection":[{"href":"https:\/\/www.comercialanma.es\/index.php?rest_route=\/wp\/v2\/product"}],"about":[{"href":"https:\/\/www.comercialanma.es\/index.php?rest_route=\/wp\/v2\/types\/product"}],"version-history":[{"count":1,"href":"https:\/\/www.comercialanma.es\/index.php?rest_route=\/wp\/v2\/product\/7062\/revisions"}],"predecessor-version":[{"id":7064,"href":"https:\/\/www.comercialanma.es\/index.php?rest_route=\/wp\/v2\/product\/7062\/revisions\/7064"}],"wp:featuredmedia":[{"embeddable":true,"href":"https:\/\/www.comercialanma.es\/index.php?rest_route=\/wp\/v2\/media\/23707"}],"wp:attachment":[{"href":"https:\/\/www.comercialanma.es\/index.php?rest_route=%2Fwp%2Fv2%2Fmedia&parent=7062"}],"curies":[{"name":"wp","href":"https:\/\/api.w.org\/{rel}","templated":true}]}}