
{"id":7093,"date":"2019-07-03T17:47:21","date_gmt":"2019-07-03T15:47:21","guid":{"rendered":"http:\/\/www.comercialanma.es\/?post_type=product&#038;p=7093"},"modified":"2024-04-18T11:47:56","modified_gmt":"2024-04-18T09:47:56","slug":"1757-premium-rojo","status":"publish","type":"product","link":"https:\/\/www.comercialanma.es\/?product=1757-premium-rojo","title":{"rendered":"Cinzano 1757 Premium Rojo 1L."},"content":{"rendered":"<p class=\"pb-20\">Cinzano 1757 posee un sabor muy intenso que no pasa desapercibido y es reconocido en todo el mundo gracias al destacado gusto de sus hierbas arom\u00e1ticas y al proceso de extracci\u00f3n lento y considerado. Por supuesto, con una receta absolutamente secreta.<\/p>\n<ul>\n<li>Te gustar\u00e1&#8230;Su color rojo intenso invita a disfrutar del perfume intenso y duradero que proporcionan las especias integradas. Sus toque especial con notas de vainilla y el sabor a hierbas y especias proporciona el final amargo tan caracter\u00edstico de esta bebida .<\/li>\n<li>Un extra&#8230;Cinzano 1757 pertenece a uno de los grupos m\u00e1s representativos de Italia: el Grupo Campari.<\/li>\n<li>Sab\u00edas que&#8230;La destiler\u00eda creada por Giovanni Giacomo y Carlo Stefano Cinzano en 1757, lleg\u00f3 a ser una de las m\u00e1s afamadas en Tur\u00edn, hasta el punto que la Casa de Saboya le otorg\u00f3 una licencia oficial de la Corte en 1786.<\/li>\n<li>Sugerencia&#8230; Un buen Negroni es la mejor opci\u00f3n para este vermut.<\/li>\n<\/ul>\n","protected":false},"excerpt":{"rendered":"<div id=\"info_valoracion\">\n<p>Vermouth Rosso 1757 se produce de forma exclusiva y limitada. Su elaboraci\u00f3n nace para rendir homenaje a sus fundadores y al a\u00f1o de la fundaci\u00f3n de la primera destiler\u00eda: 1757.<\/p>\n<\/div>\n<p>&nbsp;<\/p>\n","protected":false},"featured_media":23706,"template":"","meta":{"spay_email":""},"yoast_head":"<!-- This site is optimized with the Yoast SEO plugin v15.9 - https:\/\/yoast.com\/wordpress\/plugins\/seo\/ -->\n<title>Cinzano 1757 Premium Rojo 1L. - Comercial de Hosteleria Anma<\/title>\n<meta name=\"robots\" content=\"index, follow, max-snippet:-1, max-image-preview:large, max-video-preview:-1\" \/>\n<link rel=\"canonical\" href=\"https:\/\/www.comercialanma.es\/?product=1757-premium-rojo\" \/>\n<meta property=\"og:locale\" content=\"es_ES\" \/>\n<meta property=\"og:type\" content=\"article\" \/>\n<meta property=\"og:title\" content=\"Cinzano 1757 Premium Rojo 1L. - Comercial de Hosteleria Anma\" \/>\n<meta property=\"og:description\" content=\"Vermouth Rosso 1757 se produce de forma exclusiva y limitada. Su elaboraci\u00f3n nace para rendir homenaje a sus fundadores y al a\u00f1o de la fundaci\u00f3n de la primera destiler\u00eda: 1757.   &nbsp;\" \/>\n<meta property=\"og:url\" content=\"https:\/\/www.comercialanma.es\/?product=1757-premium-rojo\" \/>\n<meta property=\"og:site_name\" content=\"Comercial de Hosteleria Anma\" \/>\n<meta property=\"article:publisher\" content=\"https:\/\/www.facebook.com\/AnmaHosteleria\" \/>\n<meta property=\"article:modified_time\" content=\"2024-04-18T09:47:56+00:00\" \/>\n<meta property=\"og:image\" content=\"https:\/\/i1.wp.com\/www.comercialanma.es\/wp-content\/uploads\/2019\/07\/CINZANO-1757-ROSSO.jpg?fit=1080%2C1080&#038;ssl=1\" \/>\n\t<meta property=\"og:image:width\" content=\"1080\" \/>\n\t<meta property=\"og:image:height\" content=\"1080\" \/>\n<meta name=\"twitter:card\" content=\"summary_large_image\" \/>\n<meta name=\"twitter:label1\" content=\"Tiempo de lectura\">\n\t<meta name=\"twitter:data1\" content=\"1 minuto\">\n<script type=\"application\/ld+json\" class=\"yoast-schema-graph\">{\"@context\":\"https:\/\/schema.org\",\"@graph\":[{\"@type\":\"Organization\",\"@id\":\"https:\/\/www.comercialanma.es\/#organization\",\"name\":\"Comercial Anma\",\"url\":\"https:\/\/www.comercialanma.es\/\",\"sameAs\":[\"https:\/\/www.facebook.com\/AnmaHosteleria\",\"https:\/\/www.instagram.com\/anmahosteleria\/?hl=es\",\"https:\/\/www.youtube.com\/channel\/UCT2nmn08Ntks0hmpZPnDgCA\"],\"logo\":{\"@type\":\"ImageObject\",\"@id\":\"https:\/\/www.comercialanma.es\/#logo\",\"inLanguage\":\"es\",\"url\":\"https:\/\/i2.wp.com\/www.comercialanma.es\/wp-content\/uploads\/2019\/06\/logo-anma-color.png?fit=247%2C101&ssl=1\",\"width\":247,\"height\":101,\"caption\":\"Comercial Anma\"},\"image\":{\"@id\":\"https:\/\/www.comercialanma.es\/#logo\"}},{\"@type\":\"WebSite\",\"@id\":\"https:\/\/www.comercialanma.es\/#website\",\"url\":\"https:\/\/www.comercialanma.es\/\",\"name\":\"Comercial de Hosteleria Anma\",\"description\":\"\",\"publisher\":{\"@id\":\"https:\/\/www.comercialanma.es\/#organization\"},\"potentialAction\":[{\"@type\":\"SearchAction\",\"target\":\"https:\/\/www.comercialanma.es\/?s={search_term_string}\",\"query-input\":\"required name=search_term_string\"}],\"inLanguage\":\"es\"},{\"@type\":\"ImageObject\",\"@id\":\"https:\/\/www.comercialanma.es\/?product=1757-premium-rojo#primaryimage\",\"inLanguage\":\"es\",\"url\":\"https:\/\/i1.wp.com\/www.comercialanma.es\/wp-content\/uploads\/2019\/07\/CINZANO-1757-ROSSO.jpg?fit=1080%2C1080&ssl=1\",\"width\":1080,\"height\":1080},{\"@type\":\"WebPage\",\"@id\":\"https:\/\/www.comercialanma.es\/?product=1757-premium-rojo#webpage\",\"url\":\"https:\/\/www.comercialanma.es\/?product=1757-premium-rojo\",\"name\":\"Cinzano 1757 Premium Rojo 1L. - Comercial de Hosteleria Anma\",\"isPartOf\":{\"@id\":\"https:\/\/www.comercialanma.es\/#website\"},\"primaryImageOfPage\":{\"@id\":\"https:\/\/www.comercialanma.es\/?product=1757-premium-rojo#primaryimage\"},\"datePublished\":\"2019-07-03T15:47:21+00:00\",\"dateModified\":\"2024-04-18T09:47:56+00:00\",\"breadcrumb\":{\"@id\":\"https:\/\/www.comercialanma.es\/?product=1757-premium-rojo#breadcrumb\"},\"inLanguage\":\"es\",\"potentialAction\":[{\"@type\":\"ReadAction\",\"target\":[\"https:\/\/www.comercialanma.es\/?product=1757-premium-rojo\"]}]},{\"@type\":\"BreadcrumbList\",\"@id\":\"https:\/\/www.comercialanma.es\/?product=1757-premium-rojo#breadcrumb\",\"itemListElement\":[{\"@type\":\"ListItem\",\"position\":1,\"item\":{\"@type\":\"WebPage\",\"@id\":\"https:\/\/www.comercialanma.es\/\",\"url\":\"https:\/\/www.comercialanma.es\/\",\"name\":\"Portada\"}},{\"@type\":\"ListItem\",\"position\":2,\"item\":{\"@type\":\"WebPage\",\"@id\":\"https:\/\/www.comercialanma.es\/?page_id=3963\",\"url\":\"https:\/\/www.comercialanma.es\/?page_id=3963\",\"name\":\"Cat\\u00e1logo de Productos\"}},{\"@type\":\"ListItem\",\"position\":3,\"item\":{\"@type\":\"WebPage\",\"@id\":\"https:\/\/www.comercialanma.es\/?product=1757-premium-rojo\",\"url\":\"https:\/\/www.comercialanma.es\/?product=1757-premium-rojo\",\"name\":\"Cinzano 1757 Premium Rojo 1L.\"}}]}]}<\/script>\n<!-- \/ Yoast SEO plugin. -->","_links":{"self":[{"href":"https:\/\/www.comercialanma.es\/index.php?rest_route=\/wp\/v2\/product\/7093"}],"collection":[{"href":"https:\/\/www.comercialanma.es\/index.php?rest_route=\/wp\/v2\/product"}],"about":[{"href":"https:\/\/www.comercialanma.es\/index.php?rest_route=\/wp\/v2\/types\/product"}],"version-history":[{"count":1,"href":"https:\/\/www.comercialanma.es\/index.php?rest_route=\/wp\/v2\/product\/7093\/revisions"}],"predecessor-version":[{"id":7095,"href":"https:\/\/www.comercialanma.es\/index.php?rest_route=\/wp\/v2\/product\/7093\/revisions\/7095"}],"wp:featuredmedia":[{"embeddable":true,"href":"https:\/\/www.comercialanma.es\/index.php?rest_route=\/wp\/v2\/media\/23706"}],"wp:attachment":[{"href":"https:\/\/www.comercialanma.es\/index.php?rest_route=%2Fwp%2Fv2%2Fmedia&parent=7093"}],"curies":[{"name":"wp","href":"https:\/\/api.w.org\/{rel}","templated":true}]}}