
{"id":7159,"date":"2019-07-04T11:41:56","date_gmt":"2019-07-04T09:41:56","guid":{"rendered":"http:\/\/www.comercialanma.es\/?post_type=product&#038;p=7159"},"modified":"2019-07-04T11:52:20","modified_gmt":"2019-07-04T09:52:20","slug":"bitter-cinzano-10cl-pack-6","status":"publish","type":"product","link":"https:\/\/www.comercialanma.es\/?product=bitter-cinzano-10cl-pack-6","title":{"rendered":"Bitter Cinzano 10cl. Pack 6"},"content":{"rendered":"<p>Cinzano, de color ocre con algunos brillos dorados y otros rojos expresa aroma a caramelo delicado, no es invasivo en ning\u00fan momento. En la boca entra dulce pero autom\u00e1ticamente\u00a0despliega\u00a0un retrogusto amargo sin que el alcohol moleste en lo m\u00e1s\u00a0m\u00ednimo. Lo \u00fanico que persiste bastante es el amargor.<\/p>\n","protected":false},"excerpt":{"rendered":"<p>El verm\u00fa Cinzano fue creado el 6 de junio de 1757 por dos hermanos de Tur\u00edn, Giovanni Giacomo y Carlo Stefano Cinzano, quienes elaboraron un verm\u00fa rojo con hierbas arom\u00e1ticas del herbolario familiar.<\/p>\n","protected":false},"featured_media":7157,"template":"","meta":{"spay_email":""},"yoast_head":"<!-- This site is optimized with the Yoast SEO plugin v15.9 - https:\/\/yoast.com\/wordpress\/plugins\/seo\/ -->\n<title>Bitter Cinzano 10cl. Pack 6 - Comercial de Hosteleria Anma<\/title>\n<meta name=\"robots\" content=\"index, follow, max-snippet:-1, max-image-preview:large, max-video-preview:-1\" \/>\n<link rel=\"canonical\" href=\"https:\/\/www.comercialanma.es\/?product=bitter-cinzano-10cl-pack-6\" \/>\n<meta property=\"og:locale\" content=\"es_ES\" \/>\n<meta property=\"og:type\" content=\"article\" \/>\n<meta property=\"og:title\" content=\"Bitter Cinzano 10cl. Pack 6 - Comercial de Hosteleria Anma\" \/>\n<meta property=\"og:description\" content=\"El verm\u00fa Cinzano fue creado el 6 de junio de 1757 por dos hermanos de Tur\u00edn, Giovanni Giacomo y Carlo Stefano Cinzano, quienes elaboraron un verm\u00fa rojo con hierbas arom\u00e1ticas del herbolario familiar.\" \/>\n<meta property=\"og:url\" content=\"https:\/\/www.comercialanma.es\/?product=bitter-cinzano-10cl-pack-6\" \/>\n<meta property=\"og:site_name\" content=\"Comercial de Hosteleria Anma\" \/>\n<meta property=\"article:publisher\" content=\"https:\/\/www.facebook.com\/AnmaHosteleria\" \/>\n<meta property=\"article:modified_time\" content=\"2019-07-04T09:52:20+00:00\" \/>\n<meta property=\"og:image\" content=\"https:\/\/i0.wp.com\/www.comercialanma.es\/wp-content\/uploads\/2019\/07\/bitter-cinzano-10cl.jpg?fit=1200%2C1200&#038;ssl=1\" \/>\n\t<meta property=\"og:image:width\" content=\"1200\" \/>\n\t<meta property=\"og:image:height\" content=\"1200\" \/>\n<meta name=\"twitter:card\" content=\"summary_large_image\" \/>\n<script type=\"application\/ld+json\" class=\"yoast-schema-graph\">{\"@context\":\"https:\/\/schema.org\",\"@graph\":[{\"@type\":\"Organization\",\"@id\":\"https:\/\/www.comercialanma.es\/#organization\",\"name\":\"Comercial Anma\",\"url\":\"https:\/\/www.comercialanma.es\/\",\"sameAs\":[\"https:\/\/www.facebook.com\/AnmaHosteleria\",\"https:\/\/www.instagram.com\/anmahosteleria\/?hl=es\",\"https:\/\/www.youtube.com\/channel\/UCT2nmn08Ntks0hmpZPnDgCA\"],\"logo\":{\"@type\":\"ImageObject\",\"@id\":\"https:\/\/www.comercialanma.es\/#logo\",\"inLanguage\":\"es\",\"url\":\"https:\/\/i2.wp.com\/www.comercialanma.es\/wp-content\/uploads\/2019\/06\/logo-anma-color.png?fit=247%2C101&ssl=1\",\"width\":247,\"height\":101,\"caption\":\"Comercial Anma\"},\"image\":{\"@id\":\"https:\/\/www.comercialanma.es\/#logo\"}},{\"@type\":\"WebSite\",\"@id\":\"https:\/\/www.comercialanma.es\/#website\",\"url\":\"https:\/\/www.comercialanma.es\/\",\"name\":\"Comercial de Hosteleria Anma\",\"description\":\"\",\"publisher\":{\"@id\":\"https:\/\/www.comercialanma.es\/#organization\"},\"potentialAction\":[{\"@type\":\"SearchAction\",\"target\":\"https:\/\/www.comercialanma.es\/?s={search_term_string}\",\"query-input\":\"required name=search_term_string\"}],\"inLanguage\":\"es\"},{\"@type\":\"ImageObject\",\"@id\":\"https:\/\/www.comercialanma.es\/?product=bitter-cinzano-10cl-pack-6#primaryimage\",\"inLanguage\":\"es\",\"url\":\"https:\/\/i0.wp.com\/www.comercialanma.es\/wp-content\/uploads\/2019\/07\/bitter-cinzano-10cl.jpg?fit=1200%2C1200&ssl=1\",\"width\":1200,\"height\":1200},{\"@type\":\"WebPage\",\"@id\":\"https:\/\/www.comercialanma.es\/?product=bitter-cinzano-10cl-pack-6#webpage\",\"url\":\"https:\/\/www.comercialanma.es\/?product=bitter-cinzano-10cl-pack-6\",\"name\":\"Bitter Cinzano 10cl. Pack 6 - Comercial de Hosteleria Anma\",\"isPartOf\":{\"@id\":\"https:\/\/www.comercialanma.es\/#website\"},\"primaryImageOfPage\":{\"@id\":\"https:\/\/www.comercialanma.es\/?product=bitter-cinzano-10cl-pack-6#primaryimage\"},\"datePublished\":\"2019-07-04T09:41:56+00:00\",\"dateModified\":\"2019-07-04T09:52:20+00:00\",\"breadcrumb\":{\"@id\":\"https:\/\/www.comercialanma.es\/?product=bitter-cinzano-10cl-pack-6#breadcrumb\"},\"inLanguage\":\"es\",\"potentialAction\":[{\"@type\":\"ReadAction\",\"target\":[\"https:\/\/www.comercialanma.es\/?product=bitter-cinzano-10cl-pack-6\"]}]},{\"@type\":\"BreadcrumbList\",\"@id\":\"https:\/\/www.comercialanma.es\/?product=bitter-cinzano-10cl-pack-6#breadcrumb\",\"itemListElement\":[{\"@type\":\"ListItem\",\"position\":1,\"item\":{\"@type\":\"WebPage\",\"@id\":\"https:\/\/www.comercialanma.es\/\",\"url\":\"https:\/\/www.comercialanma.es\/\",\"name\":\"Portada\"}},{\"@type\":\"ListItem\",\"position\":2,\"item\":{\"@type\":\"WebPage\",\"@id\":\"https:\/\/www.comercialanma.es\/?page_id=3963\",\"url\":\"https:\/\/www.comercialanma.es\/?page_id=3963\",\"name\":\"Cat\\u00e1logo de Productos\"}},{\"@type\":\"ListItem\",\"position\":3,\"item\":{\"@type\":\"WebPage\",\"@id\":\"https:\/\/www.comercialanma.es\/?product=bitter-cinzano-10cl-pack-6\",\"url\":\"https:\/\/www.comercialanma.es\/?product=bitter-cinzano-10cl-pack-6\",\"name\":\"Bitter Cinzano 10cl. Pack 6\"}}]}]}<\/script>\n<!-- \/ Yoast SEO plugin. -->","_links":{"self":[{"href":"https:\/\/www.comercialanma.es\/index.php?rest_route=\/wp\/v2\/product\/7159"}],"collection":[{"href":"https:\/\/www.comercialanma.es\/index.php?rest_route=\/wp\/v2\/product"}],"about":[{"href":"https:\/\/www.comercialanma.es\/index.php?rest_route=\/wp\/v2\/types\/product"}],"version-history":[{"count":1,"href":"https:\/\/www.comercialanma.es\/index.php?rest_route=\/wp\/v2\/product\/7159\/revisions"}],"predecessor-version":[{"id":7160,"href":"https:\/\/www.comercialanma.es\/index.php?rest_route=\/wp\/v2\/product\/7159\/revisions\/7160"}],"wp:featuredmedia":[{"embeddable":true,"href":"https:\/\/www.comercialanma.es\/index.php?rest_route=\/wp\/v2\/media\/7157"}],"wp:attachment":[{"href":"https:\/\/www.comercialanma.es\/index.php?rest_route=%2Fwp%2Fv2%2Fmedia&parent=7159"}],"curies":[{"name":"wp","href":"https:\/\/api.w.org\/{rel}","templated":true}]}}