
{"id":7167,"date":"2019-07-04T11:59:07","date_gmt":"2019-07-04T09:59:07","guid":{"rendered":"http:\/\/www.comercialanma.es\/?post_type=product&#038;p=7167"},"modified":"2019-07-04T12:07:58","modified_gmt":"2019-07-04T10:07:58","slug":"vermouth-rojo-la-quintinye-royal-75cl","status":"publish","type":"product","link":"https:\/\/www.comercialanma.es\/?product=vermouth-rojo-la-quintinye-royal-75cl","title":{"rendered":"Vermouth rojo La Quintinye Royal 75cl"},"content":{"rendered":"<p>La Quintinye Rouge, Blanc y Extra-Dry comparten una base com\u00fan de 12 plantas y especias.<\/p>\n<p>Nacido en los vi\u00f1edos de Maison Villevert, en pleno coraz\u00f3n de la regi\u00f3n de Charente, Francia, La Quintinye Vermouth Royal es un elegante y delicado vermut de alta calidad y refinado sabor. Su base v\u00ednica ha sido cuidadosamente seleccionada, y por primera vez en un vermut, incluye Pineau des Charentes; un reconocido vino fortificado hecho a partir de la combinaci\u00f3n de mosto de uva y Cognac (los cuales est\u00e1n producidos en una finca con la misma denominaci\u00f3n de origen).<\/p>\n<div class=\"cont_des_large\">\n<h3>Nota de cata de La Quintinye Vermouth Royal Rouge<\/h3>\n<ul>\n<li>La Quintinye Rouge est\u00e1 elaborado con veintiocho bot\u00e1nicos y especias. De color rojo oscuro con ribetes dorados; intensamente brillante.<\/li>\n<li>En nariz es equilibrado y poderoso, con tonos licorosos, tonos de ciruela y vainilla y notas de chocolate.<\/li>\n<li>En boca es sabroso e intenso; en retrogusto aparecen tonos de caramelo, vainilla quemada y especias c\u00e1lidas, que alargan la persistencia en boca<\/li>\n<\/ul>\n<\/div>\n","protected":false},"excerpt":{"rendered":"<p>La Quintinye Rouge se elabora con Pineau des Charentes tinto, que le proporciona su color rojo oscuro de forma natural. La Quintinye es un vermut perfectamente equilibrado gracias a la combinaci\u00f3n de aromas del Pineau des Charentes, que aportan cuerpo e intensidad al amargor de los bot\u00e1nicos.<\/p>\n","protected":false},"featured_media":7168,"template":"","meta":{"spay_email":""},"yoast_head":"<!-- This site is optimized with the Yoast SEO plugin v15.9 - https:\/\/yoast.com\/wordpress\/plugins\/seo\/ -->\n<title>Vermouth rojo La Quintinye Royal 75cl - Comercial de Hosteleria Anma<\/title>\n<meta name=\"robots\" content=\"index, follow, max-snippet:-1, max-image-preview:large, max-video-preview:-1\" \/>\n<link rel=\"canonical\" href=\"https:\/\/www.comercialanma.es\/?product=vermouth-rojo-la-quintinye-royal-75cl\" \/>\n<meta property=\"og:locale\" content=\"es_ES\" \/>\n<meta property=\"og:type\" content=\"article\" \/>\n<meta property=\"og:title\" content=\"Vermouth rojo La Quintinye Royal 75cl - Comercial de Hosteleria Anma\" \/>\n<meta property=\"og:description\" content=\"La Quintinye Rouge se elabora con Pineau des Charentes tinto, que le proporciona su color rojo oscuro de forma natural. La Quintinye es un vermut perfectamente equilibrado gracias a la combinaci\u00f3n de aromas del Pineau des Charentes, que aportan cuerpo e intensidad al amargor de los bot\u00e1nicos.\" \/>\n<meta property=\"og:url\" content=\"https:\/\/www.comercialanma.es\/?product=vermouth-rojo-la-quintinye-royal-75cl\" \/>\n<meta property=\"og:site_name\" content=\"Comercial de Hosteleria Anma\" \/>\n<meta property=\"article:publisher\" content=\"https:\/\/www.facebook.com\/AnmaHosteleria\" \/>\n<meta property=\"article:modified_time\" content=\"2019-07-04T10:07:58+00:00\" \/>\n<meta property=\"og:image\" content=\"https:\/\/i2.wp.com\/www.comercialanma.es\/wp-content\/uploads\/2019\/07\/la-quintinye.jpg?fit=1200%2C1200&#038;ssl=1\" \/>\n\t<meta property=\"og:image:width\" content=\"1200\" \/>\n\t<meta property=\"og:image:height\" content=\"1200\" \/>\n<meta name=\"twitter:card\" content=\"summary_large_image\" \/>\n<meta name=\"twitter:label1\" content=\"Tiempo de lectura\">\n\t<meta name=\"twitter:data1\" content=\"1 minuto\">\n<script type=\"application\/ld+json\" class=\"yoast-schema-graph\">{\"@context\":\"https:\/\/schema.org\",\"@graph\":[{\"@type\":\"Organization\",\"@id\":\"https:\/\/www.comercialanma.es\/#organization\",\"name\":\"Comercial Anma\",\"url\":\"https:\/\/www.comercialanma.es\/\",\"sameAs\":[\"https:\/\/www.facebook.com\/AnmaHosteleria\",\"https:\/\/www.instagram.com\/anmahosteleria\/?hl=es\",\"https:\/\/www.youtube.com\/channel\/UCT2nmn08Ntks0hmpZPnDgCA\"],\"logo\":{\"@type\":\"ImageObject\",\"@id\":\"https:\/\/www.comercialanma.es\/#logo\",\"inLanguage\":\"es\",\"url\":\"https:\/\/i2.wp.com\/www.comercialanma.es\/wp-content\/uploads\/2019\/06\/logo-anma-color.png?fit=247%2C101&ssl=1\",\"width\":247,\"height\":101,\"caption\":\"Comercial Anma\"},\"image\":{\"@id\":\"https:\/\/www.comercialanma.es\/#logo\"}},{\"@type\":\"WebSite\",\"@id\":\"https:\/\/www.comercialanma.es\/#website\",\"url\":\"https:\/\/www.comercialanma.es\/\",\"name\":\"Comercial de Hosteleria Anma\",\"description\":\"\",\"publisher\":{\"@id\":\"https:\/\/www.comercialanma.es\/#organization\"},\"potentialAction\":[{\"@type\":\"SearchAction\",\"target\":\"https:\/\/www.comercialanma.es\/?s={search_term_string}\",\"query-input\":\"required name=search_term_string\"}],\"inLanguage\":\"es\"},{\"@type\":\"ImageObject\",\"@id\":\"https:\/\/www.comercialanma.es\/?product=vermouth-rojo-la-quintinye-royal-75cl#primaryimage\",\"inLanguage\":\"es\",\"url\":\"https:\/\/i2.wp.com\/www.comercialanma.es\/wp-content\/uploads\/2019\/07\/la-quintinye.jpg?fit=1200%2C1200&ssl=1\",\"width\":1200,\"height\":1200},{\"@type\":\"WebPage\",\"@id\":\"https:\/\/www.comercialanma.es\/?product=vermouth-rojo-la-quintinye-royal-75cl#webpage\",\"url\":\"https:\/\/www.comercialanma.es\/?product=vermouth-rojo-la-quintinye-royal-75cl\",\"name\":\"Vermouth rojo La Quintinye Royal 75cl - Comercial de Hosteleria Anma\",\"isPartOf\":{\"@id\":\"https:\/\/www.comercialanma.es\/#website\"},\"primaryImageOfPage\":{\"@id\":\"https:\/\/www.comercialanma.es\/?product=vermouth-rojo-la-quintinye-royal-75cl#primaryimage\"},\"datePublished\":\"2019-07-04T09:59:07+00:00\",\"dateModified\":\"2019-07-04T10:07:58+00:00\",\"breadcrumb\":{\"@id\":\"https:\/\/www.comercialanma.es\/?product=vermouth-rojo-la-quintinye-royal-75cl#breadcrumb\"},\"inLanguage\":\"es\",\"potentialAction\":[{\"@type\":\"ReadAction\",\"target\":[\"https:\/\/www.comercialanma.es\/?product=vermouth-rojo-la-quintinye-royal-75cl\"]}]},{\"@type\":\"BreadcrumbList\",\"@id\":\"https:\/\/www.comercialanma.es\/?product=vermouth-rojo-la-quintinye-royal-75cl#breadcrumb\",\"itemListElement\":[{\"@type\":\"ListItem\",\"position\":1,\"item\":{\"@type\":\"WebPage\",\"@id\":\"https:\/\/www.comercialanma.es\/\",\"url\":\"https:\/\/www.comercialanma.es\/\",\"name\":\"Portada\"}},{\"@type\":\"ListItem\",\"position\":2,\"item\":{\"@type\":\"WebPage\",\"@id\":\"https:\/\/www.comercialanma.es\/?page_id=3963\",\"url\":\"https:\/\/www.comercialanma.es\/?page_id=3963\",\"name\":\"Cat\\u00e1logo de Productos\"}},{\"@type\":\"ListItem\",\"position\":3,\"item\":{\"@type\":\"WebPage\",\"@id\":\"https:\/\/www.comercialanma.es\/?product=vermouth-rojo-la-quintinye-royal-75cl\",\"url\":\"https:\/\/www.comercialanma.es\/?product=vermouth-rojo-la-quintinye-royal-75cl\",\"name\":\"Vermouth rojo La Quintinye Royal 75cl\"}}]}]}<\/script>\n<!-- \/ Yoast SEO plugin. -->","_links":{"self":[{"href":"https:\/\/www.comercialanma.es\/index.php?rest_route=\/wp\/v2\/product\/7167"}],"collection":[{"href":"https:\/\/www.comercialanma.es\/index.php?rest_route=\/wp\/v2\/product"}],"about":[{"href":"https:\/\/www.comercialanma.es\/index.php?rest_route=\/wp\/v2\/types\/product"}],"version-history":[{"count":1,"href":"https:\/\/www.comercialanma.es\/index.php?rest_route=\/wp\/v2\/product\/7167\/revisions"}],"predecessor-version":[{"id":7169,"href":"https:\/\/www.comercialanma.es\/index.php?rest_route=\/wp\/v2\/product\/7167\/revisions\/7169"}],"wp:featuredmedia":[{"embeddable":true,"href":"https:\/\/www.comercialanma.es\/index.php?rest_route=\/wp\/v2\/media\/7168"}],"wp:attachment":[{"href":"https:\/\/www.comercialanma.es\/index.php?rest_route=%2Fwp%2Fv2%2Fmedia&parent=7167"}],"curies":[{"name":"wp","href":"https:\/\/api.w.org\/{rel}","templated":true}]}}