
{"id":7178,"date":"2019-07-04T12:23:13","date_gmt":"2019-07-04T10:23:13","guid":{"rendered":"http:\/\/www.comercialanma.es\/?post_type=product&#038;p=7178"},"modified":"2019-07-04T12:27:39","modified_gmt":"2019-07-04T10:27:39","slug":"vermouth-blanco-la-quintinye-royal-75cl","status":"publish","type":"product","link":"https:\/\/www.comercialanma.es\/?product=vermouth-blanco-la-quintinye-royal-75cl","title":{"rendered":"Vermouth blanco La Quintinye Royal 75cl."},"content":{"rendered":"<p><strong>Caracter\u00edsticas<\/strong><br \/>\nLa Quintinye Vermouth Royal es una combinaci\u00f3n de Pineau des Charentes con vinos blancos de la regi\u00f3n Sur Oeste de Francia cuidadosamente seleccionados por Jean- S\u00e9bastien Robicquet. El Pineau des Charentes es un reconocido vino fortificado hecho a partir de la combinaci\u00f3n de mosto de uva y Cognac producidos en una finca con la misma denominaci\u00f3n de origen. Este proceso de fortificaci\u00f3n mantiene los aromas y los az\u00facares naturales de la uva.<\/p>\n<p>Esta composici\u00f3n \u00fanica es la base sobre la que los bot\u00e1nicos expresan sus caracter\u00edsticas \u00fanicas.<\/p>\n<p>La Quintinye Blanc tienen una base de vino Pineau des Charentes blanco. La Quintinye es un vermut perfectamente equilibrado gracias a la combinaci\u00f3n de aromas del Pineau des Charentes, que aportan cuerpo e intensidad al amargor de los bot\u00e1nicos.<\/p>\n<p>La Quintinye Rouge, Blanc y Extra-Dry comparten una base com\u00fan de 12 plantas y especias minuciosamente seleccionadas por su pureza y sus propiedades arom\u00e1ticas.<\/p>\n<p>Cada variedad se completa con una selecci\u00f3n especifica de bot\u00e1nicos que les diferencias organol\u00e9pticamente.\u00a0La Quintinye Blanc cuenta con 18 bot\u00e1nicos diferentes.<\/p>\n<p><strong>Notas de cata<\/strong><br \/>\nLa sutil combinaci\u00f3n de 18 plantas y especias junto con una mezcla de vinos blancos y de Pineau des Charentes blanco, hace que La Quintinye Blanc es espl\u00e9ndidamente redondo y sabroso con aromas c\u00edtricos y frescos.<\/p>\n<ul>\n<li>Color: Amarillo pajizo con tonos dorados.<\/li>\n<li>Nariz: Fresco y especiado, con toques c\u00edtricos y notas bals\u00e1micas y del Pineau.<\/li>\n<li>Boca: Delicado, con toques de frutas amarillas y aromas de reposter\u00eda en retrogusto, que se fusionan con las especias y un elegante toque amargo.<\/li>\n<\/ul>\n","protected":false},"excerpt":{"rendered":"<p>Nacido en los vi\u00f1edos de la Maison Villevert, en pleno coraz\u00f3n de la regi\u00f3n de Charente, Francia, se compone de ingredientes cuidadosamente seleccionados (como el Pineau des Charentes). La Quintinye Vermouth Royal es un elegante y delicado vermut de alta calidad y refinado sabor.<\/p>\n","protected":false},"featured_media":7179,"template":"","meta":{"spay_email":""},"yoast_head":"<!-- This site is optimized with the Yoast SEO plugin v15.9 - https:\/\/yoast.com\/wordpress\/plugins\/seo\/ -->\n<title>Vermouth blanco La Quintinye Royal 75cl. - Comercial de Hosteleria Anma<\/title>\n<meta name=\"robots\" content=\"index, follow, max-snippet:-1, max-image-preview:large, max-video-preview:-1\" \/>\n<link rel=\"canonical\" href=\"https:\/\/www.comercialanma.es\/?product=vermouth-blanco-la-quintinye-royal-75cl\" \/>\n<meta property=\"og:locale\" content=\"es_ES\" \/>\n<meta property=\"og:type\" content=\"article\" \/>\n<meta property=\"og:title\" content=\"Vermouth blanco La Quintinye Royal 75cl. - Comercial de Hosteleria Anma\" \/>\n<meta property=\"og:description\" content=\"Nacido en los vi\u00f1edos de la Maison Villevert, en pleno coraz\u00f3n de la regi\u00f3n de Charente, Francia, se compone de ingredientes cuidadosamente seleccionados (como el Pineau des Charentes). La Quintinye Vermouth Royal es un elegante y delicado vermut de alta calidad y refinado sabor.\" \/>\n<meta property=\"og:url\" content=\"https:\/\/www.comercialanma.es\/?product=vermouth-blanco-la-quintinye-royal-75cl\" \/>\n<meta property=\"og:site_name\" content=\"Comercial de Hosteleria Anma\" \/>\n<meta property=\"article:publisher\" content=\"https:\/\/www.facebook.com\/AnmaHosteleria\" \/>\n<meta property=\"article:modified_time\" content=\"2019-07-04T10:27:39+00:00\" \/>\n<meta property=\"og:image\" content=\"https:\/\/i2.wp.com\/www.comercialanma.es\/wp-content\/uploads\/2019\/07\/la-quintinye-blanco.jpg?fit=1200%2C1200&#038;ssl=1\" \/>\n\t<meta property=\"og:image:width\" content=\"1200\" \/>\n\t<meta property=\"og:image:height\" content=\"1200\" \/>\n<meta name=\"twitter:card\" content=\"summary_large_image\" \/>\n<meta name=\"twitter:label1\" content=\"Tiempo de lectura\">\n\t<meta name=\"twitter:data1\" content=\"1 minuto\">\n<script type=\"application\/ld+json\" class=\"yoast-schema-graph\">{\"@context\":\"https:\/\/schema.org\",\"@graph\":[{\"@type\":\"Organization\",\"@id\":\"https:\/\/www.comercialanma.es\/#organization\",\"name\":\"Comercial Anma\",\"url\":\"https:\/\/www.comercialanma.es\/\",\"sameAs\":[\"https:\/\/www.facebook.com\/AnmaHosteleria\",\"https:\/\/www.instagram.com\/anmahosteleria\/?hl=es\",\"https:\/\/www.youtube.com\/channel\/UCT2nmn08Ntks0hmpZPnDgCA\"],\"logo\":{\"@type\":\"ImageObject\",\"@id\":\"https:\/\/www.comercialanma.es\/#logo\",\"inLanguage\":\"es\",\"url\":\"https:\/\/i2.wp.com\/www.comercialanma.es\/wp-content\/uploads\/2019\/06\/logo-anma-color.png?fit=247%2C101&ssl=1\",\"width\":247,\"height\":101,\"caption\":\"Comercial Anma\"},\"image\":{\"@id\":\"https:\/\/www.comercialanma.es\/#logo\"}},{\"@type\":\"WebSite\",\"@id\":\"https:\/\/www.comercialanma.es\/#website\",\"url\":\"https:\/\/www.comercialanma.es\/\",\"name\":\"Comercial de Hosteleria Anma\",\"description\":\"\",\"publisher\":{\"@id\":\"https:\/\/www.comercialanma.es\/#organization\"},\"potentialAction\":[{\"@type\":\"SearchAction\",\"target\":\"https:\/\/www.comercialanma.es\/?s={search_term_string}\",\"query-input\":\"required name=search_term_string\"}],\"inLanguage\":\"es\"},{\"@type\":\"ImageObject\",\"@id\":\"https:\/\/www.comercialanma.es\/?product=vermouth-blanco-la-quintinye-royal-75cl#primaryimage\",\"inLanguage\":\"es\",\"url\":\"https:\/\/i2.wp.com\/www.comercialanma.es\/wp-content\/uploads\/2019\/07\/la-quintinye-blanco.jpg?fit=1200%2C1200&ssl=1\",\"width\":1200,\"height\":1200},{\"@type\":\"WebPage\",\"@id\":\"https:\/\/www.comercialanma.es\/?product=vermouth-blanco-la-quintinye-royal-75cl#webpage\",\"url\":\"https:\/\/www.comercialanma.es\/?product=vermouth-blanco-la-quintinye-royal-75cl\",\"name\":\"Vermouth blanco La Quintinye Royal 75cl. - Comercial de Hosteleria Anma\",\"isPartOf\":{\"@id\":\"https:\/\/www.comercialanma.es\/#website\"},\"primaryImageOfPage\":{\"@id\":\"https:\/\/www.comercialanma.es\/?product=vermouth-blanco-la-quintinye-royal-75cl#primaryimage\"},\"datePublished\":\"2019-07-04T10:23:13+00:00\",\"dateModified\":\"2019-07-04T10:27:39+00:00\",\"breadcrumb\":{\"@id\":\"https:\/\/www.comercialanma.es\/?product=vermouth-blanco-la-quintinye-royal-75cl#breadcrumb\"},\"inLanguage\":\"es\",\"potentialAction\":[{\"@type\":\"ReadAction\",\"target\":[\"https:\/\/www.comercialanma.es\/?product=vermouth-blanco-la-quintinye-royal-75cl\"]}]},{\"@type\":\"BreadcrumbList\",\"@id\":\"https:\/\/www.comercialanma.es\/?product=vermouth-blanco-la-quintinye-royal-75cl#breadcrumb\",\"itemListElement\":[{\"@type\":\"ListItem\",\"position\":1,\"item\":{\"@type\":\"WebPage\",\"@id\":\"https:\/\/www.comercialanma.es\/\",\"url\":\"https:\/\/www.comercialanma.es\/\",\"name\":\"Portada\"}},{\"@type\":\"ListItem\",\"position\":2,\"item\":{\"@type\":\"WebPage\",\"@id\":\"https:\/\/www.comercialanma.es\/?page_id=3963\",\"url\":\"https:\/\/www.comercialanma.es\/?page_id=3963\",\"name\":\"Cat\\u00e1logo de Productos\"}},{\"@type\":\"ListItem\",\"position\":3,\"item\":{\"@type\":\"WebPage\",\"@id\":\"https:\/\/www.comercialanma.es\/?product=vermouth-blanco-la-quintinye-royal-75cl\",\"url\":\"https:\/\/www.comercialanma.es\/?product=vermouth-blanco-la-quintinye-royal-75cl\",\"name\":\"Vermouth blanco La Quintinye Royal 75cl.\"}}]}]}<\/script>\n<!-- \/ Yoast SEO plugin. -->","_links":{"self":[{"href":"https:\/\/www.comercialanma.es\/index.php?rest_route=\/wp\/v2\/product\/7178"}],"collection":[{"href":"https:\/\/www.comercialanma.es\/index.php?rest_route=\/wp\/v2\/product"}],"about":[{"href":"https:\/\/www.comercialanma.es\/index.php?rest_route=\/wp\/v2\/types\/product"}],"version-history":[{"count":1,"href":"https:\/\/www.comercialanma.es\/index.php?rest_route=\/wp\/v2\/product\/7178\/revisions"}],"predecessor-version":[{"id":7180,"href":"https:\/\/www.comercialanma.es\/index.php?rest_route=\/wp\/v2\/product\/7178\/revisions\/7180"}],"wp:featuredmedia":[{"embeddable":true,"href":"https:\/\/www.comercialanma.es\/index.php?rest_route=\/wp\/v2\/media\/7179"}],"wp:attachment":[{"href":"https:\/\/www.comercialanma.es\/index.php?rest_route=%2Fwp%2Fv2%2Fmedia&parent=7178"}],"curies":[{"name":"wp","href":"https:\/\/api.w.org\/{rel}","templated":true}]}}