
{"id":7184,"date":"2019-07-04T12:44:51","date_gmt":"2019-07-04T10:44:51","guid":{"rendered":"http:\/\/www.comercialanma.es\/?post_type=product&#038;p=7184"},"modified":"2019-07-04T12:50:46","modified_gmt":"2019-07-04T10:50:46","slug":"vermouth-rojo-miro-1l","status":"publish","type":"product","link":"https:\/\/www.comercialanma.es\/?product=vermouth-rojo-miro-1l","title":{"rendered":"Vermouth Rojo Mir\u00f3 1L."},"content":{"rendered":"<article>\n<div id=\"herramientas_producto\">\n<div id=\"my-tab-content\">\n<div id=\"descri_product\">\n<div>\n<div id=\"tab-description\">\n<div>\n<ul>\n<li>Elaborado con la perfecta combinaci\u00f3n de hierbas arom\u00e1ticas totalmente naturales, con una maceraci\u00f3n marcada y elegante, ligeramente bals\u00e1mico.<\/li>\n<li>Sutilmente dulce con un ligero toque amargo, muy sedoso, de paso f\u00e1cil, ligero y grato recuerdo final, siempre siguiendo la receta familiar mejor guardada a lo largo de los a\u00f1os, que le hace inimitable por su exquisito sabor \u00fanico.<\/li>\n<\/ul>\n<\/div>\n<\/div>\n<\/div>\n<\/div>\n<\/div>\n<\/div>\n<\/article>\n<aside class=\"col-md-3 col-sm-6 col-xs-12\">\n<h3><\/h3>\n<\/aside>\n","protected":false},"excerpt":{"rendered":"<div id=\"info_valoracion\">\n<p>El Mir\u00f3 rojo sigue siendo el aut\u00e9ntico vermut de Reus. Su color rojo rub\u00ed con matices de color teja, sus inconfundibles aromas y sabor a base de hierbas aperitivas, estimula y refresca.<\/p>\n<\/div>\n<p>&nbsp;<\/p>\n","protected":false},"featured_media":7185,"template":"","meta":{"spay_email":""},"yoast_head":"<!-- This site is optimized with the Yoast SEO plugin v15.9 - https:\/\/yoast.com\/wordpress\/plugins\/seo\/ -->\n<title>Vermouth Rojo Mir\u00f3 1L. - Comercial de Hosteleria Anma<\/title>\n<meta name=\"robots\" content=\"index, follow, max-snippet:-1, max-image-preview:large, max-video-preview:-1\" \/>\n<link rel=\"canonical\" href=\"https:\/\/www.comercialanma.es\/?product=vermouth-rojo-miro-1l\" \/>\n<meta property=\"og:locale\" content=\"es_ES\" \/>\n<meta property=\"og:type\" content=\"article\" \/>\n<meta property=\"og:title\" content=\"Vermouth Rojo Mir\u00f3 1L. - Comercial de Hosteleria Anma\" \/>\n<meta property=\"og:description\" content=\"El Mir\u00f3 rojo sigue siendo el aut\u00e9ntico vermut de Reus. Su color rojo rub\u00ed con matices de color teja, sus inconfundibles aromas y sabor a base de hierbas aperitivas, estimula y refresca.   &nbsp;\" \/>\n<meta property=\"og:url\" content=\"https:\/\/www.comercialanma.es\/?product=vermouth-rojo-miro-1l\" \/>\n<meta property=\"og:site_name\" content=\"Comercial de Hosteleria Anma\" \/>\n<meta property=\"article:publisher\" content=\"https:\/\/www.facebook.com\/AnmaHosteleria\" \/>\n<meta property=\"article:modified_time\" content=\"2019-07-04T10:50:46+00:00\" \/>\n<meta property=\"og:image\" content=\"https:\/\/i2.wp.com\/www.comercialanma.es\/wp-content\/uploads\/2019\/07\/vermouth-rojo-miro-1l.jpg?fit=1200%2C1200&#038;ssl=1\" \/>\n\t<meta property=\"og:image:width\" content=\"1200\" \/>\n\t<meta property=\"og:image:height\" content=\"1200\" \/>\n<meta name=\"twitter:card\" content=\"summary_large_image\" \/>\n<script type=\"application\/ld+json\" class=\"yoast-schema-graph\">{\"@context\":\"https:\/\/schema.org\",\"@graph\":[{\"@type\":\"Organization\",\"@id\":\"https:\/\/www.comercialanma.es\/#organization\",\"name\":\"Comercial Anma\",\"url\":\"https:\/\/www.comercialanma.es\/\",\"sameAs\":[\"https:\/\/www.facebook.com\/AnmaHosteleria\",\"https:\/\/www.instagram.com\/anmahosteleria\/?hl=es\",\"https:\/\/www.youtube.com\/channel\/UCT2nmn08Ntks0hmpZPnDgCA\"],\"logo\":{\"@type\":\"ImageObject\",\"@id\":\"https:\/\/www.comercialanma.es\/#logo\",\"inLanguage\":\"es\",\"url\":\"https:\/\/i2.wp.com\/www.comercialanma.es\/wp-content\/uploads\/2019\/06\/logo-anma-color.png?fit=247%2C101&ssl=1\",\"width\":247,\"height\":101,\"caption\":\"Comercial Anma\"},\"image\":{\"@id\":\"https:\/\/www.comercialanma.es\/#logo\"}},{\"@type\":\"WebSite\",\"@id\":\"https:\/\/www.comercialanma.es\/#website\",\"url\":\"https:\/\/www.comercialanma.es\/\",\"name\":\"Comercial de Hosteleria Anma\",\"description\":\"\",\"publisher\":{\"@id\":\"https:\/\/www.comercialanma.es\/#organization\"},\"potentialAction\":[{\"@type\":\"SearchAction\",\"target\":\"https:\/\/www.comercialanma.es\/?s={search_term_string}\",\"query-input\":\"required name=search_term_string\"}],\"inLanguage\":\"es\"},{\"@type\":\"ImageObject\",\"@id\":\"https:\/\/www.comercialanma.es\/?product=vermouth-rojo-miro-1l#primaryimage\",\"inLanguage\":\"es\",\"url\":\"https:\/\/i2.wp.com\/www.comercialanma.es\/wp-content\/uploads\/2019\/07\/vermouth-rojo-miro-1l.jpg?fit=1200%2C1200&ssl=1\",\"width\":1200,\"height\":1200},{\"@type\":\"WebPage\",\"@id\":\"https:\/\/www.comercialanma.es\/?product=vermouth-rojo-miro-1l#webpage\",\"url\":\"https:\/\/www.comercialanma.es\/?product=vermouth-rojo-miro-1l\",\"name\":\"Vermouth Rojo Mir\\u00f3 1L. - Comercial de Hosteleria Anma\",\"isPartOf\":{\"@id\":\"https:\/\/www.comercialanma.es\/#website\"},\"primaryImageOfPage\":{\"@id\":\"https:\/\/www.comercialanma.es\/?product=vermouth-rojo-miro-1l#primaryimage\"},\"datePublished\":\"2019-07-04T10:44:51+00:00\",\"dateModified\":\"2019-07-04T10:50:46+00:00\",\"breadcrumb\":{\"@id\":\"https:\/\/www.comercialanma.es\/?product=vermouth-rojo-miro-1l#breadcrumb\"},\"inLanguage\":\"es\",\"potentialAction\":[{\"@type\":\"ReadAction\",\"target\":[\"https:\/\/www.comercialanma.es\/?product=vermouth-rojo-miro-1l\"]}]},{\"@type\":\"BreadcrumbList\",\"@id\":\"https:\/\/www.comercialanma.es\/?product=vermouth-rojo-miro-1l#breadcrumb\",\"itemListElement\":[{\"@type\":\"ListItem\",\"position\":1,\"item\":{\"@type\":\"WebPage\",\"@id\":\"https:\/\/www.comercialanma.es\/\",\"url\":\"https:\/\/www.comercialanma.es\/\",\"name\":\"Portada\"}},{\"@type\":\"ListItem\",\"position\":2,\"item\":{\"@type\":\"WebPage\",\"@id\":\"https:\/\/www.comercialanma.es\/?page_id=3963\",\"url\":\"https:\/\/www.comercialanma.es\/?page_id=3963\",\"name\":\"Cat\\u00e1logo de Productos\"}},{\"@type\":\"ListItem\",\"position\":3,\"item\":{\"@type\":\"WebPage\",\"@id\":\"https:\/\/www.comercialanma.es\/?product=vermouth-rojo-miro-1l\",\"url\":\"https:\/\/www.comercialanma.es\/?product=vermouth-rojo-miro-1l\",\"name\":\"Vermouth Rojo Mir\\u00f3 1L.\"}}]}]}<\/script>\n<!-- \/ Yoast SEO plugin. -->","_links":{"self":[{"href":"https:\/\/www.comercialanma.es\/index.php?rest_route=\/wp\/v2\/product\/7184"}],"collection":[{"href":"https:\/\/www.comercialanma.es\/index.php?rest_route=\/wp\/v2\/product"}],"about":[{"href":"https:\/\/www.comercialanma.es\/index.php?rest_route=\/wp\/v2\/types\/product"}],"version-history":[{"count":1,"href":"https:\/\/www.comercialanma.es\/index.php?rest_route=\/wp\/v2\/product\/7184\/revisions"}],"predecessor-version":[{"id":7186,"href":"https:\/\/www.comercialanma.es\/index.php?rest_route=\/wp\/v2\/product\/7184\/revisions\/7186"}],"wp:featuredmedia":[{"embeddable":true,"href":"https:\/\/www.comercialanma.es\/index.php?rest_route=\/wp\/v2\/media\/7185"}],"wp:attachment":[{"href":"https:\/\/www.comercialanma.es\/index.php?rest_route=%2Fwp%2Fv2%2Fmedia&parent=7184"}],"curies":[{"name":"wp","href":"https:\/\/api.w.org\/{rel}","templated":true}]}}