
{"id":7296,"date":"2019-07-05T10:00:19","date_gmt":"2019-07-05T08:00:19","guid":{"rendered":"http:\/\/www.comercialanma.es\/?post_type=product&#038;p=7296"},"modified":"2019-07-05T10:09:35","modified_gmt":"2019-07-05T08:09:35","slug":"cognac-armagnac-saint-vivant-70cl","status":"publish","type":"product","link":"https:\/\/www.comercialanma.es\/?product=cognac-armagnac-saint-vivant-70cl","title":{"rendered":"Cognac Armagnac Saint Vivant 70cl."},"content":{"rendered":"<div class=\"row notacata nomargin\">\n<div class=\"notacata-container\"><\/div>\n<\/div>\n<div class=\"clear\"><\/div>\n<h2><\/h2>\n","protected":false},"excerpt":{"rendered":"<p>El armagnac Sain Vivant, es un destilado tipo brandy suave de gran calidad. Las uvas son fermentadas y se destilan en un tradicional alambique de cobre. Despu\u00e9s se procede a un envejecimiento en barricas de roble. La leyenda de los Armagnacs Saint Vivant se remonta a 1559. Saint Vivant de La Salle, noble se\u00f1or que pose\u00eda numerosos vi\u00f1edos en Gasco\u00f1a, cre\u00f3 un nuevo licor accidentalmente y qued\u00f3 encantado con el resultado. Lo bautiz\u00f3 con el nombre de su regi\u00f3n, Arma\u00f1ac, y se convertir\u00eda en uno de los aguardientes m\u00e1s prestigiosos de Francia.<\/p>\n","protected":false},"featured_media":7300,"template":"","meta":{"spay_email":""},"yoast_head":"<!-- This site is optimized with the Yoast SEO plugin v15.9 - https:\/\/yoast.com\/wordpress\/plugins\/seo\/ -->\n<title>Cognac Armagnac Saint Vivant 70cl. - Comercial de Hosteleria Anma<\/title>\n<meta name=\"robots\" content=\"index, follow, max-snippet:-1, max-image-preview:large, max-video-preview:-1\" \/>\n<link rel=\"canonical\" href=\"https:\/\/www.comercialanma.es\/?product=cognac-armagnac-saint-vivant-70cl\" \/>\n<meta property=\"og:locale\" content=\"es_ES\" \/>\n<meta property=\"og:type\" content=\"article\" \/>\n<meta property=\"og:title\" content=\"Cognac Armagnac Saint Vivant 70cl. - Comercial de Hosteleria Anma\" \/>\n<meta property=\"og:description\" content=\"El armagnac Sain Vivant, es un destilado tipo brandy suave de gran calidad. Las uvas son fermentadas y se destilan en un tradicional alambique de cobre. Despu\u00e9s se procede a un envejecimiento en barricas de roble. La leyenda de los Armagnacs Saint Vivant se remonta a 1559. Saint Vivant de La Salle, noble se\u00f1or que pose\u00eda numerosos vi\u00f1edos en Gasco\u00f1a, cre\u00f3 un nuevo licor accidentalmente y qued\u00f3 encantado con el resultado. Lo bautiz\u00f3 con el nombre de su regi\u00f3n, Arma\u00f1ac, y se convertir\u00eda en uno de los aguardientes m\u00e1s prestigiosos de Francia.\" \/>\n<meta property=\"og:url\" content=\"https:\/\/www.comercialanma.es\/?product=cognac-armagnac-saint-vivant-70cl\" \/>\n<meta property=\"og:site_name\" content=\"Comercial de Hosteleria Anma\" \/>\n<meta property=\"article:publisher\" content=\"https:\/\/www.facebook.com\/AnmaHosteleria\" \/>\n<meta property=\"article:modified_time\" content=\"2019-07-05T08:09:35+00:00\" \/>\n<meta property=\"og:image\" content=\"https:\/\/i0.wp.com\/www.comercialanma.es\/wp-content\/uploads\/2019\/07\/Armagnac-Saint-vivant-.jpg?fit=1200%2C1200&#038;ssl=1\" \/>\n\t<meta property=\"og:image:width\" content=\"1200\" \/>\n\t<meta property=\"og:image:height\" content=\"1200\" \/>\n<meta name=\"twitter:card\" content=\"summary_large_image\" \/>\n<script type=\"application\/ld+json\" class=\"yoast-schema-graph\">{\"@context\":\"https:\/\/schema.org\",\"@graph\":[{\"@type\":\"Organization\",\"@id\":\"https:\/\/www.comercialanma.es\/#organization\",\"name\":\"Comercial Anma\",\"url\":\"https:\/\/www.comercialanma.es\/\",\"sameAs\":[\"https:\/\/www.facebook.com\/AnmaHosteleria\",\"https:\/\/www.instagram.com\/anmahosteleria\/?hl=es\",\"https:\/\/www.youtube.com\/channel\/UCT2nmn08Ntks0hmpZPnDgCA\"],\"logo\":{\"@type\":\"ImageObject\",\"@id\":\"https:\/\/www.comercialanma.es\/#logo\",\"inLanguage\":\"es\",\"url\":\"https:\/\/i2.wp.com\/www.comercialanma.es\/wp-content\/uploads\/2019\/06\/logo-anma-color.png?fit=247%2C101&ssl=1\",\"width\":247,\"height\":101,\"caption\":\"Comercial Anma\"},\"image\":{\"@id\":\"https:\/\/www.comercialanma.es\/#logo\"}},{\"@type\":\"WebSite\",\"@id\":\"https:\/\/www.comercialanma.es\/#website\",\"url\":\"https:\/\/www.comercialanma.es\/\",\"name\":\"Comercial de Hosteleria Anma\",\"description\":\"\",\"publisher\":{\"@id\":\"https:\/\/www.comercialanma.es\/#organization\"},\"potentialAction\":[{\"@type\":\"SearchAction\",\"target\":\"https:\/\/www.comercialanma.es\/?s={search_term_string}\",\"query-input\":\"required name=search_term_string\"}],\"inLanguage\":\"es\"},{\"@type\":\"ImageObject\",\"@id\":\"https:\/\/www.comercialanma.es\/?product=cognac-armagnac-saint-vivant-70cl#primaryimage\",\"inLanguage\":\"es\",\"url\":\"https:\/\/i0.wp.com\/www.comercialanma.es\/wp-content\/uploads\/2019\/07\/Armagnac-Saint-vivant-.jpg?fit=1200%2C1200&ssl=1\",\"width\":1200,\"height\":1200},{\"@type\":\"WebPage\",\"@id\":\"https:\/\/www.comercialanma.es\/?product=cognac-armagnac-saint-vivant-70cl#webpage\",\"url\":\"https:\/\/www.comercialanma.es\/?product=cognac-armagnac-saint-vivant-70cl\",\"name\":\"Cognac Armagnac Saint Vivant 70cl. - Comercial de Hosteleria Anma\",\"isPartOf\":{\"@id\":\"https:\/\/www.comercialanma.es\/#website\"},\"primaryImageOfPage\":{\"@id\":\"https:\/\/www.comercialanma.es\/?product=cognac-armagnac-saint-vivant-70cl#primaryimage\"},\"datePublished\":\"2019-07-05T08:00:19+00:00\",\"dateModified\":\"2019-07-05T08:09:35+00:00\",\"breadcrumb\":{\"@id\":\"https:\/\/www.comercialanma.es\/?product=cognac-armagnac-saint-vivant-70cl#breadcrumb\"},\"inLanguage\":\"es\",\"potentialAction\":[{\"@type\":\"ReadAction\",\"target\":[\"https:\/\/www.comercialanma.es\/?product=cognac-armagnac-saint-vivant-70cl\"]}]},{\"@type\":\"BreadcrumbList\",\"@id\":\"https:\/\/www.comercialanma.es\/?product=cognac-armagnac-saint-vivant-70cl#breadcrumb\",\"itemListElement\":[{\"@type\":\"ListItem\",\"position\":1,\"item\":{\"@type\":\"WebPage\",\"@id\":\"https:\/\/www.comercialanma.es\/\",\"url\":\"https:\/\/www.comercialanma.es\/\",\"name\":\"Portada\"}},{\"@type\":\"ListItem\",\"position\":2,\"item\":{\"@type\":\"WebPage\",\"@id\":\"https:\/\/www.comercialanma.es\/?page_id=3963\",\"url\":\"https:\/\/www.comercialanma.es\/?page_id=3963\",\"name\":\"Cat\\u00e1logo de Productos\"}},{\"@type\":\"ListItem\",\"position\":3,\"item\":{\"@type\":\"WebPage\",\"@id\":\"https:\/\/www.comercialanma.es\/?product=cognac-armagnac-saint-vivant-70cl\",\"url\":\"https:\/\/www.comercialanma.es\/?product=cognac-armagnac-saint-vivant-70cl\",\"name\":\"Cognac Armagnac Saint Vivant 70cl.\"}}]}]}<\/script>\n<!-- \/ Yoast SEO plugin. -->","_links":{"self":[{"href":"https:\/\/www.comercialanma.es\/index.php?rest_route=\/wp\/v2\/product\/7296"}],"collection":[{"href":"https:\/\/www.comercialanma.es\/index.php?rest_route=\/wp\/v2\/product"}],"about":[{"href":"https:\/\/www.comercialanma.es\/index.php?rest_route=\/wp\/v2\/types\/product"}],"version-history":[{"count":1,"href":"https:\/\/www.comercialanma.es\/index.php?rest_route=\/wp\/v2\/product\/7296\/revisions"}],"predecessor-version":[{"id":7298,"href":"https:\/\/www.comercialanma.es\/index.php?rest_route=\/wp\/v2\/product\/7296\/revisions\/7298"}],"wp:featuredmedia":[{"embeddable":true,"href":"https:\/\/www.comercialanma.es\/index.php?rest_route=\/wp\/v2\/media\/7300"}],"wp:attachment":[{"href":"https:\/\/www.comercialanma.es\/index.php?rest_route=%2Fwp%2Fv2%2Fmedia&parent=7296"}],"curies":[{"name":"wp","href":"https:\/\/api.w.org\/{rel}","templated":true}]}}