
{"id":7319,"date":"2019-07-05T10:52:26","date_gmt":"2019-07-05T08:52:26","guid":{"rendered":"http:\/\/www.comercialanma.es\/?post_type=product&#038;p=7319"},"modified":"2019-07-05T10:56:23","modified_gmt":"2019-07-05T08:56:23","slug":"ginebra-larios-1l","status":"publish","type":"product","link":"https:\/\/www.comercialanma.es\/?product=ginebra-larios-1l","title":{"rendered":"Ginebra Larios 1L."},"content":{"rendered":"","protected":false},"excerpt":{"rendered":"<p>Larios Dry Gin alcanz\u00f3 su renombre actual durante los a\u00f1os 80. Sin embargo, la famosa reputaci\u00f3n mundial de Larios se remonta a 1866, cuando Charles Lamothe, el empresario vin\u00edcola franc\u00e9s, y su asociado espa\u00f1ol, Fernando Jim\u00e9nez, fundaron la compa\u00f1\u00eda Jim\u00e9nez Lamothe. Sus destiler\u00edas de M\u00e1laga y Manzanares fueron pioneras en Espa\u00f1a.<\/p>\n<p>En 1916, el tercer marqu\u00e9s, Jos\u00e9 Aurelio Larios, que proporcion\u00f3 el apoyo financiero a Jim\u00e9nez y Lamothe, compr\u00f3 la compa\u00f1\u00eda y cambi\u00f3 el nombre a Larios &amp; C\u00eda. En 1932, Larios Dry Gin recibi\u00f3 el nombre por el que es bien conocido hoy en d\u00eda.<\/p>\n<p>Larios Dry Gin est\u00e1 producida de acuerdo con la receta de dry gin de Londres usando ingredientes naturales como bayas de enebro, cilantro y c\u00e1scara de naranja. Se somete a doble destilaci\u00f3n en alambiques tradicionales Caracterizado por la claridad, la frescura del aroma y el delicado sabor a c\u00edtricos. Limpio en el paladar con un final persistente. M\u00e1s seco y liso que el tradicional London Dry gins.<\/p>\n","protected":false},"featured_media":7320,"template":"","meta":{"spay_email":""},"yoast_head":"<!-- This site is optimized with the Yoast SEO plugin v15.9 - https:\/\/yoast.com\/wordpress\/plugins\/seo\/ -->\n<title>Ginebra Larios 1L. - Comercial de Hosteleria Anma<\/title>\n<meta name=\"robots\" content=\"index, follow, max-snippet:-1, max-image-preview:large, max-video-preview:-1\" \/>\n<link rel=\"canonical\" href=\"https:\/\/www.comercialanma.es\/?product=ginebra-larios-1l\" \/>\n<meta property=\"og:locale\" content=\"es_ES\" \/>\n<meta property=\"og:type\" content=\"article\" \/>\n<meta property=\"og:title\" content=\"Ginebra Larios 1L. - Comercial de Hosteleria Anma\" \/>\n<meta property=\"og:description\" content=\"Larios Dry Gin alcanz\u00f3 su renombre actual durante los a\u00f1os 80. Sin embargo, la famosa reputaci\u00f3n mundial de Larios se remonta a 1866, cuando Charles Lamothe, el empresario vin\u00edcola franc\u00e9s, y su asociado espa\u00f1ol, Fernando Jim\u00e9nez, fundaron la compa\u00f1\u00eda Jim\u00e9nez Lamothe. Sus destiler\u00edas de M\u00e1laga y Manzanares fueron pioneras en Espa\u00f1a.  En 1916, el tercer marqu\u00e9s, Jos\u00e9 Aurelio Larios, que proporcion\u00f3 el apoyo financiero a Jim\u00e9nez y Lamothe, compr\u00f3 la compa\u00f1\u00eda y cambi\u00f3 el nombre a Larios &amp; C\u00eda. En 1932, Larios Dry Gin recibi\u00f3 el nombre por el que es bien conocido hoy en d\u00eda.  Larios Dry Gin est\u00e1 producida de acuerdo con la receta de dry gin de Londres usando ingredientes naturales como bayas de enebro, cilantro y c\u00e1scara de naranja. Se somete a doble destilaci\u00f3n en alambiques tradicionales Caracterizado por la claridad, la frescura del aroma y el delicado sabor a c\u00edtricos. Limpio en el paladar con un final persistente. M\u00e1s seco y liso que el tradicional London Dry gins.\" \/>\n<meta property=\"og:url\" content=\"https:\/\/www.comercialanma.es\/?product=ginebra-larios-1l\" \/>\n<meta property=\"og:site_name\" content=\"Comercial de Hosteleria Anma\" \/>\n<meta property=\"article:publisher\" content=\"https:\/\/www.facebook.com\/AnmaHosteleria\" \/>\n<meta property=\"article:modified_time\" content=\"2019-07-05T08:56:23+00:00\" \/>\n<meta property=\"og:image\" content=\"https:\/\/i1.wp.com\/www.comercialanma.es\/wp-content\/uploads\/2019\/07\/Larios-1L..jpg?fit=1200%2C1200&#038;ssl=1\" \/>\n\t<meta property=\"og:image:width\" content=\"1200\" \/>\n\t<meta property=\"og:image:height\" content=\"1200\" \/>\n<meta name=\"twitter:card\" content=\"summary_large_image\" \/>\n<script type=\"application\/ld+json\" class=\"yoast-schema-graph\">{\"@context\":\"https:\/\/schema.org\",\"@graph\":[{\"@type\":\"Organization\",\"@id\":\"https:\/\/www.comercialanma.es\/#organization\",\"name\":\"Comercial Anma\",\"url\":\"https:\/\/www.comercialanma.es\/\",\"sameAs\":[\"https:\/\/www.facebook.com\/AnmaHosteleria\",\"https:\/\/www.instagram.com\/anmahosteleria\/?hl=es\",\"https:\/\/www.youtube.com\/channel\/UCT2nmn08Ntks0hmpZPnDgCA\"],\"logo\":{\"@type\":\"ImageObject\",\"@id\":\"https:\/\/www.comercialanma.es\/#logo\",\"inLanguage\":\"es\",\"url\":\"https:\/\/i2.wp.com\/www.comercialanma.es\/wp-content\/uploads\/2019\/06\/logo-anma-color.png?fit=247%2C101&ssl=1\",\"width\":247,\"height\":101,\"caption\":\"Comercial Anma\"},\"image\":{\"@id\":\"https:\/\/www.comercialanma.es\/#logo\"}},{\"@type\":\"WebSite\",\"@id\":\"https:\/\/www.comercialanma.es\/#website\",\"url\":\"https:\/\/www.comercialanma.es\/\",\"name\":\"Comercial de Hosteleria Anma\",\"description\":\"\",\"publisher\":{\"@id\":\"https:\/\/www.comercialanma.es\/#organization\"},\"potentialAction\":[{\"@type\":\"SearchAction\",\"target\":\"https:\/\/www.comercialanma.es\/?s={search_term_string}\",\"query-input\":\"required name=search_term_string\"}],\"inLanguage\":\"es\"},{\"@type\":\"ImageObject\",\"@id\":\"https:\/\/www.comercialanma.es\/?product=ginebra-larios-1l#primaryimage\",\"inLanguage\":\"es\",\"url\":\"https:\/\/i1.wp.com\/www.comercialanma.es\/wp-content\/uploads\/2019\/07\/Larios-1L..jpg?fit=1200%2C1200&ssl=1\",\"width\":1200,\"height\":1200},{\"@type\":\"WebPage\",\"@id\":\"https:\/\/www.comercialanma.es\/?product=ginebra-larios-1l#webpage\",\"url\":\"https:\/\/www.comercialanma.es\/?product=ginebra-larios-1l\",\"name\":\"Ginebra Larios 1L. - Comercial de Hosteleria Anma\",\"isPartOf\":{\"@id\":\"https:\/\/www.comercialanma.es\/#website\"},\"primaryImageOfPage\":{\"@id\":\"https:\/\/www.comercialanma.es\/?product=ginebra-larios-1l#primaryimage\"},\"datePublished\":\"2019-07-05T08:52:26+00:00\",\"dateModified\":\"2019-07-05T08:56:23+00:00\",\"breadcrumb\":{\"@id\":\"https:\/\/www.comercialanma.es\/?product=ginebra-larios-1l#breadcrumb\"},\"inLanguage\":\"es\",\"potentialAction\":[{\"@type\":\"ReadAction\",\"target\":[\"https:\/\/www.comercialanma.es\/?product=ginebra-larios-1l\"]}]},{\"@type\":\"BreadcrumbList\",\"@id\":\"https:\/\/www.comercialanma.es\/?product=ginebra-larios-1l#breadcrumb\",\"itemListElement\":[{\"@type\":\"ListItem\",\"position\":1,\"item\":{\"@type\":\"WebPage\",\"@id\":\"https:\/\/www.comercialanma.es\/\",\"url\":\"https:\/\/www.comercialanma.es\/\",\"name\":\"Portada\"}},{\"@type\":\"ListItem\",\"position\":2,\"item\":{\"@type\":\"WebPage\",\"@id\":\"https:\/\/www.comercialanma.es\/?page_id=3963\",\"url\":\"https:\/\/www.comercialanma.es\/?page_id=3963\",\"name\":\"Cat\\u00e1logo de Productos\"}},{\"@type\":\"ListItem\",\"position\":3,\"item\":{\"@type\":\"WebPage\",\"@id\":\"https:\/\/www.comercialanma.es\/?product=ginebra-larios-1l\",\"url\":\"https:\/\/www.comercialanma.es\/?product=ginebra-larios-1l\",\"name\":\"Ginebra Larios 1L.\"}}]}]}<\/script>\n<!-- \/ Yoast SEO plugin. -->","_links":{"self":[{"href":"https:\/\/www.comercialanma.es\/index.php?rest_route=\/wp\/v2\/product\/7319"}],"collection":[{"href":"https:\/\/www.comercialanma.es\/index.php?rest_route=\/wp\/v2\/product"}],"about":[{"href":"https:\/\/www.comercialanma.es\/index.php?rest_route=\/wp\/v2\/types\/product"}],"version-history":[{"count":1,"href":"https:\/\/www.comercialanma.es\/index.php?rest_route=\/wp\/v2\/product\/7319\/revisions"}],"predecessor-version":[{"id":7321,"href":"https:\/\/www.comercialanma.es\/index.php?rest_route=\/wp\/v2\/product\/7319\/revisions\/7321"}],"wp:featuredmedia":[{"embeddable":true,"href":"https:\/\/www.comercialanma.es\/index.php?rest_route=\/wp\/v2\/media\/7320"}],"wp:attachment":[{"href":"https:\/\/www.comercialanma.es\/index.php?rest_route=%2Fwp%2Fv2%2Fmedia&parent=7319"}],"curies":[{"name":"wp","href":"https:\/\/api.w.org\/{rel}","templated":true}]}}