
{"id":7340,"date":"2019-07-05T11:43:45","date_gmt":"2019-07-05T09:43:45","guid":{"rendered":"http:\/\/www.comercialanma.es\/?post_type=product&#038;p=7340"},"modified":"2019-07-05T11:57:05","modified_gmt":"2019-07-05T09:57:05","slug":"ginebra-rives-1l","status":"publish","type":"product","link":"https:\/\/www.comercialanma.es\/?product=ginebra-rives-1l","title":{"rendered":"Ginebra Rives 1L."},"content":{"rendered":"","protected":false},"excerpt":{"rendered":"<p>En la elaboraci\u00f3n de esta excelente ginebra se han utilizado 9 especies bot\u00e1nicas seleccionadas y que son: enebros del mediterraneo, coriandro procedente de Bulgaria, cilantro de Rusia, las semillas y ra\u00edz de Ang\u00e9lica de B\u00e9lgica, naranja amarga de Sevilla, lim\u00f3n de Valencia, orris o polvo de ra\u00edz de Lirio de Italia, liquorice de China y cassia de Filipinas.Para la obtenci\u00f3n de este producto se ha utilizado la destilaci\u00f3n tradicional en alambiques de cobre especiales, al estilo London Dry Gin, y con un esmerado proceso donde se ha utilizado alcohol destilado en la propia destiler\u00eda, agua pur\u00edsima y limpieza de las botellas con la propia ginebra Rives para no alterar su sabor y cualidades. La Ginebra Rives se caracteriza por un aroma y sabor suave, con un alcohol que se integra perfectamente en la boca, fresco y con un postgusto muy agradable por los c\u00edtricos que utiliza<\/p>\n","protected":false},"featured_media":7341,"template":"","meta":{"spay_email":""},"yoast_head":"<!-- This site is optimized with the Yoast SEO plugin v15.9 - https:\/\/yoast.com\/wordpress\/plugins\/seo\/ -->\n<title>Ginebra Rives 1L. - Comercial de Hosteleria Anma<\/title>\n<meta name=\"robots\" content=\"index, follow, max-snippet:-1, max-image-preview:large, max-video-preview:-1\" \/>\n<link rel=\"canonical\" href=\"https:\/\/www.comercialanma.es\/?product=ginebra-rives-1l\" \/>\n<meta property=\"og:locale\" content=\"es_ES\" \/>\n<meta property=\"og:type\" content=\"article\" \/>\n<meta property=\"og:title\" content=\"Ginebra Rives 1L. - Comercial de Hosteleria Anma\" \/>\n<meta property=\"og:description\" content=\"En la elaboraci\u00f3n de esta excelente ginebra se han utilizado 9 especies bot\u00e1nicas seleccionadas y que son: enebros del mediterraneo, coriandro procedente de Bulgaria, cilantro de Rusia, las semillas y ra\u00edz de Ang\u00e9lica de B\u00e9lgica, naranja amarga de Sevilla, lim\u00f3n de Valencia, orris o polvo de ra\u00edz de Lirio de Italia, liquorice de China y cassia de Filipinas.Para la obtenci\u00f3n de este producto se ha utilizado la destilaci\u00f3n tradicional en alambiques de cobre especiales, al estilo London Dry Gin, y con un esmerado proceso donde se ha utilizado alcohol destilado en la propia destiler\u00eda, agua pur\u00edsima y limpieza de las botellas con la propia ginebra Rives para no alterar su sabor y cualidades. La Ginebra Rives se caracteriza por un aroma y sabor suave, con un alcohol que se integra perfectamente en la boca, fresco y con un postgusto muy agradable por los c\u00edtricos que utiliza\" \/>\n<meta property=\"og:url\" content=\"https:\/\/www.comercialanma.es\/?product=ginebra-rives-1l\" \/>\n<meta property=\"og:site_name\" content=\"Comercial de Hosteleria Anma\" \/>\n<meta property=\"article:publisher\" content=\"https:\/\/www.facebook.com\/AnmaHosteleria\" \/>\n<meta property=\"article:modified_time\" content=\"2019-07-05T09:57:05+00:00\" \/>\n<meta property=\"og:image\" content=\"https:\/\/i1.wp.com\/www.comercialanma.es\/wp-content\/uploads\/2019\/07\/Gin-Rives-1L..jpg?fit=1200%2C1200&#038;ssl=1\" \/>\n\t<meta property=\"og:image:width\" content=\"1200\" \/>\n\t<meta property=\"og:image:height\" content=\"1200\" \/>\n<meta name=\"twitter:card\" content=\"summary_large_image\" \/>\n<script type=\"application\/ld+json\" class=\"yoast-schema-graph\">{\"@context\":\"https:\/\/schema.org\",\"@graph\":[{\"@type\":\"Organization\",\"@id\":\"https:\/\/www.comercialanma.es\/#organization\",\"name\":\"Comercial Anma\",\"url\":\"https:\/\/www.comercialanma.es\/\",\"sameAs\":[\"https:\/\/www.facebook.com\/AnmaHosteleria\",\"https:\/\/www.instagram.com\/anmahosteleria\/?hl=es\",\"https:\/\/www.youtube.com\/channel\/UCT2nmn08Ntks0hmpZPnDgCA\"],\"logo\":{\"@type\":\"ImageObject\",\"@id\":\"https:\/\/www.comercialanma.es\/#logo\",\"inLanguage\":\"es\",\"url\":\"https:\/\/i2.wp.com\/www.comercialanma.es\/wp-content\/uploads\/2019\/06\/logo-anma-color.png?fit=247%2C101&ssl=1\",\"width\":247,\"height\":101,\"caption\":\"Comercial Anma\"},\"image\":{\"@id\":\"https:\/\/www.comercialanma.es\/#logo\"}},{\"@type\":\"WebSite\",\"@id\":\"https:\/\/www.comercialanma.es\/#website\",\"url\":\"https:\/\/www.comercialanma.es\/\",\"name\":\"Comercial de Hosteleria Anma\",\"description\":\"\",\"publisher\":{\"@id\":\"https:\/\/www.comercialanma.es\/#organization\"},\"potentialAction\":[{\"@type\":\"SearchAction\",\"target\":\"https:\/\/www.comercialanma.es\/?s={search_term_string}\",\"query-input\":\"required name=search_term_string\"}],\"inLanguage\":\"es\"},{\"@type\":\"ImageObject\",\"@id\":\"https:\/\/www.comercialanma.es\/?product=ginebra-rives-1l#primaryimage\",\"inLanguage\":\"es\",\"url\":\"https:\/\/i1.wp.com\/www.comercialanma.es\/wp-content\/uploads\/2019\/07\/Gin-Rives-1L..jpg?fit=1200%2C1200&ssl=1\",\"width\":1200,\"height\":1200},{\"@type\":\"WebPage\",\"@id\":\"https:\/\/www.comercialanma.es\/?product=ginebra-rives-1l#webpage\",\"url\":\"https:\/\/www.comercialanma.es\/?product=ginebra-rives-1l\",\"name\":\"Ginebra Rives 1L. - Comercial de Hosteleria Anma\",\"isPartOf\":{\"@id\":\"https:\/\/www.comercialanma.es\/#website\"},\"primaryImageOfPage\":{\"@id\":\"https:\/\/www.comercialanma.es\/?product=ginebra-rives-1l#primaryimage\"},\"datePublished\":\"2019-07-05T09:43:45+00:00\",\"dateModified\":\"2019-07-05T09:57:05+00:00\",\"breadcrumb\":{\"@id\":\"https:\/\/www.comercialanma.es\/?product=ginebra-rives-1l#breadcrumb\"},\"inLanguage\":\"es\",\"potentialAction\":[{\"@type\":\"ReadAction\",\"target\":[\"https:\/\/www.comercialanma.es\/?product=ginebra-rives-1l\"]}]},{\"@type\":\"BreadcrumbList\",\"@id\":\"https:\/\/www.comercialanma.es\/?product=ginebra-rives-1l#breadcrumb\",\"itemListElement\":[{\"@type\":\"ListItem\",\"position\":1,\"item\":{\"@type\":\"WebPage\",\"@id\":\"https:\/\/www.comercialanma.es\/\",\"url\":\"https:\/\/www.comercialanma.es\/\",\"name\":\"Portada\"}},{\"@type\":\"ListItem\",\"position\":2,\"item\":{\"@type\":\"WebPage\",\"@id\":\"https:\/\/www.comercialanma.es\/?page_id=3963\",\"url\":\"https:\/\/www.comercialanma.es\/?page_id=3963\",\"name\":\"Cat\\u00e1logo de Productos\"}},{\"@type\":\"ListItem\",\"position\":3,\"item\":{\"@type\":\"WebPage\",\"@id\":\"https:\/\/www.comercialanma.es\/?product=ginebra-rives-1l\",\"url\":\"https:\/\/www.comercialanma.es\/?product=ginebra-rives-1l\",\"name\":\"Ginebra Rives 1L.\"}}]}]}<\/script>\n<!-- \/ Yoast SEO plugin. -->","_links":{"self":[{"href":"https:\/\/www.comercialanma.es\/index.php?rest_route=\/wp\/v2\/product\/7340"}],"collection":[{"href":"https:\/\/www.comercialanma.es\/index.php?rest_route=\/wp\/v2\/product"}],"about":[{"href":"https:\/\/www.comercialanma.es\/index.php?rest_route=\/wp\/v2\/types\/product"}],"version-history":[{"count":1,"href":"https:\/\/www.comercialanma.es\/index.php?rest_route=\/wp\/v2\/product\/7340\/revisions"}],"predecessor-version":[{"id":7342,"href":"https:\/\/www.comercialanma.es\/index.php?rest_route=\/wp\/v2\/product\/7340\/revisions\/7342"}],"wp:featuredmedia":[{"embeddable":true,"href":"https:\/\/www.comercialanma.es\/index.php?rest_route=\/wp\/v2\/media\/7341"}],"wp:attachment":[{"href":"https:\/\/www.comercialanma.es\/index.php?rest_route=%2Fwp%2Fv2%2Fmedia&parent=7340"}],"curies":[{"name":"wp","href":"https:\/\/api.w.org\/{rel}","templated":true}]}}