
{"id":7346,"date":"2019-07-05T12:04:13","date_gmt":"2019-07-05T10:04:13","guid":{"rendered":"http:\/\/www.comercialanma.es\/?post_type=product&#038;p=7346"},"modified":"2019-07-05T12:09:24","modified_gmt":"2019-07-05T10:09:24","slug":"ginebra-rives-especial-e-n-70cl","status":"publish","type":"product","link":"https:\/\/www.comercialanma.es\/?product=ginebra-rives-especial-e-n-70cl","title":{"rendered":"Ginebra Rives Especial E.N 70cl."},"content":{"rendered":"","protected":false},"excerpt":{"rendered":"<p>Rives Special Gin es considerada la mejor ginebra de Andaluc\u00eda desde hace m\u00e1s de tres d\u00e9cadas. Esta London Dry Gin S\u00faperPremium se elabora combinando m\u00e9todos tradicionales y t\u00e9cnicas modernas, usando exclusivos alambiques de cobre del Maestro John Dore. La empresa familiar Destiler\u00edas Rives nace en M\u00e1laga, en el 1880 de la mano de Augusto Haupold, c\u00f3nsul alem\u00e1n. Al principio comercializaba solo vinos y brandies y m\u00e1s tarde ampli\u00f3 su producci\u00f3n a los destilados.<\/p>\n","protected":false},"featured_media":7347,"template":"","meta":{"spay_email":""},"yoast_head":"<!-- This site is optimized with the Yoast SEO plugin v15.9 - https:\/\/yoast.com\/wordpress\/plugins\/seo\/ -->\n<title>Ginebra Rives Especial E.N 70cl. - Comercial de Hosteleria Anma<\/title>\n<meta name=\"robots\" content=\"index, follow, max-snippet:-1, max-image-preview:large, max-video-preview:-1\" \/>\n<link rel=\"canonical\" href=\"https:\/\/www.comercialanma.es\/?product=ginebra-rives-especial-e-n-70cl\" \/>\n<meta property=\"og:locale\" content=\"es_ES\" \/>\n<meta property=\"og:type\" content=\"article\" \/>\n<meta property=\"og:title\" content=\"Ginebra Rives Especial E.N 70cl. - Comercial de Hosteleria Anma\" \/>\n<meta property=\"og:description\" content=\"Rives Special Gin es considerada la mejor ginebra de Andaluc\u00eda desde hace m\u00e1s de tres d\u00e9cadas. Esta London Dry Gin S\u00faperPremium se elabora combinando m\u00e9todos tradicionales y t\u00e9cnicas modernas, usando exclusivos alambiques de cobre del Maestro John Dore. La empresa familiar Destiler\u00edas Rives nace en M\u00e1laga, en el 1880 de la mano de Augusto Haupold, c\u00f3nsul alem\u00e1n. Al principio comercializaba solo vinos y brandies y m\u00e1s tarde ampli\u00f3 su producci\u00f3n a los destilados.\" \/>\n<meta property=\"og:url\" content=\"https:\/\/www.comercialanma.es\/?product=ginebra-rives-especial-e-n-70cl\" \/>\n<meta property=\"og:site_name\" content=\"Comercial de Hosteleria Anma\" \/>\n<meta property=\"article:publisher\" content=\"https:\/\/www.facebook.com\/AnmaHosteleria\" \/>\n<meta property=\"article:modified_time\" content=\"2019-07-05T10:09:24+00:00\" \/>\n<meta property=\"og:image\" content=\"https:\/\/i0.wp.com\/www.comercialanma.es\/wp-content\/uploads\/2019\/07\/Gin-Rives-Especial.jpg?fit=1200%2C1200&#038;ssl=1\" \/>\n\t<meta property=\"og:image:width\" content=\"1200\" \/>\n\t<meta property=\"og:image:height\" content=\"1200\" \/>\n<meta name=\"twitter:card\" content=\"summary_large_image\" \/>\n<script type=\"application\/ld+json\" class=\"yoast-schema-graph\">{\"@context\":\"https:\/\/schema.org\",\"@graph\":[{\"@type\":\"Organization\",\"@id\":\"https:\/\/www.comercialanma.es\/#organization\",\"name\":\"Comercial Anma\",\"url\":\"https:\/\/www.comercialanma.es\/\",\"sameAs\":[\"https:\/\/www.facebook.com\/AnmaHosteleria\",\"https:\/\/www.instagram.com\/anmahosteleria\/?hl=es\",\"https:\/\/www.youtube.com\/channel\/UCT2nmn08Ntks0hmpZPnDgCA\"],\"logo\":{\"@type\":\"ImageObject\",\"@id\":\"https:\/\/www.comercialanma.es\/#logo\",\"inLanguage\":\"es\",\"url\":\"https:\/\/i2.wp.com\/www.comercialanma.es\/wp-content\/uploads\/2019\/06\/logo-anma-color.png?fit=247%2C101&ssl=1\",\"width\":247,\"height\":101,\"caption\":\"Comercial Anma\"},\"image\":{\"@id\":\"https:\/\/www.comercialanma.es\/#logo\"}},{\"@type\":\"WebSite\",\"@id\":\"https:\/\/www.comercialanma.es\/#website\",\"url\":\"https:\/\/www.comercialanma.es\/\",\"name\":\"Comercial de Hosteleria Anma\",\"description\":\"\",\"publisher\":{\"@id\":\"https:\/\/www.comercialanma.es\/#organization\"},\"potentialAction\":[{\"@type\":\"SearchAction\",\"target\":\"https:\/\/www.comercialanma.es\/?s={search_term_string}\",\"query-input\":\"required name=search_term_string\"}],\"inLanguage\":\"es\"},{\"@type\":\"ImageObject\",\"@id\":\"https:\/\/www.comercialanma.es\/?product=ginebra-rives-especial-e-n-70cl#primaryimage\",\"inLanguage\":\"es\",\"url\":\"https:\/\/i0.wp.com\/www.comercialanma.es\/wp-content\/uploads\/2019\/07\/Gin-Rives-Especial.jpg?fit=1200%2C1200&ssl=1\",\"width\":1200,\"height\":1200},{\"@type\":\"WebPage\",\"@id\":\"https:\/\/www.comercialanma.es\/?product=ginebra-rives-especial-e-n-70cl#webpage\",\"url\":\"https:\/\/www.comercialanma.es\/?product=ginebra-rives-especial-e-n-70cl\",\"name\":\"Ginebra Rives Especial E.N 70cl. - Comercial de Hosteleria Anma\",\"isPartOf\":{\"@id\":\"https:\/\/www.comercialanma.es\/#website\"},\"primaryImageOfPage\":{\"@id\":\"https:\/\/www.comercialanma.es\/?product=ginebra-rives-especial-e-n-70cl#primaryimage\"},\"datePublished\":\"2019-07-05T10:04:13+00:00\",\"dateModified\":\"2019-07-05T10:09:24+00:00\",\"breadcrumb\":{\"@id\":\"https:\/\/www.comercialanma.es\/?product=ginebra-rives-especial-e-n-70cl#breadcrumb\"},\"inLanguage\":\"es\",\"potentialAction\":[{\"@type\":\"ReadAction\",\"target\":[\"https:\/\/www.comercialanma.es\/?product=ginebra-rives-especial-e-n-70cl\"]}]},{\"@type\":\"BreadcrumbList\",\"@id\":\"https:\/\/www.comercialanma.es\/?product=ginebra-rives-especial-e-n-70cl#breadcrumb\",\"itemListElement\":[{\"@type\":\"ListItem\",\"position\":1,\"item\":{\"@type\":\"WebPage\",\"@id\":\"https:\/\/www.comercialanma.es\/\",\"url\":\"https:\/\/www.comercialanma.es\/\",\"name\":\"Portada\"}},{\"@type\":\"ListItem\",\"position\":2,\"item\":{\"@type\":\"WebPage\",\"@id\":\"https:\/\/www.comercialanma.es\/?page_id=3963\",\"url\":\"https:\/\/www.comercialanma.es\/?page_id=3963\",\"name\":\"Cat\\u00e1logo de Productos\"}},{\"@type\":\"ListItem\",\"position\":3,\"item\":{\"@type\":\"WebPage\",\"@id\":\"https:\/\/www.comercialanma.es\/?product=ginebra-rives-especial-e-n-70cl\",\"url\":\"https:\/\/www.comercialanma.es\/?product=ginebra-rives-especial-e-n-70cl\",\"name\":\"Ginebra Rives Especial E.N 70cl.\"}}]}]}<\/script>\n<!-- \/ Yoast SEO plugin. -->","_links":{"self":[{"href":"https:\/\/www.comercialanma.es\/index.php?rest_route=\/wp\/v2\/product\/7346"}],"collection":[{"href":"https:\/\/www.comercialanma.es\/index.php?rest_route=\/wp\/v2\/product"}],"about":[{"href":"https:\/\/www.comercialanma.es\/index.php?rest_route=\/wp\/v2\/types\/product"}],"version-history":[{"count":1,"href":"https:\/\/www.comercialanma.es\/index.php?rest_route=\/wp\/v2\/product\/7346\/revisions"}],"predecessor-version":[{"id":7348,"href":"https:\/\/www.comercialanma.es\/index.php?rest_route=\/wp\/v2\/product\/7346\/revisions\/7348"}],"wp:featuredmedia":[{"embeddable":true,"href":"https:\/\/www.comercialanma.es\/index.php?rest_route=\/wp\/v2\/media\/7347"}],"wp:attachment":[{"href":"https:\/\/www.comercialanma.es\/index.php?rest_route=%2Fwp%2Fv2%2Fmedia&parent=7346"}],"curies":[{"name":"wp","href":"https:\/\/api.w.org\/{rel}","templated":true}]}}